{"id":6927,"date":"2025-12-06T15:00:49","date_gmt":"2025-12-06T08:00:49","guid":{"rendered":"https:\/\/mayxaydunghanoi.com\/?post_type=product&#038;p=6927"},"modified":"2025-12-15T14:26:52","modified_gmt":"2025-12-15T07:26:52","slug":"may-khoan-tron-dat-cdm-bon-truc","status":"publish","type":"product","link":"https:\/\/mayxaydunghanoi.com\/vi\/san-pham\/may-khoan-tron-dat-cdm-bon-truc\/","title":{"rendered":"M\u00e1y Khoan Tr\u1ed9n \u0110\u1ea5t CDM B\u1ed1n Tr\u1ee5c"},"content":{"rendered":"<h2>M\u00e1y khoan tr\u1ed9n \u0111\u1ea5t s\u00e2u CDM (Cement Deep Mixing) b\u1ed1n tr\u1ee5c hi\u1ec7n l\u00e0 m\u1ed9t trong nh\u1eefng c\u00f4ng ngh\u1ec7 ti\u00ean ti\u1ebfn v\u00e0 hi\u1ec7u qu\u1ea3 nh\u1ea5t trong x\u1eed l\u00fd n\u1ec1n \u0111\u1ea5t y\u1ebfu t\u1ea1i Vi\u1ec7t Nam.<\/h2>\n<p>V\u1edbi t\u1ed1c \u0111\u1ed9 thi c\u00f4ng v\u01b0\u1ee3t tr\u1ed9i, ch\u1ea5t l\u01b0\u1ee3ng c\u1ed9t \u0111\u1ea5t \u2013 xi m\u0103ng \u0111\u1ed3ng \u0111\u1ec1u v\u00e0 \u0111\u1ed9 \u1ed5n \u0111\u1ecbnh v\u1eadn h\u00e0nh xu\u1ea5t s\u1eafc, <strong>CDM<\/strong> \u0111ang nhanh ch\u00f3ng tr\u1edf th\u00e0nh l\u1ef1a ch\u1ecdn \u01b0u ti\u00ean cho c\u00e1c d\u1ef1 \u00e1n h\u1ea1 t\u1ea7ng l\u1edbn y\u00eau c\u1ea7u \u0111\u1ed9 b\u1ec1n v\u1eefng, \u0111\u1ed9 ch\u00ednh x\u00e1c v\u00e0 hi\u1ec7u qu\u1ea3 kinh t\u1ebf cao.<\/p>\n<p><iframe loading=\"lazy\" title=\"Four-Shaft CDM Soil Mixing Drill Rig: The Optimal Solution for Weak Ground Treatment | Hanoi Vietnam\" width=\"1020\" height=\"574\" src=\"https:\/\/www.youtube.com\/embed\/M1HNPqRHKnM?feature=oembed\" frameborder=\"0\" allow=\"accelerometer; autoplay; clipboard-write; encrypted-media; gyroscope; picture-in-picture; web-share\" referrerpolicy=\"strict-origin-when-cross-origin\" allowfullscreen><\/iframe><\/p>\n<p>L\u00e0 <strong>nh\u00e0 ph\u00e2n ph\u1ed1i \u0111\u1ed9c quy\u1ec1n thi\u1ebft b\u1ecb n\u1ec1n m\u00f3ng Zhenzhong t\u1ea1i Vi\u1ec7t Nam<\/strong>, Hanoi Vietnam t\u1ef1 h\u00e0o mang t\u1edbi th\u1ecb tr\u01b0\u1eddng th\u01b0\u01a1ng hi\u1ec7u CDM h\u00e0ng \u0111\u1ea7u Trung Qu\u1ed1c \u2013 \u0111\u01b0\u1ee3c c\u00f4ng nh\u1eadn r\u1ed9ng r\u00e3i v\u1ec1 c\u00e1c gi\u1ea3i ph\u00e1p chuy\u00ean s\u00e2u trong x\u1eed l\u00fd n\u1ec1n \u0111\u1ea5t y\u1ebfu. <strong>M\u00e1y CDM b\u1ed1n tr\u1ee5c c\u1ee7a Zhenzhong<\/strong> \u0111\u01b0\u1ee3c thi\u1ebft k\u1ebf d\u00e0nh cho c\u00e1c d\u1ef1 \u00e1n \u0111\u00f2i h\u1ecfi:<\/p>\n<p>\u2022 C\u01b0\u1eddng \u0111\u1ed9 c\u1ed9t \u0111\u1ea5t \u2013 xi m\u0103ng cao<br \/>\n\u2022 \u0110\u01b0\u1eddng k\u00ednh tr\u1ed9n l\u1edbn<br \/>\n\u2022 Kh\u1ea3 n\u0103ng khoan s\u00e2u v\u01b0\u1ee3t tr\u1ed9i<br \/>\n\u2022 Ho\u1ea1t \u0111\u1ed9ng \u1ed5n \u0111\u1ecbnh li\u00ean t\u1ee5c d\u01b0\u1edbi c\u01b0\u1eddng \u0111\u1ed9 n\u1eb7ng<\/p>\n<h3>Hi\u1ec7u Su\u1ea5t V\u01b0\u1ee3t Tr\u1ed9i V\u1edbi C\u00f4ng Ngh\u1ec7 Tr\u1ed9n Song Song B\u1ed1n Tr\u1ee5c<\/h3>\n<p>\u0110i\u1ec3m n\u1ed5i b\u1eadt c\u1ee7a thi\u1ebft b\u1ecb CDM Zhenzhong \u0111\u1ebfn t\u1eeb kh\u1ea3 n\u0103ng <strong>tr\u1ed9n m\u1ea1nh \u2013 \u0111\u1ed3ng nh\u1ea5t \u2013 s\u00e2u<\/strong>, \u0111\u01b0\u1ee3c t\u1ea1o n\u00ean b\u1edfi <strong>h\u1ec7 th\u1ed1ng b\u1ed1n tr\u1ee5c song song<\/strong> c\u00f3 m\u00f4-men xo\u1eafn r\u1ea5t l\u1edbn v\u00e0 \u0111\u1ed9 \u1ed5n \u0111\u1ecbnh cao. C\u1ea5u h\u00ecnh n\u00e0y gi\u00fap t\u1ea1o ra c\u00e1c c\u1ed9t \u0111\u1ea5t \u2013 xi m\u0103ng c\u00f3 ch\u1ea5t l\u01b0\u1ee3ng v\u01b0\u1ee3t tr\u1ed9i, \u0111\u00e1p \u1ee9ng nghi\u00eam ng\u1eb7t c\u00e1c ti\u00eau chu\u1ea9n k\u1ef9 thu\u1eadt v\u1ec1:<\/p>\n<p>\u2022 \u0110\u1ed9 \u0111\u1ed3ng \u0111\u1ec1u c\u1ee7a v\u1eadt li\u1ec7u sau khi tr\u1ed9n<br \/>\n\u2022 C\u01b0\u1eddng \u0111\u1ed9 n\u00e9n ti\u00eau chu\u1ea9n<br \/>\n\u2022 \u0110\u1ed9 \u1ed5n \u0111\u1ecbnh d\u00e0i h\u1ea1n d\u01b0\u1edbi t\u1ea3i tr\u1ecdng c\u00f4ng tr\u00ecnh<\/p>\n<p>To\u00e0n b\u1ed9 thi\u1ebft b\u1ecb \u0111\u1ec1u \u0111\u01b0\u1ee3c ki\u1ec3m \u0111\u1ecbnh, hi\u1ec7u chu\u1ea9n v\u00e0 ch\u1ee9ng nh\u1eadn ch\u1ea5t l\u01b0\u1ee3ng t\u1ea1i nh\u00e0 m\u00e1y Zhenzhong tr\u01b0\u1edbc khi xu\u1ea5t x\u01b0\u1edfng. M\u00e1y tu\u00e2n th\u1ee7 \u0111\u1ea7y \u0111\u1ee7 c\u00e1c ti\u00eau chu\u1ea9n qu\u1ed1c t\u1ebf v\u1ec1 <strong>\u0111\u1ed9 b\u1ec1n, an to\u00e0n v\u00e0 \u0111\u1ed9 tin c\u1eady v\u1eadn h\u00e0nh<\/strong>, \u0111\u1ea3m b\u1ea3o ph\u00f9 h\u1ee3p v\u1edbi \u0111i\u1ec1u ki\u1ec7n \u0111\u1ecba ch\u1ea5t ph\u1ee9c t\u1ea1p t\u1ea1i Vi\u1ec7t Nam.<\/p>\n<h3>H\u1ed7 Tr\u1ee3 To\u00e0n Di\u1ec7n \u2013 Thi\u1ebft B\u1ecb Ch\u00ednh H\u00e3ng \u2013 Chuy\u1ec3n Giao C\u00f4ng Ngh\u1ec7 CDM T\u1eeb A\u2013Z<\/h3>\n<p>Hanoi Vietnam cam k\u1ebft cung c\u1ea5p cho nh\u00e0 th\u1ea7u <strong>gi\u1ea3i ph\u00e1p CDM tr\u1ecdn g\u00f3i<\/strong>, bao g\u1ed3m:<\/p>\n<p>\u2022 Thi\u1ebft b\u1ecb ch\u00ednh h\u00e3ng, \u0111\u1ea7y \u0111\u1ee7 h\u1ed3 s\u01a1 \u2013 ch\u1ee9ng nh\u1eadn<br \/>\n\u2022 Kho ph\u1ee5 t\u00f9ng \u0111\u1ea7y \u0111\u1ee7, s\u1eb5n s\u00e0ng thay th\u1ebf<br \/>\n\u2022 K\u1ef9 s\u01b0 h\u1ed7 tr\u1ee3 k\u1ef9 thu\u1eadt chuy\u00ean s\u00e2u<br \/>\n\u2022 \u0110\u00e0o t\u1ea1o v\u1eadn h\u00e0nh &amp; chuy\u1ec3n giao c\u00f4ng ngh\u1ec7 t\u1ea1i c\u00f4ng tr\u01b0\u1eddng<br \/>\n\u2022 T\u01b0 v\u1ea5n l\u1ef1a ch\u1ecdn c\u1ea5u h\u00ecnh m\u00e1y v\u00e0 ph\u01b0\u01a1ng \u00e1n x\u1eed l\u00fd n\u1ec1n ph\u00f9 h\u1ee3p v\u1edbi t\u1eebng d\u1ef1 \u00e1n<\/p>\n<p>V\u1edbi nhi\u1ec1u n\u0103m kinh nghi\u1ec7m trong l\u0129nh v\u1ef1c cung c\u1ea5p thi\u1ebft b\u1ecb n\u1ec1n m\u00f3ng v\u00e0 x\u1eed l\u00fd \u0111\u1ea5t y\u1ebfu, Hanoi Vietnam \u0111\u1ed3ng h\u00e0nh c\u00f9ng kh\u00e1ch h\u00e0ng t\u1eeb giai \u0111o\u1ea1n kh\u1ea3o s\u00e1t, t\u01b0 v\u1ea5n, l\u1ef1a ch\u1ecdn thi\u1ebft b\u1ecb cho \u0111\u1ebfn tri\u1ec3n khai thi c\u00f4ng th\u1ef1c t\u1ebf.<\/p>\n<hr \/>\n<h3>C\u1ea7n M\u1ed9t Gi\u1ea3i Ph\u00e1p CDM M\u1ea1nh M\u1ebd \u2013 B\u1ec1n B\u1ec9 \u2013 Hi\u1ec7u Qu\u1ea3?<\/h3>\n<p>N\u1ebfu d\u1ef1 \u00e1n c\u1ee7a b\u1ea1n \u0111\u00f2i h\u1ecfi \u0111\u1ed9 \u1ed5n \u0111\u1ecbnh cao, kh\u1ea3 n\u0103ng t\u1ed1i \u01b0u chi ph\u00ed v\u00e0 hi\u1ec7u qu\u1ea3 thi c\u00f4ng v\u01b0\u1ee3t tr\u1ed9i, <strong>m\u00e1y CDM b\u1ed1n tr\u1ee5c Zhenzhong<\/strong> l\u00e0 l\u1ef1a ch\u1ecdn l\u00fd t\u01b0\u1edfng.<\/p>\n<p>Li\u00ean h\u1ec7 t\u01b0 v\u1ea5n v\u00e0 nh\u1eadn b\u00e1o gi\u00e1 theo c\u1ea5u h\u00ecnh ph\u00f9 h\u1ee3p:<\/p>\n<p><strong>\ud83d\udcde Hotline H\u1ed7 Tr\u1ee3 K\u1ef9 Thu\u1eadt &amp; B\u00e1o Gi\u00e1:<\/strong> +84 834 601 755<br \/>\n<strong>\ud83c\udf10 Website:<\/strong> <a href=\"https:\/\/mayxaydunghanoi.com\/\">https:\/\/mayxaydunghanoi.com<\/a><\/p>\n<p><strong>Hanoi Vietnam \u2013 Gi\u1ea3i ph\u00e1p thi\u1ebft b\u1ecb n\u1ec1n m\u00f3ng t\u1ed1i \u01b0u cho m\u1ecdi d\u1ef1 \u00e1n.<\/strong><\/p>\n","protected":false},"excerpt":{"rendered":"<p>M\u00e1y khoan tr\u1ed9n \u0111\u1ea5t s\u00e2u CDM (Cement Deep Mixing) b\u1ed1n tr\u1ee5c hi\u1ec7n l\u00e0 m\u1ed9t trong nh\u1eefng c\u00f4ng ngh\u1ec7 ti\u00ean ti\u1ebfn v\u00e0 hi\u1ec7u qu\u1ea3 nh\u1ea5t trong x\u1eed l\u00fd n\u1ec1n \u0111\u1ea5t y\u1ebfu t\u1ea1i Vi\u1ec7t Nam. V\u1edbi t\u1ed1c \u0111\u1ed9 thi c\u00f4ng v\u01b0\u1ee3t tr\u1ed9i, ch\u1ea5t l\u01b0\u1ee3ng c\u1ed9t \u0111\u1ea5t \u2013 xi m\u0103ng \u0111\u1ed3ng \u0111\u1ec1u v\u00e0 \u0111\u1ed9 \u1ed5n \u0111\u1ecbnh v\u1eadn h\u00e0nh xu\u1ea5t s\u1eafc, CDM \u0111ang nhanh ch\u00f3ng tr\u1edf th\u00e0nh l\u1ef1a ch\u1ecdn \u01b0u ti\u00ean cho c\u00e1c d\u1ef1&#8230;<\/p>\n","protected":false},"featured_media":7715,"comment_status":"open","ping_status":"closed","template":"","meta":[],"product_brand":[],"product_cat":[512],"product_tag":[],"class_list":{"0":"post-6927","1":"product","2":"type-product","3":"status-publish","4":"has-post-thumbnail","6":"product_cat-may-khoan","8":"first","9":"instock","10":"shipping-taxable","11":"product-type-simple"},"yoast_head":"<!-- This site is optimized with the Yoast SEO Premium plugin v26.1 (Yoast SEO v26.6) - https:\/\/yoast.com\/wordpress\/plugins\/seo\/ -->\n<title>M\u00e1y Khoan Tr\u1ed9n \u0110\u1ea5t CDM B\u1ed1n Tr\u1ee5c - Hanoi Vietnam Co., Ltd<\/title>\n<meta name=\"robots\" content=\"index, follow, max-snippet:-1, max-image-preview:large, max-video-preview:-1\" \/>\n<link rel=\"canonical\" href=\"https:\/\/mayxaydunghanoi.com\/vi\/san-pham\/may-khoan-tron-dat-cdm-bon-truc\/\" \/>\n<meta property=\"og:locale\" content=\"vi_VN\" \/>\n<meta property=\"og:type\" content=\"article\" \/>\n<meta property=\"og:title\" content=\"M\u00e1y Khoan Tr\u1ed9n \u0110\u1ea5t CDM B\u1ed1n Tr\u1ee5c\" \/>\n<meta property=\"og:description\" content=\"M\u00e1y khoan tr\u1ed9n \u0111\u1ea5t s\u00e2u CDM (Cement Deep Mixing) b\u1ed1n tr\u1ee5c hi\u1ec7n l\u00e0 m\u1ed9t trong nh\u1eefng c\u00f4ng ngh\u1ec7 ti\u00ean ti\u1ebfn v\u00e0 hi\u1ec7u qu\u1ea3 nh\u1ea5t trong x\u1eed l\u00fd n\u1ec1n \u0111\u1ea5t y\u1ebfu t\u1ea1i Vi\u1ec7t Nam. V\u1edbi t\u1ed1c \u0111\u1ed9 thi c\u00f4ng v\u01b0\u1ee3t tr\u1ed9i, ch\u1ea5t l\u01b0\u1ee3ng c\u1ed9t \u0111\u1ea5t \u2013 xi m\u0103ng \u0111\u1ed3ng \u0111\u1ec1u v\u00e0 \u0111\u1ed9 \u1ed5n \u0111\u1ecbnh v\u1eadn h\u00e0nh xu\u1ea5t s\u1eafc, CDM \u0111ang nhanh ch\u00f3ng tr\u1edf th\u00e0nh l\u1ef1a ch\u1ecdn \u01b0u ti\u00ean cho c\u00e1c d\u1ef1...\" \/>\n<meta property=\"og:url\" content=\"https:\/\/mayxaydunghanoi.com\/vi\/san-pham\/may-khoan-tron-dat-cdm-bon-truc\/\" \/>\n<meta property=\"og:site_name\" content=\"Hanoi Vietnam Co., Ltd\" \/>\n<meta property=\"article:modified_time\" content=\"2025-12-15T07:26:52+00:00\" \/>\n<meta property=\"og:image\" content=\"https:\/\/mayxaydunghanoi.com\/wp-content\/uploads\/2025\/12\/may-khoan-tron-dat-cdm-bon-truc.webp\" \/>\n\t<meta property=\"og:image:width\" content=\"800\" \/>\n\t<meta property=\"og:image:height\" content=\"1035\" \/>\n\t<meta property=\"og:image:type\" content=\"image\/webp\" \/>\n<meta name=\"twitter:card\" content=\"summary_large_image\" \/>\n<meta name=\"twitter:label1\" content=\"Est. reading time\" \/>\n\t<meta name=\"twitter:data1\" content=\"4 minutes\" \/>\n<script type=\"application\/ld+json\" class=\"yoast-schema-graph\">{\"@context\":\"https:\/\/schema.org\",\"@graph\":[{\"@type\":\"WebPage\",\"@id\":\"https:\/\/mayxaydunghanoi.com\/vi\/san-pham\/may-khoan-tron-dat-cdm-bon-truc\/\",\"url\":\"https:\/\/mayxaydunghanoi.com\/vi\/san-pham\/may-khoan-tron-dat-cdm-bon-truc\/\",\"name\":\"M\u00e1y Khoan Tr\u1ed9n \u0110\u1ea5t CDM B\u1ed1n Tr\u1ee5c - Hanoi Vietnam Co., Ltd\",\"isPartOf\":{\"@id\":\"https:\/\/mayxaydunghanoi.com\/en\/#website\"},\"primaryImageOfPage\":{\"@id\":\"https:\/\/mayxaydunghanoi.com\/vi\/san-pham\/may-khoan-tron-dat-cdm-bon-truc\/#primaryimage\"},\"image\":{\"@id\":\"https:\/\/mayxaydunghanoi.com\/vi\/san-pham\/may-khoan-tron-dat-cdm-bon-truc\/#primaryimage\"},\"thumbnailUrl\":\"https:\/\/mayxaydunghanoi.com\/wp-content\/uploads\/2025\/12\/may-khoan-tron-dat-cdm-bon-truc.webp\",\"datePublished\":\"2025-12-06T08:00:49+00:00\",\"dateModified\":\"2025-12-15T07:26:52+00:00\",\"breadcrumb\":{\"@id\":\"https:\/\/mayxaydunghanoi.com\/vi\/san-pham\/may-khoan-tron-dat-cdm-bon-truc\/#breadcrumb\"},\"inLanguage\":\"vi-VN\",\"potentialAction\":[{\"@type\":\"ReadAction\",\"target\":[\"https:\/\/mayxaydunghanoi.com\/vi\/san-pham\/may-khoan-tron-dat-cdm-bon-truc\/\"]}]},{\"@type\":\"ImageObject\",\"inLanguage\":\"vi-VN\",\"@id\":\"https:\/\/mayxaydunghanoi.com\/vi\/san-pham\/may-khoan-tron-dat-cdm-bon-truc\/#primaryimage\",\"url\":\"https:\/\/mayxaydunghanoi.com\/wp-content\/uploads\/2025\/12\/may-khoan-tron-dat-cdm-bon-truc.webp\",\"contentUrl\":\"https:\/\/mayxaydunghanoi.com\/wp-content\/uploads\/2025\/12\/may-khoan-tron-dat-cdm-bon-truc.webp\",\"width\":800,\"height\":1035},{\"@type\":\"BreadcrumbList\",\"@id\":\"https:\/\/mayxaydunghanoi.com\/vi\/san-pham\/may-khoan-tron-dat-cdm-bon-truc\/#breadcrumb\",\"itemListElement\":[{\"@type\":\"ListItem\",\"position\":1,\"name\":\"Home\",\"item\":\"https:\/\/mayxaydunghanoi.com\/vi\/\"},{\"@type\":\"ListItem\",\"position\":2,\"name\":\"S\u1ea3n ph\u1ea9m\",\"item\":\"https:\/\/mayxaydunghanoi.com\/vi\/san-pham\/\"},{\"@type\":\"ListItem\",\"position\":3,\"name\":\"M\u00e1y Khoan Tr\u1ed9n \u0110\u1ea5t CDM B\u1ed1n Tr\u1ee5c\"}]},{\"@type\":\"WebSite\",\"@id\":\"https:\/\/mayxaydunghanoi.com\/en\/#website\",\"url\":\"https:\/\/mayxaydunghanoi.com\/en\/\",\"name\":\"Hanoi Vietnam Co., Ltd\",\"description\":\"\",\"publisher\":{\"@id\":\"https:\/\/mayxaydunghanoi.com\/en\/#organization\"},\"potentialAction\":[{\"@type\":\"SearchAction\",\"target\":{\"@type\":\"EntryPoint\",\"urlTemplate\":\"https:\/\/mayxaydunghanoi.com\/en\/?s={search_term_string}\"},\"query-input\":{\"@type\":\"PropertyValueSpecification\",\"valueRequired\":true,\"valueName\":\"search_term_string\"}}],\"inLanguage\":\"vi-VN\"},{\"@type\":\"Organization\",\"@id\":\"https:\/\/mayxaydunghanoi.com\/en\/#organization\",\"name\":\"Hanoi Vietnam Co., Ltd\",\"url\":\"https:\/\/mayxaydunghanoi.com\/en\/\",\"logo\":{\"@type\":\"ImageObject\",\"inLanguage\":\"vi-VN\",\"@id\":\"https:\/\/mayxaydunghanoi.com\/en\/#\/schema\/logo\/image\/\",\"url\":\"https:\/\/mayxaydunghanoi.com\/wp-content\/uploads\/2018\/04\/Logo-mayxaydunghanoi-ok.png\",\"contentUrl\":\"https:\/\/mayxaydunghanoi.com\/wp-content\/uploads\/2018\/04\/Logo-mayxaydunghanoi-ok.png\",\"width\":900,\"height\":900,\"caption\":\"Hanoi Vietnam Co., Ltd\"},\"image\":{\"@id\":\"https:\/\/mayxaydunghanoi.com\/en\/#\/schema\/logo\/image\/\"}}]}<\/script>\n<!-- \/ Yoast SEO Premium plugin. -->","yoast_head_json":{"title":"M\u00e1y Khoan Tr\u1ed9n \u0110\u1ea5t CDM B\u1ed1n Tr\u1ee5c - Hanoi Vietnam Co., Ltd","robots":{"index":"index","follow":"follow","max-snippet":"max-snippet:-1","max-image-preview":"max-image-preview:large","max-video-preview":"max-video-preview:-1"},"canonical":"https:\/\/mayxaydunghanoi.com\/vi\/san-pham\/may-khoan-tron-dat-cdm-bon-truc\/","og_locale":"vi_VN","og_type":"article","og_title":"M\u00e1y Khoan Tr\u1ed9n \u0110\u1ea5t CDM B\u1ed1n Tr\u1ee5c","og_description":"M\u00e1y khoan tr\u1ed9n \u0111\u1ea5t s\u00e2u CDM (Cement Deep Mixing) b\u1ed1n tr\u1ee5c hi\u1ec7n l\u00e0 m\u1ed9t trong nh\u1eefng c\u00f4ng ngh\u1ec7 ti\u00ean ti\u1ebfn v\u00e0 hi\u1ec7u qu\u1ea3 nh\u1ea5t trong x\u1eed l\u00fd n\u1ec1n \u0111\u1ea5t y\u1ebfu t\u1ea1i Vi\u1ec7t Nam. V\u1edbi t\u1ed1c \u0111\u1ed9 thi c\u00f4ng v\u01b0\u1ee3t tr\u1ed9i, ch\u1ea5t l\u01b0\u1ee3ng c\u1ed9t \u0111\u1ea5t \u2013 xi m\u0103ng \u0111\u1ed3ng \u0111\u1ec1u v\u00e0 \u0111\u1ed9 \u1ed5n \u0111\u1ecbnh v\u1eadn h\u00e0nh xu\u1ea5t s\u1eafc, CDM \u0111ang nhanh ch\u00f3ng tr\u1edf th\u00e0nh l\u1ef1a ch\u1ecdn \u01b0u ti\u00ean cho c\u00e1c d\u1ef1...","og_url":"https:\/\/mayxaydunghanoi.com\/vi\/san-pham\/may-khoan-tron-dat-cdm-bon-truc\/","og_site_name":"Hanoi Vietnam Co., Ltd","article_modified_time":"2025-12-15T07:26:52+00:00","og_image":[{"width":800,"height":1035,"url":"https:\/\/mayxaydunghanoi.com\/wp-content\/uploads\/2025\/12\/may-khoan-tron-dat-cdm-bon-truc.webp","type":"image\/webp"}],"twitter_card":"summary_large_image","twitter_misc":{"Est. reading time":"4 minutes"},"schema":{"@context":"https:\/\/schema.org","@graph":[{"@type":"WebPage","@id":"https:\/\/mayxaydunghanoi.com\/vi\/san-pham\/may-khoan-tron-dat-cdm-bon-truc\/","url":"https:\/\/mayxaydunghanoi.com\/vi\/san-pham\/may-khoan-tron-dat-cdm-bon-truc\/","name":"M\u00e1y Khoan Tr\u1ed9n \u0110\u1ea5t CDM B\u1ed1n Tr\u1ee5c - Hanoi Vietnam Co., Ltd","isPartOf":{"@id":"https:\/\/mayxaydunghanoi.com\/en\/#website"},"primaryImageOfPage":{"@id":"https:\/\/mayxaydunghanoi.com\/vi\/san-pham\/may-khoan-tron-dat-cdm-bon-truc\/#primaryimage"},"image":{"@id":"https:\/\/mayxaydunghanoi.com\/vi\/san-pham\/may-khoan-tron-dat-cdm-bon-truc\/#primaryimage"},"thumbnailUrl":"https:\/\/mayxaydunghanoi.com\/wp-content\/uploads\/2025\/12\/may-khoan-tron-dat-cdm-bon-truc.webp","datePublished":"2025-12-06T08:00:49+00:00","dateModified":"2025-12-15T07:26:52+00:00","breadcrumb":{"@id":"https:\/\/mayxaydunghanoi.com\/vi\/san-pham\/may-khoan-tron-dat-cdm-bon-truc\/#breadcrumb"},"inLanguage":"vi-VN","potentialAction":[{"@type":"ReadAction","target":["https:\/\/mayxaydunghanoi.com\/vi\/san-pham\/may-khoan-tron-dat-cdm-bon-truc\/"]}]},{"@type":"ImageObject","inLanguage":"vi-VN","@id":"https:\/\/mayxaydunghanoi.com\/vi\/san-pham\/may-khoan-tron-dat-cdm-bon-truc\/#primaryimage","url":"https:\/\/mayxaydunghanoi.com\/wp-content\/uploads\/2025\/12\/may-khoan-tron-dat-cdm-bon-truc.webp","contentUrl":"https:\/\/mayxaydunghanoi.com\/wp-content\/uploads\/2025\/12\/may-khoan-tron-dat-cdm-bon-truc.webp","width":800,"height":1035},{"@type":"BreadcrumbList","@id":"https:\/\/mayxaydunghanoi.com\/vi\/san-pham\/may-khoan-tron-dat-cdm-bon-truc\/#breadcrumb","itemListElement":[{"@type":"ListItem","position":1,"name":"Home","item":"https:\/\/mayxaydunghanoi.com\/vi\/"},{"@type":"ListItem","position":2,"name":"S\u1ea3n ph\u1ea9m","item":"https:\/\/mayxaydunghanoi.com\/vi\/san-pham\/"},{"@type":"ListItem","position":3,"name":"M\u00e1y Khoan Tr\u1ed9n \u0110\u1ea5t CDM B\u1ed1n Tr\u1ee5c"}]},{"@type":"WebSite","@id":"https:\/\/mayxaydunghanoi.com\/en\/#website","url":"https:\/\/mayxaydunghanoi.com\/en\/","name":"Hanoi Vietnam Co., Ltd","description":"","publisher":{"@id":"https:\/\/mayxaydunghanoi.com\/en\/#organization"},"potentialAction":[{"@type":"SearchAction","target":{"@type":"EntryPoint","urlTemplate":"https:\/\/mayxaydunghanoi.com\/en\/?s={search_term_string}"},"query-input":{"@type":"PropertyValueSpecification","valueRequired":true,"valueName":"search_term_string"}}],"inLanguage":"vi-VN"},{"@type":"Organization","@id":"https:\/\/mayxaydunghanoi.com\/en\/#organization","name":"Hanoi Vietnam Co., Ltd","url":"https:\/\/mayxaydunghanoi.com\/en\/","logo":{"@type":"ImageObject","inLanguage":"vi-VN","@id":"https:\/\/mayxaydunghanoi.com\/en\/#\/schema\/logo\/image\/","url":"https:\/\/mayxaydunghanoi.com\/wp-content\/uploads\/2018\/04\/Logo-mayxaydunghanoi-ok.png","contentUrl":"https:\/\/mayxaydunghanoi.com\/wp-content\/uploads\/2018\/04\/Logo-mayxaydunghanoi-ok.png","width":900,"height":900,"caption":"Hanoi Vietnam Co., Ltd"},"image":{"@id":"https:\/\/mayxaydunghanoi.com\/en\/#\/schema\/logo\/image\/"}}]}},"_links":{"self":[{"href":"https:\/\/mayxaydunghanoi.com\/vi\/wp-json\/wp\/v2\/product\/6927","targetHints":{"allow":["GET"]}}],"collection":[{"href":"https:\/\/mayxaydunghanoi.com\/vi\/wp-json\/wp\/v2\/product"}],"about":[{"href":"https:\/\/mayxaydunghanoi.com\/vi\/wp-json\/wp\/v2\/types\/product"}],"replies":[{"embeddable":true,"href":"https:\/\/mayxaydunghanoi.com\/vi\/wp-json\/wp\/v2\/comments?post=6927"}],"wp:featuredmedia":[{"embeddable":true,"href":"https:\/\/mayxaydunghanoi.com\/vi\/wp-json\/wp\/v2\/media\/7715"}],"wp:attachment":[{"href":"https:\/\/mayxaydunghanoi.com\/vi\/wp-json\/wp\/v2\/media?parent=6927"}],"wp:term":[{"taxonomy":"product_brand","embeddable":true,"href":"https:\/\/mayxaydunghanoi.com\/vi\/wp-json\/wp\/v2\/product_brand?post=6927"},{"taxonomy":"product_cat","embeddable":true,"href":"https:\/\/mayxaydunghanoi.com\/vi\/wp-json\/wp\/v2\/product_cat?post=6927"},{"taxonomy":"product_tag","embeddable":true,"href":"https:\/\/mayxaydunghanoi.com\/vi\/wp-json\/wp\/v2\/product_tag?post=6927"}],"curies":[{"name":"wp","href":"https:\/\/api.w.org\/{rel}","templated":true}]}}