{"id":6883,"date":"2025-12-04T10:00:18","date_gmt":"2025-12-04T03:00:18","guid":{"rendered":"https:\/\/mayxaydunghanoi.com\/?post_type=product&#038;p=6883"},"modified":"2025-12-17T08:43:36","modified_gmt":"2025-12-17T01:43:36","slug":"may-khoan-ed5800-nam-2007-can-kelly-185m","status":"publish","type":"product","link":"https:\/\/mayxaydunghanoi.com\/vi\/san-pham\/may-khoan-ed5800-nam-2007-can-kelly-185m\/","title":{"rendered":"M\u00e1y khoan ED5800 &#8211; n\u0103m 2007 &#8211; c\u1ea7n kelly 18,5m"},"content":{"rendered":"<h2>M\u00e1y khoan ED5800, c\u1ea7n kelly 18,5m s\u1ea3n xu\u1ea5t n\u0103m 2007 l\u00e0 gi\u1ea3i ph\u00e1p khoan c\u1ecdc \u0111\u01b0\u1eddng k\u00ednh l\u1edbn, \u0111\u1ed9 s\u00e2u l\u1edbn, \u0111\u01b0\u1ee3c s\u1eed d\u1ee5ng trong thi c\u00f4ng n\u1ec1n m\u00f3ng.<\/h2>\n<p>ED5800 l\u00e0 m\u1ed9t trong nh\u1eefng d\u00f2ng m\u00e1y khoan c\u1ecdc hi\u1ec7u su\u1ea5t cao d\u00e0nh cho n\u1ec1n m\u00f3ng s\u00e2u. M\u00e1y \u0111\u01b0\u1ee3c thi\u1ebft k\u1ebf \u0111\u1ec3 \u0111\u00e1p \u1ee9ng c\u00e1c y\u00eau c\u1ea7u kh\u1eaft khe nh\u1ea5t trong thi c\u00f4ng m\u00f3ng c\u00f4ng nghi\u1ec7p, h\u1ea1 t\u1ea7ng giao th\u00f4ng v\u00e0 d\u1ef1 \u00e1n quy m\u00f4 l\u1edbn.<\/p>\n<p><iframe loading=\"lazy\" title=\"M\u00e1y Khoan ED5800 - n\u0103m 2007 - c\u1ea7n kelly 18,5m \u260e\ufe0f Linh: 0899601755\" width=\"1020\" height=\"574\" src=\"https:\/\/www.youtube.com\/embed\/4U65nOaB54g?feature=oembed\" frameborder=\"0\" allow=\"accelerometer; autoplay; clipboard-write; encrypted-media; gyroscope; picture-in-picture; web-share\" referrerpolicy=\"strict-origin-when-cross-origin\" allowfullscreen><\/iframe><\/p>\n<blockquote class=\"tiktok-embed\" cite=\"https:\/\/www.tiktok.com\/@maycongtrinh.hanoivn\/video\/7579559299094154517\" data-video-id=\"7579559299094154517\" data-embed-from=\"oembed\" style=\"max-width:605px; min-width:325px;\">\n<section> <a target=\"_blank\" title=\"@maycongtrinh.hanoivn\" href=\"https:\/\/www.tiktok.com\/@maycongtrinh.hanoivn?refer=embed\">@maycongtrinh.hanoivn<\/a> <\/p>\n<p>M\u00e1y Khoan ED5800 &#8211; n\u0103m 2007 &#8211; c\u1ea7n kelly 18,5m \u260e\ufe0f Linh: 0899601755<\/p>\n<p> <a target=\"_blank\" title=\"\u266c Tropical02 - Paul Carvine\" href=\"https:\/\/www.tiktok.com\/music\/Tropical02-7377906694623692836?refer=embed\">\u266c Tropical02 &#8211; Paul Carvine<\/a> <\/section>\n<\/blockquote>\n<p> <script async src=\"https:\/\/www.tiktok.com\/embed.js\"><\/script><\/p>\n<h3>\u01afu \u0111i\u1ec3m n\u1ed5i b\u1eadt c\u1ee7a M\u00e1y khoan ED5800:<\/h3>\n<ul>\n<li>Thi\u1ebft k\u1ebf g\u1ecdn nh\u01b0ng c\u1ef1c k\u1ef3 ch\u1eafc ch\u1eafn, ph\u00f9 h\u1ee3p m\u1eb7t b\u1eb1ng h\u1eb9p.<\/li>\n<li>\u0110\u1ed9ng c\u01a1 m\u1ea1nh, ti\u1ebft ki\u1ec7m nhi\u00ean li\u1ec7u, b\u1ec1n b\u1ec9 theo th\u1eddi gian.<\/li>\n<li>\u0110\u1ed9 s\u00e2u khoan l\u1edbn, ph\u00f9 h\u1ee3p khoan c\u1ecdc nh\u1ed3i \u0111\u1ebfn 50\u201360m.<\/li>\n<li>T\u00ednh \u1ed5n \u0111\u1ecbnh cao nh\u1edd h\u1ec7 th\u1ed1ng gi\u1ea3m rung \u2013 t\u1ed1i \u01b0u khi khoan \u1edf n\u1ec1n y\u1ebfu.<\/li>\n<li>\u0110i\u1ec1u khi\u1ec3n b\u1eb1ng m\u00e0n h\u00ecnh c\u1ea3m \u1ee9ng gi\u00fap ki\u1ec3m so\u00e1t ti\u1ebfn \u0111\u1ed9 v\u00e0 \u0111\u1ed9 s\u00e2u khoan ch\u00ednh x\u00e1c t\u1eebng mm.<\/li>\n<\/ul>\n<p>ED5800 \u0111\u01b0\u1ee3c nhi\u1ec1u \u0111\u01a1n v\u1ecb thi c\u00f4ng Nh\u1eadt B\u1ea3n v\u00e0 qu\u1ed1c t\u1ebf \u0111\u00e1nh gi\u00e1 cao nh\u1edd s\u1ef1 b\u1ec1n b\u1ec9, chi ph\u00ed v\u1eadn h\u00e0nh th\u1ea5p v\u00e0 \u0111\u1ed9 \u1ed5n \u0111\u1ecbnh v\u01b0\u1ee3t tr\u1ed9i khi l\u00e0m vi\u1ec7c li\u00ean t\u1ee5c.<\/p>\n<p>\ud83c\udf0d Website: https:\/\/mayxaydunghanoi.com<br \/>\n\ud83d\udcf2 Facebook: https:\/\/www.facebook.com\/khoandapcap<br \/>\n\ud83d\udcde Call : Ms. Th\u00f9y Linh &#8211; 0899 601 755<br \/>\n\ud83d\udce9 Email: hanoi.thuylinh2@gmail.com<\/p>\n","protected":false},"excerpt":{"rendered":"<p>M\u00e1y khoan ED5800, c\u1ea7n kelly 18,5m s\u1ea3n xu\u1ea5t n\u0103m 2007 l\u00e0 gi\u1ea3i ph\u00e1p khoan c\u1ecdc \u0111\u01b0\u1eddng k\u00ednh l\u1edbn, \u0111\u1ed9 s\u00e2u l\u1edbn, \u0111\u01b0\u1ee3c s\u1eed d\u1ee5ng trong thi c\u00f4ng n\u1ec1n m\u00f3ng. ED5800 l\u00e0 m\u1ed9t trong nh\u1eefng d\u00f2ng m\u00e1y khoan c\u1ecdc hi\u1ec7u su\u1ea5t cao d\u00e0nh cho n\u1ec1n m\u00f3ng s\u00e2u. M\u00e1y \u0111\u01b0\u1ee3c thi\u1ebft k\u1ebf \u0111\u1ec3 \u0111\u00e1p \u1ee9ng c\u00e1c y\u00eau c\u1ea7u kh\u1eaft khe nh\u1ea5t trong thi c\u00f4ng m\u00f3ng c\u00f4ng nghi\u1ec7p, h\u1ea1 t\u1ea7ng giao th\u00f4ng v\u00e0&#8230;<\/p>\n","protected":false},"featured_media":7697,"comment_status":"open","ping_status":"closed","template":"","meta":[],"product_brand":[],"product_cat":[512],"product_tag":[],"class_list":{"0":"post-6883","1":"product","2":"type-product","3":"status-publish","4":"has-post-thumbnail","6":"product_cat-may-khoan","8":"first","9":"instock","10":"shipping-taxable","11":"product-type-simple"},"yoast_head":"<!-- This site is optimized with the Yoast SEO Premium plugin v26.1 (Yoast SEO v26.6) - https:\/\/yoast.com\/wordpress\/plugins\/seo\/ -->\n<title>M\u00e1y khoan ED5800 - n\u0103m 2007 - c\u1ea7n kelly 18,5m - Hanoi Vietnam Co., Ltd<\/title>\n<meta name=\"robots\" content=\"index, follow, max-snippet:-1, max-image-preview:large, max-video-preview:-1\" \/>\n<link rel=\"canonical\" href=\"https:\/\/mayxaydunghanoi.com\/vi\/san-pham\/may-khoan-ed5800-nam-2007-can-kelly-185m\/\" \/>\n<meta property=\"og:locale\" content=\"vi_VN\" \/>\n<meta property=\"og:type\" content=\"article\" \/>\n<meta property=\"og:title\" content=\"M\u00e1y khoan ED5800 - n\u0103m 2007 - c\u1ea7n kelly 18,5m\" \/>\n<meta property=\"og:description\" content=\"M\u00e1y khoan ED5800, c\u1ea7n kelly 18,5m s\u1ea3n xu\u1ea5t n\u0103m 2007 l\u00e0 gi\u1ea3i ph\u00e1p khoan c\u1ecdc \u0111\u01b0\u1eddng k\u00ednh l\u1edbn, \u0111\u1ed9 s\u00e2u l\u1edbn, \u0111\u01b0\u1ee3c s\u1eed d\u1ee5ng trong thi c\u00f4ng n\u1ec1n m\u00f3ng. ED5800 l\u00e0 m\u1ed9t trong nh\u1eefng d\u00f2ng m\u00e1y khoan c\u1ecdc hi\u1ec7u su\u1ea5t cao d\u00e0nh cho n\u1ec1n m\u00f3ng s\u00e2u. M\u00e1y \u0111\u01b0\u1ee3c thi\u1ebft k\u1ebf \u0111\u1ec3 \u0111\u00e1p \u1ee9ng c\u00e1c y\u00eau c\u1ea7u kh\u1eaft khe nh\u1ea5t trong thi c\u00f4ng m\u00f3ng c\u00f4ng nghi\u1ec7p, h\u1ea1 t\u1ea7ng giao th\u00f4ng v\u00e0...\" \/>\n<meta property=\"og:url\" content=\"https:\/\/mayxaydunghanoi.com\/vi\/san-pham\/may-khoan-ed5800-nam-2007-can-kelly-185m\/\" \/>\n<meta property=\"og:site_name\" content=\"Hanoi Vietnam Co., Ltd\" \/>\n<meta property=\"article:modified_time\" content=\"2025-12-17T01:43:36+00:00\" \/>\n<meta property=\"og:image\" content=\"https:\/\/mayxaydunghanoi.com\/wp-content\/uploads\/2025\/12\/may-khoan-ed5800-nam-2007-can-kelly-185m-3.webp\" \/>\n\t<meta property=\"og:image:width\" content=\"800\" \/>\n\t<meta property=\"og:image:height\" content=\"451\" \/>\n\t<meta property=\"og:image:type\" content=\"image\/webp\" \/>\n<meta name=\"twitter:card\" content=\"summary_large_image\" \/>\n<meta name=\"twitter:label1\" content=\"Est. reading time\" \/>\n\t<meta name=\"twitter:data1\" content=\"2 minutes\" \/>\n<script type=\"application\/ld+json\" class=\"yoast-schema-graph\">{\"@context\":\"https:\/\/schema.org\",\"@graph\":[{\"@type\":\"WebPage\",\"@id\":\"https:\/\/mayxaydunghanoi.com\/vi\/san-pham\/may-khoan-ed5800-nam-2007-can-kelly-185m\/\",\"url\":\"https:\/\/mayxaydunghanoi.com\/vi\/san-pham\/may-khoan-ed5800-nam-2007-can-kelly-185m\/\",\"name\":\"M\u00e1y khoan ED5800 - n\u0103m 2007 - c\u1ea7n kelly 18,5m - Hanoi Vietnam Co., Ltd\",\"isPartOf\":{\"@id\":\"https:\/\/mayxaydunghanoi.com\/en\/#website\"},\"primaryImageOfPage\":{\"@id\":\"https:\/\/mayxaydunghanoi.com\/vi\/san-pham\/may-khoan-ed5800-nam-2007-can-kelly-185m\/#primaryimage\"},\"image\":{\"@id\":\"https:\/\/mayxaydunghanoi.com\/vi\/san-pham\/may-khoan-ed5800-nam-2007-can-kelly-185m\/#primaryimage\"},\"thumbnailUrl\":\"https:\/\/mayxaydunghanoi.com\/wp-content\/uploads\/2025\/12\/may-khoan-ed5800-nam-2007-can-kelly-185m-3.webp\",\"datePublished\":\"2025-12-04T03:00:18+00:00\",\"dateModified\":\"2025-12-17T01:43:36+00:00\",\"breadcrumb\":{\"@id\":\"https:\/\/mayxaydunghanoi.com\/vi\/san-pham\/may-khoan-ed5800-nam-2007-can-kelly-185m\/#breadcrumb\"},\"inLanguage\":\"vi-VN\",\"potentialAction\":[{\"@type\":\"ReadAction\",\"target\":[\"https:\/\/mayxaydunghanoi.com\/vi\/san-pham\/may-khoan-ed5800-nam-2007-can-kelly-185m\/\"]}]},{\"@type\":\"ImageObject\",\"inLanguage\":\"vi-VN\",\"@id\":\"https:\/\/mayxaydunghanoi.com\/vi\/san-pham\/may-khoan-ed5800-nam-2007-can-kelly-185m\/#primaryimage\",\"url\":\"https:\/\/mayxaydunghanoi.com\/wp-content\/uploads\/2025\/12\/may-khoan-ed5800-nam-2007-can-kelly-185m-3.webp\",\"contentUrl\":\"https:\/\/mayxaydunghanoi.com\/wp-content\/uploads\/2025\/12\/may-khoan-ed5800-nam-2007-can-kelly-185m-3.webp\",\"width\":800,\"height\":451},{\"@type\":\"BreadcrumbList\",\"@id\":\"https:\/\/mayxaydunghanoi.com\/vi\/san-pham\/may-khoan-ed5800-nam-2007-can-kelly-185m\/#breadcrumb\",\"itemListElement\":[{\"@type\":\"ListItem\",\"position\":1,\"name\":\"Home\",\"item\":\"https:\/\/mayxaydunghanoi.com\/vi\/\"},{\"@type\":\"ListItem\",\"position\":2,\"name\":\"S\u1ea3n ph\u1ea9m\",\"item\":\"https:\/\/mayxaydunghanoi.com\/vi\/san-pham\/\"},{\"@type\":\"ListItem\",\"position\":3,\"name\":\"M\u00e1y khoan ED5800 &#8211; n\u0103m 2007 &#8211; c\u1ea7n kelly 18,5m\"}]},{\"@type\":\"WebSite\",\"@id\":\"https:\/\/mayxaydunghanoi.com\/en\/#website\",\"url\":\"https:\/\/mayxaydunghanoi.com\/en\/\",\"name\":\"Hanoi Vietnam Co., Ltd\",\"description\":\"\",\"publisher\":{\"@id\":\"https:\/\/mayxaydunghanoi.com\/en\/#organization\"},\"potentialAction\":[{\"@type\":\"SearchAction\",\"target\":{\"@type\":\"EntryPoint\",\"urlTemplate\":\"https:\/\/mayxaydunghanoi.com\/en\/?s={search_term_string}\"},\"query-input\":{\"@type\":\"PropertyValueSpecification\",\"valueRequired\":true,\"valueName\":\"search_term_string\"}}],\"inLanguage\":\"vi-VN\"},{\"@type\":\"Organization\",\"@id\":\"https:\/\/mayxaydunghanoi.com\/en\/#organization\",\"name\":\"Hanoi Vietnam Co., Ltd\",\"url\":\"https:\/\/mayxaydunghanoi.com\/en\/\",\"logo\":{\"@type\":\"ImageObject\",\"inLanguage\":\"vi-VN\",\"@id\":\"https:\/\/mayxaydunghanoi.com\/en\/#\/schema\/logo\/image\/\",\"url\":\"https:\/\/mayxaydunghanoi.com\/wp-content\/uploads\/2018\/04\/Logo-mayxaydunghanoi-ok.png\",\"contentUrl\":\"https:\/\/mayxaydunghanoi.com\/wp-content\/uploads\/2018\/04\/Logo-mayxaydunghanoi-ok.png\",\"width\":900,\"height\":900,\"caption\":\"Hanoi Vietnam Co., Ltd\"},\"image\":{\"@id\":\"https:\/\/mayxaydunghanoi.com\/en\/#\/schema\/logo\/image\/\"}}]}<\/script>\n<!-- \/ Yoast SEO Premium plugin. -->","yoast_head_json":{"title":"M\u00e1y khoan ED5800 - n\u0103m 2007 - c\u1ea7n kelly 18,5m - Hanoi Vietnam Co., Ltd","robots":{"index":"index","follow":"follow","max-snippet":"max-snippet:-1","max-image-preview":"max-image-preview:large","max-video-preview":"max-video-preview:-1"},"canonical":"https:\/\/mayxaydunghanoi.com\/vi\/san-pham\/may-khoan-ed5800-nam-2007-can-kelly-185m\/","og_locale":"vi_VN","og_type":"article","og_title":"M\u00e1y khoan ED5800 - n\u0103m 2007 - c\u1ea7n kelly 18,5m","og_description":"M\u00e1y khoan ED5800, c\u1ea7n kelly 18,5m s\u1ea3n xu\u1ea5t n\u0103m 2007 l\u00e0 gi\u1ea3i ph\u00e1p khoan c\u1ecdc \u0111\u01b0\u1eddng k\u00ednh l\u1edbn, \u0111\u1ed9 s\u00e2u l\u1edbn, \u0111\u01b0\u1ee3c s\u1eed d\u1ee5ng trong thi c\u00f4ng n\u1ec1n m\u00f3ng. ED5800 l\u00e0 m\u1ed9t trong nh\u1eefng d\u00f2ng m\u00e1y khoan c\u1ecdc hi\u1ec7u su\u1ea5t cao d\u00e0nh cho n\u1ec1n m\u00f3ng s\u00e2u. M\u00e1y \u0111\u01b0\u1ee3c thi\u1ebft k\u1ebf \u0111\u1ec3 \u0111\u00e1p \u1ee9ng c\u00e1c y\u00eau c\u1ea7u kh\u1eaft khe nh\u1ea5t trong thi c\u00f4ng m\u00f3ng c\u00f4ng nghi\u1ec7p, h\u1ea1 t\u1ea7ng giao th\u00f4ng v\u00e0...","og_url":"https:\/\/mayxaydunghanoi.com\/vi\/san-pham\/may-khoan-ed5800-nam-2007-can-kelly-185m\/","og_site_name":"Hanoi Vietnam Co., Ltd","article_modified_time":"2025-12-17T01:43:36+00:00","og_image":[{"width":800,"height":451,"url":"https:\/\/mayxaydunghanoi.com\/wp-content\/uploads\/2025\/12\/may-khoan-ed5800-nam-2007-can-kelly-185m-3.webp","type":"image\/webp"}],"twitter_card":"summary_large_image","twitter_misc":{"Est. reading time":"2 minutes"},"schema":{"@context":"https:\/\/schema.org","@graph":[{"@type":"WebPage","@id":"https:\/\/mayxaydunghanoi.com\/vi\/san-pham\/may-khoan-ed5800-nam-2007-can-kelly-185m\/","url":"https:\/\/mayxaydunghanoi.com\/vi\/san-pham\/may-khoan-ed5800-nam-2007-can-kelly-185m\/","name":"M\u00e1y khoan ED5800 - n\u0103m 2007 - c\u1ea7n kelly 18,5m - Hanoi Vietnam Co., Ltd","isPartOf":{"@id":"https:\/\/mayxaydunghanoi.com\/en\/#website"},"primaryImageOfPage":{"@id":"https:\/\/mayxaydunghanoi.com\/vi\/san-pham\/may-khoan-ed5800-nam-2007-can-kelly-185m\/#primaryimage"},"image":{"@id":"https:\/\/mayxaydunghanoi.com\/vi\/san-pham\/may-khoan-ed5800-nam-2007-can-kelly-185m\/#primaryimage"},"thumbnailUrl":"https:\/\/mayxaydunghanoi.com\/wp-content\/uploads\/2025\/12\/may-khoan-ed5800-nam-2007-can-kelly-185m-3.webp","datePublished":"2025-12-04T03:00:18+00:00","dateModified":"2025-12-17T01:43:36+00:00","breadcrumb":{"@id":"https:\/\/mayxaydunghanoi.com\/vi\/san-pham\/may-khoan-ed5800-nam-2007-can-kelly-185m\/#breadcrumb"},"inLanguage":"vi-VN","potentialAction":[{"@type":"ReadAction","target":["https:\/\/mayxaydunghanoi.com\/vi\/san-pham\/may-khoan-ed5800-nam-2007-can-kelly-185m\/"]}]},{"@type":"ImageObject","inLanguage":"vi-VN","@id":"https:\/\/mayxaydunghanoi.com\/vi\/san-pham\/may-khoan-ed5800-nam-2007-can-kelly-185m\/#primaryimage","url":"https:\/\/mayxaydunghanoi.com\/wp-content\/uploads\/2025\/12\/may-khoan-ed5800-nam-2007-can-kelly-185m-3.webp","contentUrl":"https:\/\/mayxaydunghanoi.com\/wp-content\/uploads\/2025\/12\/may-khoan-ed5800-nam-2007-can-kelly-185m-3.webp","width":800,"height":451},{"@type":"BreadcrumbList","@id":"https:\/\/mayxaydunghanoi.com\/vi\/san-pham\/may-khoan-ed5800-nam-2007-can-kelly-185m\/#breadcrumb","itemListElement":[{"@type":"ListItem","position":1,"name":"Home","item":"https:\/\/mayxaydunghanoi.com\/vi\/"},{"@type":"ListItem","position":2,"name":"S\u1ea3n ph\u1ea9m","item":"https:\/\/mayxaydunghanoi.com\/vi\/san-pham\/"},{"@type":"ListItem","position":3,"name":"M\u00e1y khoan ED5800 &#8211; n\u0103m 2007 &#8211; c\u1ea7n kelly 18,5m"}]},{"@type":"WebSite","@id":"https:\/\/mayxaydunghanoi.com\/en\/#website","url":"https:\/\/mayxaydunghanoi.com\/en\/","name":"Hanoi Vietnam Co., Ltd","description":"","publisher":{"@id":"https:\/\/mayxaydunghanoi.com\/en\/#organization"},"potentialAction":[{"@type":"SearchAction","target":{"@type":"EntryPoint","urlTemplate":"https:\/\/mayxaydunghanoi.com\/en\/?s={search_term_string}"},"query-input":{"@type":"PropertyValueSpecification","valueRequired":true,"valueName":"search_term_string"}}],"inLanguage":"vi-VN"},{"@type":"Organization","@id":"https:\/\/mayxaydunghanoi.com\/en\/#organization","name":"Hanoi Vietnam Co., Ltd","url":"https:\/\/mayxaydunghanoi.com\/en\/","logo":{"@type":"ImageObject","inLanguage":"vi-VN","@id":"https:\/\/mayxaydunghanoi.com\/en\/#\/schema\/logo\/image\/","url":"https:\/\/mayxaydunghanoi.com\/wp-content\/uploads\/2018\/04\/Logo-mayxaydunghanoi-ok.png","contentUrl":"https:\/\/mayxaydunghanoi.com\/wp-content\/uploads\/2018\/04\/Logo-mayxaydunghanoi-ok.png","width":900,"height":900,"caption":"Hanoi Vietnam Co., Ltd"},"image":{"@id":"https:\/\/mayxaydunghanoi.com\/en\/#\/schema\/logo\/image\/"}}]}},"_links":{"self":[{"href":"https:\/\/mayxaydunghanoi.com\/vi\/wp-json\/wp\/v2\/product\/6883","targetHints":{"allow":["GET"]}}],"collection":[{"href":"https:\/\/mayxaydunghanoi.com\/vi\/wp-json\/wp\/v2\/product"}],"about":[{"href":"https:\/\/mayxaydunghanoi.com\/vi\/wp-json\/wp\/v2\/types\/product"}],"replies":[{"embeddable":true,"href":"https:\/\/mayxaydunghanoi.com\/vi\/wp-json\/wp\/v2\/comments?post=6883"}],"wp:featuredmedia":[{"embeddable":true,"href":"https:\/\/mayxaydunghanoi.com\/vi\/wp-json\/wp\/v2\/media\/7697"}],"wp:attachment":[{"href":"https:\/\/mayxaydunghanoi.com\/vi\/wp-json\/wp\/v2\/media?parent=6883"}],"wp:term":[{"taxonomy":"product_brand","embeddable":true,"href":"https:\/\/mayxaydunghanoi.com\/vi\/wp-json\/wp\/v2\/product_brand?post=6883"},{"taxonomy":"product_cat","embeddable":true,"href":"https:\/\/mayxaydunghanoi.com\/vi\/wp-json\/wp\/v2\/product_cat?post=6883"},{"taxonomy":"product_tag","embeddable":true,"href":"https:\/\/mayxaydunghanoi.com\/vi\/wp-json\/wp\/v2\/product_tag?post=6883"}],"curies":[{"name":"wp","href":"https:\/\/api.w.org\/{rel}","templated":true}]}}