{"id":6456,"date":"2025-10-10T18:00:12","date_gmt":"2025-10-10T11:00:12","guid":{"rendered":"https:\/\/mayxaydunghanoi.com\/?post_type=product&#038;p=6456"},"modified":"2025-12-15T14:56:49","modified_gmt":"2025-12-15T07:56:49","slug":"may-cau-banh-xich-kobelco-7150","status":"publish","type":"product","link":"https:\/\/mayxaydunghanoi.com\/vi\/san-pham\/may-cau-banh-xich-kobelco-7150\/","title":{"rendered":"M\u00e1y C\u1ea9u B\u00e1nh X\u00edch Kobelco 7150"},"content":{"rendered":"<h2>M\u00e1y c\u1ea9u b\u00e1nh x\u00edch Kobelco 7150, s\u1ea3n xu\u1ea5t n\u0103m 1993, l\u00e0 d\u00f2ng thi\u1ebft b\u1ecb n\u00e2ng h\u1ea1 c\u00f4ng su\u1ea5t l\u1edbn v\u1edbi s\u1ee9c n\u00e2ng l\u00ean \u0111\u1ebfn 150 t\u1ea5n.<\/h2>\n<p>C\u1ea9u X\u00edch Kobelco 7150 \u0111\u01b0\u1ee3c thi\u1ebft k\u1ebf chuy\u00ean d\u1ee5ng cho c\u00e1c c\u00f4ng tr\u00ecnh c\u1ea7n \u0111\u1ed9 \u1ed5n \u0111\u1ecbnh cao nh\u01b0 <strong>c\u1ea7u \u0111\u01b0\u1eddng, nh\u00e0 m\u00e1y th\u1ee7y \u0111i\u1ec7n, c\u00f4ng nghi\u1ec7p n\u1eb7ng v\u00e0 c\u1ea3ng bi\u1ec3n<\/strong>. Nh\u1edd h\u1ec7 x\u00edch r\u1ed9ng v\u00e0 k\u1ebft c\u1ea5u v\u1eefng ch\u1eafc, m\u00e1y v\u1eadn h\u00e0nh linh ho\u1ea1t tr\u00ean nhi\u1ec1u lo\u1ea1i \u0111\u1ecba h\u00ecnh, k\u1ec3 c\u1ea3 n\u1ec1n y\u1ebfu ho\u1eb7c b\u00f9n l\u1ea7y.<\/p>\n<p><iframe loading=\"lazy\" title=\"Kobelco 7150 , 150 t\u1ea5n , n\u0103m 1993, Li\u00ean h\u1ec7: 0899601755.\" src=\"https:\/\/www.youtube.com\/embed\/it0YhvGoXi0\" width=\"100%\" height=\"480\" frameborder=\"0\" allowfullscreen=\"allowfullscreen\"><span data-mce-type=\"bookmark\" style=\"display: inline-block; width: 0px; overflow: hidden; line-height: 0;\" class=\"mce_SELRES_start\">\ufeff<\/span><span data-mce-type=\"bookmark\" style=\"display: inline-block; width: 0px; overflow: hidden; line-height: 0;\" class=\"mce_SELRES_start\">\ufeff<\/span><\/iframe><\/p>\n<hr \/>\n<h3>\u01afu \u0111i\u1ec3m n\u1ed5i b\u1eadt c\u1ee7a Kobelco 7150<\/h3>\n<p><strong>1. S\u1ee9c n\u00e2ng l\u1edbn \u2013 \u0111\u00e1p \u1ee9ng thi c\u00f4ng h\u1ea1ng m\u1ee5c n\u1eb7ng:<\/strong><br \/>\nV\u1edbi t\u1ea3i tr\u1ecdng 150 t\u1ea5n, Kobelco 7150 d\u1ec5 d\u00e0ng x\u1eed l\u00fd c\u00e1c c\u1ea5u ki\u1ec7n l\u1edbn nh\u01b0 d\u1ea7m c\u1ea7u, \u1ed1ng th\u00e9p, c\u1ecdc b\u00ea t\u00f4ng c\u1ed1t th\u00e9p, gi\u00fap ti\u1ebft ki\u1ec7m th\u1eddi gian v\u00e0 nh\u00e2n l\u1ef1c.<\/p>\n<p><strong>2. C\u1ea7n d\u00e0i, t\u1ea7m v\u1edbi r\u1ed9ng \u2013 ph\u00f9 h\u1ee3p c\u00f4ng tr\u00ecnh t\u1ea7m cao:<\/strong><br \/>\nH\u1ec7 th\u1ed1ng c\u1ea7n n\u00e2ng c\u00f3 th\u1ec3 c\u1ea5u h\u00ecnh linh ho\u1ea1t, m\u1edf r\u1ed9ng \u0111\u1ed9 cao v\u00e0 b\u00e1n k\u00ednh l\u00e0m vi\u1ec7c, r\u1ea5t ph\u00f9 h\u1ee3p cho c\u00e1c d\u1ef1 \u00e1n nh\u00e0 m\u00e1y, c\u1ea7u v\u01b0\u1ee3t, kho b\u00e3i c\u00f3 y\u00eau c\u1ea7u \u0111\u1eb7c bi\u1ec7t v\u1ec1 \u0111\u1ed9 cao.<\/p>\n<p><strong>3. Khung g\u1ea7m x\u00edch v\u1eefng ch\u1eafc \u2013 di chuy\u1ec3n tr\u00ean m\u1ecdi \u0111\u1ecba h\u00ecnh:<\/strong><br \/>\nM\u00e1y \u0111\u01b0\u1ee3c thi\u1ebft k\u1ebf v\u1edbi h\u1ec7 x\u00edch ch\u1ecbu l\u1ef1c, gi\u00fap ph\u00e2n b\u1ed5 t\u1ea3i tr\u1ecdng \u0111\u1ec1u, t\u0103ng \u0111\u1ed9 b\u00e1m v\u00e0 \u1ed5n \u0111\u1ecbnh khi v\u1eadn h\u00e0nh tr\u00ean m\u1eb7t \u0111\u1ea5t kh\u00f4ng b\u1eb1ng ph\u1eb3ng.<\/p>\n<p><strong>4. \u0110\u1ed9ng c\u01a1 kh\u1ecfe, h\u1ec7 th\u1ee7y l\u1ef1c \u1ed5n \u0111\u1ecbnh:<\/strong><br \/>\nTrang b\u1ecb \u0111\u1ed9ng c\u01a1 diesel m\u1ea1nh m\u1ebd, b\u01a1m th\u1ee7y l\u1ef1c b\u1ec1n b\u1ec9, gi\u00fap m\u00e1y ho\u1ea1t \u0111\u1ed9ng li\u00ean t\u1ee5c trong \u0111i\u1ec1u ki\u1ec7n kh\u1eafc nghi\u1ec7t m\u00e0 kh\u00f4ng lo qu\u00e1 t\u1ea3i hay s\u1ee5t \u00e1p.<\/p>\n<p><strong>5. An to\u00e0n v\u1eadn h\u00e0nh \u2013 c\u1ea5u tr\u00fac c\u00e2n \u0111\u1ed1i:<\/strong><br \/>\nC\u00e1c chi ti\u1ebft nh\u01b0 \u0111\u1ed1i tr\u1ecdng, h\u1ec7 th\u1ed1ng phanh, c\u1ea7n n\u00e2ng \u0111\u1ec1u \u0111\u01b0\u1ee3c thi\u1ebft k\u1ebf \u0111\u1ea3m b\u1ea3o an to\u00e0n theo chu\u1ea9n c\u00f4ng nghi\u1ec7p Nh\u1eadt B\u1ea3n.<\/p>\n<hr \/>\n<h3>\u1ee8ng d\u1ee5ng th\u1ef1c t\u1ebf<\/h3>\n<ul>\n<li>Thi c\u00f4ng <strong>c\u1ea7u v\u01b0\u1ee3t, \u0111\u01b0\u1eddng cao t\u1ed1c<\/strong>, c\u00f4ng tr\u00ecnh giao th\u00f4ng tr\u1ecdng \u0111i\u1ec3m<\/li>\n<li>L\u1eafp d\u1ef1ng k\u1ebft c\u1ea5u th\u00e9p nh\u00e0 x\u01b0\u1edfng, nh\u00e0 m\u00e1y c\u00f4ng nghi\u1ec7p n\u1eb7ng<\/li>\n<li>B\u1ed1c d\u1ee1 thi\u1ebft b\u1ecb si\u00eau tr\u01b0\u1eddng \u2013 si\u00eau tr\u1ecdng t\u1ea1i <strong>c\u1ea3ng bi\u1ec3n, b\u1ebfn c\u1ea3ng<\/strong><\/li>\n<li>D\u1ef1 \u00e1n <strong>th\u1ee7y \u0111i\u1ec7n, nhi\u1ec7t \u0111i\u1ec7n<\/strong>, c\u1ea7n n\u00e2ng thi\u1ebft b\u1ecb l\u1edbn v\u00e0 \u0111\u1ed9 cao thi c\u00f4ng l\u1edbn<\/li>\n<\/ul>\n<hr \/>\n<h3>Th\u00f4ng tin li\u00ean h\u1ec7<\/h3>\n<p>\ud83d\udcde <strong>Li\u00ean h\u1ec7 t\u01b0 v\u1ea5n &amp; b\u00e1o gi\u00e1:<\/strong><br \/>\n<strong>Ms. Th\u00f9y Linh \u2013 0899 601 755<\/strong><br \/>\n\ud83d\udce9 <strong>Email:<\/strong> <a href=\"mailto:hanoi.thuylinh2@gmail.com\">hanoi.thuylinh2@gmail.com<\/a><br \/>\n\ud83c\udf10 <strong>Website:<\/strong> <a href=\"https:\/\/mayxaydunghanoi.com\/\">https:\/\/mayxaydunghanoi.com<\/a><br \/>\n\ud83d\udcf2 <strong>Facebook:<\/strong> <a href=\"https:\/\/www.facebook.com\/khoandapcap\">https:\/\/www.facebook.com\/khoandapcap<\/a><\/p>\n<hr \/>\n<p>B\u1ea1n mu\u1ed1n bi\u1ebft th\u00eam chi ti\u1ebft ho\u1eb7c c\u1ea7n h\u1ed7 tr\u1ee3 k\u1ef9 thu\u1eadt? \u0110\u1eebng ng\u1ea7n ng\u1ea1i <strong>g\u1ecdi ngay \u0111\u1ec3 \u0111\u01b0\u1ee3c t\u01b0 v\u1ea5n chuy\u00ean s\u00e2u<\/strong>, ph\u00f9 h\u1ee3p \u0111\u00fang nhu c\u1ea7u v\u00e0 quy m\u00f4 c\u00f4ng tr\u00ecnh c\u1ee7a b\u1ea1n!<\/p>\n","protected":false},"excerpt":{"rendered":"<ul>\n<li><strong>H\u00e3ng s\u1ea3n xu\u1ea5t:<\/strong> Kobelco (Nh\u1eadt B\u1ea3n)<\/li>\n<li><strong>N\u0103m s\u1ea3n xu\u1ea5t:<\/strong> 1993<\/li>\n<li><strong>T\u1ea3i tr\u1ecdng n\u00e2ng:<\/strong> 150 t\u1ea5n<\/li>\n<li><strong>Ki\u1ec3u d\u00e1ng:<\/strong> C\u1ea9u b\u00e1nh x\u00edch, k\u1ebft c\u1ea5u ch\u1ecbu l\u1ef1c t\u1ed1t<\/li>\n<li><strong>T\u00ecnh tr\u1ea1ng:<\/strong> M\u00e1y c\u00f2n zin, v\u1eadn h\u00e0nh \u1ed5n \u0111\u1ecbnh, th\u1ee7y l\u1ef1c kh\u1ecfe<\/li>\n<\/ul>\n","protected":false},"featured_media":8061,"comment_status":"open","ping_status":"closed","template":"","meta":[],"product_brand":[],"product_cat":[20],"product_tag":[],"class_list":{"0":"post-6456","1":"product","2":"type-product","3":"status-publish","4":"has-post-thumbnail","6":"product_cat-cau-xich","8":"first","9":"instock","10":"shipping-taxable","11":"product-type-simple"},"yoast_head":"<!-- This site is optimized with the Yoast SEO Premium plugin v26.1 (Yoast SEO v26.6) - https:\/\/yoast.com\/wordpress\/plugins\/seo\/ -->\n<title>M\u00e1y C\u1ea9u B\u00e1nh X\u00edch Kobelco 7150 - Hanoi Vietnam Co., Ltd<\/title>\n<meta name=\"robots\" content=\"index, follow, max-snippet:-1, max-image-preview:large, max-video-preview:-1\" \/>\n<link rel=\"canonical\" href=\"https:\/\/mayxaydunghanoi.com\/vi\/san-pham\/may-cau-banh-xich-kobelco-7150\/\" \/>\n<meta property=\"og:locale\" content=\"vi_VN\" \/>\n<meta property=\"og:type\" content=\"article\" \/>\n<meta property=\"og:title\" content=\"M\u00e1y C\u1ea9u B\u00e1nh X\u00edch Kobelco 7150\" \/>\n<meta property=\"og:description\" content=\"H\u00e3ng s\u1ea3n xu\u1ea5t: Kobelco (Nh\u1eadt B\u1ea3n)  N\u0103m s\u1ea3n xu\u1ea5t: 1993  T\u1ea3i tr\u1ecdng n\u00e2ng: 150 t\u1ea5n  Ki\u1ec3u d\u00e1ng: C\u1ea9u b\u00e1nh x\u00edch, k\u1ebft c\u1ea5u ch\u1ecbu l\u1ef1c t\u1ed1t  T\u00ecnh tr\u1ea1ng: M\u00e1y c\u00f2n zin, v\u1eadn h\u00e0nh \u1ed5n \u0111\u1ecbnh, th\u1ee7y l\u1ef1c kh\u1ecfe\" \/>\n<meta property=\"og:url\" content=\"https:\/\/mayxaydunghanoi.com\/vi\/san-pham\/may-cau-banh-xich-kobelco-7150\/\" \/>\n<meta property=\"og:site_name\" content=\"Hanoi Vietnam Co., Ltd\" \/>\n<meta property=\"article:modified_time\" content=\"2025-12-15T07:56:49+00:00\" \/>\n<meta property=\"og:image\" content=\"https:\/\/mayxaydunghanoi.com\/wp-content\/uploads\/2025\/10\/may-cau-banh-xich-kobelco-7150-5.jpg\" \/>\n\t<meta property=\"og:image:width\" content=\"640\" \/>\n\t<meta property=\"og:image:height\" content=\"480\" \/>\n\t<meta property=\"og:image:type\" content=\"image\/jpeg\" \/>\n<meta name=\"twitter:card\" content=\"summary_large_image\" \/>\n<meta name=\"twitter:label1\" content=\"Est. reading time\" \/>\n\t<meta name=\"twitter:data1\" content=\"3 minutes\" \/>\n<script type=\"application\/ld+json\" class=\"yoast-schema-graph\">{\"@context\":\"https:\/\/schema.org\",\"@graph\":[{\"@type\":\"WebPage\",\"@id\":\"https:\/\/mayxaydunghanoi.com\/vi\/san-pham\/may-cau-banh-xich-kobelco-7150\/\",\"url\":\"https:\/\/mayxaydunghanoi.com\/vi\/san-pham\/may-cau-banh-xich-kobelco-7150\/\",\"name\":\"M\u00e1y C\u1ea9u B\u00e1nh X\u00edch Kobelco 7150 - Hanoi Vietnam Co., Ltd\",\"isPartOf\":{\"@id\":\"https:\/\/mayxaydunghanoi.com\/en\/#website\"},\"primaryImageOfPage\":{\"@id\":\"https:\/\/mayxaydunghanoi.com\/vi\/san-pham\/may-cau-banh-xich-kobelco-7150\/#primaryimage\"},\"image\":{\"@id\":\"https:\/\/mayxaydunghanoi.com\/vi\/san-pham\/may-cau-banh-xich-kobelco-7150\/#primaryimage\"},\"thumbnailUrl\":\"https:\/\/mayxaydunghanoi.com\/wp-content\/uploads\/2025\/10\/may-cau-banh-xich-kobelco-7150-5.jpg\",\"datePublished\":\"2025-10-10T11:00:12+00:00\",\"dateModified\":\"2025-12-15T07:56:49+00:00\",\"breadcrumb\":{\"@id\":\"https:\/\/mayxaydunghanoi.com\/vi\/san-pham\/may-cau-banh-xich-kobelco-7150\/#breadcrumb\"},\"inLanguage\":\"vi-VN\",\"potentialAction\":[{\"@type\":\"ReadAction\",\"target\":[\"https:\/\/mayxaydunghanoi.com\/vi\/san-pham\/may-cau-banh-xich-kobelco-7150\/\"]}]},{\"@type\":\"ImageObject\",\"inLanguage\":\"vi-VN\",\"@id\":\"https:\/\/mayxaydunghanoi.com\/vi\/san-pham\/may-cau-banh-xich-kobelco-7150\/#primaryimage\",\"url\":\"https:\/\/mayxaydunghanoi.com\/wp-content\/uploads\/2025\/10\/may-cau-banh-xich-kobelco-7150-5.jpg\",\"contentUrl\":\"https:\/\/mayxaydunghanoi.com\/wp-content\/uploads\/2025\/10\/may-cau-banh-xich-kobelco-7150-5.jpg\",\"width\":640,\"height\":480},{\"@type\":\"BreadcrumbList\",\"@id\":\"https:\/\/mayxaydunghanoi.com\/vi\/san-pham\/may-cau-banh-xich-kobelco-7150\/#breadcrumb\",\"itemListElement\":[{\"@type\":\"ListItem\",\"position\":1,\"name\":\"Home\",\"item\":\"https:\/\/mayxaydunghanoi.com\/vi\/\"},{\"@type\":\"ListItem\",\"position\":2,\"name\":\"S\u1ea3n ph\u1ea9m\",\"item\":\"https:\/\/mayxaydunghanoi.com\/vi\/san-pham\/\"},{\"@type\":\"ListItem\",\"position\":3,\"name\":\"M\u00e1y C\u1ea9u B\u00e1nh X\u00edch Kobelco 7150\"}]},{\"@type\":\"WebSite\",\"@id\":\"https:\/\/mayxaydunghanoi.com\/en\/#website\",\"url\":\"https:\/\/mayxaydunghanoi.com\/en\/\",\"name\":\"Hanoi Vietnam Co., Ltd\",\"description\":\"\",\"publisher\":{\"@id\":\"https:\/\/mayxaydunghanoi.com\/en\/#organization\"},\"potentialAction\":[{\"@type\":\"SearchAction\",\"target\":{\"@type\":\"EntryPoint\",\"urlTemplate\":\"https:\/\/mayxaydunghanoi.com\/en\/?s={search_term_string}\"},\"query-input\":{\"@type\":\"PropertyValueSpecification\",\"valueRequired\":true,\"valueName\":\"search_term_string\"}}],\"inLanguage\":\"vi-VN\"},{\"@type\":\"Organization\",\"@id\":\"https:\/\/mayxaydunghanoi.com\/en\/#organization\",\"name\":\"Hanoi Vietnam Co., Ltd\",\"url\":\"https:\/\/mayxaydunghanoi.com\/en\/\",\"logo\":{\"@type\":\"ImageObject\",\"inLanguage\":\"vi-VN\",\"@id\":\"https:\/\/mayxaydunghanoi.com\/en\/#\/schema\/logo\/image\/\",\"url\":\"https:\/\/mayxaydunghanoi.com\/wp-content\/uploads\/2018\/04\/Logo-mayxaydunghanoi-ok.png\",\"contentUrl\":\"https:\/\/mayxaydunghanoi.com\/wp-content\/uploads\/2018\/04\/Logo-mayxaydunghanoi-ok.png\",\"width\":900,\"height\":900,\"caption\":\"Hanoi Vietnam Co., Ltd\"},\"image\":{\"@id\":\"https:\/\/mayxaydunghanoi.com\/en\/#\/schema\/logo\/image\/\"}}]}<\/script>\n<!-- \/ Yoast SEO Premium plugin. -->","yoast_head_json":{"title":"M\u00e1y C\u1ea9u B\u00e1nh X\u00edch Kobelco 7150 - Hanoi Vietnam Co., Ltd","robots":{"index":"index","follow":"follow","max-snippet":"max-snippet:-1","max-image-preview":"max-image-preview:large","max-video-preview":"max-video-preview:-1"},"canonical":"https:\/\/mayxaydunghanoi.com\/vi\/san-pham\/may-cau-banh-xich-kobelco-7150\/","og_locale":"vi_VN","og_type":"article","og_title":"M\u00e1y C\u1ea9u B\u00e1nh X\u00edch Kobelco 7150","og_description":"H\u00e3ng s\u1ea3n xu\u1ea5t: Kobelco (Nh\u1eadt B\u1ea3n)  N\u0103m s\u1ea3n xu\u1ea5t: 1993  T\u1ea3i tr\u1ecdng n\u00e2ng: 150 t\u1ea5n  Ki\u1ec3u d\u00e1ng: C\u1ea9u b\u00e1nh x\u00edch, k\u1ebft c\u1ea5u ch\u1ecbu l\u1ef1c t\u1ed1t  T\u00ecnh tr\u1ea1ng: M\u00e1y c\u00f2n zin, v\u1eadn h\u00e0nh \u1ed5n \u0111\u1ecbnh, th\u1ee7y l\u1ef1c kh\u1ecfe","og_url":"https:\/\/mayxaydunghanoi.com\/vi\/san-pham\/may-cau-banh-xich-kobelco-7150\/","og_site_name":"Hanoi Vietnam Co., Ltd","article_modified_time":"2025-12-15T07:56:49+00:00","og_image":[{"width":640,"height":480,"url":"https:\/\/mayxaydunghanoi.com\/wp-content\/uploads\/2025\/10\/may-cau-banh-xich-kobelco-7150-5.jpg","type":"image\/jpeg"}],"twitter_card":"summary_large_image","twitter_misc":{"Est. reading time":"3 minutes"},"schema":{"@context":"https:\/\/schema.org","@graph":[{"@type":"WebPage","@id":"https:\/\/mayxaydunghanoi.com\/vi\/san-pham\/may-cau-banh-xich-kobelco-7150\/","url":"https:\/\/mayxaydunghanoi.com\/vi\/san-pham\/may-cau-banh-xich-kobelco-7150\/","name":"M\u00e1y C\u1ea9u B\u00e1nh X\u00edch Kobelco 7150 - Hanoi Vietnam Co., Ltd","isPartOf":{"@id":"https:\/\/mayxaydunghanoi.com\/en\/#website"},"primaryImageOfPage":{"@id":"https:\/\/mayxaydunghanoi.com\/vi\/san-pham\/may-cau-banh-xich-kobelco-7150\/#primaryimage"},"image":{"@id":"https:\/\/mayxaydunghanoi.com\/vi\/san-pham\/may-cau-banh-xich-kobelco-7150\/#primaryimage"},"thumbnailUrl":"https:\/\/mayxaydunghanoi.com\/wp-content\/uploads\/2025\/10\/may-cau-banh-xich-kobelco-7150-5.jpg","datePublished":"2025-10-10T11:00:12+00:00","dateModified":"2025-12-15T07:56:49+00:00","breadcrumb":{"@id":"https:\/\/mayxaydunghanoi.com\/vi\/san-pham\/may-cau-banh-xich-kobelco-7150\/#breadcrumb"},"inLanguage":"vi-VN","potentialAction":[{"@type":"ReadAction","target":["https:\/\/mayxaydunghanoi.com\/vi\/san-pham\/may-cau-banh-xich-kobelco-7150\/"]}]},{"@type":"ImageObject","inLanguage":"vi-VN","@id":"https:\/\/mayxaydunghanoi.com\/vi\/san-pham\/may-cau-banh-xich-kobelco-7150\/#primaryimage","url":"https:\/\/mayxaydunghanoi.com\/wp-content\/uploads\/2025\/10\/may-cau-banh-xich-kobelco-7150-5.jpg","contentUrl":"https:\/\/mayxaydunghanoi.com\/wp-content\/uploads\/2025\/10\/may-cau-banh-xich-kobelco-7150-5.jpg","width":640,"height":480},{"@type":"BreadcrumbList","@id":"https:\/\/mayxaydunghanoi.com\/vi\/san-pham\/may-cau-banh-xich-kobelco-7150\/#breadcrumb","itemListElement":[{"@type":"ListItem","position":1,"name":"Home","item":"https:\/\/mayxaydunghanoi.com\/vi\/"},{"@type":"ListItem","position":2,"name":"S\u1ea3n ph\u1ea9m","item":"https:\/\/mayxaydunghanoi.com\/vi\/san-pham\/"},{"@type":"ListItem","position":3,"name":"M\u00e1y C\u1ea9u B\u00e1nh X\u00edch Kobelco 7150"}]},{"@type":"WebSite","@id":"https:\/\/mayxaydunghanoi.com\/en\/#website","url":"https:\/\/mayxaydunghanoi.com\/en\/","name":"Hanoi Vietnam Co., Ltd","description":"","publisher":{"@id":"https:\/\/mayxaydunghanoi.com\/en\/#organization"},"potentialAction":[{"@type":"SearchAction","target":{"@type":"EntryPoint","urlTemplate":"https:\/\/mayxaydunghanoi.com\/en\/?s={search_term_string}"},"query-input":{"@type":"PropertyValueSpecification","valueRequired":true,"valueName":"search_term_string"}}],"inLanguage":"vi-VN"},{"@type":"Organization","@id":"https:\/\/mayxaydunghanoi.com\/en\/#organization","name":"Hanoi Vietnam Co., Ltd","url":"https:\/\/mayxaydunghanoi.com\/en\/","logo":{"@type":"ImageObject","inLanguage":"vi-VN","@id":"https:\/\/mayxaydunghanoi.com\/en\/#\/schema\/logo\/image\/","url":"https:\/\/mayxaydunghanoi.com\/wp-content\/uploads\/2018\/04\/Logo-mayxaydunghanoi-ok.png","contentUrl":"https:\/\/mayxaydunghanoi.com\/wp-content\/uploads\/2018\/04\/Logo-mayxaydunghanoi-ok.png","width":900,"height":900,"caption":"Hanoi Vietnam Co., Ltd"},"image":{"@id":"https:\/\/mayxaydunghanoi.com\/en\/#\/schema\/logo\/image\/"}}]}},"_links":{"self":[{"href":"https:\/\/mayxaydunghanoi.com\/vi\/wp-json\/wp\/v2\/product\/6456","targetHints":{"allow":["GET"]}}],"collection":[{"href":"https:\/\/mayxaydunghanoi.com\/vi\/wp-json\/wp\/v2\/product"}],"about":[{"href":"https:\/\/mayxaydunghanoi.com\/vi\/wp-json\/wp\/v2\/types\/product"}],"replies":[{"embeddable":true,"href":"https:\/\/mayxaydunghanoi.com\/vi\/wp-json\/wp\/v2\/comments?post=6456"}],"wp:featuredmedia":[{"embeddable":true,"href":"https:\/\/mayxaydunghanoi.com\/vi\/wp-json\/wp\/v2\/media\/8061"}],"wp:attachment":[{"href":"https:\/\/mayxaydunghanoi.com\/vi\/wp-json\/wp\/v2\/media?parent=6456"}],"wp:term":[{"taxonomy":"product_brand","embeddable":true,"href":"https:\/\/mayxaydunghanoi.com\/vi\/wp-json\/wp\/v2\/product_brand?post=6456"},{"taxonomy":"product_cat","embeddable":true,"href":"https:\/\/mayxaydunghanoi.com\/vi\/wp-json\/wp\/v2\/product_cat?post=6456"},{"taxonomy":"product_tag","embeddable":true,"href":"https:\/\/mayxaydunghanoi.com\/vi\/wp-json\/wp\/v2\/product_tag?post=6456"}],"curies":[{"name":"wp","href":"https:\/\/api.w.org\/{rel}","templated":true}]}}