{"id":5936,"date":"2025-08-23T19:00:41","date_gmt":"2025-08-23T12:00:41","guid":{"rendered":"https:\/\/mayxaydunghanoi.com\/?post_type=product&#038;p=5936"},"modified":"2025-12-15T15:00:14","modified_gmt":"2025-12-15T08:00:14","slug":"cau-banh-xich-hitachi-kh150-3-40-tan-san-xuat-nam-1985","status":"publish","type":"product","link":"https:\/\/mayxaydunghanoi.com\/vi\/san-pham\/cau-banh-xich-hitachi-kh150-3-40-tan-san-xuat-nam-1985\/","title":{"rendered":"C\u1ea9u b\u00e1nh x\u00edch Hitachi KH150-3 (40 t\u1ea5n), s\u1ea3n xu\u1ea5t n\u0103m 1985"},"content":{"rendered":"<h2>Hitachi KH150-3 l\u00e0 d\u00f2ng c\u1ea9u b\u00e1nh x\u00edch th\u1ee7y l\u1ef1c 40 t\u1ea5n, s\u1ea3n xu\u1ea5t n\u0103m 1985, \u0111\u01b0\u1ee3c b\u1ea3o d\u01b0\u1ee1ng k\u1ef9 l\u01b0\u1ee1ng, ph\u00f9 h\u1ee3p cho thi c\u00f4ng n\u1ec1n m\u00f3ng, c\u1ea7u c\u1ea3ng v\u00e0 c\u00f4ng tr\u00ecnh h\u1ea1 t\u1ea7ng n\u1eb7ng.<\/h2>\n<p>Trong s\u1ed1 c\u00e1c d\u00f2ng c\u1ea9u b\u00e1nh x\u00edch th\u1ee7y l\u1ef1c c\u1ee7a Hitachi, <strong>KH150-3<\/strong> \u0111\u01b0\u1ee3c \u0111\u00e1nh gi\u00e1 l\u00e0 m\u1ed9t trong nh\u1eefng model c\u00f3 tu\u1ed5i th\u1ecd v\u00e0 \u0111\u1ed9 tin c\u1eady cao nh\u1ea5t. V\u1edbi kh\u1ea3 n\u0103ng n\u00e2ng t\u1ea3i t\u1ed1i \u0111a <strong>40 t\u1ea5n<\/strong> khi s\u1eed d\u1ee5ng c\u1ea7n ng\u1eafn nh\u1ea5t \u1edf b\u00e1n k\u00ednh 3,7m, d\u00f2ng c\u1ea9u n\u00e0y \u0111\u00e1p \u1ee9ng t\u1ed1t nhi\u1ec1u h\u1ea1ng m\u1ee5c thi c\u00f4ng ph\u1ee9c t\u1ea1p, t\u1eeb c\u00f4ng tr\u00ecnh n\u1ec1n m\u00f3ng, l\u1eafp d\u1ef1ng k\u1ebft c\u1ea5u th\u00e9p \u0111\u1ebfn c\u1ea7u c\u1ea3ng v\u00e0 h\u1ea1 t\u1ea7ng tr\u1ecdng \u0111i\u1ec3m.<br \/>\n<iframe loading=\"lazy\" title=\"C\u1ea7n tr\u1ee5c b\u00e1nh x\u00edch Hitachi KH150-3\" src=\"https:\/\/www.youtube.com\/embed\/2ra-plkmDwU\" width=\"100%\" height=\"450\" frameborder=\"0\" allowfullscreen=\"allowfullscreen\"><span data-mce-type=\"bookmark\" style=\"display: inline-block; width: 0px; overflow: hidden; line-height: 0;\" class=\"mce_SELRES_start\">\ufeff<\/span><\/iframe><\/p>\n<p>\u0110i\u1ec3m n\u1ed5i b\u1eadt c\u1ee7a <strong>Hitachi KH150\/180\/230-3<\/strong> ch\u00ednh l\u00e0 ch\u1ea5t l\u01b0\u1ee3ng ch\u1ebf t\u1ea1o Nh\u1eadt B\u1ea3n, b\u1ec1n b\u1ec9 theo th\u1eddi gian, \u00edt h\u1ecfng v\u1eb7t, kh\u1ea3 n\u0103ng v\u1eadn h\u00e0nh \u1ed5n \u0111\u1ecbnh ngay c\u1ea3 khi \u0111\u00e3 qua h\u00e0ng ch\u1ee5c ngh\u00ecn gi\u1edd l\u00e0m vi\u1ec7c. \u0110\u00e2y ch\u00ednh l\u00e0 l\u00fd do d\u00f2ng KH150-3 v\u1eabn \u0111\u01b0\u1ee3c c\u00e1c nh\u00e0 th\u1ea7u l\u1edbn l\u1ef1a ch\u1ecdn trong su\u1ed1t nhi\u1ec1u th\u1eadp k\u1ef7.<\/p>\n<hr \/>\n<h3>Thi\u1ebft k\u1ebf t\u1ed5ng quan v\u00e0 \u0111\u1eb7c tr\u01b0ng c\u1ee7a Hitachi KH150-3<\/h3>\n<p>C\u1ea9u <strong>Hitachi KH150-3<\/strong> thu\u1ed9c nh\u00f3m c\u1ea9u b\u00e1nh x\u00edch h\u1ea1ng trung, \u0111\u01b0\u1ee3c thi\u1ebft k\u1ebf \u0111\u1ec3 c\u00e2n b\u1eb1ng gi\u1eefa <strong>s\u1ee9c n\u00e2ng, t\u00ednh c\u01a1 \u0111\u1ed9ng v\u00e0 \u0111\u1ed9 b\u1ec1n k\u1ebft c\u1ea5u<\/strong>.<\/p>\n<ul>\n<li><strong>K\u1ebft c\u1ea5u khung g\u1ea7m<\/strong>: G\u1ea7m m\u1edf r\u1ed9ng v\u1edbi chi\u1ec1u r\u1ed9ng t\u1eeb 3.300 \u2013 4.060 mm, s\u1eed d\u1ee5ng b\u00e1nh x\u00edch ki\u1ec3u bulldozer, b\u1ea3n x\u00edch ph\u1eb3ng gi\u00fap b\u00e1m n\u1ec1n ch\u1eafc ch\u1eafn ngay c\u1ea3 tr\u00ean m\u1eb7t \u0111\u1ea5t y\u1ebfu ho\u1eb7c b\u00f9n \u0111\u1ea5t.<\/li>\n<li><strong>\u0110\u1ed9ng c\u01a1 Hino H06C-T<\/strong>: Lo\u1ea1i diesel 6 xi-lanh, c\u00f4ng su\u1ea5t 150 HP @ 2000 v\u00f2ng\/ph\u00fat. \u0110\u00e2y l\u00e0 lo\u1ea1i \u0111\u1ed9ng c\u01a1 n\u1ed5i ti\u1ebfng v\u1ec1 s\u1ef1 b\u1ec1n b\u1ec9, ti\u1ebft ki\u1ec7m nhi\u00ean li\u1ec7u v\u00e0 d\u1ec5 b\u1ea3o d\u01b0\u1ee1ng.<\/li>\n<li><strong>H\u1ec7 th\u1ed1ng th\u1ee7y l\u1ef1c<\/strong>: Trang b\u1ecb 2 b\u01a1m pitt\u00f4ng + 2 b\u01a1m b\u00e1nh r\u0103ng, \u0111\u1ea3m b\u1ea3o \u00e1p su\u1ea5t \u1ed5n \u0111\u1ecbnh v\u00e0 kh\u1ea3 n\u0103ng v\u1eadn h\u00e0nh li\u00ean t\u1ee5c, ph\u00f9 h\u1ee3p cho c\u00e1c c\u00f4ng vi\u1ec7c n\u00e2ng h\u1ea1 li\u00ean t\u1ee5c trong th\u1eddi gian d\u00e0i.<\/li>\n<li><strong>An to\u00e0n v\u1eadn h\u00e0nh<\/strong>: M\u00e1y \u0111\u01b0\u1ee3c l\u1eafp h\u1ec7 th\u1ed1ng gi\u1edbi h\u1ea1n t\u1ea3i Kr\u00fcger Load Moment Indicator (MARK4 E\/2), m\u1ed9t trong nh\u1eefng thi\u1ebft b\u1ecb ti\u00ean ti\u1ebfn v\u00e0o th\u1eddi \u0111i\u1ec3m \u0111\u00f3, gi\u00fap c\u1ea3nh b\u00e1o v\u00e0 ng\u0103n ng\u1eeba nguy c\u01a1 qu\u00e1 t\u1ea3i.<\/li>\n<\/ul>\n<p>V\u1edbi thi\u1ebft k\u1ebf n\u00e0y, KH150-3 c\u00f3 th\u1ec3 l\u00e0m vi\u1ec7c trong \u0111i\u1ec1u ki\u1ec7n kh\u1eafc nghi\u1ec7t m\u00e0 v\u1eabn duy tr\u00ec hi\u1ec7u su\u1ea5t \u1ed5n \u0111\u1ecbnh, l\u00e0 l\u1ef1a ch\u1ecdn l\u00fd t\u01b0\u1edfng cho c\u00e1c c\u00f4ng tr\u00ecnh y\u00eau c\u1ea7u t\u00ednh an to\u00e0n v\u00e0 \u0111\u1ed9 ch\u00ednh x\u00e1c cao.<\/p>\n<hr \/>\n<h3>C\u1ea5u h\u00ecnh c\u1ea7n v\u00e0 kh\u1ea3 n\u0103ng l\u00e0m vi\u1ec7c<\/h3>\n<p>M\u1ed9t trong nh\u1eefng \u01b0u \u0111i\u1ec3m quan tr\u1ecdng c\u1ee7a KH150-3 l\u00e0 s\u1ef1 linh ho\u1ea1t trong c\u1ea5u h\u00ecnh c\u1ea7n.<\/p>\n<ul>\n<li><strong>T\u1ed5ng chi\u1ec1u d\u00e0i c\u1ea7n 25m<\/strong>, bao g\u1ed3m ph\u1ea7n \u0111\u00e1y, ph\u1ea7n \u0111\u1ec9nh (10m), 01 \u0111o\u1ea1n c\u1ea7n 3m v\u00e0 02 \u0111o\u1ea1n c\u1ea7n 6m. C\u00e1c \u0111o\u1ea1n c\u1ea7n n\u00e0y c\u00f3 th\u1ec3 gh\u00e9p n\u1ed1i linh ho\u1ea1t \u0111\u1ec3 \u0111\u1ea1t c\u00e1c chi\u1ec1u d\u00e0i ph\u00f9 h\u1ee3p.<\/li>\n<li><strong>V\u00ed d\u1ee5 c\u1ea5u h\u00ecnh minh h\u1ecda<\/strong>: ph\u1ea7n \u0111\u00e1y + 01 \u0111o\u1ea1n 6m + ph\u1ea7n \u0111\u1ec9nh = t\u1ed5ng 16m, \u0111\u00e1p \u1ee9ng y\u00eau c\u1ea7u n\u00e2ng trung b\u00ecnh.<\/li>\n<li><strong>M\u00f3c c\u1ea9u<\/strong>: M\u00e1y \u0111i k\u00e8m 01 m\u00f3c HD, ch\u1ecbu \u0111\u01b0\u1ee3c t\u1ea3i tr\u1ecdng l\u1edbn, ph\u00f9 h\u1ee3p cho thi c\u00f4ng k\u1ebft c\u1ea5u th\u00e9p, b\u00ea t\u00f4ng \u0111\u00fac s\u1eb5n v\u00e0 c\u00e1c h\u1ea1ng m\u1ee5c h\u1ea1 t\u1ea7ng n\u1eb7ng.<\/li>\n<\/ul>\n<p>Kh\u1ea3 n\u0103ng n\u00e2ng c\u1ee7a KH150-3 t\u1ed1i \u01b0u nh\u1ea5t khi s\u1eed d\u1ee5ng c\u1ea7n ng\u1eafn, nh\u01b0ng nh\u1edd h\u1ec7 th\u1ed1ng th\u1ee7y l\u1ef1c v\u00e0 thi\u1ebft k\u1ebf c\u00e2n b\u1eb1ng, c\u1ea9u v\u1eabn \u0111\u1ea3m b\u1ea3o an to\u00e0n khi s\u1eed d\u1ee5ng c\u1ea5u h\u00ecnh c\u1ea7n d\u00e0i h\u01a1n.<\/p>\n<hr \/>\n<h3>H\u1ec7 th\u1ed1ng t\u1eddi v\u00e0 kh\u1ea3 n\u0103ng v\u1eadn h\u00e0nh<\/h3>\n<p>Hi\u1ec7u su\u1ea5t t\u1eddi ch\u00ednh l\u00e0 y\u1ebfu t\u1ed1 quan tr\u1ecdng quy\u1ebft \u0111\u1ecbnh n\u0103ng l\u1ef1c thi c\u00f4ng.<\/p>\n<ul>\n<li><strong>T\u1ea3i n\u00e2ng t\u1eddi ch\u00ednh<\/strong>: 11 t\u1ea5n, t\u1ed1c \u0111\u1ed9 35 \u2013 70 m\/ph\u00fat, \u0111\u1ea3m b\u1ea3o t\u1ed1c \u0111\u1ed9 n\u00e2ng h\u1ea1 nhanh v\u00e0 an to\u00e0n.<\/li>\n<li><strong>T\u1ed1c \u0111\u1ed9 quay toa<\/strong>: 3,3 v\u00f2ng\/ph\u00fat \u2013 \u0111\u1ee7 \u0111\u1ec3 \u0111\u00e1p \u1ee9ng y\u00eau c\u1ea7u xoay tr\u1edf trong kh\u00f4ng gian c\u00f4ng tr\u01b0\u1eddng h\u1ea1n ch\u1ebf.<\/li>\n<li><strong>T\u1ed1c \u0111\u1ed9 di chuy\u1ec3n<\/strong>: 1,5 km\/h \u2013 tuy kh\u00f4ng cao nh\u01b0ng \u1ed5n \u0111\u1ecbnh, ph\u00f9 h\u1ee3p v\u1edbi \u0111\u1eb7c tr\u01b0ng c\u1ee7a c\u1ea9u b\u00e1nh x\u00edch h\u1ea1ng trung.<\/li>\n<\/ul>\n<p>\u0110i\u1ec3m c\u1ed9ng c\u1ee7a KH150-3 l\u00e0 h\u1ec7 th\u1ed1ng truy\u1ec1n \u0111\u1ed9ng c\u01a1 kh\u00ed \u2013 th\u1ee7y l\u1ef1c \u0111\u1ed3ng b\u1ed9, \u00edt h\u1ecfng h\u00f3c v\u00e0 d\u1ec5 s\u1eeda ch\u1eefa so v\u1edbi c\u00e1c d\u00f2ng c\u1ea9u hi\u1ec7n \u0111\u1ea1i ph\u1ee9c t\u1ea1p h\u01a1n.<\/p>\n<hr \/>\n<h3>Th\u00f4ng s\u1ed1 k\u1ef9 thu\u1eadt chi ti\u1ebft Hitachi KH150-3<\/h3>\n<table>\n<thead>\n<tr>\n<th>H\u1ea1ng m\u1ee5c<\/th>\n<th>Th\u00f4ng s\u1ed1<\/th>\n<\/tr>\n<\/thead>\n<tbody>\n<tr>\n<td>Lo\u1ea1i m\u00e1y<\/td>\n<td>C\u1ea9u b\u00e1nh x\u00edch th\u1ee7y l\u1ef1c Hitachi KH150-3<\/td>\n<\/tr>\n<tr>\n<td>S\u1ed1 seri<\/td>\n<td>232-1030<\/td>\n<\/tr>\n<tr>\n<td>N\u0103m s\u1ea3n xu\u1ea5t<\/td>\n<td>1985<\/td>\n<\/tr>\n<tr>\n<td>Gi\u1edd ho\u1ea1t \u0111\u1ed9ng<\/td>\n<td>17.000 gi\u1edd (\u0111\u1ed3ng h\u1ed3 \u0111i\u1ec7n t\u1eed m\u1edbi hi\u1ec3n th\u1ecb 3.081 gi\u1edd)<\/td>\n<\/tr>\n<tr>\n<td>S\u1ee9c n\u00e2ng t\u1ed1i \u0111a<\/td>\n<td>40 t\u1ea5n (c\u1ea7n 10m, b\u00e1n k\u00ednh 3,7m)<\/td>\n<\/tr>\n<tr>\n<td>Chi\u1ec1u d\u00e0i c\u1ea7n<\/td>\n<td>25m (\u0111\u00e1y + \u0111\u1ec9nh 10m, 01 \u0111o\u1ea1n 3m, 02 \u0111o\u1ea1n 6m)<\/td>\n<\/tr>\n<tr>\n<td>C\u1ea5u h\u00ecnh minh h\u1ecda<\/td>\n<td>\u0110\u00e1y + 01 \u0111o\u1ea1n 6m + \u0111\u1ec9nh = t\u1ed5ng 16m<\/td>\n<\/tr>\n<tr>\n<td>M\u00f3c c\u1ea9u<\/td>\n<td>01 m\u00f3c HD<\/td>\n<\/tr>\n<tr>\n<td>H\u1ec7 th\u1ed1ng an to\u00e0n<\/td>\n<td>Kr\u00fcger Load Moment Indicator \u2013 MARK4 E\/2<\/td>\n<\/tr>\n<tr>\n<td>\u0110\u1ed9ng c\u01a1<\/td>\n<td>Hino H06C-T, Diesel, 6 xi-lanh<\/td>\n<\/tr>\n<tr>\n<td>C\u00f4ng su\u1ea5t<\/td>\n<td>150 HP @ 2000 v\u00f2ng\/ph\u00fat<\/td>\n<\/tr>\n<tr>\n<td>H\u1ec7 th\u1ed1ng th\u1ee7y l\u1ef1c<\/td>\n<td>2 b\u01a1m pitt\u00f4ng + 2 b\u01a1m b\u00e1nh r\u0103ng<\/td>\n<\/tr>\n<tr>\n<td>T\u1eddi ch\u00ednh<\/td>\n<td>11 t\u1ea5n, t\u1ed1c \u0111\u1ed9 35 \u2013 70 m\/ph\u00fat<\/td>\n<\/tr>\n<tr>\n<td>T\u1ed1c \u0111\u1ed9 di chuy\u1ec3n<\/td>\n<td>1,5 km\/h<\/td>\n<\/tr>\n<tr>\n<td>T\u1ed1c \u0111\u1ed9 quay<\/td>\n<td>3,3 v\u00f2ng\/ph\u00fat<\/td>\n<\/tr>\n<tr>\n<td>G\u1ea7m<\/td>\n<td>M\u1edf r\u1ed9ng, r\u1ed9ng 3.300 \u2013 4.060 mm<\/td>\n<\/tr>\n<tr>\n<td>B\u00e1nh x\u00edch<\/td>\n<td>Ki\u1ec3u bulldozer, b\u1ea3n x\u00edch ph\u1eb3ng<\/td>\n<\/tr>\n<tr>\n<td>T\u00ecnh tr\u1ea1ng<\/td>\n<td>\u0110ang ho\u1ea1t \u0111\u1ed9ng t\u1ed1t, c\u00f3 s\u1eb5n trong kho, s\u1eb5n s\u00e0ng cho kh\u00e1ch h\u00e0ng ki\u1ec3m tra<\/td>\n<\/tr>\n<\/tbody>\n<\/table>\n<hr \/>\n<h3>T\u00ecnh tr\u1ea1ng th\u1ef1c t\u1ebf v\u00e0 \u0111\u1ed9 tin c\u1eady<\/h3>\n<p>Chi\u1ebfc <strong>Hitachi KH150-3 (s\u1ea3n xu\u1ea5t n\u0103m 1985)<\/strong> n\u00e0y \u0111\u00e3 \u0111\u01b0\u1ee3c b\u1ea3o d\u01b0\u1ee1ng \u0111\u1ecbnh k\u1ef3, \u0111\u1ea3m b\u1ea3o h\u1ec7 th\u1ed1ng th\u1ee7y l\u1ef1c, \u0111\u1ed9ng c\u01a1 v\u00e0 t\u1eddi v\u1eadn h\u00e0nh tr\u01a1n tru. G\u1ea7m x\u00edch c\u00f2n ch\u1eafc ch\u1eafn, kh\u00f4ng cong v\u00eanh, t\u1eddi n\u00e2ng \u1ed5n \u0111\u1ecbnh, \u0111\u1ed9ng c\u01a1 n\u1ed5 \u00eam.<\/p>\n<p>M\u1eb7c d\u00f9 \u0111\u00e3 tr\u1ea3i qua h\u01a1n 17.000 gi\u1edd ho\u1ea1t \u0111\u1ed9ng, nh\u01b0ng \u0111\u1ed3ng h\u1ed3 \u0111i\u1ec7n t\u1eed thay th\u1ebf hi\u1ec3n th\u1ecb 3.081 gi\u1edd cho th\u1ea5y m\u00e1y v\u1eabn duy tr\u00ec hi\u1ec7u su\u1ea5t cao. \u0110\u00e2y l\u00e0 minh ch\u1ee9ng cho \u0111\u1ed9 b\u1ec1n n\u1ed5i ti\u1ebfng c\u1ee7a d\u00f2ng c\u1ea9u Hitachi.<\/p>\n<hr \/>\n<h3>\u1ee8ng d\u1ee5ng trong thi c\u00f4ng<\/h3>\n<p>C\u1ea9u <strong>Hitachi KH150-3<\/strong> l\u00e0 l\u1ef1a ch\u1ecdn l\u00fd t\u01b0\u1edfng cho c\u00e1c \u0111\u01a1n v\u1ecb c\u1ea7n thi\u1ebft b\u1ecb n\u00e2ng h\u1ea1 t\u1ea7m trung nh\u01b0ng v\u1eabn \u0111\u1ea3m b\u1ea3o hi\u1ec7u qu\u1ea3 kinh t\u1ebf:<\/p>\n<ul>\n<li><strong>Thi c\u00f4ng n\u1ec1n m\u00f3ng, c\u1ea7u c\u1ea3ng<\/strong> \u2013 nh\u1edd kh\u1ea3 n\u0103ng b\u00e1m n\u1ec1n ch\u1eafc ch\u1eafn v\u00e0 t\u1ea3i tr\u1ecdng 40 t\u1ea5n.<\/li>\n<li><strong>L\u1eafp d\u1ef1ng k\u1ebft c\u1ea5u th\u00e9p, b\u00ea t\u00f4ng \u0111\u00fac s\u1eb5n<\/strong> \u2013 c\u1ea7n linh ho\u1ea1t, m\u00f3c c\u1ea9u b\u1ec1n ch\u1eafc.<\/li>\n<li><strong>C\u00f4ng tr\u00ecnh h\u1ea1 t\u1ea7ng n\u1eb7ng<\/strong> \u2013 c\u1ea7u, \u0111\u01b0\u1eddng, nh\u00e0 x\u01b0\u1edfng c\u00f4ng nghi\u1ec7p.<\/li>\n<\/ul>\n<p>So v\u1edbi c\u00e1c d\u00f2ng c\u1ea9u hi\u1ec7n \u0111\u1ea1i, KH150-3 c\u00f3 \u01b0u th\u1ebf \u1edf <strong>chi ph\u00ed \u0111\u1ea7u t\u01b0 h\u1ee3p l\u00fd<\/strong>, d\u1ec5 b\u1ea3o d\u01b0\u1ee1ng, ph\u1ee5 t\u00f9ng thay th\u1ebf s\u1eb5n c\u00f3, gi\u00fap ti\u1ebft ki\u1ec7m chi ph\u00ed cho nh\u00e0 th\u1ea7u.<\/p>\n<hr \/>\n<h3>K\u1ebft lu\u1eadn<\/h3>\n<p><strong>C\u1ea9u b\u00e1nh x\u00edch Hitachi KH150-3 (40 t\u1ea5n, s\u1ea3n xu\u1ea5t 1985)<\/strong> l\u00e0 m\u1ed9t trong nh\u1eefng thi\u1ebft b\u1ecb n\u00e2ng h\u1ea1 h\u1ea1ng trung b\u1ec1n b\u1ec9, \u0111\u00e3 \u0111\u01b0\u1ee3c b\u1ea3o d\u01b0\u1ee1ng k\u1ef9 l\u01b0\u1ee1ng v\u00e0 v\u1eabn duy tr\u00ec t\u00ecnh tr\u1ea1ng ho\u1ea1t \u0111\u1ed9ng \u1ed5n \u0111\u1ecbnh. V\u1edbi thi\u1ebft k\u1ebf g\u1ecdn ch\u1eafc, \u0111\u1ed9ng c\u01a1 Hino m\u1ea1nh m\u1ebd v\u00e0 h\u1ec7 th\u1ed1ng an to\u00e0n Kr\u00fcger, chi\u1ebfc c\u1ea9u n\u00e0y v\u1eabn l\u00e0 l\u1ef1a ch\u1ecdn \u0111\u00e1ng tin c\u1eady cho c\u00e1c c\u00f4ng tr\u00ecnh h\u1ea1 t\u1ea7ng hi\u1ec7n nay.<\/p>\n<hr \/>\n<p><strong>Li\u00ean h\u1ec7 ki\u1ec3m tra v\u00e0 \u0111\u1eb7t mua tr\u1ef1c ti\u1ebfp t\u1ea1i kho:<\/strong><\/p>\n<p><strong>C\u00f4ng ty TNHH Hanoi Vietnam<\/strong><br \/>\n\ud83c\udf0d Website: <a href=\"https:\/\/mayxaydunghanoi.com\/\">Mayxaydunghanoi.com<\/a><br \/>\n\ud83d\udcf2 Facebook: \/khoandapcap<br \/>\n\ud83d\udcde Hotline: Ms. Th\u00f9y D\u01b0\u01a1ng \u2013 0963 601 755<br \/>\n\ud83d\udce9 Email: <a href=\"mailto:hanoi.ngocqt@outlook.com\">hanoi.ngocqt@outlook.com<\/a><\/p>\n","protected":false},"excerpt":{"rendered":"<ul>\n<li>Lo\u1ea1i m\u00e1y: C\u1ea9u b\u00e1nh x\u00edch th\u1ee7y l\u1ef1c Hitachi KH150-3<\/li>\n<li>S\u1ed1 seri: 232-1030<\/li>\n<li>N\u0103m s\u1ea3n xu\u1ea5t: 1985<\/li>\n<li>Gi\u1edd ho\u1ea1t \u0111\u1ed9ng: 17.000 gi\u1edd<\/li>\n<li>S\u1ee9c n\u00e2ng t\u1ed1i \u0111a: 40 t\u1ea5n (c\u1ea7n 10m, b\u00e1n k\u00ednh 3,7m)<\/li>\n<li>Chi\u1ec1u d\u00e0i c\u1ea7n: 25m (\u0111\u00e1y + \u0111\u1ec9nh 10m, 01 \u0111o\u1ea1n 3m, 02 \u0111o\u1ea1n 6m)<\/li>\n<\/ul>\n","protected":false},"featured_media":8472,"comment_status":"open","ping_status":"closed","template":"","meta":[],"product_brand":[],"product_cat":[20],"product_tag":[],"class_list":{"0":"post-5936","1":"product","2":"type-product","3":"status-publish","4":"has-post-thumbnail","6":"product_cat-cau-xich","8":"first","9":"instock","10":"shipping-taxable","11":"product-type-simple"},"yoast_head":"<!-- This site is optimized with the Yoast SEO Premium plugin v26.1 (Yoast SEO v26.6) - https:\/\/yoast.com\/wordpress\/plugins\/seo\/ -->\n<title>C\u1ea9u b\u00e1nh x\u00edch Hitachi KH150-3 (40 t\u1ea5n), s\u1ea3n xu\u1ea5t n\u0103m 1985 - Hanoi Vietnam Co., Ltd<\/title>\n<meta name=\"robots\" content=\"index, follow, max-snippet:-1, max-image-preview:large, max-video-preview:-1\" \/>\n<link rel=\"canonical\" href=\"https:\/\/mayxaydunghanoi.com\/vi\/san-pham\/cau-banh-xich-hitachi-kh150-3-40-tan-san-xuat-nam-1985\/\" \/>\n<meta property=\"og:locale\" content=\"vi_VN\" \/>\n<meta property=\"og:type\" content=\"article\" \/>\n<meta property=\"og:title\" content=\"C\u1ea9u b\u00e1nh x\u00edch Hitachi KH150-3 (40 t\u1ea5n), s\u1ea3n xu\u1ea5t n\u0103m 1985\" \/>\n<meta property=\"og:description\" content=\"Lo\u1ea1i m\u00e1y: C\u1ea9u b\u00e1nh x\u00edch th\u1ee7y l\u1ef1c Hitachi KH150-3  S\u1ed1 seri: 232-1030  N\u0103m s\u1ea3n xu\u1ea5t: 1985  Gi\u1edd ho\u1ea1t \u0111\u1ed9ng: 17.000 gi\u1edd  S\u1ee9c n\u00e2ng t\u1ed1i \u0111a: 40 t\u1ea5n (c\u1ea7n 10m, b\u00e1n k\u00ednh 3,7m)  Chi\u1ec1u d\u00e0i c\u1ea7n: 25m (\u0111\u00e1y + \u0111\u1ec9nh 10m, 01 \u0111o\u1ea1n 3m, 02 \u0111o\u1ea1n 6m)\" \/>\n<meta property=\"og:url\" content=\"https:\/\/mayxaydunghanoi.com\/vi\/san-pham\/cau-banh-xich-hitachi-kh150-3-40-tan-san-xuat-nam-1985\/\" \/>\n<meta property=\"og:site_name\" content=\"Hanoi Vietnam Co., Ltd\" \/>\n<meta property=\"article:modified_time\" content=\"2025-12-15T08:00:14+00:00\" \/>\n<meta property=\"og:image\" content=\"https:\/\/mayxaydunghanoi.com\/wp-content\/uploads\/2025\/08\/cau-banh-xich-hitachi-kh150-3-40-tan-san-xuat-nam-1985.jpg\" \/>\n\t<meta property=\"og:image:width\" content=\"800\" \/>\n\t<meta property=\"og:image:height\" content=\"599\" \/>\n\t<meta property=\"og:image:type\" content=\"image\/jpeg\" \/>\n<meta name=\"twitter:card\" content=\"summary_large_image\" \/>\n<meta name=\"twitter:label1\" content=\"Est. reading time\" \/>\n\t<meta name=\"twitter:data1\" content=\"9 minutes\" \/>\n<script type=\"application\/ld+json\" class=\"yoast-schema-graph\">{\"@context\":\"https:\/\/schema.org\",\"@graph\":[{\"@type\":\"WebPage\",\"@id\":\"https:\/\/mayxaydunghanoi.com\/vi\/san-pham\/cau-banh-xich-hitachi-kh150-3-40-tan-san-xuat-nam-1985\/\",\"url\":\"https:\/\/mayxaydunghanoi.com\/vi\/san-pham\/cau-banh-xich-hitachi-kh150-3-40-tan-san-xuat-nam-1985\/\",\"name\":\"C\u1ea9u b\u00e1nh x\u00edch Hitachi KH150-3 (40 t\u1ea5n), s\u1ea3n xu\u1ea5t n\u0103m 1985 - Hanoi Vietnam Co., Ltd\",\"isPartOf\":{\"@id\":\"https:\/\/mayxaydunghanoi.com\/en\/#website\"},\"primaryImageOfPage\":{\"@id\":\"https:\/\/mayxaydunghanoi.com\/vi\/san-pham\/cau-banh-xich-hitachi-kh150-3-40-tan-san-xuat-nam-1985\/#primaryimage\"},\"image\":{\"@id\":\"https:\/\/mayxaydunghanoi.com\/vi\/san-pham\/cau-banh-xich-hitachi-kh150-3-40-tan-san-xuat-nam-1985\/#primaryimage\"},\"thumbnailUrl\":\"https:\/\/mayxaydunghanoi.com\/wp-content\/uploads\/2025\/08\/cau-banh-xich-hitachi-kh150-3-40-tan-san-xuat-nam-1985.jpg\",\"datePublished\":\"2025-08-23T12:00:41+00:00\",\"dateModified\":\"2025-12-15T08:00:14+00:00\",\"breadcrumb\":{\"@id\":\"https:\/\/mayxaydunghanoi.com\/vi\/san-pham\/cau-banh-xich-hitachi-kh150-3-40-tan-san-xuat-nam-1985\/#breadcrumb\"},\"inLanguage\":\"vi-VN\",\"potentialAction\":[{\"@type\":\"ReadAction\",\"target\":[\"https:\/\/mayxaydunghanoi.com\/vi\/san-pham\/cau-banh-xich-hitachi-kh150-3-40-tan-san-xuat-nam-1985\/\"]}]},{\"@type\":\"ImageObject\",\"inLanguage\":\"vi-VN\",\"@id\":\"https:\/\/mayxaydunghanoi.com\/vi\/san-pham\/cau-banh-xich-hitachi-kh150-3-40-tan-san-xuat-nam-1985\/#primaryimage\",\"url\":\"https:\/\/mayxaydunghanoi.com\/wp-content\/uploads\/2025\/08\/cau-banh-xich-hitachi-kh150-3-40-tan-san-xuat-nam-1985.jpg\",\"contentUrl\":\"https:\/\/mayxaydunghanoi.com\/wp-content\/uploads\/2025\/08\/cau-banh-xich-hitachi-kh150-3-40-tan-san-xuat-nam-1985.jpg\",\"width\":800,\"height\":599},{\"@type\":\"BreadcrumbList\",\"@id\":\"https:\/\/mayxaydunghanoi.com\/vi\/san-pham\/cau-banh-xich-hitachi-kh150-3-40-tan-san-xuat-nam-1985\/#breadcrumb\",\"itemListElement\":[{\"@type\":\"ListItem\",\"position\":1,\"name\":\"Home\",\"item\":\"https:\/\/mayxaydunghanoi.com\/vi\/\"},{\"@type\":\"ListItem\",\"position\":2,\"name\":\"S\u1ea3n ph\u1ea9m\",\"item\":\"https:\/\/mayxaydunghanoi.com\/vi\/san-pham\/\"},{\"@type\":\"ListItem\",\"position\":3,\"name\":\"C\u1ea9u b\u00e1nh x\u00edch Hitachi KH150-3 (40 t\u1ea5n), s\u1ea3n xu\u1ea5t n\u0103m 1985\"}]},{\"@type\":\"WebSite\",\"@id\":\"https:\/\/mayxaydunghanoi.com\/en\/#website\",\"url\":\"https:\/\/mayxaydunghanoi.com\/en\/\",\"name\":\"Hanoi Vietnam Co., Ltd\",\"description\":\"\",\"publisher\":{\"@id\":\"https:\/\/mayxaydunghanoi.com\/en\/#organization\"},\"potentialAction\":[{\"@type\":\"SearchAction\",\"target\":{\"@type\":\"EntryPoint\",\"urlTemplate\":\"https:\/\/mayxaydunghanoi.com\/en\/?s={search_term_string}\"},\"query-input\":{\"@type\":\"PropertyValueSpecification\",\"valueRequired\":true,\"valueName\":\"search_term_string\"}}],\"inLanguage\":\"vi-VN\"},{\"@type\":\"Organization\",\"@id\":\"https:\/\/mayxaydunghanoi.com\/en\/#organization\",\"name\":\"Hanoi Vietnam Co., Ltd\",\"url\":\"https:\/\/mayxaydunghanoi.com\/en\/\",\"logo\":{\"@type\":\"ImageObject\",\"inLanguage\":\"vi-VN\",\"@id\":\"https:\/\/mayxaydunghanoi.com\/en\/#\/schema\/logo\/image\/\",\"url\":\"https:\/\/mayxaydunghanoi.com\/wp-content\/uploads\/2018\/04\/Logo-mayxaydunghanoi-ok.png\",\"contentUrl\":\"https:\/\/mayxaydunghanoi.com\/wp-content\/uploads\/2018\/04\/Logo-mayxaydunghanoi-ok.png\",\"width\":900,\"height\":900,\"caption\":\"Hanoi Vietnam Co., Ltd\"},\"image\":{\"@id\":\"https:\/\/mayxaydunghanoi.com\/en\/#\/schema\/logo\/image\/\"}}]}<\/script>\n<!-- \/ Yoast SEO Premium plugin. -->","yoast_head_json":{"title":"C\u1ea9u b\u00e1nh x\u00edch Hitachi KH150-3 (40 t\u1ea5n), s\u1ea3n xu\u1ea5t n\u0103m 1985 - Hanoi Vietnam Co., Ltd","robots":{"index":"index","follow":"follow","max-snippet":"max-snippet:-1","max-image-preview":"max-image-preview:large","max-video-preview":"max-video-preview:-1"},"canonical":"https:\/\/mayxaydunghanoi.com\/vi\/san-pham\/cau-banh-xich-hitachi-kh150-3-40-tan-san-xuat-nam-1985\/","og_locale":"vi_VN","og_type":"article","og_title":"C\u1ea9u b\u00e1nh x\u00edch Hitachi KH150-3 (40 t\u1ea5n), s\u1ea3n xu\u1ea5t n\u0103m 1985","og_description":"Lo\u1ea1i m\u00e1y: C\u1ea9u b\u00e1nh x\u00edch th\u1ee7y l\u1ef1c Hitachi KH150-3  S\u1ed1 seri: 232-1030  N\u0103m s\u1ea3n xu\u1ea5t: 1985  Gi\u1edd ho\u1ea1t \u0111\u1ed9ng: 17.000 gi\u1edd  S\u1ee9c n\u00e2ng t\u1ed1i \u0111a: 40 t\u1ea5n (c\u1ea7n 10m, b\u00e1n k\u00ednh 3,7m)  Chi\u1ec1u d\u00e0i c\u1ea7n: 25m (\u0111\u00e1y + \u0111\u1ec9nh 10m, 01 \u0111o\u1ea1n 3m, 02 \u0111o\u1ea1n 6m)","og_url":"https:\/\/mayxaydunghanoi.com\/vi\/san-pham\/cau-banh-xich-hitachi-kh150-3-40-tan-san-xuat-nam-1985\/","og_site_name":"Hanoi Vietnam Co., Ltd","article_modified_time":"2025-12-15T08:00:14+00:00","og_image":[{"width":800,"height":599,"url":"https:\/\/mayxaydunghanoi.com\/wp-content\/uploads\/2025\/08\/cau-banh-xich-hitachi-kh150-3-40-tan-san-xuat-nam-1985.jpg","type":"image\/jpeg"}],"twitter_card":"summary_large_image","twitter_misc":{"Est. reading time":"9 minutes"},"schema":{"@context":"https:\/\/schema.org","@graph":[{"@type":"WebPage","@id":"https:\/\/mayxaydunghanoi.com\/vi\/san-pham\/cau-banh-xich-hitachi-kh150-3-40-tan-san-xuat-nam-1985\/","url":"https:\/\/mayxaydunghanoi.com\/vi\/san-pham\/cau-banh-xich-hitachi-kh150-3-40-tan-san-xuat-nam-1985\/","name":"C\u1ea9u b\u00e1nh x\u00edch Hitachi KH150-3 (40 t\u1ea5n), s\u1ea3n xu\u1ea5t n\u0103m 1985 - Hanoi Vietnam Co., Ltd","isPartOf":{"@id":"https:\/\/mayxaydunghanoi.com\/en\/#website"},"primaryImageOfPage":{"@id":"https:\/\/mayxaydunghanoi.com\/vi\/san-pham\/cau-banh-xich-hitachi-kh150-3-40-tan-san-xuat-nam-1985\/#primaryimage"},"image":{"@id":"https:\/\/mayxaydunghanoi.com\/vi\/san-pham\/cau-banh-xich-hitachi-kh150-3-40-tan-san-xuat-nam-1985\/#primaryimage"},"thumbnailUrl":"https:\/\/mayxaydunghanoi.com\/wp-content\/uploads\/2025\/08\/cau-banh-xich-hitachi-kh150-3-40-tan-san-xuat-nam-1985.jpg","datePublished":"2025-08-23T12:00:41+00:00","dateModified":"2025-12-15T08:00:14+00:00","breadcrumb":{"@id":"https:\/\/mayxaydunghanoi.com\/vi\/san-pham\/cau-banh-xich-hitachi-kh150-3-40-tan-san-xuat-nam-1985\/#breadcrumb"},"inLanguage":"vi-VN","potentialAction":[{"@type":"ReadAction","target":["https:\/\/mayxaydunghanoi.com\/vi\/san-pham\/cau-banh-xich-hitachi-kh150-3-40-tan-san-xuat-nam-1985\/"]}]},{"@type":"ImageObject","inLanguage":"vi-VN","@id":"https:\/\/mayxaydunghanoi.com\/vi\/san-pham\/cau-banh-xich-hitachi-kh150-3-40-tan-san-xuat-nam-1985\/#primaryimage","url":"https:\/\/mayxaydunghanoi.com\/wp-content\/uploads\/2025\/08\/cau-banh-xich-hitachi-kh150-3-40-tan-san-xuat-nam-1985.jpg","contentUrl":"https:\/\/mayxaydunghanoi.com\/wp-content\/uploads\/2025\/08\/cau-banh-xich-hitachi-kh150-3-40-tan-san-xuat-nam-1985.jpg","width":800,"height":599},{"@type":"BreadcrumbList","@id":"https:\/\/mayxaydunghanoi.com\/vi\/san-pham\/cau-banh-xich-hitachi-kh150-3-40-tan-san-xuat-nam-1985\/#breadcrumb","itemListElement":[{"@type":"ListItem","position":1,"name":"Home","item":"https:\/\/mayxaydunghanoi.com\/vi\/"},{"@type":"ListItem","position":2,"name":"S\u1ea3n ph\u1ea9m","item":"https:\/\/mayxaydunghanoi.com\/vi\/san-pham\/"},{"@type":"ListItem","position":3,"name":"C\u1ea9u b\u00e1nh x\u00edch Hitachi KH150-3 (40 t\u1ea5n), s\u1ea3n xu\u1ea5t n\u0103m 1985"}]},{"@type":"WebSite","@id":"https:\/\/mayxaydunghanoi.com\/en\/#website","url":"https:\/\/mayxaydunghanoi.com\/en\/","name":"Hanoi Vietnam Co., Ltd","description":"","publisher":{"@id":"https:\/\/mayxaydunghanoi.com\/en\/#organization"},"potentialAction":[{"@type":"SearchAction","target":{"@type":"EntryPoint","urlTemplate":"https:\/\/mayxaydunghanoi.com\/en\/?s={search_term_string}"},"query-input":{"@type":"PropertyValueSpecification","valueRequired":true,"valueName":"search_term_string"}}],"inLanguage":"vi-VN"},{"@type":"Organization","@id":"https:\/\/mayxaydunghanoi.com\/en\/#organization","name":"Hanoi Vietnam Co., Ltd","url":"https:\/\/mayxaydunghanoi.com\/en\/","logo":{"@type":"ImageObject","inLanguage":"vi-VN","@id":"https:\/\/mayxaydunghanoi.com\/en\/#\/schema\/logo\/image\/","url":"https:\/\/mayxaydunghanoi.com\/wp-content\/uploads\/2018\/04\/Logo-mayxaydunghanoi-ok.png","contentUrl":"https:\/\/mayxaydunghanoi.com\/wp-content\/uploads\/2018\/04\/Logo-mayxaydunghanoi-ok.png","width":900,"height":900,"caption":"Hanoi Vietnam Co., Ltd"},"image":{"@id":"https:\/\/mayxaydunghanoi.com\/en\/#\/schema\/logo\/image\/"}}]}},"_links":{"self":[{"href":"https:\/\/mayxaydunghanoi.com\/vi\/wp-json\/wp\/v2\/product\/5936","targetHints":{"allow":["GET"]}}],"collection":[{"href":"https:\/\/mayxaydunghanoi.com\/vi\/wp-json\/wp\/v2\/product"}],"about":[{"href":"https:\/\/mayxaydunghanoi.com\/vi\/wp-json\/wp\/v2\/types\/product"}],"replies":[{"embeddable":true,"href":"https:\/\/mayxaydunghanoi.com\/vi\/wp-json\/wp\/v2\/comments?post=5936"}],"wp:featuredmedia":[{"embeddable":true,"href":"https:\/\/mayxaydunghanoi.com\/vi\/wp-json\/wp\/v2\/media\/8472"}],"wp:attachment":[{"href":"https:\/\/mayxaydunghanoi.com\/vi\/wp-json\/wp\/v2\/media?parent=5936"}],"wp:term":[{"taxonomy":"product_brand","embeddable":true,"href":"https:\/\/mayxaydunghanoi.com\/vi\/wp-json\/wp\/v2\/product_brand?post=5936"},{"taxonomy":"product_cat","embeddable":true,"href":"https:\/\/mayxaydunghanoi.com\/vi\/wp-json\/wp\/v2\/product_cat?post=5936"},{"taxonomy":"product_tag","embeddable":true,"href":"https:\/\/mayxaydunghanoi.com\/vi\/wp-json\/wp\/v2\/product_tag?post=5936"}],"curies":[{"name":"wp","href":"https:\/\/api.w.org\/{rel}","templated":true}]}}