{"id":5644,"date":"2025-08-10T09:00:51","date_gmt":"2025-08-10T02:00:51","guid":{"rendered":"https:\/\/mayxaydunghanoi.com\/?post_type=product&#038;p=5644"},"modified":"2025-12-15T15:01:07","modified_gmt":"2025-12-15T08:01:07","slug":"cau-banh-xich-kobelco-7055-1-doi-1991-can-36m","status":"publish","type":"product","link":"https:\/\/mayxaydunghanoi.com\/vi\/san-pham\/cau-banh-xich-kobelco-7055-1-doi-1991-can-36m\/","title":{"rendered":"C\u1ea9u b\u00e1nh x\u00edch Kobelco 7055-1 \u2013 \u0110\u1eddi 1991 \u2013 C\u1ea7n 36m"},"content":{"rendered":"<h2>C\u1ea9u b\u00e1nh x\u00edch Kobelco 7055-1 \u0111\u1eddi 1991, c\u1ea7n d\u00e0i 36m, nh\u1eadp kh\u1ea9u tr\u1ef1c ti\u1ebfp t\u1eeb Busan \u2013 H\u00e0n Qu\u1ed1c, nguy\u00ean b\u1ea3n 100%, \u0111\u1ea3m b\u1ea3o ch\u1ea5t l\u01b0\u1ee3ng v\u1eadn h\u00e0nh.<\/h2>\n<p>N\u1ebfu b\u1ea1n \u0111ang t\u00ecm ki\u1ebfm m\u1ed9t chi\u1ebfc c\u1ea9u b\u00e1nh x\u00edch hi\u1ec7u su\u1ea5t \u1ed5n \u0111\u1ecbnh, t\u1ea3i tr\u1ecdng t\u1ed1t v\u00e0 \u0111\u1ed9 b\u1ec1n \u0111\u00e3 \u0111\u01b0\u1ee3c ki\u1ec3m ch\u1ee9ng qua th\u1eddi gian, Kobelco 7055-1 \u0111\u1eddi 1991 ch\u00ednh l\u00e0 l\u1ef1a ch\u1ecdn \u0111\u00e1ng c\u00e2n nh\u1eafc. V\u1edbi thi\u1ebft k\u1ebf b\u1ec1n b\u1ec9, c\u1ea7n d\u00e0i 36m v\u00e0 h\u1ec7 th\u1ed1ng an to\u00e0n hi\u1ec7n \u0111\u1ea1i, d\u00f2ng m\u00e1y n\u00e0y \u0111\u00e3 ph\u1ee5c v\u1ee5 t\u1ed1t \u1edf nhi\u1ec1u c\u00f4ng tr\u00ecnh c\u1ea7u \u0111\u01b0\u1eddng, k\u1ebft c\u1ea5u th\u00e9p v\u00e0 d\u1ef1 \u00e1n ven s\u00f4ng.<\/p>\n<p><img loading=\"lazy\" decoding=\"async\" class=\"aligncenter size-full wp-image-5649\" src=\"https:\/\/mayxaydunghanoi.com\/wp-content\/uploads\/2025\/08\/cau-banh-xich-kobelco-7055-1-doi-1991-can-36m-1.jpg\" alt=\"C\u1ea9u b\u00e1nh x\u00edch Kobelco 7055-1 \u2013 \u0110\u1eddi 1991 \u2013 C\u1ea7n 36m\" width=\"800\" height=\"600\" \/><\/p>\n<p>Trong b\u00e0i vi\u1ebft n\u00e0y, <strong>Hanoi Vietnam<\/strong> s\u1ebd ph\u00e2n t\u00edch chi ti\u1ebft t\u00ecnh tr\u1ea1ng th\u1ef1c t\u1ebf, \u01b0u \u0111i\u1ec3m n\u1ed5i b\u1eadt v\u00e0 l\u00fd do b\u1ea1n n\u00ean l\u1ef1a ch\u1ecdn model n\u00e0y cho d\u1ef1 \u00e1n c\u1ee7a m\u00ecnh.<\/p>\n<hr \/>\n<h3>T\u00ecnh tr\u1ea1ng th\u1ef1c t\u1ebf c\u1ee7a c\u1ea9u b\u00e1nh x\u00edch Kobelco 7055-1<\/h3>\n<p>Chi\u1ebfc Kobelco 7055-1 n\u00e0y \u0111\u01b0\u1ee3c <strong>nh\u1eadp kh\u1ea9u tr\u1ef1c ti\u1ebfp t\u1eeb Busan, H\u00e0n Qu\u1ed1c<\/strong>, ch\u01b0a qua s\u1eed d\u1ee5ng t\u1ea1i Vi\u1ec7t Nam v\u00e0 v\u1eabn gi\u1eef nguy\u00ean c\u1ea5u h\u00ecnh g\u1ed1c t\u1eeb nh\u00e0 s\u1ea3n xu\u1ea5t. To\u00e0n b\u1ed9 c\u00e1c chi ti\u1ebft c\u01a1 kh\u00ed v\u00e0 th\u1ee7y l\u1ef1c \u0111\u1ec1u trong t\u00ecnh tr\u1ea1ng t\u1ed1t, \u0111\u1ea3m b\u1ea3o kh\u1ea3 n\u0103ng l\u00e0m vi\u1ec7c \u1ed5n \u0111\u1ecbnh l\u00e2u d\u00e0i:<\/p>\n<ul>\n<li><strong>H\u1ec7 th\u1ed1ng v\u1eadn h\u00e0nh \u1ed5n \u0111\u1ecbnh<\/strong>: M\u00e1y ho\u1ea1t \u0111\u1ed9ng b\u00ecnh th\u01b0\u1eddng, c\u00e1c thao t\u00e1c n\u00e2ng, h\u1ea1, xoay \u0111\u1ec1u m\u01b0\u1ee3t m\u00e0, kh\u00f4ng xu\u1ea5t hi\u1ec7n rung l\u1eafc b\u1ea5t th\u01b0\u1eddng.<\/li>\n<li><strong>M\u00e0n h\u00ecnh c\u00e2n t\u1ea3i nguy\u00ean b\u1ea3n<\/strong>: Gi\u00fap ki\u1ec3m so\u00e1t ch\u00ednh x\u00e1c t\u1ea3i tr\u1ecdng n\u00e2ng, h\u1ed7 tr\u1ee3 an to\u00e0n cho ng\u01b0\u1eddi v\u1eadn h\u00e0nh.<\/li>\n<li><strong>G\u1ea7m b\u1ec7 v\u00e0 x\u00edch \u00edt m\u00f2n<\/strong>: To\u00e0n b\u1ed9 h\u1ec7 th\u1ed1ng g\u1ea7m kh\u00f4 r\u00e1o, gale v\u00e0 x\u00edch gi\u1eef nguy\u00ean \u0111\u1ed9 d\u00e0y, c\u00e1c l\u1ed7 ch\u1ed1t x\u00edch \u0111\u1ec1u tr\u00f2n, kh\u00f4ng c\u00f3 d\u1ea5u hi\u1ec7u m\u00e0i m\u00f2n qu\u00e1 m\u1ee9c.<\/li>\n<li><strong>\u0110\u1ed9ng c\u01a1 v\u00e0 b\u01a1m th\u1ee7y l\u1ef1c kh\u1ecfe<\/strong>: \u0110\u1ed9ng c\u01a1 n\u1ed5 \u00eam, kh\u00f4ng kh\u00f3i; b\u01a1m th\u1ee7y l\u1ef1c ho\u1ea1t \u0111\u1ed9ng tr\u01a1n tru, kh\u00f4ng ph\u00e1t ra ti\u1ebfng k\u00eau l\u1ea1, \u00e1p su\u1ea5t \u1ed5n \u0111\u1ecbnh.<\/li>\n<li><strong>H\u1ec7 th\u1ed1ng an to\u00e0n ho\u1ea1t \u0111\u1ed9ng ch\u00ednh x\u00e1c<\/strong>: C\u1ea3m bi\u1ebfn b\u00e1o ng\u1eaft ch\u1ea1m m\u1ecf ho\u1ea1t \u0111\u1ed9ng chu\u1ea9n, gi\u1ea3m thi\u1ec3u t\u1ed1i \u0111a r\u1ee7i ro khi n\u00e2ng t\u1ea3i l\u1edbn ho\u1eb7c l\u00e0m vi\u1ec7c trong kh\u00f4ng gian h\u1ea1n ch\u1ebf.<\/li>\n<\/ul>\n<hr \/>\n<h3>\u01afu \u0111i\u1ec3m n\u1ed5i b\u1eadt c\u1ee7a Kobelco 7055-1 \u0111\u1eddi 1991<\/h3>\n<p>Kobelco 7055-1 v\u1eabn lu\u00f4n l\u00e0 m\u1ed9t trong nh\u1eefng d\u00f2ng c\u1ea9u b\u00e1nh x\u00edch \u0111\u01b0\u1ee3c gi\u1edbi thi c\u00f4ng tin d\u00f9ng b\u1edfi nh\u1eefng \u01b0u \u0111i\u1ec3m kh\u00f3 thay th\u1ebf:<\/p>\n<ol>\n<li><strong>\u0110\u1ed9 b\u1ec1n \u0111\u00e3 \u0111\u01b0\u1ee3c ch\u1ee9ng minh<\/strong> \u2013 C\u00e1c m\u00e1y \u0111\u1eddi 1990\u20131995 c\u1ee7a Kobelco n\u1ed5i ti\u1ebfng v\u1edbi khung s\u01b0\u1eddn v\u1eefng ch\u1eafc, \u00edt h\u01b0 h\u1ecfng v\u1eb7t, kh\u1ea3 n\u0103ng ch\u1ecbu t\u1ea3i t\u1ed1t trong m\u00f4i tr\u01b0\u1eddng kh\u1eafc nghi\u1ec7t.<\/li>\n<li><strong>Kh\u1ea3 n\u0103ng n\u00e2ng \u0111a d\u1ea1ng<\/strong> \u2013 V\u1edbi c\u1ea7n d\u00e0i 36m, m\u00e1y \u0111\u00e1p \u1ee9ng t\u1ed1t nhu c\u1ea7u n\u00e2ng h\u1ea1 \u1edf c\u1ea3 c\u00f4ng tr\u00ecnh c\u1ea7u \u0111\u01b0\u1eddng, b\u1ebfn c\u1ea3ng l\u1eabn nh\u00e0 x\u01b0\u1edfng.<\/li>\n<li><strong>Chi ph\u00ed \u0111\u1ea7u t\u01b0 h\u1ee3p l\u00fd<\/strong> \u2013 So v\u1edbi c\u00e1c d\u00f2ng c\u1ea9u m\u1edbi, Kobelco 7055-1 c\u00f3 gi\u00e1 th\u00e0nh th\u1ea5p h\u01a1n nhi\u1ec1u nh\u01b0ng v\u1eabn \u0111\u00e1p \u1ee9ng \u0111\u1ee7 c\u00e1c ti\u00eau chu\u1ea9n an to\u00e0n v\u00e0 hi\u1ec7u qu\u1ea3 thi c\u00f4ng.<\/li>\n<li><strong>Ph\u1ee5 t\u00f9ng d\u1ec5 t\u00ecm<\/strong> \u2013 C\u00e1c chi ti\u1ebft thay th\u1ebf c\u00f3 s\u1eb5n t\u1ea1i Vi\u1ec7t Nam, chi ph\u00ed b\u1ea3o d\u01b0\u1ee1ng h\u1ee3p l\u00fd, kh\u00f4ng m\u1ea5t nhi\u1ec1u th\u1eddi gian ch\u1edd h\u00e0ng nh\u1eadp.<\/li>\n<\/ol>\n<hr \/>\n<h3>Th\u00f4ng s\u1ed1 k\u1ef9 thu\u1eadt c\u01a1 b\u1ea3n<\/h3>\n<table>\n<thead>\n<tr>\n<th>Th\u00f4ng s\u1ed1<\/th>\n<th>Gi\u00e1 tr\u1ecb<\/th>\n<\/tr>\n<\/thead>\n<tbody>\n<tr>\n<td>Model<\/td>\n<td>Kobelco 7055-1<\/td>\n<\/tr>\n<tr>\n<td>N\u0103m s\u1ea3n xu\u1ea5t<\/td>\n<td>1991<\/td>\n<\/tr>\n<tr>\n<td>Chi\u1ec1u d\u00e0i c\u1ea7n<\/td>\n<td>36m<\/td>\n<\/tr>\n<tr>\n<td>T\u1ea3i tr\u1ecdng n\u00e2ng<\/td>\n<td>55 t\u1ea5n<\/td>\n<\/tr>\n<tr>\n<td>Ngu\u1ed3n g\u1ed1c<\/td>\n<td>Nh\u1eadp kh\u1ea9u Busan \u2013 H\u00e0n Qu\u1ed1c<\/td>\n<\/tr>\n<tr>\n<td>T\u00ecnh tr\u1ea1ng<\/td>\n<td>Nguy\u00ean b\u1ea3n, ho\u1ea1t \u0111\u1ed9ng \u1ed5n \u0111\u1ecbnh<\/td>\n<\/tr>\n<\/tbody>\n<\/table>\n<hr \/>\n<h3>K\u1ebft lu\u1eadn<\/h3>\n<p>N\u1ebfu b\u1ea1n c\u1ea7n m\u1ed9t chi\u1ebfc <strong>c\u1ea9u b\u00e1nh x\u00edch t\u1ea3i tr\u1ecdng 55 t\u1ea5n, c\u1ea7n d\u00e0i 36m, \u0111\u1ed9 b\u1ec1n cao v\u00e0 chi ph\u00ed \u0111\u1ea7u t\u01b0 h\u1ee3p l\u00fd<\/strong>, th\u00ec Kobelco 7055-1 \u0111\u1eddi 1991 ch\u00ednh l\u00e0 s\u1ef1 l\u1ef1a ch\u1ecdn x\u1ee9ng \u0111\u00e1ng. V\u1edbi t\u00ecnh tr\u1ea1ng m\u00e1y nguy\u00ean b\u1ea3n, nh\u1eadp kh\u1ea9u tr\u1ef1c ti\u1ebfp t\u1eeb H\u00e0n Qu\u1ed1c, s\u1ea3n ph\u1ea9m n\u00e0y s\u1eb5n s\u00e0ng \u0111\u00e1p \u1ee9ng y\u00eau c\u1ea7u kh\u1eaft khe c\u1ee7a c\u00e1c c\u00f4ng tr\u00ecnh l\u1edbn.<\/p>\n<p><strong>Li\u00ean h\u1ec7 ngay v\u1edbi Hanoi Vietnam \u0111\u1ec3 xem m\u00e1y v\u00e0 nh\u1eadn b\u00e1o gi\u00e1 t\u1ed1t nh\u1ea5t.<\/strong><\/p>\n<p><strong>C\u00f4ng ty TNHH Hanoi Vietnam<\/strong><br \/>\n<strong>Tr\u1ee5 s\u1edf:<\/strong> S\u1ed1 35, L\u00f4 BT3, Khu \u0111\u00f4 th\u1ecb m\u1edbi \u0110\u1eb7ng X\u00e1 2, \u0110\u1eb7ng X\u00e1, Gia L\u00e2m, H\u00e0 N\u1ed9i<br \/>\n<strong>Kho b\u00e3i:<\/strong> Th\u00f4n Ph\u00f9 D\u1ef1c 1, x\u00e3 Ph\u00f9 \u0110\u1ed5ng, huy\u1ec7n Gia L\u00e2m, H\u00e0 N\u1ed9i<br \/>\n<strong>Hotline:<\/strong> 0906601755<br \/>\n<strong>Website:<\/strong> <a href=\"https:\/\/mayxaydunghanoi.com\/\">Mayxaydunghanoi.com<\/a><\/p>\n","protected":false},"excerpt":{"rendered":"<ul>\n<li>\u00a0Xu\u1ea5t x\u1ee9: Busan, H\u00e0n Qu\u1ed1c<\/li>\n<li>Ho\u1ea1t \u0111\u1ed9ng b\u00ecnh th\u01b0\u1eddng, \u1ed5n \u0111\u1ecbnh.<\/li>\n<li>M\u00e0n h\u00ecnh c\u00e2n t\u1ea3i c\u00f2n nguy\u00ean, ch\u00ednh x\u00e1c.<\/li>\n<li>G\u1ea7m b\u1ec7 kh\u00f4 r\u00e1o, gale v\u00e0 x\u00edch \u00edt m\u00f2n.<\/li>\n<li>Quay toa m\u01b0\u1ee3t m\u00e0, kh\u00f4ng rung l\u1eafc.<\/li>\n<li>\u0110\u1ed9ng c\u01a1 n\u1ed5 \u00eam, kh\u00f4ng kh\u00f3i.<\/li>\n<li>B\u01a1m th\u1ee7y l\u1ef1c ho\u1ea1t \u0111\u1ed9ng t\u1ed1t, kh\u00f4ng k\u00eau.<\/li>\n<li>H\u1ec7 th\u1ed1ng b\u00e1o ng\u1eaft ch\u1ea1m m\u1ecf ho\u1ea1t \u0111\u1ed9ng chu\u1ea9n x\u00e1c.<\/li>\n<li>\u0110\u1ed9 an to\u00e0n cao, l\u00e1i m\u00e1y ng\u1ee7 g\u1eadt c\u0169ng kh\u00f3 m\u00e0 l\u1eadt c\u1ea9u.<\/li>\n<\/ul>\n","protected":false},"featured_media":8536,"comment_status":"open","ping_status":"closed","template":"","meta":[],"product_brand":[],"product_cat":[20],"product_tag":[],"class_list":{"0":"post-5644","1":"product","2":"type-product","3":"status-publish","4":"has-post-thumbnail","6":"product_cat-cau-xich","8":"first","9":"instock","10":"shipping-taxable","11":"product-type-simple"},"yoast_head":"<!-- This site is optimized with the Yoast SEO Premium plugin v26.1 (Yoast SEO v26.6) - https:\/\/yoast.com\/wordpress\/plugins\/seo\/ -->\n<title>C\u1ea9u b\u00e1nh x\u00edch Kobelco 7055-1 \u2013 \u0110\u1eddi 1991 \u2013 C\u1ea7n 36m - Hanoi Vietnam Co., Ltd<\/title>\n<meta name=\"robots\" content=\"index, follow, max-snippet:-1, max-image-preview:large, max-video-preview:-1\" \/>\n<link rel=\"canonical\" href=\"https:\/\/mayxaydunghanoi.com\/vi\/san-pham\/cau-banh-xich-kobelco-7055-1-doi-1991-can-36m\/\" \/>\n<meta property=\"og:locale\" content=\"vi_VN\" \/>\n<meta property=\"og:type\" content=\"article\" \/>\n<meta property=\"og:title\" content=\"C\u1ea9u b\u00e1nh x\u00edch Kobelco 7055-1 \u2013 \u0110\u1eddi 1991 \u2013 C\u1ea7n 36m\" \/>\n<meta property=\"og:description\" content=\"\u00a0Xu\u1ea5t x\u1ee9: Busan, H\u00e0n Qu\u1ed1c  Ho\u1ea1t \u0111\u1ed9ng b\u00ecnh th\u01b0\u1eddng, \u1ed5n \u0111\u1ecbnh.  M\u00e0n h\u00ecnh c\u00e2n t\u1ea3i c\u00f2n nguy\u00ean, ch\u00ednh x\u00e1c.  G\u1ea7m b\u1ec7 kh\u00f4 r\u00e1o, gale v\u00e0 x\u00edch \u00edt m\u00f2n.  Quay toa m\u01b0\u1ee3t m\u00e0, kh\u00f4ng rung l\u1eafc.  \u0110\u1ed9ng c\u01a1 n\u1ed5 \u00eam, kh\u00f4ng kh\u00f3i.  B\u01a1m th\u1ee7y l\u1ef1c ho\u1ea1t \u0111\u1ed9ng t\u1ed1t, kh\u00f4ng k\u00eau.  H\u1ec7 th\u1ed1ng b\u00e1o ng\u1eaft ch\u1ea1m m\u1ecf ho\u1ea1t \u0111\u1ed9ng chu\u1ea9n x\u00e1c.  \u0110\u1ed9 an to\u00e0n cao, l\u00e1i m\u00e1y ng\u1ee7 g\u1eadt c\u0169ng kh\u00f3 m\u00e0 l\u1eadt c\u1ea9u.\" \/>\n<meta property=\"og:url\" content=\"https:\/\/mayxaydunghanoi.com\/vi\/san-pham\/cau-banh-xich-kobelco-7055-1-doi-1991-can-36m\/\" \/>\n<meta property=\"og:site_name\" content=\"Hanoi Vietnam Co., Ltd\" \/>\n<meta property=\"article:modified_time\" content=\"2025-12-15T08:01:07+00:00\" \/>\n<meta property=\"og:image\" content=\"https:\/\/mayxaydunghanoi.com\/wp-content\/uploads\/2025\/08\/cau-banh-xich-kobelco-7055-1-doi-1991-can-36m.jpg\" \/>\n\t<meta property=\"og:image:width\" content=\"800\" \/>\n\t<meta property=\"og:image:height\" content=\"600\" \/>\n\t<meta property=\"og:image:type\" content=\"image\/jpeg\" \/>\n<meta name=\"twitter:card\" content=\"summary_large_image\" \/>\n<meta name=\"twitter:label1\" content=\"Est. reading time\" \/>\n\t<meta name=\"twitter:data1\" content=\"5 minutes\" \/>\n<script type=\"application\/ld+json\" class=\"yoast-schema-graph\">{\"@context\":\"https:\/\/schema.org\",\"@graph\":[{\"@type\":\"WebPage\",\"@id\":\"https:\/\/mayxaydunghanoi.com\/vi\/san-pham\/cau-banh-xich-kobelco-7055-1-doi-1991-can-36m\/\",\"url\":\"https:\/\/mayxaydunghanoi.com\/vi\/san-pham\/cau-banh-xich-kobelco-7055-1-doi-1991-can-36m\/\",\"name\":\"C\u1ea9u b\u00e1nh x\u00edch Kobelco 7055-1 \u2013 \u0110\u1eddi 1991 \u2013 C\u1ea7n 36m - Hanoi Vietnam Co., Ltd\",\"isPartOf\":{\"@id\":\"https:\/\/mayxaydunghanoi.com\/en\/#website\"},\"primaryImageOfPage\":{\"@id\":\"https:\/\/mayxaydunghanoi.com\/vi\/san-pham\/cau-banh-xich-kobelco-7055-1-doi-1991-can-36m\/#primaryimage\"},\"image\":{\"@id\":\"https:\/\/mayxaydunghanoi.com\/vi\/san-pham\/cau-banh-xich-kobelco-7055-1-doi-1991-can-36m\/#primaryimage\"},\"thumbnailUrl\":\"https:\/\/mayxaydunghanoi.com\/wp-content\/uploads\/2025\/08\/cau-banh-xich-kobelco-7055-1-doi-1991-can-36m.jpg\",\"datePublished\":\"2025-08-10T02:00:51+00:00\",\"dateModified\":\"2025-12-15T08:01:07+00:00\",\"breadcrumb\":{\"@id\":\"https:\/\/mayxaydunghanoi.com\/vi\/san-pham\/cau-banh-xich-kobelco-7055-1-doi-1991-can-36m\/#breadcrumb\"},\"inLanguage\":\"vi-VN\",\"potentialAction\":[{\"@type\":\"ReadAction\",\"target\":[\"https:\/\/mayxaydunghanoi.com\/vi\/san-pham\/cau-banh-xich-kobelco-7055-1-doi-1991-can-36m\/\"]}]},{\"@type\":\"ImageObject\",\"inLanguage\":\"vi-VN\",\"@id\":\"https:\/\/mayxaydunghanoi.com\/vi\/san-pham\/cau-banh-xich-kobelco-7055-1-doi-1991-can-36m\/#primaryimage\",\"url\":\"https:\/\/mayxaydunghanoi.com\/wp-content\/uploads\/2025\/08\/cau-banh-xich-kobelco-7055-1-doi-1991-can-36m.jpg\",\"contentUrl\":\"https:\/\/mayxaydunghanoi.com\/wp-content\/uploads\/2025\/08\/cau-banh-xich-kobelco-7055-1-doi-1991-can-36m.jpg\",\"width\":800,\"height\":600},{\"@type\":\"BreadcrumbList\",\"@id\":\"https:\/\/mayxaydunghanoi.com\/vi\/san-pham\/cau-banh-xich-kobelco-7055-1-doi-1991-can-36m\/#breadcrumb\",\"itemListElement\":[{\"@type\":\"ListItem\",\"position\":1,\"name\":\"Home\",\"item\":\"https:\/\/mayxaydunghanoi.com\/vi\/\"},{\"@type\":\"ListItem\",\"position\":2,\"name\":\"S\u1ea3n ph\u1ea9m\",\"item\":\"https:\/\/mayxaydunghanoi.com\/vi\/san-pham\/\"},{\"@type\":\"ListItem\",\"position\":3,\"name\":\"C\u1ea9u b\u00e1nh x\u00edch Kobelco 7055-1 \u2013 \u0110\u1eddi 1991 \u2013 C\u1ea7n 36m\"}]},{\"@type\":\"WebSite\",\"@id\":\"https:\/\/mayxaydunghanoi.com\/en\/#website\",\"url\":\"https:\/\/mayxaydunghanoi.com\/en\/\",\"name\":\"Hanoi Vietnam Co., Ltd\",\"description\":\"\",\"publisher\":{\"@id\":\"https:\/\/mayxaydunghanoi.com\/en\/#organization\"},\"potentialAction\":[{\"@type\":\"SearchAction\",\"target\":{\"@type\":\"EntryPoint\",\"urlTemplate\":\"https:\/\/mayxaydunghanoi.com\/en\/?s={search_term_string}\"},\"query-input\":{\"@type\":\"PropertyValueSpecification\",\"valueRequired\":true,\"valueName\":\"search_term_string\"}}],\"inLanguage\":\"vi-VN\"},{\"@type\":\"Organization\",\"@id\":\"https:\/\/mayxaydunghanoi.com\/en\/#organization\",\"name\":\"Hanoi Vietnam Co., Ltd\",\"url\":\"https:\/\/mayxaydunghanoi.com\/en\/\",\"logo\":{\"@type\":\"ImageObject\",\"inLanguage\":\"vi-VN\",\"@id\":\"https:\/\/mayxaydunghanoi.com\/en\/#\/schema\/logo\/image\/\",\"url\":\"https:\/\/mayxaydunghanoi.com\/wp-content\/uploads\/2018\/04\/Logo-mayxaydunghanoi-ok.png\",\"contentUrl\":\"https:\/\/mayxaydunghanoi.com\/wp-content\/uploads\/2018\/04\/Logo-mayxaydunghanoi-ok.png\",\"width\":900,\"height\":900,\"caption\":\"Hanoi Vietnam Co., Ltd\"},\"image\":{\"@id\":\"https:\/\/mayxaydunghanoi.com\/en\/#\/schema\/logo\/image\/\"}}]}<\/script>\n<!-- \/ Yoast SEO Premium plugin. -->","yoast_head_json":{"title":"C\u1ea9u b\u00e1nh x\u00edch Kobelco 7055-1 \u2013 \u0110\u1eddi 1991 \u2013 C\u1ea7n 36m - Hanoi Vietnam Co., Ltd","robots":{"index":"index","follow":"follow","max-snippet":"max-snippet:-1","max-image-preview":"max-image-preview:large","max-video-preview":"max-video-preview:-1"},"canonical":"https:\/\/mayxaydunghanoi.com\/vi\/san-pham\/cau-banh-xich-kobelco-7055-1-doi-1991-can-36m\/","og_locale":"vi_VN","og_type":"article","og_title":"C\u1ea9u b\u00e1nh x\u00edch Kobelco 7055-1 \u2013 \u0110\u1eddi 1991 \u2013 C\u1ea7n 36m","og_description":"\u00a0Xu\u1ea5t x\u1ee9: Busan, H\u00e0n Qu\u1ed1c  Ho\u1ea1t \u0111\u1ed9ng b\u00ecnh th\u01b0\u1eddng, \u1ed5n \u0111\u1ecbnh.  M\u00e0n h\u00ecnh c\u00e2n t\u1ea3i c\u00f2n nguy\u00ean, ch\u00ednh x\u00e1c.  G\u1ea7m b\u1ec7 kh\u00f4 r\u00e1o, gale v\u00e0 x\u00edch \u00edt m\u00f2n.  Quay toa m\u01b0\u1ee3t m\u00e0, kh\u00f4ng rung l\u1eafc.  \u0110\u1ed9ng c\u01a1 n\u1ed5 \u00eam, kh\u00f4ng kh\u00f3i.  B\u01a1m th\u1ee7y l\u1ef1c ho\u1ea1t \u0111\u1ed9ng t\u1ed1t, kh\u00f4ng k\u00eau.  H\u1ec7 th\u1ed1ng b\u00e1o ng\u1eaft ch\u1ea1m m\u1ecf ho\u1ea1t \u0111\u1ed9ng chu\u1ea9n x\u00e1c.  \u0110\u1ed9 an to\u00e0n cao, l\u00e1i m\u00e1y ng\u1ee7 g\u1eadt c\u0169ng kh\u00f3 m\u00e0 l\u1eadt c\u1ea9u.","og_url":"https:\/\/mayxaydunghanoi.com\/vi\/san-pham\/cau-banh-xich-kobelco-7055-1-doi-1991-can-36m\/","og_site_name":"Hanoi Vietnam Co., Ltd","article_modified_time":"2025-12-15T08:01:07+00:00","og_image":[{"width":800,"height":600,"url":"https:\/\/mayxaydunghanoi.com\/wp-content\/uploads\/2025\/08\/cau-banh-xich-kobelco-7055-1-doi-1991-can-36m.jpg","type":"image\/jpeg"}],"twitter_card":"summary_large_image","twitter_misc":{"Est. reading time":"5 minutes"},"schema":{"@context":"https:\/\/schema.org","@graph":[{"@type":"WebPage","@id":"https:\/\/mayxaydunghanoi.com\/vi\/san-pham\/cau-banh-xich-kobelco-7055-1-doi-1991-can-36m\/","url":"https:\/\/mayxaydunghanoi.com\/vi\/san-pham\/cau-banh-xich-kobelco-7055-1-doi-1991-can-36m\/","name":"C\u1ea9u b\u00e1nh x\u00edch Kobelco 7055-1 \u2013 \u0110\u1eddi 1991 \u2013 C\u1ea7n 36m - Hanoi Vietnam Co., Ltd","isPartOf":{"@id":"https:\/\/mayxaydunghanoi.com\/en\/#website"},"primaryImageOfPage":{"@id":"https:\/\/mayxaydunghanoi.com\/vi\/san-pham\/cau-banh-xich-kobelco-7055-1-doi-1991-can-36m\/#primaryimage"},"image":{"@id":"https:\/\/mayxaydunghanoi.com\/vi\/san-pham\/cau-banh-xich-kobelco-7055-1-doi-1991-can-36m\/#primaryimage"},"thumbnailUrl":"https:\/\/mayxaydunghanoi.com\/wp-content\/uploads\/2025\/08\/cau-banh-xich-kobelco-7055-1-doi-1991-can-36m.jpg","datePublished":"2025-08-10T02:00:51+00:00","dateModified":"2025-12-15T08:01:07+00:00","breadcrumb":{"@id":"https:\/\/mayxaydunghanoi.com\/vi\/san-pham\/cau-banh-xich-kobelco-7055-1-doi-1991-can-36m\/#breadcrumb"},"inLanguage":"vi-VN","potentialAction":[{"@type":"ReadAction","target":["https:\/\/mayxaydunghanoi.com\/vi\/san-pham\/cau-banh-xich-kobelco-7055-1-doi-1991-can-36m\/"]}]},{"@type":"ImageObject","inLanguage":"vi-VN","@id":"https:\/\/mayxaydunghanoi.com\/vi\/san-pham\/cau-banh-xich-kobelco-7055-1-doi-1991-can-36m\/#primaryimage","url":"https:\/\/mayxaydunghanoi.com\/wp-content\/uploads\/2025\/08\/cau-banh-xich-kobelco-7055-1-doi-1991-can-36m.jpg","contentUrl":"https:\/\/mayxaydunghanoi.com\/wp-content\/uploads\/2025\/08\/cau-banh-xich-kobelco-7055-1-doi-1991-can-36m.jpg","width":800,"height":600},{"@type":"BreadcrumbList","@id":"https:\/\/mayxaydunghanoi.com\/vi\/san-pham\/cau-banh-xich-kobelco-7055-1-doi-1991-can-36m\/#breadcrumb","itemListElement":[{"@type":"ListItem","position":1,"name":"Home","item":"https:\/\/mayxaydunghanoi.com\/vi\/"},{"@type":"ListItem","position":2,"name":"S\u1ea3n ph\u1ea9m","item":"https:\/\/mayxaydunghanoi.com\/vi\/san-pham\/"},{"@type":"ListItem","position":3,"name":"C\u1ea9u b\u00e1nh x\u00edch Kobelco 7055-1 \u2013 \u0110\u1eddi 1991 \u2013 C\u1ea7n 36m"}]},{"@type":"WebSite","@id":"https:\/\/mayxaydunghanoi.com\/en\/#website","url":"https:\/\/mayxaydunghanoi.com\/en\/","name":"Hanoi Vietnam Co., Ltd","description":"","publisher":{"@id":"https:\/\/mayxaydunghanoi.com\/en\/#organization"},"potentialAction":[{"@type":"SearchAction","target":{"@type":"EntryPoint","urlTemplate":"https:\/\/mayxaydunghanoi.com\/en\/?s={search_term_string}"},"query-input":{"@type":"PropertyValueSpecification","valueRequired":true,"valueName":"search_term_string"}}],"inLanguage":"vi-VN"},{"@type":"Organization","@id":"https:\/\/mayxaydunghanoi.com\/en\/#organization","name":"Hanoi Vietnam Co., Ltd","url":"https:\/\/mayxaydunghanoi.com\/en\/","logo":{"@type":"ImageObject","inLanguage":"vi-VN","@id":"https:\/\/mayxaydunghanoi.com\/en\/#\/schema\/logo\/image\/","url":"https:\/\/mayxaydunghanoi.com\/wp-content\/uploads\/2018\/04\/Logo-mayxaydunghanoi-ok.png","contentUrl":"https:\/\/mayxaydunghanoi.com\/wp-content\/uploads\/2018\/04\/Logo-mayxaydunghanoi-ok.png","width":900,"height":900,"caption":"Hanoi Vietnam Co., Ltd"},"image":{"@id":"https:\/\/mayxaydunghanoi.com\/en\/#\/schema\/logo\/image\/"}}]}},"_links":{"self":[{"href":"https:\/\/mayxaydunghanoi.com\/vi\/wp-json\/wp\/v2\/product\/5644","targetHints":{"allow":["GET"]}}],"collection":[{"href":"https:\/\/mayxaydunghanoi.com\/vi\/wp-json\/wp\/v2\/product"}],"about":[{"href":"https:\/\/mayxaydunghanoi.com\/vi\/wp-json\/wp\/v2\/types\/product"}],"replies":[{"embeddable":true,"href":"https:\/\/mayxaydunghanoi.com\/vi\/wp-json\/wp\/v2\/comments?post=5644"}],"wp:featuredmedia":[{"embeddable":true,"href":"https:\/\/mayxaydunghanoi.com\/vi\/wp-json\/wp\/v2\/media\/8536"}],"wp:attachment":[{"href":"https:\/\/mayxaydunghanoi.com\/vi\/wp-json\/wp\/v2\/media?parent=5644"}],"wp:term":[{"taxonomy":"product_brand","embeddable":true,"href":"https:\/\/mayxaydunghanoi.com\/vi\/wp-json\/wp\/v2\/product_brand?post=5644"},{"taxonomy":"product_cat","embeddable":true,"href":"https:\/\/mayxaydunghanoi.com\/vi\/wp-json\/wp\/v2\/product_cat?post=5644"},{"taxonomy":"product_tag","embeddable":true,"href":"https:\/\/mayxaydunghanoi.com\/vi\/wp-json\/wp\/v2\/product_tag?post=5644"}],"curies":[{"name":"wp","href":"https:\/\/api.w.org\/{rel}","templated":true}]}}