{"id":5418,"date":"2025-08-05T08:16:24","date_gmt":"2025-08-05T01:16:24","guid":{"rendered":"https:\/\/mayxaydunghanoi.com\/?post_type=product&#038;p=5418"},"modified":"2025-12-15T15:02:27","modified_gmt":"2025-12-15T08:02:27","slug":"cau-banh-xich-kobelco-7080-trong-tai-80-tan-san-xuat-nam-1990","status":"publish","type":"product","link":"https:\/\/mayxaydunghanoi.com\/vi\/san-pham\/cau-banh-xich-kobelco-7080-trong-tai-80-tan-san-xuat-nam-1990\/","title":{"rendered":"C\u1ea9u b\u00e1nh x\u00edch Kobelco 7080 tr\u1ecdng t\u1ea3i 80 t\u1ea5n, s\u1ea3n xu\u1ea5t n\u0103m 1990"},"content":{"rendered":"<h2>Hanoi Vietnam cung c\u1ea5p c\u1ea9u b\u00e1nh x\u00edch Kobelco 7080 t\u1ea3i tr\u1ecdng 80 t\u1ea5n \u0111\u1eddi 1990, m\u00e1y ho\u1ea1t \u0111\u1ed9ng \u1ed5n \u0111\u1ecbnh, s\u1eb5n s\u00e0ng giao ngay<\/h2>\n<hr \/>\n<p><strong>C\u00f4ng ty TNHH Hanoi Vietnam hi\u1ec7n \u0111ang b\u00e1n<\/strong> c\u1ea9u b\u00e1nh x\u00edch <strong>Kobelco 7080<\/strong>, t\u1ea3i tr\u1ecdng <strong>80 t\u1ea5n<\/strong>, s\u1ea3n xu\u1ea5t n\u0103m <strong>1990<\/strong>, <strong>m\u00e1y \u0111ang c\u00f3 s\u1eb5n t\u1ea1i kho Ph\u00f9 \u0110\u1ed5ng, Gia L\u00e2m, H\u00e0 N\u1ed9i<\/strong>. Thi\u1ebft b\u1ecb ph\u00f9 h\u1ee3p v\u1edbi c\u00f4ng tr\u00ecnh c\u1ea7n n\u00e2ng h\u1ea1 n\u1eb7ng, l\u00e0m vi\u1ec7c tr\u00ean n\u1ec1n \u0111\u1ea5t y\u1ebfu, \u0111\u1eb7c bi\u1ec7t l\u00e0 thi c\u00f4ng nh\u00e0 th\u00e9p ti\u1ec1n ch\u1ebf, c\u1ea7u \u0111\u01b0\u1eddng, c\u1ea3ng b\u1ed1c d\u1ee1.<\/p>\n<p><img loading=\"lazy\" decoding=\"async\" class=\"aligncenter size-full wp-image-5419\" src=\"https:\/\/mayxaydunghanoi.com\/wp-content\/uploads\/2025\/08\/cau-banh-xich-kobelco-7080-trong-tai-80-tan-san-xuat-nam-1990-4.jpg\" alt=\"C\u1ea9u b\u00e1nh x\u00edch Kobelco 7080 tr\u1ecdng t\u1ea3i 80 t\u1ea5n, s\u1ea3n xu\u1ea5t n\u0103m 1990\" width=\"800\" height=\"600\" \/><\/p>\n<hr \/>\n<h3>Th\u00f4ng tin chi ti\u1ebft s\u1ea3n ph\u1ea9m<\/h3>\n<table>\n<thead>\n<tr>\n<th>Th\u00f4ng s\u1ed1<\/th>\n<th>Gi\u00e1 tr\u1ecb<\/th>\n<\/tr>\n<\/thead>\n<tbody>\n<tr>\n<td>H\u00e3ng s\u1ea3n xu\u1ea5t<\/td>\n<td>Kobelco \u2013 Nh\u1eadt B\u1ea3n<\/td>\n<\/tr>\n<tr>\n<td>Model<\/td>\n<td>7080<\/td>\n<\/tr>\n<tr>\n<td>N\u0103m s\u1ea3n xu\u1ea5t<\/td>\n<td>1990<\/td>\n<\/tr>\n<tr>\n<td>T\u1ea3i tr\u1ecdng n\u00e2ng t\u1ed1i \u0111a<\/td>\n<td>80 t\u1ea5n<\/td>\n<\/tr>\n<tr>\n<td>Chi\u1ec1u d\u00e0i c\u1ea7n<\/td>\n<td>D\u00e0n c\u1ea7n l\u1eafp gh\u00e9p 40m<\/td>\n<\/tr>\n<tr>\n<td>Truy\u1ec1n \u0111\u1ed9ng<\/td>\n<td>Th\u1ee7y l\u1ef1c \u2013 C\u01a1 kh\u00ed<\/td>\n<\/tr>\n<tr>\n<td>H\u1ec7 g\u1ea7m<\/td>\n<td>B\u00e1nh x\u00edch th\u00e9p, b\u1ea3n r\u1ed9ng<\/td>\n<\/tr>\n<tr>\n<td>T\u00ecnh tr\u1ea1ng m\u00e1y<\/td>\n<td>\u0110ang ho\u1ea1t \u0111\u1ed9ng t\u1ed1t, v\u1eadn h\u00e0nh \u1ed5n \u0111\u1ecbnh<\/td>\n<\/tr>\n<tr>\n<td>\u0110\u1ed9ng c\u01a1<\/td>\n<td>Diesel nguy\u00ean b\u1ea3n, kh\u00f4ng x\u00ec nh\u1edbt<\/td>\n<\/tr>\n<tr>\n<td>Gi\u1ea5y t\u1edd ph\u00e1p l\u00fd<\/td>\n<td>\u0110\u1ea7y \u0111\u1ee7, h\u1ed7 tr\u1ee3 sang t\u00ean n\u1ebfu c\u1ea7n<\/td>\n<\/tr>\n<tr>\n<td>V\u1ecb tr\u00ed m\u00e1y<\/td>\n<td>Kho b\u00e3i Ph\u00f9 \u0110\u1ed5ng \u2013 Gia L\u00e2m \u2013 H\u00e0 N\u1ed9i<\/td>\n<\/tr>\n<\/tbody>\n<\/table>\n<hr \/>\n<h3>\u01afu \u0111i\u1ec3m n\u1ed5i b\u1eadt<\/h3>\n<ul>\n<li><strong>M\u00e1y ch\u1ea1y \u1ed5n \u0111\u1ecbnh<\/strong>, v\u00e0o vi\u1ec7c ngay kh\u00f4ng c\u1ea7n s\u1eeda ch\u1eefa l\u1edbn<\/li>\n<li><strong>Ph\u1ee5 t\u00f9ng d\u1ec5 t\u00ecm<\/strong>, c\u1ea5u tr\u00fac \u0111\u01a1n gi\u1ea3n, d\u1ec5 b\u1ea3o tr\u00ec<\/li>\n<li><strong>Chi ph\u00ed \u0111\u1ea7u t\u01b0 th\u1ea5p<\/strong>, ph\u00f9 h\u1ee3p v\u1edbi nh\u00e0 th\u1ea7u c\u1ea7n m\u00e1y t\u1ea3i l\u1edbn nh\u01b0ng mu\u1ed1n ti\u1ebft ki\u1ec7m v\u1ed1n<\/li>\n<li>Ph\u00f9 h\u1ee3p c\u00f4ng tr\u00ecnh <strong>ven s\u00f4ng, nh\u00e0 x\u01b0\u1edfng, c\u1ea7u v\u01b0\u1ee3t, c\u1ecdc c\u1eeb<\/strong><\/li>\n<\/ul>\n<hr \/>\n<h3>Ch\u00ednh s\u00e1ch h\u1ed7 tr\u1ee3<\/h3>\n<ul>\n<li><strong>Xem m\u00e1y tr\u1ef1c ti\u1ebfp t\u1ea1i kho<\/strong><\/li>\n<li><strong>H\u1ed7 tr\u1ee3 test t\u1ea3i, b\u00e0n giao tr\u1ecdn b\u1ed9<\/strong><\/li>\n<li><strong>V\u1eadn chuy\u1ec3n to\u00e0n qu\u1ed1c<\/strong><\/li>\n<li>C\u00f3 th\u1ec3 h\u1ed7 tr\u1ee3 <strong>thu \u0111\u1ed5i m\u00e1y c\u0169<\/strong> n\u1ebfu kh\u00e1ch h\u00e0ng c\u00f3 nhu c\u1ea7u<\/li>\n<\/ul>\n<hr \/>\n<h3>Li\u00ean h\u1ec7 ngay \u0111\u1ec3 xem m\u00e1y<\/h3>\n<p><strong>C\u00f4ng ty TNHH Hanoi Vietnam<\/strong><br \/>\n<strong>Tr\u1ee5 s\u1edf:<\/strong> S\u1ed1 35, L\u00f4 BT3, K\u0110T m\u1edbi \u0110\u1eb7ng X\u00e1 2, \u0110\u1eb7ng X\u00e1, Gia L\u00e2m, H\u00e0 N\u1ed9i<br \/>\n<strong>Kho b\u00e3i:<\/strong> Th\u00f4n Ph\u00f9 D\u1ef1c 1, x\u00e3 Ph\u00f9 \u0110\u1ed5ng, huy\u1ec7n Gia L\u00e2m, H\u00e0 N\u1ed9i<br \/>\n<strong>Hotline:<\/strong> <strong>0963.601.755<\/strong><br \/>\n<strong>Website:<\/strong> <a href=\"https:\/\/mayxaydunghanoi.com\/\">https:\/\/mayxaydunghanoi.com<\/a><\/p>\n","protected":false},"excerpt":{"rendered":"<ul>\n<li>H\u00e3ng s\u1ea3n xu\u1ea5t: Kobelco \u2013 Nh\u1eadt B\u1ea3n<\/li>\n<li>Model: 7080<\/li>\n<li>N\u0103m s\u1ea3n xu\u1ea5t: 1990<\/li>\n<li>T\u1ea3i tr\u1ecdng n\u00e2ng t\u1ed1i \u0111a: 80 t\u1ea5n<\/li>\n<li>Chi\u1ec1u d\u00e0i c\u1ea7n D\u00e0n c\u1ea7n l\u1eafp gh\u00e9p: 40m<\/li>\n<\/ul>\n","protected":false},"featured_media":7500,"comment_status":"open","ping_status":"closed","template":"","meta":[],"product_brand":[],"product_cat":[20],"product_tag":[],"class_list":{"0":"post-5418","1":"product","2":"type-product","3":"status-publish","4":"has-post-thumbnail","6":"product_cat-cau-xich","8":"first","9":"instock","10":"shipping-taxable","11":"product-type-simple"},"yoast_head":"<!-- This site is optimized with the Yoast SEO Premium plugin v26.1 (Yoast SEO v26.6) - https:\/\/yoast.com\/wordpress\/plugins\/seo\/ -->\n<title>C\u1ea9u b\u00e1nh x\u00edch Kobelco 7080 tr\u1ecdng t\u1ea3i 80 t\u1ea5n, s\u1ea3n xu\u1ea5t n\u0103m 1990 - Hanoi Vietnam Co., Ltd<\/title>\n<meta name=\"robots\" content=\"index, follow, max-snippet:-1, max-image-preview:large, max-video-preview:-1\" \/>\n<link rel=\"canonical\" href=\"https:\/\/mayxaydunghanoi.com\/vi\/san-pham\/cau-banh-xich-kobelco-7080-trong-tai-80-tan-san-xuat-nam-1990\/\" \/>\n<meta property=\"og:locale\" content=\"vi_VN\" \/>\n<meta property=\"og:type\" content=\"article\" \/>\n<meta property=\"og:title\" content=\"C\u1ea9u b\u00e1nh x\u00edch Kobelco 7080 tr\u1ecdng t\u1ea3i 80 t\u1ea5n, s\u1ea3n xu\u1ea5t n\u0103m 1990\" \/>\n<meta property=\"og:description\" content=\"H\u00e3ng s\u1ea3n xu\u1ea5t: Kobelco \u2013 Nh\u1eadt B\u1ea3n  Model: 7080  N\u0103m s\u1ea3n xu\u1ea5t: 1990  T\u1ea3i tr\u1ecdng n\u00e2ng t\u1ed1i \u0111a: 80 t\u1ea5n  Chi\u1ec1u d\u00e0i c\u1ea7n D\u00e0n c\u1ea7n l\u1eafp gh\u00e9p: 40m\" \/>\n<meta property=\"og:url\" content=\"https:\/\/mayxaydunghanoi.com\/vi\/san-pham\/cau-banh-xich-kobelco-7080-trong-tai-80-tan-san-xuat-nam-1990\/\" \/>\n<meta property=\"og:site_name\" content=\"Hanoi Vietnam Co., Ltd\" \/>\n<meta property=\"article:modified_time\" content=\"2025-12-15T08:02:27+00:00\" \/>\n<meta property=\"og:image\" content=\"https:\/\/mayxaydunghanoi.com\/wp-content\/uploads\/2025\/08\/cau-banh-xich-kobelco-7080-trong-tai-80-tan-san-xuat-nam-1990-4.jpg\" \/>\n\t<meta property=\"og:image:width\" content=\"800\" \/>\n\t<meta property=\"og:image:height\" content=\"600\" \/>\n\t<meta property=\"og:image:type\" content=\"image\/jpeg\" \/>\n<meta name=\"twitter:card\" content=\"summary_large_image\" \/>\n<meta name=\"twitter:label1\" content=\"Est. reading time\" \/>\n\t<meta name=\"twitter:data1\" content=\"2 minutes\" \/>\n<script type=\"application\/ld+json\" class=\"yoast-schema-graph\">{\"@context\":\"https:\/\/schema.org\",\"@graph\":[{\"@type\":\"WebPage\",\"@id\":\"https:\/\/mayxaydunghanoi.com\/vi\/san-pham\/cau-banh-xich-kobelco-7080-trong-tai-80-tan-san-xuat-nam-1990\/\",\"url\":\"https:\/\/mayxaydunghanoi.com\/vi\/san-pham\/cau-banh-xich-kobelco-7080-trong-tai-80-tan-san-xuat-nam-1990\/\",\"name\":\"C\u1ea9u b\u00e1nh x\u00edch Kobelco 7080 tr\u1ecdng t\u1ea3i 80 t\u1ea5n, s\u1ea3n xu\u1ea5t n\u0103m 1990 - Hanoi Vietnam Co., Ltd\",\"isPartOf\":{\"@id\":\"https:\/\/mayxaydunghanoi.com\/en\/#website\"},\"primaryImageOfPage\":{\"@id\":\"https:\/\/mayxaydunghanoi.com\/vi\/san-pham\/cau-banh-xich-kobelco-7080-trong-tai-80-tan-san-xuat-nam-1990\/#primaryimage\"},\"image\":{\"@id\":\"https:\/\/mayxaydunghanoi.com\/vi\/san-pham\/cau-banh-xich-kobelco-7080-trong-tai-80-tan-san-xuat-nam-1990\/#primaryimage\"},\"thumbnailUrl\":\"https:\/\/mayxaydunghanoi.com\/wp-content\/uploads\/2025\/08\/cau-banh-xich-kobelco-7080-trong-tai-80-tan-san-xuat-nam-1990-4.jpg\",\"datePublished\":\"2025-08-05T01:16:24+00:00\",\"dateModified\":\"2025-12-15T08:02:27+00:00\",\"breadcrumb\":{\"@id\":\"https:\/\/mayxaydunghanoi.com\/vi\/san-pham\/cau-banh-xich-kobelco-7080-trong-tai-80-tan-san-xuat-nam-1990\/#breadcrumb\"},\"inLanguage\":\"vi-VN\",\"potentialAction\":[{\"@type\":\"ReadAction\",\"target\":[\"https:\/\/mayxaydunghanoi.com\/vi\/san-pham\/cau-banh-xich-kobelco-7080-trong-tai-80-tan-san-xuat-nam-1990\/\"]}]},{\"@type\":\"ImageObject\",\"inLanguage\":\"vi-VN\",\"@id\":\"https:\/\/mayxaydunghanoi.com\/vi\/san-pham\/cau-banh-xich-kobelco-7080-trong-tai-80-tan-san-xuat-nam-1990\/#primaryimage\",\"url\":\"https:\/\/mayxaydunghanoi.com\/wp-content\/uploads\/2025\/08\/cau-banh-xich-kobelco-7080-trong-tai-80-tan-san-xuat-nam-1990-4.jpg\",\"contentUrl\":\"https:\/\/mayxaydunghanoi.com\/wp-content\/uploads\/2025\/08\/cau-banh-xich-kobelco-7080-trong-tai-80-tan-san-xuat-nam-1990-4.jpg\",\"width\":800,\"height\":600},{\"@type\":\"BreadcrumbList\",\"@id\":\"https:\/\/mayxaydunghanoi.com\/vi\/san-pham\/cau-banh-xich-kobelco-7080-trong-tai-80-tan-san-xuat-nam-1990\/#breadcrumb\",\"itemListElement\":[{\"@type\":\"ListItem\",\"position\":1,\"name\":\"Home\",\"item\":\"https:\/\/mayxaydunghanoi.com\/vi\/\"},{\"@type\":\"ListItem\",\"position\":2,\"name\":\"S\u1ea3n ph\u1ea9m\",\"item\":\"https:\/\/mayxaydunghanoi.com\/vi\/san-pham\/\"},{\"@type\":\"ListItem\",\"position\":3,\"name\":\"C\u1ea9u b\u00e1nh x\u00edch Kobelco 7080 tr\u1ecdng t\u1ea3i 80 t\u1ea5n, s\u1ea3n xu\u1ea5t n\u0103m 1990\"}]},{\"@type\":\"WebSite\",\"@id\":\"https:\/\/mayxaydunghanoi.com\/en\/#website\",\"url\":\"https:\/\/mayxaydunghanoi.com\/en\/\",\"name\":\"Hanoi Vietnam Co., Ltd\",\"description\":\"\",\"publisher\":{\"@id\":\"https:\/\/mayxaydunghanoi.com\/en\/#organization\"},\"potentialAction\":[{\"@type\":\"SearchAction\",\"target\":{\"@type\":\"EntryPoint\",\"urlTemplate\":\"https:\/\/mayxaydunghanoi.com\/en\/?s={search_term_string}\"},\"query-input\":{\"@type\":\"PropertyValueSpecification\",\"valueRequired\":true,\"valueName\":\"search_term_string\"}}],\"inLanguage\":\"vi-VN\"},{\"@type\":\"Organization\",\"@id\":\"https:\/\/mayxaydunghanoi.com\/en\/#organization\",\"name\":\"Hanoi Vietnam Co., Ltd\",\"url\":\"https:\/\/mayxaydunghanoi.com\/en\/\",\"logo\":{\"@type\":\"ImageObject\",\"inLanguage\":\"vi-VN\",\"@id\":\"https:\/\/mayxaydunghanoi.com\/en\/#\/schema\/logo\/image\/\",\"url\":\"https:\/\/mayxaydunghanoi.com\/wp-content\/uploads\/2018\/04\/Logo-mayxaydunghanoi-ok.png\",\"contentUrl\":\"https:\/\/mayxaydunghanoi.com\/wp-content\/uploads\/2018\/04\/Logo-mayxaydunghanoi-ok.png\",\"width\":900,\"height\":900,\"caption\":\"Hanoi Vietnam Co., Ltd\"},\"image\":{\"@id\":\"https:\/\/mayxaydunghanoi.com\/en\/#\/schema\/logo\/image\/\"}}]}<\/script>\n<!-- \/ Yoast SEO Premium plugin. -->","yoast_head_json":{"title":"C\u1ea9u b\u00e1nh x\u00edch Kobelco 7080 tr\u1ecdng t\u1ea3i 80 t\u1ea5n, s\u1ea3n xu\u1ea5t n\u0103m 1990 - Hanoi Vietnam Co., Ltd","robots":{"index":"index","follow":"follow","max-snippet":"max-snippet:-1","max-image-preview":"max-image-preview:large","max-video-preview":"max-video-preview:-1"},"canonical":"https:\/\/mayxaydunghanoi.com\/vi\/san-pham\/cau-banh-xich-kobelco-7080-trong-tai-80-tan-san-xuat-nam-1990\/","og_locale":"vi_VN","og_type":"article","og_title":"C\u1ea9u b\u00e1nh x\u00edch Kobelco 7080 tr\u1ecdng t\u1ea3i 80 t\u1ea5n, s\u1ea3n xu\u1ea5t n\u0103m 1990","og_description":"H\u00e3ng s\u1ea3n xu\u1ea5t: Kobelco \u2013 Nh\u1eadt B\u1ea3n  Model: 7080  N\u0103m s\u1ea3n xu\u1ea5t: 1990  T\u1ea3i tr\u1ecdng n\u00e2ng t\u1ed1i \u0111a: 80 t\u1ea5n  Chi\u1ec1u d\u00e0i c\u1ea7n D\u00e0n c\u1ea7n l\u1eafp gh\u00e9p: 40m","og_url":"https:\/\/mayxaydunghanoi.com\/vi\/san-pham\/cau-banh-xich-kobelco-7080-trong-tai-80-tan-san-xuat-nam-1990\/","og_site_name":"Hanoi Vietnam Co., Ltd","article_modified_time":"2025-12-15T08:02:27+00:00","og_image":[{"width":800,"height":600,"url":"https:\/\/mayxaydunghanoi.com\/wp-content\/uploads\/2025\/08\/cau-banh-xich-kobelco-7080-trong-tai-80-tan-san-xuat-nam-1990-4.jpg","type":"image\/jpeg"}],"twitter_card":"summary_large_image","twitter_misc":{"Est. reading time":"2 minutes"},"schema":{"@context":"https:\/\/schema.org","@graph":[{"@type":"WebPage","@id":"https:\/\/mayxaydunghanoi.com\/vi\/san-pham\/cau-banh-xich-kobelco-7080-trong-tai-80-tan-san-xuat-nam-1990\/","url":"https:\/\/mayxaydunghanoi.com\/vi\/san-pham\/cau-banh-xich-kobelco-7080-trong-tai-80-tan-san-xuat-nam-1990\/","name":"C\u1ea9u b\u00e1nh x\u00edch Kobelco 7080 tr\u1ecdng t\u1ea3i 80 t\u1ea5n, s\u1ea3n xu\u1ea5t n\u0103m 1990 - Hanoi Vietnam Co., Ltd","isPartOf":{"@id":"https:\/\/mayxaydunghanoi.com\/en\/#website"},"primaryImageOfPage":{"@id":"https:\/\/mayxaydunghanoi.com\/vi\/san-pham\/cau-banh-xich-kobelco-7080-trong-tai-80-tan-san-xuat-nam-1990\/#primaryimage"},"image":{"@id":"https:\/\/mayxaydunghanoi.com\/vi\/san-pham\/cau-banh-xich-kobelco-7080-trong-tai-80-tan-san-xuat-nam-1990\/#primaryimage"},"thumbnailUrl":"https:\/\/mayxaydunghanoi.com\/wp-content\/uploads\/2025\/08\/cau-banh-xich-kobelco-7080-trong-tai-80-tan-san-xuat-nam-1990-4.jpg","datePublished":"2025-08-05T01:16:24+00:00","dateModified":"2025-12-15T08:02:27+00:00","breadcrumb":{"@id":"https:\/\/mayxaydunghanoi.com\/vi\/san-pham\/cau-banh-xich-kobelco-7080-trong-tai-80-tan-san-xuat-nam-1990\/#breadcrumb"},"inLanguage":"vi-VN","potentialAction":[{"@type":"ReadAction","target":["https:\/\/mayxaydunghanoi.com\/vi\/san-pham\/cau-banh-xich-kobelco-7080-trong-tai-80-tan-san-xuat-nam-1990\/"]}]},{"@type":"ImageObject","inLanguage":"vi-VN","@id":"https:\/\/mayxaydunghanoi.com\/vi\/san-pham\/cau-banh-xich-kobelco-7080-trong-tai-80-tan-san-xuat-nam-1990\/#primaryimage","url":"https:\/\/mayxaydunghanoi.com\/wp-content\/uploads\/2025\/08\/cau-banh-xich-kobelco-7080-trong-tai-80-tan-san-xuat-nam-1990-4.jpg","contentUrl":"https:\/\/mayxaydunghanoi.com\/wp-content\/uploads\/2025\/08\/cau-banh-xich-kobelco-7080-trong-tai-80-tan-san-xuat-nam-1990-4.jpg","width":800,"height":600},{"@type":"BreadcrumbList","@id":"https:\/\/mayxaydunghanoi.com\/vi\/san-pham\/cau-banh-xich-kobelco-7080-trong-tai-80-tan-san-xuat-nam-1990\/#breadcrumb","itemListElement":[{"@type":"ListItem","position":1,"name":"Home","item":"https:\/\/mayxaydunghanoi.com\/vi\/"},{"@type":"ListItem","position":2,"name":"S\u1ea3n ph\u1ea9m","item":"https:\/\/mayxaydunghanoi.com\/vi\/san-pham\/"},{"@type":"ListItem","position":3,"name":"C\u1ea9u b\u00e1nh x\u00edch Kobelco 7080 tr\u1ecdng t\u1ea3i 80 t\u1ea5n, s\u1ea3n xu\u1ea5t n\u0103m 1990"}]},{"@type":"WebSite","@id":"https:\/\/mayxaydunghanoi.com\/en\/#website","url":"https:\/\/mayxaydunghanoi.com\/en\/","name":"Hanoi Vietnam Co., Ltd","description":"","publisher":{"@id":"https:\/\/mayxaydunghanoi.com\/en\/#organization"},"potentialAction":[{"@type":"SearchAction","target":{"@type":"EntryPoint","urlTemplate":"https:\/\/mayxaydunghanoi.com\/en\/?s={search_term_string}"},"query-input":{"@type":"PropertyValueSpecification","valueRequired":true,"valueName":"search_term_string"}}],"inLanguage":"vi-VN"},{"@type":"Organization","@id":"https:\/\/mayxaydunghanoi.com\/en\/#organization","name":"Hanoi Vietnam Co., Ltd","url":"https:\/\/mayxaydunghanoi.com\/en\/","logo":{"@type":"ImageObject","inLanguage":"vi-VN","@id":"https:\/\/mayxaydunghanoi.com\/en\/#\/schema\/logo\/image\/","url":"https:\/\/mayxaydunghanoi.com\/wp-content\/uploads\/2018\/04\/Logo-mayxaydunghanoi-ok.png","contentUrl":"https:\/\/mayxaydunghanoi.com\/wp-content\/uploads\/2018\/04\/Logo-mayxaydunghanoi-ok.png","width":900,"height":900,"caption":"Hanoi Vietnam Co., Ltd"},"image":{"@id":"https:\/\/mayxaydunghanoi.com\/en\/#\/schema\/logo\/image\/"}}]}},"_links":{"self":[{"href":"https:\/\/mayxaydunghanoi.com\/vi\/wp-json\/wp\/v2\/product\/5418","targetHints":{"allow":["GET"]}}],"collection":[{"href":"https:\/\/mayxaydunghanoi.com\/vi\/wp-json\/wp\/v2\/product"}],"about":[{"href":"https:\/\/mayxaydunghanoi.com\/vi\/wp-json\/wp\/v2\/types\/product"}],"replies":[{"embeddable":true,"href":"https:\/\/mayxaydunghanoi.com\/vi\/wp-json\/wp\/v2\/comments?post=5418"}],"wp:featuredmedia":[{"embeddable":true,"href":"https:\/\/mayxaydunghanoi.com\/vi\/wp-json\/wp\/v2\/media\/7500"}],"wp:attachment":[{"href":"https:\/\/mayxaydunghanoi.com\/vi\/wp-json\/wp\/v2\/media?parent=5418"}],"wp:term":[{"taxonomy":"product_brand","embeddable":true,"href":"https:\/\/mayxaydunghanoi.com\/vi\/wp-json\/wp\/v2\/product_brand?post=5418"},{"taxonomy":"product_cat","embeddable":true,"href":"https:\/\/mayxaydunghanoi.com\/vi\/wp-json\/wp\/v2\/product_cat?post=5418"},{"taxonomy":"product_tag","embeddable":true,"href":"https:\/\/mayxaydunghanoi.com\/vi\/wp-json\/wp\/v2\/product_tag?post=5418"}],"curies":[{"name":"wp","href":"https:\/\/api.w.org\/{rel}","templated":true}]}}