{"id":4862,"date":"2025-02-18T15:00:55","date_gmt":"2025-02-18T08:00:55","guid":{"rendered":"https:\/\/mayxaydunghanoi.com\/?post_type=product&#038;p=4862"},"modified":"2025-12-15T15:04:08","modified_gmt":"2025-12-15T08:04:08","slug":"may-khoan-da-sany-sr285-san-xuat-nam-2017","status":"publish","type":"product","link":"https:\/\/mayxaydunghanoi.com\/vi\/san-pham\/may-khoan-da-sany-sr285-san-xuat-nam-2017\/","title":{"rendered":"M\u00e1y khoan \u0111\u00e1 Sany SR285 s\u1ea3n xu\u1ea5t n\u0103m 2017"},"content":{"rendered":"<h2>M\u00e1y khoan \u0111\u00e1 Sany SR285 c\u1ea7n kho\u00e1 N\u0103m s\u1ea3n xu\u1ea5t 2017. Chi\u1ec1u s\u00e2u khoan 70m \u0110\u01b0\u1eddng k\u00ednh khoan l\u1edbn nh\u1ea5t 2000mm Khoan c\u01b0\u1eddng \u0111\u1ed9 \u0111\u00e1 1200.<\/h2>\n<p>Qu\u00fd kh\u00e1ch c\u00f3 nhu c\u1ea7u mua m\u00e1y khoan \u0111\u00e1 Sany SR285 vui l\u00f2ng li\u00ean h\u1ec7 hotline: 0906601755. Xin ch\u00e2n th\u00e0nh c\u1ea3m \u01a1n.<\/p>\n<p><img loading=\"lazy\" decoding=\"async\" class=\"aligncenter size-full wp-image-4864\" src=\"https:\/\/mayxaydunghanoi.com\/wp-content\/uploads\/2025\/02\/may-khoan-da-sany-sr285-san-xuat-nam-2017.jpg\" alt=\"M\u00e1y khoan \u0111\u00e1 Sany SR285 s\u1ea3n xu\u1ea5t n\u0103m 2017\" width=\"800\" height=\"600\" \/><\/p>\n<p><img loading=\"lazy\" decoding=\"async\" class=\"aligncenter size-medium wp-image-4866\" src=\"https:\/\/mayxaydunghanoi.com\/wp-content\/uploads\/2025\/02\/may-khoan-da-sany-sr285-san-xuat-nam-2017-1.jpg\" alt=\"M\u00e1y khoan \u0111\u00e1 Sany SR285 s\u1ea3n xu\u1ea5t n\u0103m 2017\" width=\"800\" height=\"600\" \/><\/p>\n<p><img loading=\"lazy\" decoding=\"async\" class=\"aligncenter size-medium wp-image-4868\" src=\"https:\/\/mayxaydunghanoi.com\/wp-content\/uploads\/2025\/02\/may-khoan-da-sany-sr285-san-xuat-nam-2017-2.jpg\" alt=\"M\u00e1y khoan \u0111\u00e1 Sany SR285 s\u1ea3n xu\u1ea5t n\u0103m 2017\" width=\"800\" height=\"600\" \/><\/p>\n<p><img loading=\"lazy\" decoding=\"async\" class=\"aligncenter size-medium wp-image-4870\" src=\"https:\/\/mayxaydunghanoi.com\/wp-content\/uploads\/2025\/02\/may-khoan-da-sany-sr285-san-xuat-nam-2017-3.jpg\" alt=\"M\u00e1y khoan \u0111\u00e1 Sany SR285 s\u1ea3n xu\u1ea5t n\u0103m 2017\" width=\"800\" height=\"600\" \/><\/p>\n<p><img loading=\"lazy\" decoding=\"async\" class=\"aligncenter size-medium wp-image-4872\" src=\"https:\/\/mayxaydunghanoi.com\/wp-content\/uploads\/2025\/02\/may-khoan-da-sany-sr285-san-xuat-nam-2017-4.jpg\" alt=\"M\u00e1y khoan \u0111\u00e1 Sany SR285 s\u1ea3n xu\u1ea5t n\u0103m 2017\" width=\"800\" height=\"1067\" \/><\/p>\n<p><img loading=\"lazy\" decoding=\"async\" class=\"aligncenter size-medium wp-image-4874\" src=\"https:\/\/mayxaydunghanoi.com\/wp-content\/uploads\/2025\/02\/may-khoan-da-sany-sr285-san-xuat-nam-2017-5.jpg\" alt=\"M\u00e1y khoan \u0111\u00e1 Sany SR285 s\u1ea3n xu\u1ea5t n\u0103m 2017\" width=\"800\" height=\"1067\" \/><\/p>\n","protected":false},"excerpt":{"rendered":"<p>M\u00e1y khoan \u0111\u00e1 Sany SR285 c\u1ea7n kho\u00e1 N\u0103m s\u1ea3n xu\u1ea5t 2017. Chi\u1ec1u s\u00e2u khoan 70m \u0110\u01b0\u1eddng k\u00ednh khoan l\u1edbn nh\u1ea5t 2000mm Khoan c\u01b0\u1eddng \u0111\u1ed9 \u0111\u00e1 1200. Qu\u00fd kh\u00e1ch c\u00f3 nhu c\u1ea7u mua m\u00e1y khoan \u0111\u00e1 Sany SR285 vui l\u00f2ng li\u00ean h\u1ec7 hotline: 0906601755. Xin ch\u00e2n th\u00e0nh c\u1ea3m \u01a1n.<\/p>\n","protected":false},"featured_media":7260,"comment_status":"open","ping_status":"closed","template":"","meta":[],"product_brand":[],"product_cat":[17,513],"product_tag":[],"class_list":{"0":"post-4862","1":"product","2":"type-product","3":"status-publish","4":"has-post-thumbnail","6":"product_cat-dan-gia-da","7":"product_cat-drilling-machine","9":"first","10":"instock","11":"shipping-taxable","12":"product-type-simple"},"yoast_head":"<!-- This site is optimized with the Yoast SEO Premium plugin v26.1 (Yoast SEO v26.6) - https:\/\/yoast.com\/wordpress\/plugins\/seo\/ -->\n<title>M\u00e1y khoan \u0111\u00e1 Sany SR285 s\u1ea3n xu\u1ea5t n\u0103m 2017 - Hanoi Vietnam Co., Ltd<\/title>\n<meta name=\"robots\" content=\"index, follow, max-snippet:-1, max-image-preview:large, max-video-preview:-1\" \/>\n<link rel=\"canonical\" href=\"https:\/\/mayxaydunghanoi.com\/vi\/san-pham\/may-khoan-da-sany-sr285-san-xuat-nam-2017\/\" \/>\n<meta property=\"og:locale\" content=\"vi_VN\" \/>\n<meta property=\"og:type\" content=\"article\" \/>\n<meta property=\"og:title\" content=\"M\u00e1y khoan \u0111\u00e1 Sany SR285 s\u1ea3n xu\u1ea5t n\u0103m 2017\" \/>\n<meta property=\"og:description\" content=\"M\u00e1y khoan \u0111\u00e1 Sany SR285 c\u1ea7n kho\u00e1 N\u0103m s\u1ea3n xu\u1ea5t 2017. Chi\u1ec1u s\u00e2u khoan 70m \u0110\u01b0\u1eddng k\u00ednh khoan l\u1edbn nh\u1ea5t 2000mm Khoan c\u01b0\u1eddng \u0111\u1ed9 \u0111\u00e1 1200. Qu\u00fd kh\u00e1ch c\u00f3 nhu c\u1ea7u mua m\u00e1y khoan \u0111\u00e1 Sany SR285 vui l\u00f2ng li\u00ean h\u1ec7 hotline: 0906601755. Xin ch\u00e2n th\u00e0nh c\u1ea3m \u01a1n.\" \/>\n<meta property=\"og:url\" content=\"https:\/\/mayxaydunghanoi.com\/vi\/san-pham\/may-khoan-da-sany-sr285-san-xuat-nam-2017\/\" \/>\n<meta property=\"og:site_name\" content=\"Hanoi Vietnam Co., Ltd\" \/>\n<meta property=\"article:modified_time\" content=\"2025-12-15T08:04:08+00:00\" \/>\n<meta property=\"og:image\" content=\"https:\/\/mayxaydunghanoi.com\/wp-content\/uploads\/2025\/02\/may-khoan-da-sany-sr285-san-xuat-nam-2017.jpg\" \/>\n\t<meta property=\"og:image:width\" content=\"800\" \/>\n\t<meta property=\"og:image:height\" content=\"600\" \/>\n\t<meta property=\"og:image:type\" content=\"image\/jpeg\" \/>\n<meta name=\"twitter:card\" content=\"summary_large_image\" \/>\n<script type=\"application\/ld+json\" class=\"yoast-schema-graph\">{\"@context\":\"https:\/\/schema.org\",\"@graph\":[{\"@type\":\"WebPage\",\"@id\":\"https:\/\/mayxaydunghanoi.com\/vi\/san-pham\/may-khoan-da-sany-sr285-san-xuat-nam-2017\/\",\"url\":\"https:\/\/mayxaydunghanoi.com\/vi\/san-pham\/may-khoan-da-sany-sr285-san-xuat-nam-2017\/\",\"name\":\"M\u00e1y khoan \u0111\u00e1 Sany SR285 s\u1ea3n xu\u1ea5t n\u0103m 2017 - Hanoi Vietnam Co., Ltd\",\"isPartOf\":{\"@id\":\"https:\/\/mayxaydunghanoi.com\/en\/#website\"},\"primaryImageOfPage\":{\"@id\":\"https:\/\/mayxaydunghanoi.com\/vi\/san-pham\/may-khoan-da-sany-sr285-san-xuat-nam-2017\/#primaryimage\"},\"image\":{\"@id\":\"https:\/\/mayxaydunghanoi.com\/vi\/san-pham\/may-khoan-da-sany-sr285-san-xuat-nam-2017\/#primaryimage\"},\"thumbnailUrl\":\"https:\/\/mayxaydunghanoi.com\/wp-content\/uploads\/2025\/02\/may-khoan-da-sany-sr285-san-xuat-nam-2017.jpg\",\"datePublished\":\"2025-02-18T08:00:55+00:00\",\"dateModified\":\"2025-12-15T08:04:08+00:00\",\"breadcrumb\":{\"@id\":\"https:\/\/mayxaydunghanoi.com\/vi\/san-pham\/may-khoan-da-sany-sr285-san-xuat-nam-2017\/#breadcrumb\"},\"inLanguage\":\"vi-VN\",\"potentialAction\":[{\"@type\":\"ReadAction\",\"target\":[\"https:\/\/mayxaydunghanoi.com\/vi\/san-pham\/may-khoan-da-sany-sr285-san-xuat-nam-2017\/\"]}]},{\"@type\":\"ImageObject\",\"inLanguage\":\"vi-VN\",\"@id\":\"https:\/\/mayxaydunghanoi.com\/vi\/san-pham\/may-khoan-da-sany-sr285-san-xuat-nam-2017\/#primaryimage\",\"url\":\"https:\/\/mayxaydunghanoi.com\/wp-content\/uploads\/2025\/02\/may-khoan-da-sany-sr285-san-xuat-nam-2017.jpg\",\"contentUrl\":\"https:\/\/mayxaydunghanoi.com\/wp-content\/uploads\/2025\/02\/may-khoan-da-sany-sr285-san-xuat-nam-2017.jpg\",\"width\":800,\"height\":600},{\"@type\":\"BreadcrumbList\",\"@id\":\"https:\/\/mayxaydunghanoi.com\/vi\/san-pham\/may-khoan-da-sany-sr285-san-xuat-nam-2017\/#breadcrumb\",\"itemListElement\":[{\"@type\":\"ListItem\",\"position\":1,\"name\":\"Home\",\"item\":\"https:\/\/mayxaydunghanoi.com\/vi\/\"},{\"@type\":\"ListItem\",\"position\":2,\"name\":\"S\u1ea3n ph\u1ea9m\",\"item\":\"https:\/\/mayxaydunghanoi.com\/vi\/san-pham\/\"},{\"@type\":\"ListItem\",\"position\":3,\"name\":\"M\u00e1y khoan \u0111\u00e1 Sany SR285 s\u1ea3n xu\u1ea5t n\u0103m 2017\"}]},{\"@type\":\"WebSite\",\"@id\":\"https:\/\/mayxaydunghanoi.com\/en\/#website\",\"url\":\"https:\/\/mayxaydunghanoi.com\/en\/\",\"name\":\"Hanoi Vietnam Co., Ltd\",\"description\":\"\",\"publisher\":{\"@id\":\"https:\/\/mayxaydunghanoi.com\/en\/#organization\"},\"potentialAction\":[{\"@type\":\"SearchAction\",\"target\":{\"@type\":\"EntryPoint\",\"urlTemplate\":\"https:\/\/mayxaydunghanoi.com\/en\/?s={search_term_string}\"},\"query-input\":{\"@type\":\"PropertyValueSpecification\",\"valueRequired\":true,\"valueName\":\"search_term_string\"}}],\"inLanguage\":\"vi-VN\"},{\"@type\":\"Organization\",\"@id\":\"https:\/\/mayxaydunghanoi.com\/en\/#organization\",\"name\":\"Hanoi Vietnam Co., Ltd\",\"url\":\"https:\/\/mayxaydunghanoi.com\/en\/\",\"logo\":{\"@type\":\"ImageObject\",\"inLanguage\":\"vi-VN\",\"@id\":\"https:\/\/mayxaydunghanoi.com\/en\/#\/schema\/logo\/image\/\",\"url\":\"https:\/\/mayxaydunghanoi.com\/wp-content\/uploads\/2018\/04\/Logo-mayxaydunghanoi-ok.png\",\"contentUrl\":\"https:\/\/mayxaydunghanoi.com\/wp-content\/uploads\/2018\/04\/Logo-mayxaydunghanoi-ok.png\",\"width\":900,\"height\":900,\"caption\":\"Hanoi Vietnam Co., Ltd\"},\"image\":{\"@id\":\"https:\/\/mayxaydunghanoi.com\/en\/#\/schema\/logo\/image\/\"}}]}<\/script>\n<!-- \/ Yoast SEO Premium plugin. -->","yoast_head_json":{"title":"M\u00e1y khoan \u0111\u00e1 Sany SR285 s\u1ea3n xu\u1ea5t n\u0103m 2017 - Hanoi Vietnam Co., Ltd","robots":{"index":"index","follow":"follow","max-snippet":"max-snippet:-1","max-image-preview":"max-image-preview:large","max-video-preview":"max-video-preview:-1"},"canonical":"https:\/\/mayxaydunghanoi.com\/vi\/san-pham\/may-khoan-da-sany-sr285-san-xuat-nam-2017\/","og_locale":"vi_VN","og_type":"article","og_title":"M\u00e1y khoan \u0111\u00e1 Sany SR285 s\u1ea3n xu\u1ea5t n\u0103m 2017","og_description":"M\u00e1y khoan \u0111\u00e1 Sany SR285 c\u1ea7n kho\u00e1 N\u0103m s\u1ea3n xu\u1ea5t 2017. Chi\u1ec1u s\u00e2u khoan 70m \u0110\u01b0\u1eddng k\u00ednh khoan l\u1edbn nh\u1ea5t 2000mm Khoan c\u01b0\u1eddng \u0111\u1ed9 \u0111\u00e1 1200. Qu\u00fd kh\u00e1ch c\u00f3 nhu c\u1ea7u mua m\u00e1y khoan \u0111\u00e1 Sany SR285 vui l\u00f2ng li\u00ean h\u1ec7 hotline: 0906601755. Xin ch\u00e2n th\u00e0nh c\u1ea3m \u01a1n.","og_url":"https:\/\/mayxaydunghanoi.com\/vi\/san-pham\/may-khoan-da-sany-sr285-san-xuat-nam-2017\/","og_site_name":"Hanoi Vietnam Co., Ltd","article_modified_time":"2025-12-15T08:04:08+00:00","og_image":[{"width":800,"height":600,"url":"https:\/\/mayxaydunghanoi.com\/wp-content\/uploads\/2025\/02\/may-khoan-da-sany-sr285-san-xuat-nam-2017.jpg","type":"image\/jpeg"}],"twitter_card":"summary_large_image","schema":{"@context":"https:\/\/schema.org","@graph":[{"@type":"WebPage","@id":"https:\/\/mayxaydunghanoi.com\/vi\/san-pham\/may-khoan-da-sany-sr285-san-xuat-nam-2017\/","url":"https:\/\/mayxaydunghanoi.com\/vi\/san-pham\/may-khoan-da-sany-sr285-san-xuat-nam-2017\/","name":"M\u00e1y khoan \u0111\u00e1 Sany SR285 s\u1ea3n xu\u1ea5t n\u0103m 2017 - Hanoi Vietnam Co., Ltd","isPartOf":{"@id":"https:\/\/mayxaydunghanoi.com\/en\/#website"},"primaryImageOfPage":{"@id":"https:\/\/mayxaydunghanoi.com\/vi\/san-pham\/may-khoan-da-sany-sr285-san-xuat-nam-2017\/#primaryimage"},"image":{"@id":"https:\/\/mayxaydunghanoi.com\/vi\/san-pham\/may-khoan-da-sany-sr285-san-xuat-nam-2017\/#primaryimage"},"thumbnailUrl":"https:\/\/mayxaydunghanoi.com\/wp-content\/uploads\/2025\/02\/may-khoan-da-sany-sr285-san-xuat-nam-2017.jpg","datePublished":"2025-02-18T08:00:55+00:00","dateModified":"2025-12-15T08:04:08+00:00","breadcrumb":{"@id":"https:\/\/mayxaydunghanoi.com\/vi\/san-pham\/may-khoan-da-sany-sr285-san-xuat-nam-2017\/#breadcrumb"},"inLanguage":"vi-VN","potentialAction":[{"@type":"ReadAction","target":["https:\/\/mayxaydunghanoi.com\/vi\/san-pham\/may-khoan-da-sany-sr285-san-xuat-nam-2017\/"]}]},{"@type":"ImageObject","inLanguage":"vi-VN","@id":"https:\/\/mayxaydunghanoi.com\/vi\/san-pham\/may-khoan-da-sany-sr285-san-xuat-nam-2017\/#primaryimage","url":"https:\/\/mayxaydunghanoi.com\/wp-content\/uploads\/2025\/02\/may-khoan-da-sany-sr285-san-xuat-nam-2017.jpg","contentUrl":"https:\/\/mayxaydunghanoi.com\/wp-content\/uploads\/2025\/02\/may-khoan-da-sany-sr285-san-xuat-nam-2017.jpg","width":800,"height":600},{"@type":"BreadcrumbList","@id":"https:\/\/mayxaydunghanoi.com\/vi\/san-pham\/may-khoan-da-sany-sr285-san-xuat-nam-2017\/#breadcrumb","itemListElement":[{"@type":"ListItem","position":1,"name":"Home","item":"https:\/\/mayxaydunghanoi.com\/vi\/"},{"@type":"ListItem","position":2,"name":"S\u1ea3n ph\u1ea9m","item":"https:\/\/mayxaydunghanoi.com\/vi\/san-pham\/"},{"@type":"ListItem","position":3,"name":"M\u00e1y khoan \u0111\u00e1 Sany SR285 s\u1ea3n xu\u1ea5t n\u0103m 2017"}]},{"@type":"WebSite","@id":"https:\/\/mayxaydunghanoi.com\/en\/#website","url":"https:\/\/mayxaydunghanoi.com\/en\/","name":"Hanoi Vietnam Co., Ltd","description":"","publisher":{"@id":"https:\/\/mayxaydunghanoi.com\/en\/#organization"},"potentialAction":[{"@type":"SearchAction","target":{"@type":"EntryPoint","urlTemplate":"https:\/\/mayxaydunghanoi.com\/en\/?s={search_term_string}"},"query-input":{"@type":"PropertyValueSpecification","valueRequired":true,"valueName":"search_term_string"}}],"inLanguage":"vi-VN"},{"@type":"Organization","@id":"https:\/\/mayxaydunghanoi.com\/en\/#organization","name":"Hanoi Vietnam Co., Ltd","url":"https:\/\/mayxaydunghanoi.com\/en\/","logo":{"@type":"ImageObject","inLanguage":"vi-VN","@id":"https:\/\/mayxaydunghanoi.com\/en\/#\/schema\/logo\/image\/","url":"https:\/\/mayxaydunghanoi.com\/wp-content\/uploads\/2018\/04\/Logo-mayxaydunghanoi-ok.png","contentUrl":"https:\/\/mayxaydunghanoi.com\/wp-content\/uploads\/2018\/04\/Logo-mayxaydunghanoi-ok.png","width":900,"height":900,"caption":"Hanoi Vietnam Co., Ltd"},"image":{"@id":"https:\/\/mayxaydunghanoi.com\/en\/#\/schema\/logo\/image\/"}}]}},"_links":{"self":[{"href":"https:\/\/mayxaydunghanoi.com\/vi\/wp-json\/wp\/v2\/product\/4862","targetHints":{"allow":["GET"]}}],"collection":[{"href":"https:\/\/mayxaydunghanoi.com\/vi\/wp-json\/wp\/v2\/product"}],"about":[{"href":"https:\/\/mayxaydunghanoi.com\/vi\/wp-json\/wp\/v2\/types\/product"}],"replies":[{"embeddable":true,"href":"https:\/\/mayxaydunghanoi.com\/vi\/wp-json\/wp\/v2\/comments?post=4862"}],"wp:featuredmedia":[{"embeddable":true,"href":"https:\/\/mayxaydunghanoi.com\/vi\/wp-json\/wp\/v2\/media\/7260"}],"wp:attachment":[{"href":"https:\/\/mayxaydunghanoi.com\/vi\/wp-json\/wp\/v2\/media?parent=4862"}],"wp:term":[{"taxonomy":"product_brand","embeddable":true,"href":"https:\/\/mayxaydunghanoi.com\/vi\/wp-json\/wp\/v2\/product_brand?post=4862"},{"taxonomy":"product_cat","embeddable":true,"href":"https:\/\/mayxaydunghanoi.com\/vi\/wp-json\/wp\/v2\/product_cat?post=4862"},{"taxonomy":"product_tag","embeddable":true,"href":"https:\/\/mayxaydunghanoi.com\/vi\/wp-json\/wp\/v2\/product_tag?post=4862"}],"curies":[{"name":"wp","href":"https:\/\/api.w.org\/{rel}","templated":true}]}}