{"id":3962,"date":"2022-04-21T16:00:05","date_gmt":"2022-04-21T09:00:05","guid":{"rendered":"https:\/\/mayxaydunghanoi.com\/?post_type=product&#038;p=3962"},"modified":"2022-04-21T20:46:20","modified_gmt":"2022-04-21T13:46:20","slug":"may-dong-coc-dh400-bua-diezel-dd35","status":"publish","type":"product","link":"https:\/\/mayxaydunghanoi.com\/vi\/san-pham\/may-dong-coc-dh400-bua-diezel-dd35\/","title":{"rendered":"M\u00e1y \u0111\u00f3ng c\u1ecdc DH400 + B\u00faa Diezel DD35"},"content":{"rendered":"<h2>B\u00e1n ho\u1eb7c cho thu\u00ea m\u00e1y \u0111\u00f3ng c\u1ecdc DH400 k\u00e8m b\u00faa Diezel DD35. Qu\u00fd kh\u00e1ch c\u00f3 nhu c\u1ea7u thu\u00ea mua li\u00ean h\u1ec7 0906 601 755.<\/h2>\n<p><img loading=\"lazy\" decoding=\"async\" class=\"aligncenter size-full wp-image-3972\" src=\"https:\/\/mayxaydunghanoi.com\/wp-content\/uploads\/2022\/04\/may-dong-coc-dh400-bua-diezel-dd35.jpg\" alt=\"M\u00e1y \u0111\u00f3ng c\u1ecdc DH400 + B\u00faa Diezel DD35\" width=\"600\" height=\"450\" srcset=\"https:\/\/mayxaydunghanoi.com\/wp-content\/uploads\/2022\/04\/may-dong-coc-dh400-bua-diezel-dd35.jpg 600w, https:\/\/mayxaydunghanoi.com\/wp-content\/uploads\/2022\/04\/may-dong-coc-dh400-bua-diezel-dd35-510x383.jpg 510w\" sizes=\"auto, (max-width: 600px) 100vw, 600px\" \/><\/p>\n<p><img loading=\"lazy\" decoding=\"async\" class=\"aligncenter size-medium wp-image-3974\" src=\"https:\/\/mayxaydunghanoi.com\/wp-content\/uploads\/2022\/04\/may-dong-coc-dh400-bua-diezel-dd35-1.jpg\" alt=\"M\u00e1y \u0111\u00f3ng c\u1ecdc DH400 + B\u00faa Diezel DD35\" width=\"600\" height=\"800\" srcset=\"https:\/\/mayxaydunghanoi.com\/wp-content\/uploads\/2022\/04\/may-dong-coc-dh400-bua-diezel-dd35-1.jpg 600w, https:\/\/mayxaydunghanoi.com\/wp-content\/uploads\/2022\/04\/may-dong-coc-dh400-bua-diezel-dd35-1-510x680.jpg 510w\" sizes=\"auto, (max-width: 600px) 100vw, 600px\" \/><\/p>\n<p><img loading=\"lazy\" decoding=\"async\" class=\"aligncenter size-medium wp-image-3976\" src=\"https:\/\/mayxaydunghanoi.com\/wp-content\/uploads\/2022\/04\/may-dong-coc-dh400-bua-diezel-dd35-2.jpg\" alt=\"M\u00e1y \u0111\u00f3ng c\u1ecdc DH400 + B\u00faa Diezel DD35\" width=\"600\" height=\"800\" srcset=\"https:\/\/mayxaydunghanoi.com\/wp-content\/uploads\/2022\/04\/may-dong-coc-dh400-bua-diezel-dd35-2.jpg 600w, https:\/\/mayxaydunghanoi.com\/wp-content\/uploads\/2022\/04\/may-dong-coc-dh400-bua-diezel-dd35-2-510x680.jpg 510w\" sizes=\"auto, (max-width: 600px) 100vw, 600px\" \/><\/p>\n<p><img loading=\"lazy\" decoding=\"async\" class=\"aligncenter size-medium wp-image-3978\" src=\"https:\/\/mayxaydunghanoi.com\/wp-content\/uploads\/2022\/04\/may-dong-coc-dh400-bua-diezel-dd35-3.jpg\" alt=\"M\u00e1y \u0111\u00f3ng c\u1ecdc DH400 + B\u00faa Diezel DD35\" width=\"600\" height=\"800\" srcset=\"https:\/\/mayxaydunghanoi.com\/wp-content\/uploads\/2022\/04\/may-dong-coc-dh400-bua-diezel-dd35-3.jpg 600w, https:\/\/mayxaydunghanoi.com\/wp-content\/uploads\/2022\/04\/may-dong-coc-dh400-bua-diezel-dd35-3-510x680.jpg 510w\" sizes=\"auto, (max-width: 600px) 100vw, 600px\" \/><\/p>\n<p><img loading=\"lazy\" decoding=\"async\" class=\"aligncenter size-medium wp-image-3980\" src=\"https:\/\/mayxaydunghanoi.com\/wp-content\/uploads\/2022\/04\/may-dong-coc-dh400-bua-diezel-dd35-4.jpg\" alt=\"M\u00e1y \u0111\u00f3ng c\u1ecdc DH400 + B\u00faa Diezel DD35\" width=\"600\" height=\"800\" srcset=\"https:\/\/mayxaydunghanoi.com\/wp-content\/uploads\/2022\/04\/may-dong-coc-dh400-bua-diezel-dd35-4.jpg 600w, https:\/\/mayxaydunghanoi.com\/wp-content\/uploads\/2022\/04\/may-dong-coc-dh400-bua-diezel-dd35-4-510x680.jpg 510w\" sizes=\"auto, (max-width: 600px) 100vw, 600px\" \/><\/p>\n","protected":false},"excerpt":{"rendered":"<p>B\u00e1n ho\u1eb7c cho thu\u00ea m\u00e1y \u0111\u00f3ng c\u1ecdc DH400 k\u00e8m b\u00faa Diezel DD35. Qu\u00fd kh\u00e1ch c\u00f3 nhu c\u1ea7u thu\u00ea mua li\u00ean h\u1ec7 0906 601 755.<\/p>\n","protected":false},"featured_media":3972,"comment_status":"open","ping_status":"closed","template":"","meta":[],"product_brand":[],"product_cat":[18],"product_tag":[505,504],"class_list":{"0":"post-3962","1":"product","2":"type-product","3":"status-publish","4":"has-post-thumbnail","6":"product_cat-phu-tung-may-khoan-dap","7":"product_tag-dd35","8":"product_tag-dh400","10":"first","11":"instock","12":"shipping-taxable","13":"product-type-simple"},"yoast_head":"<!-- This site is optimized with the Yoast SEO Premium plugin v26.1 (Yoast SEO v27.5) - https:\/\/yoast.com\/product\/yoast-seo-premium-wordpress\/ -->\n<title>M\u00e1y \u0111\u00f3ng c\u1ecdc DH400 + B\u00faa Diezel DD35 - Hanoi Vietnam Co., Ltd<\/title>\n<meta name=\"robots\" content=\"index, follow, max-snippet:-1, max-image-preview:large, max-video-preview:-1\" \/>\n<link rel=\"canonical\" href=\"https:\/\/mayxaydunghanoi.com\/vi\/san-pham\/may-dong-coc-dh400-bua-diezel-dd35\/\" \/>\n<meta property=\"og:locale\" content=\"vi_VN\" \/>\n<meta property=\"og:type\" content=\"article\" \/>\n<meta property=\"og:title\" content=\"M\u00e1y \u0111\u00f3ng c\u1ecdc DH400 + B\u00faa Diezel DD35\" \/>\n<meta property=\"og:description\" content=\"B\u00e1n ho\u1eb7c cho thu\u00ea m\u00e1y \u0111\u00f3ng c\u1ecdc DH400 k\u00e8m b\u00faa Diezel DD35. Qu\u00fd kh\u00e1ch c\u00f3 nhu c\u1ea7u thu\u00ea mua li\u00ean h\u1ec7 0906 601 755.\" \/>\n<meta property=\"og:url\" content=\"https:\/\/mayxaydunghanoi.com\/vi\/san-pham\/may-dong-coc-dh400-bua-diezel-dd35\/\" \/>\n<meta property=\"og:site_name\" content=\"Hanoi Vietnam Co., Ltd\" \/>\n<meta property=\"article:modified_time\" content=\"2022-04-21T13:46:20+00:00\" \/>\n<meta property=\"og:image\" content=\"https:\/\/mayxaydunghanoi.com\/wp-content\/uploads\/2022\/04\/may-dong-coc-dh400-bua-diezel-dd35.jpg\" \/>\n\t<meta property=\"og:image:width\" content=\"600\" \/>\n\t<meta property=\"og:image:height\" content=\"450\" \/>\n\t<meta property=\"og:image:type\" content=\"image\/jpeg\" \/>\n<meta name=\"twitter:card\" content=\"summary_large_image\" \/>\n<script type=\"application\/ld+json\" class=\"yoast-schema-graph\">{\"@context\":\"https:\\\/\\\/schema.org\",\"@graph\":[{\"@type\":\"WebPage\",\"@id\":\"https:\\\/\\\/mayxaydunghanoi.com\\\/vi\\\/san-pham\\\/may-dong-coc-dh400-bua-diezel-dd35\\\/\",\"url\":\"https:\\\/\\\/mayxaydunghanoi.com\\\/vi\\\/san-pham\\\/may-dong-coc-dh400-bua-diezel-dd35\\\/\",\"name\":\"M\u00e1y \u0111\u00f3ng c\u1ecdc DH400 + B\u00faa Diezel DD35 - Hanoi Vietnam Co., Ltd\",\"isPartOf\":{\"@id\":\"https:\\\/\\\/mayxaydunghanoi.com\\\/en\\\/#website\"},\"primaryImageOfPage\":{\"@id\":\"https:\\\/\\\/mayxaydunghanoi.com\\\/vi\\\/san-pham\\\/may-dong-coc-dh400-bua-diezel-dd35\\\/#primaryimage\"},\"image\":{\"@id\":\"https:\\\/\\\/mayxaydunghanoi.com\\\/vi\\\/san-pham\\\/may-dong-coc-dh400-bua-diezel-dd35\\\/#primaryimage\"},\"thumbnailUrl\":\"https:\\\/\\\/mayxaydunghanoi.com\\\/wp-content\\\/uploads\\\/2022\\\/04\\\/may-dong-coc-dh400-bua-diezel-dd35.jpg\",\"datePublished\":\"2022-04-21T09:00:05+00:00\",\"dateModified\":\"2022-04-21T13:46:20+00:00\",\"breadcrumb\":{\"@id\":\"https:\\\/\\\/mayxaydunghanoi.com\\\/vi\\\/san-pham\\\/may-dong-coc-dh400-bua-diezel-dd35\\\/#breadcrumb\"},\"inLanguage\":\"vi-VN\",\"potentialAction\":[{\"@type\":\"ReadAction\",\"target\":[\"https:\\\/\\\/mayxaydunghanoi.com\\\/vi\\\/san-pham\\\/may-dong-coc-dh400-bua-diezel-dd35\\\/\"]}]},{\"@type\":\"ImageObject\",\"inLanguage\":\"vi-VN\",\"@id\":\"https:\\\/\\\/mayxaydunghanoi.com\\\/vi\\\/san-pham\\\/may-dong-coc-dh400-bua-diezel-dd35\\\/#primaryimage\",\"url\":\"https:\\\/\\\/mayxaydunghanoi.com\\\/wp-content\\\/uploads\\\/2022\\\/04\\\/may-dong-coc-dh400-bua-diezel-dd35.jpg\",\"contentUrl\":\"https:\\\/\\\/mayxaydunghanoi.com\\\/wp-content\\\/uploads\\\/2022\\\/04\\\/may-dong-coc-dh400-bua-diezel-dd35.jpg\",\"width\":600,\"height\":450},{\"@type\":\"BreadcrumbList\",\"@id\":\"https:\\\/\\\/mayxaydunghanoi.com\\\/vi\\\/san-pham\\\/may-dong-coc-dh400-bua-diezel-dd35\\\/#breadcrumb\",\"itemListElement\":[{\"@type\":\"ListItem\",\"position\":1,\"name\":\"Home\",\"item\":\"https:\\\/\\\/mayxaydunghanoi.com\\\/vi\\\/\"},{\"@type\":\"ListItem\",\"position\":2,\"name\":\"S\u1ea3n ph\u1ea9m\",\"item\":\"https:\\\/\\\/mayxaydunghanoi.com\\\/vi\\\/san-pham\\\/\"},{\"@type\":\"ListItem\",\"position\":3,\"name\":\"M\u00e1y \u0111\u00f3ng c\u1ecdc DH400 + B\u00faa Diezel DD35\"}]},{\"@type\":\"WebSite\",\"@id\":\"https:\\\/\\\/mayxaydunghanoi.com\\\/en\\\/#website\",\"url\":\"https:\\\/\\\/mayxaydunghanoi.com\\\/en\\\/\",\"name\":\"Hanoi Vietnam Co., Ltd\",\"description\":\"\",\"publisher\":{\"@id\":\"https:\\\/\\\/mayxaydunghanoi.com\\\/en\\\/#organization\"},\"potentialAction\":[{\"@type\":\"SearchAction\",\"target\":{\"@type\":\"EntryPoint\",\"urlTemplate\":\"https:\\\/\\\/mayxaydunghanoi.com\\\/en\\\/?s={search_term_string}\"},\"query-input\":{\"@type\":\"PropertyValueSpecification\",\"valueRequired\":true,\"valueName\":\"search_term_string\"}}],\"inLanguage\":\"vi-VN\"},{\"@type\":\"Organization\",\"@id\":\"https:\\\/\\\/mayxaydunghanoi.com\\\/en\\\/#organization\",\"name\":\"Hanoi Vietnam Co., Ltd\",\"url\":\"https:\\\/\\\/mayxaydunghanoi.com\\\/en\\\/\",\"logo\":{\"@type\":\"ImageObject\",\"inLanguage\":\"vi-VN\",\"@id\":\"https:\\\/\\\/mayxaydunghanoi.com\\\/en\\\/#\\\/schema\\\/logo\\\/image\\\/\",\"url\":\"https:\\\/\\\/mayxaydunghanoi.com\\\/wp-content\\\/uploads\\\/2018\\\/04\\\/Logo-mayxaydunghanoi-ok.png\",\"contentUrl\":\"https:\\\/\\\/mayxaydunghanoi.com\\\/wp-content\\\/uploads\\\/2018\\\/04\\\/Logo-mayxaydunghanoi-ok.png\",\"width\":900,\"height\":900,\"caption\":\"Hanoi Vietnam Co., Ltd\"},\"image\":{\"@id\":\"https:\\\/\\\/mayxaydunghanoi.com\\\/en\\\/#\\\/schema\\\/logo\\\/image\\\/\"}}]}<\/script>\n<!-- \/ Yoast SEO Premium plugin. -->","yoast_head_json":{"title":"M\u00e1y \u0111\u00f3ng c\u1ecdc DH400 + B\u00faa Diezel DD35 - Hanoi Vietnam Co., Ltd","robots":{"index":"index","follow":"follow","max-snippet":"max-snippet:-1","max-image-preview":"max-image-preview:large","max-video-preview":"max-video-preview:-1"},"canonical":"https:\/\/mayxaydunghanoi.com\/vi\/san-pham\/may-dong-coc-dh400-bua-diezel-dd35\/","og_locale":"vi_VN","og_type":"article","og_title":"M\u00e1y \u0111\u00f3ng c\u1ecdc DH400 + B\u00faa Diezel DD35","og_description":"B\u00e1n ho\u1eb7c cho thu\u00ea m\u00e1y \u0111\u00f3ng c\u1ecdc DH400 k\u00e8m b\u00faa Diezel DD35. Qu\u00fd kh\u00e1ch c\u00f3 nhu c\u1ea7u thu\u00ea mua li\u00ean h\u1ec7 0906 601 755.","og_url":"https:\/\/mayxaydunghanoi.com\/vi\/san-pham\/may-dong-coc-dh400-bua-diezel-dd35\/","og_site_name":"Hanoi Vietnam Co., Ltd","article_modified_time":"2022-04-21T13:46:20+00:00","og_image":[{"width":600,"height":450,"url":"https:\/\/mayxaydunghanoi.com\/wp-content\/uploads\/2022\/04\/may-dong-coc-dh400-bua-diezel-dd35.jpg","type":"image\/jpeg"}],"twitter_card":"summary_large_image","schema":{"@context":"https:\/\/schema.org","@graph":[{"@type":"WebPage","@id":"https:\/\/mayxaydunghanoi.com\/vi\/san-pham\/may-dong-coc-dh400-bua-diezel-dd35\/","url":"https:\/\/mayxaydunghanoi.com\/vi\/san-pham\/may-dong-coc-dh400-bua-diezel-dd35\/","name":"M\u00e1y \u0111\u00f3ng c\u1ecdc DH400 + B\u00faa Diezel DD35 - Hanoi Vietnam Co., Ltd","isPartOf":{"@id":"https:\/\/mayxaydunghanoi.com\/en\/#website"},"primaryImageOfPage":{"@id":"https:\/\/mayxaydunghanoi.com\/vi\/san-pham\/may-dong-coc-dh400-bua-diezel-dd35\/#primaryimage"},"image":{"@id":"https:\/\/mayxaydunghanoi.com\/vi\/san-pham\/may-dong-coc-dh400-bua-diezel-dd35\/#primaryimage"},"thumbnailUrl":"https:\/\/mayxaydunghanoi.com\/wp-content\/uploads\/2022\/04\/may-dong-coc-dh400-bua-diezel-dd35.jpg","datePublished":"2022-04-21T09:00:05+00:00","dateModified":"2022-04-21T13:46:20+00:00","breadcrumb":{"@id":"https:\/\/mayxaydunghanoi.com\/vi\/san-pham\/may-dong-coc-dh400-bua-diezel-dd35\/#breadcrumb"},"inLanguage":"vi-VN","potentialAction":[{"@type":"ReadAction","target":["https:\/\/mayxaydunghanoi.com\/vi\/san-pham\/may-dong-coc-dh400-bua-diezel-dd35\/"]}]},{"@type":"ImageObject","inLanguage":"vi-VN","@id":"https:\/\/mayxaydunghanoi.com\/vi\/san-pham\/may-dong-coc-dh400-bua-diezel-dd35\/#primaryimage","url":"https:\/\/mayxaydunghanoi.com\/wp-content\/uploads\/2022\/04\/may-dong-coc-dh400-bua-diezel-dd35.jpg","contentUrl":"https:\/\/mayxaydunghanoi.com\/wp-content\/uploads\/2022\/04\/may-dong-coc-dh400-bua-diezel-dd35.jpg","width":600,"height":450},{"@type":"BreadcrumbList","@id":"https:\/\/mayxaydunghanoi.com\/vi\/san-pham\/may-dong-coc-dh400-bua-diezel-dd35\/#breadcrumb","itemListElement":[{"@type":"ListItem","position":1,"name":"Home","item":"https:\/\/mayxaydunghanoi.com\/vi\/"},{"@type":"ListItem","position":2,"name":"S\u1ea3n ph\u1ea9m","item":"https:\/\/mayxaydunghanoi.com\/vi\/san-pham\/"},{"@type":"ListItem","position":3,"name":"M\u00e1y \u0111\u00f3ng c\u1ecdc DH400 + B\u00faa Diezel DD35"}]},{"@type":"WebSite","@id":"https:\/\/mayxaydunghanoi.com\/en\/#website","url":"https:\/\/mayxaydunghanoi.com\/en\/","name":"Hanoi Vietnam Co., Ltd","description":"","publisher":{"@id":"https:\/\/mayxaydunghanoi.com\/en\/#organization"},"potentialAction":[{"@type":"SearchAction","target":{"@type":"EntryPoint","urlTemplate":"https:\/\/mayxaydunghanoi.com\/en\/?s={search_term_string}"},"query-input":{"@type":"PropertyValueSpecification","valueRequired":true,"valueName":"search_term_string"}}],"inLanguage":"vi-VN"},{"@type":"Organization","@id":"https:\/\/mayxaydunghanoi.com\/en\/#organization","name":"Hanoi Vietnam Co., Ltd","url":"https:\/\/mayxaydunghanoi.com\/en\/","logo":{"@type":"ImageObject","inLanguage":"vi-VN","@id":"https:\/\/mayxaydunghanoi.com\/en\/#\/schema\/logo\/image\/","url":"https:\/\/mayxaydunghanoi.com\/wp-content\/uploads\/2018\/04\/Logo-mayxaydunghanoi-ok.png","contentUrl":"https:\/\/mayxaydunghanoi.com\/wp-content\/uploads\/2018\/04\/Logo-mayxaydunghanoi-ok.png","width":900,"height":900,"caption":"Hanoi Vietnam Co., Ltd"},"image":{"@id":"https:\/\/mayxaydunghanoi.com\/en\/#\/schema\/logo\/image\/"}}]}},"_links":{"self":[{"href":"https:\/\/mayxaydunghanoi.com\/vi\/wp-json\/wp\/v2\/product\/3962","targetHints":{"allow":["GET"]}}],"collection":[{"href":"https:\/\/mayxaydunghanoi.com\/vi\/wp-json\/wp\/v2\/product"}],"about":[{"href":"https:\/\/mayxaydunghanoi.com\/vi\/wp-json\/wp\/v2\/types\/product"}],"replies":[{"embeddable":true,"href":"https:\/\/mayxaydunghanoi.com\/vi\/wp-json\/wp\/v2\/comments?post=3962"}],"wp:featuredmedia":[{"embeddable":true,"href":"https:\/\/mayxaydunghanoi.com\/vi\/wp-json\/wp\/v2\/media\/3972"}],"wp:attachment":[{"href":"https:\/\/mayxaydunghanoi.com\/vi\/wp-json\/wp\/v2\/media?parent=3962"}],"wp:term":[{"taxonomy":"product_brand","embeddable":true,"href":"https:\/\/mayxaydunghanoi.com\/vi\/wp-json\/wp\/v2\/product_brand?post=3962"},{"taxonomy":"product_cat","embeddable":true,"href":"https:\/\/mayxaydunghanoi.com\/vi\/wp-json\/wp\/v2\/product_cat?post=3962"},{"taxonomy":"product_tag","embeddable":true,"href":"https:\/\/mayxaydunghanoi.com\/vi\/wp-json\/wp\/v2\/product_tag?post=3962"}],"curies":[{"name":"wp","href":"https:\/\/api.w.org\/{rel}","templated":true}]}}