{"id":3227,"date":"2020-09-25T15:45:40","date_gmt":"2020-09-25T08:45:40","guid":{"rendered":"https:\/\/mayxaydunghanoi.com\/?post_type=product&#038;p=3227"},"modified":"2020-09-25T15:45:40","modified_gmt":"2020-09-25T08:45:40","slug":"may-xuc-lat-jf932g-dung-tich-gau-1m3","status":"publish","type":"product","link":"https:\/\/mayxaydunghanoi.com\/vi\/san-pham\/may-xuc-lat-jf932g-dung-tich-gau-1m3\/","title":{"rendered":"M\u00e1y x\u00fac l\u1eadt JF932G dung t\u00edch g\u1ea7u 1m3"},"content":{"rendered":"<h2>M\u00e1y x\u00fac l\u1eadt JF932G \u0111\u01b0\u1ee3c c\u00f4ng ty TNHH Hanoi Vietnam nh\u1eadp kh\u1ea9u tr\u1ef1c ti\u1ebfp t\u1eeb Trung Qu\u1ed1c. M\u00e1y x\u00fac c\u00f3 t\u1ea3i tr\u1ecdng n\u00e2ng 2000kg v\u00e0 s\u1eed d\u1ee5ng g\u1ea7u 1m3.<\/h2>\n<figure id=\"attachment_3228\" aria-describedby=\"caption-attachment-3228\" style=\"width: 600px\" class=\"wp-caption aligncenter\"><img loading=\"lazy\" decoding=\"async\" class=\"size-full wp-image-3228\" src=\"https:\/\/mayxaydunghanoi.com\/wp-content\/uploads\/2020\/09\/may-xuc-lat-jf932g-dung-tich-gau-1m3-0.jpg\" alt=\"M\u00e1y x\u00fac l\u1eadt JF932G dung t\u00edch g\u1ea7u 1m3\" width=\"600\" height=\"338\" srcset=\"https:\/\/mayxaydunghanoi.com\/wp-content\/uploads\/2020\/09\/may-xuc-lat-jf932g-dung-tich-gau-1m3-0.jpg 600w, https:\/\/mayxaydunghanoi.com\/wp-content\/uploads\/2020\/09\/may-xuc-lat-jf932g-dung-tich-gau-1m3-0-510x287.jpg 510w\" sizes=\"auto, (max-width: 600px) 100vw, 600px\" \/><figcaption id=\"caption-attachment-3228\" class=\"wp-caption-text\">X\u00fac l\u1eadt JF932G<\/figcaption><\/figure>\n<p>K\u00ednh ch\u00e0o qu\u00fd kh\u00e1ch h\u00e0ng, n\u1eafm b\u1eaft \u0111\u01b0\u1ee3c nhu c\u1ea7u v\u1ec1 vi\u1ec7c s\u1eed d\u1ee5ng m\u00e1y x\u00fac n\u00f3i chung v\u00e0 m\u00e1y x\u00fac l\u1eadt n\u00f3i ri\u00eang t\u1ea1i th\u1ecb tr\u01b0\u1eddng Vi\u1ec7t Nam, Hanoi Vietnam \u0111\u00e3 nh\u1eadp v\u1ec1 lo\u1ea1i m\u00e1y x\u00fac mang th\u01b0\u01a1ng hi\u1ec7u ZKJF &#8211; JongKeJufeng thu\u1ed9c c\u00f4ng ty Laizhou Jufeng, m\u1ed9t trong nh\u1eefng c\u00f4ng ty chuy\u00ean s\u1ea3n xu\u1ea5t m\u00e1y x\u00e2y d\u1ef1ng h\u00e0ng \u0111\u1ea7u Trung Qu\u1ed1c.<\/p>\n<p>JF932G l\u00e0 lo\u1ea1i m\u00e1y x\u00fac l\u1eadt mini v\u1edbi \u01b0u \u0111i\u1ec3m thi\u1ebft k\u1ebf nh\u1ecf g\u1ecdn, tr\u1ecdng l\u01b0\u1ee3ng m\u00e1y 450kg; c\u00f4ng su\u1ea5t 76kw, g\u1ea7u 1 m\u00e9t kh\u1ed1i, t\u1ea3i tr\u1ecdng n\u00e2ng 2 t\u1ea5n, di chuy\u1ec3n b\u1eb1ng b\u00e1nh l\u1ed1p c\u00f3 t\u1ed1c \u0111\u1ed9 di chuy\u1ec3n nhanh n\u00ean th\u00edch h\u1ee3p l\u00e0m c\u00e1c c\u00f4ng vi\u1ec7c nh\u01b0 x\u00fac v\u1eadt li\u1ec7u, kho\u00e1ng s\u1ea3n (than, \u0111\u00e1) t\u1ea1i c\u00f4ng tr\u01b0\u1eddng, nh\u00e0 m\u00e1y, b\u1ebfn b\u00e3i.. v\u1eeba v\u00e0 l\u1edbn.<\/p>\n<h3>Th\u00f4ng s\u1ed1 k\u1ef9 thu\u1eadt m\u00e1y x\u00fac l\u1eadt JF932G<\/h3>\n<p><img loading=\"lazy\" decoding=\"async\" class=\"aligncenter size-full wp-image-3230\" src=\"https:\/\/mayxaydunghanoi.com\/wp-content\/uploads\/2020\/09\/may-xuc-lat-jf932g-dung-tich-gau-1m3-7.png\" alt=\"M\u00e1y x\u00fac l\u1eadt JF932G dung t\u00edch g\u1ea7u 1m3-1\" width=\"800\" height=\"333\" srcset=\"https:\/\/mayxaydunghanoi.com\/wp-content\/uploads\/2020\/09\/may-xuc-lat-jf932g-dung-tich-gau-1m3-7.png 800w, https:\/\/mayxaydunghanoi.com\/wp-content\/uploads\/2020\/09\/may-xuc-lat-jf932g-dung-tich-gau-1m3-7-510x212.png 510w, https:\/\/mayxaydunghanoi.com\/wp-content\/uploads\/2020\/09\/may-xuc-lat-jf932g-dung-tich-gau-1m3-7-768x320.png 768w, https:\/\/mayxaydunghanoi.com\/wp-content\/uploads\/2020\/09\/may-xuc-lat-jf932g-dung-tich-gau-1m3-7-600x250.png 600w\" sizes=\"auto, (max-width: 800px) 100vw, 800px\" \/><\/p>\n<h3>H\u00ecnh \u1ea3nh M\u00e1y x\u00fac l\u1eadt g\u1ea7u 1m3 JF932G<\/h3>\n<p>D\u01b0\u1edbi \u0111\u00e2y l\u00e0 h\u00ecnh \u1ea3nh c\u1ee7a m\u00e1y x\u00fac l\u1eadt JF932G, qu\u00fd kh\u00e1ch c\u1ea7n xem tr\u1ef1c ti\u1ebfp vui l\u00f2ng g\u1ecdi 0906 601 755. Xin c\u1ea3m \u01a1n.<\/p>\n<p><img loading=\"lazy\" decoding=\"async\" class=\"aligncenter size-full wp-image-3232\" src=\"https:\/\/mayxaydunghanoi.com\/wp-content\/uploads\/2020\/09\/may-xuc-lat-jf932g-dung-tich-gau-1m3-2.jpg\" alt=\"M\u00e1y x\u00fac l\u1eadt JF932G dung t\u00edch g\u1ea7u 1m3-2\" width=\"600\" height=\"338\" srcset=\"https:\/\/mayxaydunghanoi.com\/wp-content\/uploads\/2020\/09\/may-xuc-lat-jf932g-dung-tich-gau-1m3-2.jpg 600w, https:\/\/mayxaydunghanoi.com\/wp-content\/uploads\/2020\/09\/may-xuc-lat-jf932g-dung-tich-gau-1m3-2-510x287.jpg 510w\" sizes=\"auto, (max-width: 600px) 100vw, 600px\" \/><\/p>\n<p><img loading=\"lazy\" decoding=\"async\" class=\"aligncenter size-full wp-image-3234\" src=\"https:\/\/mayxaydunghanoi.com\/wp-content\/uploads\/2020\/09\/may-xuc-lat-jf932g-dung-tich-gau-1m3-3.jpg\" alt=\"M\u00e1y x\u00fac l\u1eadt JF932G dung t\u00edch g\u1ea7u 1m3-3\" width=\"600\" height=\"338\" srcset=\"https:\/\/mayxaydunghanoi.com\/wp-content\/uploads\/2020\/09\/may-xuc-lat-jf932g-dung-tich-gau-1m3-3.jpg 600w, https:\/\/mayxaydunghanoi.com\/wp-content\/uploads\/2020\/09\/may-xuc-lat-jf932g-dung-tich-gau-1m3-3-510x287.jpg 510w\" sizes=\"auto, (max-width: 600px) 100vw, 600px\" \/> <img loading=\"lazy\" decoding=\"async\" class=\"aligncenter size-full wp-image-3236\" src=\"https:\/\/mayxaydunghanoi.com\/wp-content\/uploads\/2020\/09\/may-xuc-lat-jf932g-dung-tich-gau-1m3-4.jpg\" alt=\"M\u00e1y x\u00fac l\u1eadt JF932G dung t\u00edch g\u1ea7u 1m3-4\" width=\"600\" height=\"338\" srcset=\"https:\/\/mayxaydunghanoi.com\/wp-content\/uploads\/2020\/09\/may-xuc-lat-jf932g-dung-tich-gau-1m3-4.jpg 600w, https:\/\/mayxaydunghanoi.com\/wp-content\/uploads\/2020\/09\/may-xuc-lat-jf932g-dung-tich-gau-1m3-4-510x287.jpg 510w\" sizes=\"auto, (max-width: 600px) 100vw, 600px\" \/><\/p>\n<p><img loading=\"lazy\" decoding=\"async\" class=\"aligncenter size-full wp-image-3238\" src=\"https:\/\/mayxaydunghanoi.com\/wp-content\/uploads\/2020\/09\/may-xuc-lat-jf932g-dung-tich-gau-1m3-5.jpg\" alt=\"M\u00e1y x\u00fac l\u1eadt JF932G dung t\u00edch g\u1ea7u 1m3-5\" width=\"600\" height=\"338\" srcset=\"https:\/\/mayxaydunghanoi.com\/wp-content\/uploads\/2020\/09\/may-xuc-lat-jf932g-dung-tich-gau-1m3-5.jpg 600w, https:\/\/mayxaydunghanoi.com\/wp-content\/uploads\/2020\/09\/may-xuc-lat-jf932g-dung-tich-gau-1m3-5-510x287.jpg 510w\" sizes=\"auto, (max-width: 600px) 100vw, 600px\" \/><\/p>\n<p><img loading=\"lazy\" decoding=\"async\" class=\"aligncenter size-full wp-image-3240\" src=\"https:\/\/mayxaydunghanoi.com\/wp-content\/uploads\/2020\/09\/may-xuc-lat-jf932g-dung-tich-gau-1m3-6.jpg\" alt=\"M\u00e1y x\u00fac l\u1eadt JF932G dung t\u00edch g\u1ea7u 1m3-6\" width=\"600\" height=\"338\" srcset=\"https:\/\/mayxaydunghanoi.com\/wp-content\/uploads\/2020\/09\/may-xuc-lat-jf932g-dung-tich-gau-1m3-6.jpg 600w, https:\/\/mayxaydunghanoi.com\/wp-content\/uploads\/2020\/09\/may-xuc-lat-jf932g-dung-tich-gau-1m3-6-510x287.jpg 510w\" sizes=\"auto, (max-width: 600px) 100vw, 600px\" \/><\/p>\n","protected":false},"excerpt":{"rendered":"<ul>\n<li>T\u00ean g\u1ecdi: m\u00e1y x\u00fac l\u1eadt JF932G<\/li>\n<li>Xu\u1ea5t x\u1ee9: Trung Qu\u1ed1c<\/li>\n<li>S\u1eed d\u1ee5ng g\u1ea7u: 1m3<\/li>\n<li>T\u00ecnh tr\u1ea1ng: m\u1edbi 100%<\/li>\n<\/ul>\n","protected":false},"featured_media":3228,"comment_status":"open","ping_status":"closed","template":"","meta":[],"product_brand":[],"product_cat":[326],"product_tag":[451,275,336,269,267,450],"class_list":{"0":"post-3227","1":"product","2":"type-product","3":"status-publish","4":"has-post-thumbnail","6":"product_cat-may-xuc-lat-zkjf","7":"product_tag-jf932g","8":"product_tag-may-xuc-gau-1m3","9":"product_tag-may-xuc-trung-quoc","10":"product_tag-xuc-lat","11":"product_tag-zkjf","12":"product_tag-zkjf932g","14":"first","15":"instock","16":"shipping-taxable","17":"product-type-simple"},"yoast_head":"<!-- This site is optimized with the Yoast SEO Premium plugin v26.1 (Yoast SEO v26.6) - https:\/\/yoast.com\/wordpress\/plugins\/seo\/ -->\n<title>M\u00e1y x\u00fac l\u1eadt JF932G dung t\u00edch g\u1ea7u 1m3 - Hanoi Vietnam Co., Ltd<\/title>\n<meta name=\"robots\" content=\"index, follow, max-snippet:-1, max-image-preview:large, max-video-preview:-1\" \/>\n<link rel=\"canonical\" href=\"https:\/\/mayxaydunghanoi.com\/vi\/san-pham\/may-xuc-lat-jf932g-dung-tich-gau-1m3\/\" \/>\n<meta property=\"og:locale\" content=\"vi_VN\" \/>\n<meta property=\"og:type\" content=\"article\" \/>\n<meta property=\"og:title\" content=\"M\u00e1y x\u00fac l\u1eadt JF932G dung t\u00edch g\u1ea7u 1m3\" \/>\n<meta property=\"og:description\" content=\"T\u00ean g\u1ecdi: m\u00e1y x\u00fac l\u1eadt JF932G  Xu\u1ea5t x\u1ee9: Trung Qu\u1ed1c  S\u1eed d\u1ee5ng g\u1ea7u: 1m3  T\u00ecnh tr\u1ea1ng: m\u1edbi 100%\" \/>\n<meta property=\"og:url\" content=\"https:\/\/mayxaydunghanoi.com\/vi\/san-pham\/may-xuc-lat-jf932g-dung-tich-gau-1m3\/\" \/>\n<meta property=\"og:site_name\" content=\"Hanoi Vietnam Co., Ltd\" \/>\n<meta property=\"og:image\" content=\"https:\/\/mayxaydunghanoi.com\/wp-content\/uploads\/2020\/09\/may-xuc-lat-jf932g-dung-tich-gau-1m3-0.jpg\" \/>\n\t<meta property=\"og:image:width\" content=\"600\" \/>\n\t<meta property=\"og:image:height\" content=\"338\" \/>\n\t<meta property=\"og:image:type\" content=\"image\/jpeg\" \/>\n<meta name=\"twitter:card\" content=\"summary_large_image\" \/>\n<meta name=\"twitter:label1\" content=\"Est. reading time\" \/>\n\t<meta name=\"twitter:data1\" content=\"2 minutes\" \/>\n<script type=\"application\/ld+json\" class=\"yoast-schema-graph\">{\"@context\":\"https:\/\/schema.org\",\"@graph\":[{\"@type\":\"WebPage\",\"@id\":\"https:\/\/mayxaydunghanoi.com\/vi\/san-pham\/may-xuc-lat-jf932g-dung-tich-gau-1m3\/\",\"url\":\"https:\/\/mayxaydunghanoi.com\/vi\/san-pham\/may-xuc-lat-jf932g-dung-tich-gau-1m3\/\",\"name\":\"M\u00e1y x\u00fac l\u1eadt JF932G dung t\u00edch g\u1ea7u 1m3 - Hanoi Vietnam Co., Ltd\",\"isPartOf\":{\"@id\":\"https:\/\/mayxaydunghanoi.com\/en\/#website\"},\"primaryImageOfPage\":{\"@id\":\"https:\/\/mayxaydunghanoi.com\/vi\/san-pham\/may-xuc-lat-jf932g-dung-tich-gau-1m3\/#primaryimage\"},\"image\":{\"@id\":\"https:\/\/mayxaydunghanoi.com\/vi\/san-pham\/may-xuc-lat-jf932g-dung-tich-gau-1m3\/#primaryimage\"},\"thumbnailUrl\":\"https:\/\/mayxaydunghanoi.com\/wp-content\/uploads\/2020\/09\/may-xuc-lat-jf932g-dung-tich-gau-1m3-0.jpg\",\"datePublished\":\"2020-09-25T08:45:40+00:00\",\"breadcrumb\":{\"@id\":\"https:\/\/mayxaydunghanoi.com\/vi\/san-pham\/may-xuc-lat-jf932g-dung-tich-gau-1m3\/#breadcrumb\"},\"inLanguage\":\"vi-VN\",\"potentialAction\":[{\"@type\":\"ReadAction\",\"target\":[\"https:\/\/mayxaydunghanoi.com\/vi\/san-pham\/may-xuc-lat-jf932g-dung-tich-gau-1m3\/\"]}]},{\"@type\":\"ImageObject\",\"inLanguage\":\"vi-VN\",\"@id\":\"https:\/\/mayxaydunghanoi.com\/vi\/san-pham\/may-xuc-lat-jf932g-dung-tich-gau-1m3\/#primaryimage\",\"url\":\"https:\/\/mayxaydunghanoi.com\/wp-content\/uploads\/2020\/09\/may-xuc-lat-jf932g-dung-tich-gau-1m3-0.jpg\",\"contentUrl\":\"https:\/\/mayxaydunghanoi.com\/wp-content\/uploads\/2020\/09\/may-xuc-lat-jf932g-dung-tich-gau-1m3-0.jpg\",\"width\":600,\"height\":338,\"caption\":\"X\u00fac l\u1eadt JF932G\"},{\"@type\":\"BreadcrumbList\",\"@id\":\"https:\/\/mayxaydunghanoi.com\/vi\/san-pham\/may-xuc-lat-jf932g-dung-tich-gau-1m3\/#breadcrumb\",\"itemListElement\":[{\"@type\":\"ListItem\",\"position\":1,\"name\":\"Home\",\"item\":\"https:\/\/mayxaydunghanoi.com\/vi\/\"},{\"@type\":\"ListItem\",\"position\":2,\"name\":\"S\u1ea3n ph\u1ea9m\",\"item\":\"https:\/\/mayxaydunghanoi.com\/vi\/san-pham\/\"},{\"@type\":\"ListItem\",\"position\":3,\"name\":\"M\u00e1y x\u00fac l\u1eadt JF932G dung t\u00edch g\u1ea7u 1m3\"}]},{\"@type\":\"WebSite\",\"@id\":\"https:\/\/mayxaydunghanoi.com\/en\/#website\",\"url\":\"https:\/\/mayxaydunghanoi.com\/en\/\",\"name\":\"Hanoi Vietnam Co., Ltd\",\"description\":\"\",\"publisher\":{\"@id\":\"https:\/\/mayxaydunghanoi.com\/en\/#organization\"},\"potentialAction\":[{\"@type\":\"SearchAction\",\"target\":{\"@type\":\"EntryPoint\",\"urlTemplate\":\"https:\/\/mayxaydunghanoi.com\/en\/?s={search_term_string}\"},\"query-input\":{\"@type\":\"PropertyValueSpecification\",\"valueRequired\":true,\"valueName\":\"search_term_string\"}}],\"inLanguage\":\"vi-VN\"},{\"@type\":\"Organization\",\"@id\":\"https:\/\/mayxaydunghanoi.com\/en\/#organization\",\"name\":\"Hanoi Vietnam Co., Ltd\",\"url\":\"https:\/\/mayxaydunghanoi.com\/en\/\",\"logo\":{\"@type\":\"ImageObject\",\"inLanguage\":\"vi-VN\",\"@id\":\"https:\/\/mayxaydunghanoi.com\/en\/#\/schema\/logo\/image\/\",\"url\":\"https:\/\/mayxaydunghanoi.com\/wp-content\/uploads\/2018\/04\/Logo-mayxaydunghanoi-ok.png\",\"contentUrl\":\"https:\/\/mayxaydunghanoi.com\/wp-content\/uploads\/2018\/04\/Logo-mayxaydunghanoi-ok.png\",\"width\":900,\"height\":900,\"caption\":\"Hanoi Vietnam Co., Ltd\"},\"image\":{\"@id\":\"https:\/\/mayxaydunghanoi.com\/en\/#\/schema\/logo\/image\/\"}}]}<\/script>\n<!-- \/ Yoast SEO Premium plugin. -->","yoast_head_json":{"title":"M\u00e1y x\u00fac l\u1eadt JF932G dung t\u00edch g\u1ea7u 1m3 - Hanoi Vietnam Co., Ltd","robots":{"index":"index","follow":"follow","max-snippet":"max-snippet:-1","max-image-preview":"max-image-preview:large","max-video-preview":"max-video-preview:-1"},"canonical":"https:\/\/mayxaydunghanoi.com\/vi\/san-pham\/may-xuc-lat-jf932g-dung-tich-gau-1m3\/","og_locale":"vi_VN","og_type":"article","og_title":"M\u00e1y x\u00fac l\u1eadt JF932G dung t\u00edch g\u1ea7u 1m3","og_description":"T\u00ean g\u1ecdi: m\u00e1y x\u00fac l\u1eadt JF932G  Xu\u1ea5t x\u1ee9: Trung Qu\u1ed1c  S\u1eed d\u1ee5ng g\u1ea7u: 1m3  T\u00ecnh tr\u1ea1ng: m\u1edbi 100%","og_url":"https:\/\/mayxaydunghanoi.com\/vi\/san-pham\/may-xuc-lat-jf932g-dung-tich-gau-1m3\/","og_site_name":"Hanoi Vietnam Co., Ltd","og_image":[{"width":600,"height":338,"url":"https:\/\/mayxaydunghanoi.com\/wp-content\/uploads\/2020\/09\/may-xuc-lat-jf932g-dung-tich-gau-1m3-0.jpg","type":"image\/jpeg"}],"twitter_card":"summary_large_image","twitter_misc":{"Est. reading time":"2 minutes"},"schema":{"@context":"https:\/\/schema.org","@graph":[{"@type":"WebPage","@id":"https:\/\/mayxaydunghanoi.com\/vi\/san-pham\/may-xuc-lat-jf932g-dung-tich-gau-1m3\/","url":"https:\/\/mayxaydunghanoi.com\/vi\/san-pham\/may-xuc-lat-jf932g-dung-tich-gau-1m3\/","name":"M\u00e1y x\u00fac l\u1eadt JF932G dung t\u00edch g\u1ea7u 1m3 - Hanoi Vietnam Co., Ltd","isPartOf":{"@id":"https:\/\/mayxaydunghanoi.com\/en\/#website"},"primaryImageOfPage":{"@id":"https:\/\/mayxaydunghanoi.com\/vi\/san-pham\/may-xuc-lat-jf932g-dung-tich-gau-1m3\/#primaryimage"},"image":{"@id":"https:\/\/mayxaydunghanoi.com\/vi\/san-pham\/may-xuc-lat-jf932g-dung-tich-gau-1m3\/#primaryimage"},"thumbnailUrl":"https:\/\/mayxaydunghanoi.com\/wp-content\/uploads\/2020\/09\/may-xuc-lat-jf932g-dung-tich-gau-1m3-0.jpg","datePublished":"2020-09-25T08:45:40+00:00","breadcrumb":{"@id":"https:\/\/mayxaydunghanoi.com\/vi\/san-pham\/may-xuc-lat-jf932g-dung-tich-gau-1m3\/#breadcrumb"},"inLanguage":"vi-VN","potentialAction":[{"@type":"ReadAction","target":["https:\/\/mayxaydunghanoi.com\/vi\/san-pham\/may-xuc-lat-jf932g-dung-tich-gau-1m3\/"]}]},{"@type":"ImageObject","inLanguage":"vi-VN","@id":"https:\/\/mayxaydunghanoi.com\/vi\/san-pham\/may-xuc-lat-jf932g-dung-tich-gau-1m3\/#primaryimage","url":"https:\/\/mayxaydunghanoi.com\/wp-content\/uploads\/2020\/09\/may-xuc-lat-jf932g-dung-tich-gau-1m3-0.jpg","contentUrl":"https:\/\/mayxaydunghanoi.com\/wp-content\/uploads\/2020\/09\/may-xuc-lat-jf932g-dung-tich-gau-1m3-0.jpg","width":600,"height":338,"caption":"X\u00fac l\u1eadt JF932G"},{"@type":"BreadcrumbList","@id":"https:\/\/mayxaydunghanoi.com\/vi\/san-pham\/may-xuc-lat-jf932g-dung-tich-gau-1m3\/#breadcrumb","itemListElement":[{"@type":"ListItem","position":1,"name":"Home","item":"https:\/\/mayxaydunghanoi.com\/vi\/"},{"@type":"ListItem","position":2,"name":"S\u1ea3n ph\u1ea9m","item":"https:\/\/mayxaydunghanoi.com\/vi\/san-pham\/"},{"@type":"ListItem","position":3,"name":"M\u00e1y x\u00fac l\u1eadt JF932G dung t\u00edch g\u1ea7u 1m3"}]},{"@type":"WebSite","@id":"https:\/\/mayxaydunghanoi.com\/en\/#website","url":"https:\/\/mayxaydunghanoi.com\/en\/","name":"Hanoi Vietnam Co., Ltd","description":"","publisher":{"@id":"https:\/\/mayxaydunghanoi.com\/en\/#organization"},"potentialAction":[{"@type":"SearchAction","target":{"@type":"EntryPoint","urlTemplate":"https:\/\/mayxaydunghanoi.com\/en\/?s={search_term_string}"},"query-input":{"@type":"PropertyValueSpecification","valueRequired":true,"valueName":"search_term_string"}}],"inLanguage":"vi-VN"},{"@type":"Organization","@id":"https:\/\/mayxaydunghanoi.com\/en\/#organization","name":"Hanoi Vietnam Co., Ltd","url":"https:\/\/mayxaydunghanoi.com\/en\/","logo":{"@type":"ImageObject","inLanguage":"vi-VN","@id":"https:\/\/mayxaydunghanoi.com\/en\/#\/schema\/logo\/image\/","url":"https:\/\/mayxaydunghanoi.com\/wp-content\/uploads\/2018\/04\/Logo-mayxaydunghanoi-ok.png","contentUrl":"https:\/\/mayxaydunghanoi.com\/wp-content\/uploads\/2018\/04\/Logo-mayxaydunghanoi-ok.png","width":900,"height":900,"caption":"Hanoi Vietnam Co., Ltd"},"image":{"@id":"https:\/\/mayxaydunghanoi.com\/en\/#\/schema\/logo\/image\/"}}]}},"_links":{"self":[{"href":"https:\/\/mayxaydunghanoi.com\/vi\/wp-json\/wp\/v2\/product\/3227","targetHints":{"allow":["GET"]}}],"collection":[{"href":"https:\/\/mayxaydunghanoi.com\/vi\/wp-json\/wp\/v2\/product"}],"about":[{"href":"https:\/\/mayxaydunghanoi.com\/vi\/wp-json\/wp\/v2\/types\/product"}],"replies":[{"embeddable":true,"href":"https:\/\/mayxaydunghanoi.com\/vi\/wp-json\/wp\/v2\/comments?post=3227"}],"wp:featuredmedia":[{"embeddable":true,"href":"https:\/\/mayxaydunghanoi.com\/vi\/wp-json\/wp\/v2\/media\/3228"}],"wp:attachment":[{"href":"https:\/\/mayxaydunghanoi.com\/vi\/wp-json\/wp\/v2\/media?parent=3227"}],"wp:term":[{"taxonomy":"product_brand","embeddable":true,"href":"https:\/\/mayxaydunghanoi.com\/vi\/wp-json\/wp\/v2\/product_brand?post=3227"},{"taxonomy":"product_cat","embeddable":true,"href":"https:\/\/mayxaydunghanoi.com\/vi\/wp-json\/wp\/v2\/product_cat?post=3227"},{"taxonomy":"product_tag","embeddable":true,"href":"https:\/\/mayxaydunghanoi.com\/vi\/wp-json\/wp\/v2\/product_tag?post=3227"}],"curies":[{"name":"wp","href":"https:\/\/api.w.org\/{rel}","templated":true}]}}