{"id":3177,"date":"2020-09-23T16:43:59","date_gmt":"2020-09-23T09:43:59","guid":{"rendered":"https:\/\/mayxaydunghanoi.com\/?post_type=product&#038;p=3177"},"modified":"2020-09-24T05:48:58","modified_gmt":"2020-09-23T22:48:58","slug":"may-xuc-lat-jf910g-dung-tich-gau-0-6m3","status":"publish","type":"product","link":"https:\/\/mayxaydunghanoi.com\/vi\/san-pham\/may-xuc-lat-jf910g-dung-tich-gau-0-6m3\/","title":{"rendered":"M\u00e1y x\u00fac l\u1eadt JF910G dung t\u00edch g\u1ea7u 0.6m3"},"content":{"rendered":"<h2>M\u00e1y x\u00fac l\u1eadt JF910G \u0111\u01b0\u1ee3c c\u00f4ng ty TNHH Hanoi Vietnam nh\u1eadp kh\u1ea9u tr\u1ef1c ti\u1ebfp t\u1eeb Trung Qu\u1ed1c. JF910G c\u00f3 t\u1ea3i tr\u1ecdng n\u00e2ng 1000kg v\u00e0 s\u1eed d\u1ee5ng g\u1ea7u 0.6m3.<\/h2>\n<p>K\u00ednh ch\u00e0o qu\u00fd kh\u00e1ch h\u00e0ng, n\u1eafm b\u1eaft \u0111\u01b0\u1ee3c nhu c\u1ea7u v\u1ec1 vi\u1ec7c s\u1eed d\u1ee5ng m\u00e1y x\u00fac n\u00f3i chung v\u00e0 m\u00e1y x\u00fac l\u1eadt n\u00f3i ri\u00eang t\u1ea1i th\u1ecb tr\u01b0\u1eddng Vi\u1ec7t Nam, Hanoi Vietnam \u0111\u00e3 nh\u1eadp v\u1ec1 lo\u1ea1i m\u00e1y x\u00fac mang th\u01b0\u01a1ng hi\u1ec7u ZKJF &#8211; JongKeJufeng thu\u1ed9c c\u00f4ng ty Laizhou Jufeng, m\u1ed9t trong nh\u1eefng c\u00f4ng ty chuy\u00ean s\u1ea3n xu\u1ea5t m\u00e1y x\u00e2y d\u1ef1ng h\u00e0ng \u0111\u1ea7u Trung Qu\u1ed1c. V\u00e0 m\u00e1y x\u00fac l\u1eadt JF910G l\u00e0 m\u1ed9t trong s\u1ed1 \u0111\u00f3.<\/p>\n<figure id=\"attachment_3178\" aria-describedby=\"caption-attachment-3178\" style=\"width: 600px\" class=\"wp-caption aligncenter\"><img loading=\"lazy\" decoding=\"async\" class=\"size-full wp-image-3178\" src=\"https:\/\/mayxaydunghanoi.com\/wp-content\/uploads\/2020\/09\/may-xuc-lat-jf910g-dung-tich-gau-0-6m3.jpg\" alt=\"M\u00e1y x\u00fac l\u1eadt JF910G dung t\u00edch g\u1ea7u 0.6m3\" width=\"600\" height=\"400\" srcset=\"https:\/\/mayxaydunghanoi.com\/wp-content\/uploads\/2020\/09\/may-xuc-lat-jf910g-dung-tich-gau-0-6m3.jpg 600w, https:\/\/mayxaydunghanoi.com\/wp-content\/uploads\/2020\/09\/may-xuc-lat-jf910g-dung-tich-gau-0-6m3-510x340.jpg 510w\" sizes=\"auto, (max-width: 600px) 100vw, 600px\" \/><figcaption id=\"caption-attachment-3178\" class=\"wp-caption-text\">X\u00fac l\u1eadt JF910G<\/figcaption><\/figure>\n<p>M\u00e1y x\u00fac JF910G l\u00e0 chi\u1ebfc m\u00e1y x\u00fac l\u1eadt mini v\u1edbi \u01b0u \u0111i\u1ec3m thi\u1ebft k\u1ebf nh\u1ecf g\u1ecdn, tr\u1ecdng l\u01b0\u1ee3ng m\u00e1y khi v\u1eadn h\u00e0nh 2350KG; c\u00f4ng su\u1ea5t 42kw, g\u1ea7u 0.6 kh\u1ed1i, t\u1ea3i tr\u1ecdng n\u00e2ng 1000kg, chi\u1ec1u cao \u0111\u1ed5 2,8m. X\u00fac l\u1eadt JF910G di chuy\u1ec3n b\u1eb1ng b\u00e1nh l\u1ed1p c\u00f3 t\u1ed1c \u0111\u1ed9 di chuy\u1ec3n nhanh, chuy\u00ean x\u00fac v\u1eadt li\u1ec7u, than, \u0111\u00e1 \u1edf nh\u1eefng b\u1ebfn b\u00e3i.. v\u1eeba v\u00e0 nh\u1ecf.<\/p>\n<h3>Th\u00f4ng s\u1ed1 k\u1ef9 thu\u1eadt m\u00e1y x\u00fac l\u1eadt JF910G<\/h3>\n<p><img loading=\"lazy\" decoding=\"async\" class=\"aligncenter size-full wp-image-3180\" src=\"https:\/\/mayxaydunghanoi.com\/wp-content\/uploads\/2020\/09\/may-xuc-lat-jf910g-dung-tich-gau-0-6m3-1.png\" alt=\"M\u00e1y x\u00fac l\u1eadt JF910G dung t\u00edch g\u1ea7u 0.6m3-1\" width=\"800\" height=\"337\" srcset=\"https:\/\/mayxaydunghanoi.com\/wp-content\/uploads\/2020\/09\/may-xuc-lat-jf910g-dung-tich-gau-0-6m3-1.png 800w, https:\/\/mayxaydunghanoi.com\/wp-content\/uploads\/2020\/09\/may-xuc-lat-jf910g-dung-tich-gau-0-6m3-1-510x215.png 510w, https:\/\/mayxaydunghanoi.com\/wp-content\/uploads\/2020\/09\/may-xuc-lat-jf910g-dung-tich-gau-0-6m3-1-768x324.png 768w, https:\/\/mayxaydunghanoi.com\/wp-content\/uploads\/2020\/09\/may-xuc-lat-jf910g-dung-tich-gau-0-6m3-1-600x253.png 600w\" sizes=\"auto, (max-width: 800px) 100vw, 800px\" \/><\/p>\n<h3>H\u00ecnh \u1ea3nh M\u00e1y x\u00fac l\u1eadt g\u1ea7u 0.6m3 JF910G<\/h3>\n<p>D\u01b0\u1edbi \u0111\u00e2y l\u00e0 h\u00ecnh \u1ea3nh c\u1ee7a m\u00e1y x\u00fac l\u1eadt JF910G, qu\u00fd kh\u00e1ch c\u1ea7n xem m\u00e1y tr\u1ef1c ti\u1ebfp t\u1ea1i kho b\u00e3i vui l\u00f2ng li\u00ean h\u1ec7 0906 601 755. Xin c\u1ea3m \u01a1n.<\/p>\n<p><img loading=\"lazy\" decoding=\"async\" class=\"aligncenter size-full wp-image-3182\" src=\"https:\/\/mayxaydunghanoi.com\/wp-content\/uploads\/2020\/09\/may-xuc-lat-jf910g-dung-tich-gau-0-6m3-2.jpg\" alt=\"M\u00e1y x\u00fac l\u1eadt JF910G dung t\u00edch g\u1ea7u 0.6m3-2\" width=\"600\" height=\"400\" srcset=\"https:\/\/mayxaydunghanoi.com\/wp-content\/uploads\/2020\/09\/may-xuc-lat-jf910g-dung-tich-gau-0-6m3-2.jpg 600w, https:\/\/mayxaydunghanoi.com\/wp-content\/uploads\/2020\/09\/may-xuc-lat-jf910g-dung-tich-gau-0-6m3-2-510x340.jpg 510w\" sizes=\"auto, (max-width: 600px) 100vw, 600px\" \/><\/p>\n<p><img loading=\"lazy\" decoding=\"async\" class=\"aligncenter size-full wp-image-3184\" src=\"https:\/\/mayxaydunghanoi.com\/wp-content\/uploads\/2020\/09\/may-xuc-lat-jf910g-dung-tich-gau-0-6m3-3.jpg\" alt=\"M\u00e1y x\u00fac l\u1eadt JF910G dung t\u00edch g\u1ea7u 0.6m3-3\" width=\"600\" height=\"400\" srcset=\"https:\/\/mayxaydunghanoi.com\/wp-content\/uploads\/2020\/09\/may-xuc-lat-jf910g-dung-tich-gau-0-6m3-3.jpg 600w, https:\/\/mayxaydunghanoi.com\/wp-content\/uploads\/2020\/09\/may-xuc-lat-jf910g-dung-tich-gau-0-6m3-3-510x340.jpg 510w\" sizes=\"auto, (max-width: 600px) 100vw, 600px\" \/><\/p>\n<p><img loading=\"lazy\" decoding=\"async\" class=\"aligncenter size-full wp-image-3186\" src=\"https:\/\/mayxaydunghanoi.com\/wp-content\/uploads\/2020\/09\/may-xuc-lat-jf910g-dung-tich-gau-0-6m3-4.jpg\" alt=\"M\u00e1y x\u00fac l\u1eadt JF910G dung t\u00edch g\u1ea7u 0.6m3-4\" width=\"600\" height=\"800\" srcset=\"https:\/\/mayxaydunghanoi.com\/wp-content\/uploads\/2020\/09\/may-xuc-lat-jf910g-dung-tich-gau-0-6m3-4.jpg 600w, https:\/\/mayxaydunghanoi.com\/wp-content\/uploads\/2020\/09\/may-xuc-lat-jf910g-dung-tich-gau-0-6m3-4-510x680.jpg 510w\" sizes=\"auto, (max-width: 600px) 100vw, 600px\" \/><\/p>\n<p><img loading=\"lazy\" decoding=\"async\" class=\"aligncenter size-full wp-image-3188\" src=\"https:\/\/mayxaydunghanoi.com\/wp-content\/uploads\/2020\/09\/may-xuc-lat-jf910g-dung-tich-gau-0-6m3-5.jpg\" alt=\"M\u00e1y x\u00fac l\u1eadt JF910G dung t\u00edch g\u1ea7u 0.6m3-5\" width=\"600\" height=\"400\" srcset=\"https:\/\/mayxaydunghanoi.com\/wp-content\/uploads\/2020\/09\/may-xuc-lat-jf910g-dung-tich-gau-0-6m3-5.jpg 600w, https:\/\/mayxaydunghanoi.com\/wp-content\/uploads\/2020\/09\/may-xuc-lat-jf910g-dung-tich-gau-0-6m3-5-510x340.jpg 510w\" sizes=\"auto, (max-width: 600px) 100vw, 600px\" \/><\/p>\n","protected":false},"excerpt":{"rendered":"<ul>\n<li>T\u00ean g\u1ecdi: m\u00e1y x\u00fac l\u1eadt JF910G<\/li>\n<li>Xu\u1ea5t x\u1ee9: Trung Qu\u1ed1c<\/li>\n<li>S\u1eed d\u1ee5ng g\u1ea7u: 0,6m3<\/li>\n<li>T\u00ecnh tr\u1ea1ng: m\u1edbi 100%<\/li>\n<\/ul>\n","protected":false},"featured_media":3178,"comment_status":"open","ping_status":"closed","template":"","meta":[],"product_brand":[],"product_cat":[326],"product_tag":[434,432,336,269,267,433],"class_list":{"0":"post-3177","1":"product","2":"type-product","3":"status-publish","4":"has-post-thumbnail","6":"product_cat-may-xuc-lat-zkjf","7":"product_tag-jf910g","8":"product_tag-may-xuc-gau-0-6m3","9":"product_tag-may-xuc-trung-quoc","10":"product_tag-xuc-lat","11":"product_tag-zkjf","12":"product_tag-zkjf910g","14":"first","15":"instock","16":"shipping-taxable","17":"product-type-simple"},"yoast_head":"<!-- This site is optimized with the Yoast SEO Premium plugin v26.1 (Yoast SEO v26.6) - https:\/\/yoast.com\/wordpress\/plugins\/seo\/ -->\n<title>M\u00e1y x\u00fac l\u1eadt JF910G dung t\u00edch g\u1ea7u 0.6m3 - Hanoi Vietnam Co., Ltd<\/title>\n<meta name=\"description\" content=\"M\u00e1y x\u00fac l\u1eadt JF910G \u0111\u01b0\u1ee3c c\u00f4ng ty TNHH Hanoi Vietnam nh\u1eadp kh\u1ea9u tr\u1ef1c ti\u1ebfp t\u1eeb Trung Qu\u1ed1c. JF910G c\u00f3 t\u1ea3i tr\u1ecdng n\u00e2ng 1000kg v\u00e0 s\u1eed d\u1ee5ng g\u1ea7u 0.6m3.\" \/>\n<meta name=\"robots\" content=\"index, follow, max-snippet:-1, max-image-preview:large, max-video-preview:-1\" \/>\n<link rel=\"canonical\" href=\"https:\/\/mayxaydunghanoi.com\/vi\/san-pham\/may-xuc-lat-jf910g-dung-tich-gau-0-6m3\/\" \/>\n<meta property=\"og:locale\" content=\"vi_VN\" \/>\n<meta property=\"og:type\" content=\"article\" \/>\n<meta property=\"og:title\" content=\"M\u00e1y x\u00fac l\u1eadt JF910G dung t\u00edch g\u1ea7u 0.6m3\" \/>\n<meta property=\"og:description\" content=\"M\u00e1y x\u00fac l\u1eadt JF910G \u0111\u01b0\u1ee3c c\u00f4ng ty TNHH Hanoi Vietnam nh\u1eadp kh\u1ea9u tr\u1ef1c ti\u1ebfp t\u1eeb Trung Qu\u1ed1c. JF910G c\u00f3 t\u1ea3i tr\u1ecdng n\u00e2ng 1000kg v\u00e0 s\u1eed d\u1ee5ng g\u1ea7u 0.6m3.\" \/>\n<meta property=\"og:url\" content=\"https:\/\/mayxaydunghanoi.com\/vi\/san-pham\/may-xuc-lat-jf910g-dung-tich-gau-0-6m3\/\" \/>\n<meta property=\"og:site_name\" content=\"Hanoi Vietnam Co., Ltd\" \/>\n<meta property=\"article:modified_time\" content=\"2020-09-23T22:48:58+00:00\" \/>\n<meta property=\"og:image\" content=\"https:\/\/mayxaydunghanoi.com\/wp-content\/uploads\/2020\/09\/may-xuc-lat-jf910g-dung-tich-gau-0-6m3.jpg\" \/>\n\t<meta property=\"og:image:width\" content=\"600\" \/>\n\t<meta property=\"og:image:height\" content=\"400\" \/>\n\t<meta property=\"og:image:type\" content=\"image\/jpeg\" \/>\n<meta name=\"twitter:card\" content=\"summary_large_image\" \/>\n<meta name=\"twitter:label1\" content=\"Est. reading time\" \/>\n\t<meta name=\"twitter:data1\" content=\"2 minutes\" \/>\n<script type=\"application\/ld+json\" class=\"yoast-schema-graph\">{\"@context\":\"https:\/\/schema.org\",\"@graph\":[{\"@type\":\"WebPage\",\"@id\":\"https:\/\/mayxaydunghanoi.com\/vi\/san-pham\/may-xuc-lat-jf910g-dung-tich-gau-0-6m3\/\",\"url\":\"https:\/\/mayxaydunghanoi.com\/vi\/san-pham\/may-xuc-lat-jf910g-dung-tich-gau-0-6m3\/\",\"name\":\"M\u00e1y x\u00fac l\u1eadt JF910G dung t\u00edch g\u1ea7u 0.6m3 - Hanoi Vietnam Co., Ltd\",\"isPartOf\":{\"@id\":\"https:\/\/mayxaydunghanoi.com\/en\/#website\"},\"primaryImageOfPage\":{\"@id\":\"https:\/\/mayxaydunghanoi.com\/vi\/san-pham\/may-xuc-lat-jf910g-dung-tich-gau-0-6m3\/#primaryimage\"},\"image\":{\"@id\":\"https:\/\/mayxaydunghanoi.com\/vi\/san-pham\/may-xuc-lat-jf910g-dung-tich-gau-0-6m3\/#primaryimage\"},\"thumbnailUrl\":\"https:\/\/mayxaydunghanoi.com\/wp-content\/uploads\/2020\/09\/may-xuc-lat-jf910g-dung-tich-gau-0-6m3.jpg\",\"datePublished\":\"2020-09-23T09:43:59+00:00\",\"dateModified\":\"2020-09-23T22:48:58+00:00\",\"description\":\"M\u00e1y x\u00fac l\u1eadt JF910G \u0111\u01b0\u1ee3c c\u00f4ng ty TNHH Hanoi Vietnam nh\u1eadp kh\u1ea9u tr\u1ef1c ti\u1ebfp t\u1eeb Trung Qu\u1ed1c. JF910G c\u00f3 t\u1ea3i tr\u1ecdng n\u00e2ng 1000kg v\u00e0 s\u1eed d\u1ee5ng g\u1ea7u 0.6m3.\",\"breadcrumb\":{\"@id\":\"https:\/\/mayxaydunghanoi.com\/vi\/san-pham\/may-xuc-lat-jf910g-dung-tich-gau-0-6m3\/#breadcrumb\"},\"inLanguage\":\"vi-VN\",\"potentialAction\":[{\"@type\":\"ReadAction\",\"target\":[\"https:\/\/mayxaydunghanoi.com\/vi\/san-pham\/may-xuc-lat-jf910g-dung-tich-gau-0-6m3\/\"]}]},{\"@type\":\"ImageObject\",\"inLanguage\":\"vi-VN\",\"@id\":\"https:\/\/mayxaydunghanoi.com\/vi\/san-pham\/may-xuc-lat-jf910g-dung-tich-gau-0-6m3\/#primaryimage\",\"url\":\"https:\/\/mayxaydunghanoi.com\/wp-content\/uploads\/2020\/09\/may-xuc-lat-jf910g-dung-tich-gau-0-6m3.jpg\",\"contentUrl\":\"https:\/\/mayxaydunghanoi.com\/wp-content\/uploads\/2020\/09\/may-xuc-lat-jf910g-dung-tich-gau-0-6m3.jpg\",\"width\":600,\"height\":400,\"caption\":\"X\u00fac l\u1eadt JF910G\"},{\"@type\":\"BreadcrumbList\",\"@id\":\"https:\/\/mayxaydunghanoi.com\/vi\/san-pham\/may-xuc-lat-jf910g-dung-tich-gau-0-6m3\/#breadcrumb\",\"itemListElement\":[{\"@type\":\"ListItem\",\"position\":1,\"name\":\"Home\",\"item\":\"https:\/\/mayxaydunghanoi.com\/vi\/\"},{\"@type\":\"ListItem\",\"position\":2,\"name\":\"S\u1ea3n ph\u1ea9m\",\"item\":\"https:\/\/mayxaydunghanoi.com\/vi\/san-pham\/\"},{\"@type\":\"ListItem\",\"position\":3,\"name\":\"M\u00e1y x\u00fac l\u1eadt JF910G dung t\u00edch g\u1ea7u 0.6m3\"}]},{\"@type\":\"WebSite\",\"@id\":\"https:\/\/mayxaydunghanoi.com\/en\/#website\",\"url\":\"https:\/\/mayxaydunghanoi.com\/en\/\",\"name\":\"Hanoi Vietnam Co., Ltd\",\"description\":\"\",\"publisher\":{\"@id\":\"https:\/\/mayxaydunghanoi.com\/en\/#organization\"},\"potentialAction\":[{\"@type\":\"SearchAction\",\"target\":{\"@type\":\"EntryPoint\",\"urlTemplate\":\"https:\/\/mayxaydunghanoi.com\/en\/?s={search_term_string}\"},\"query-input\":{\"@type\":\"PropertyValueSpecification\",\"valueRequired\":true,\"valueName\":\"search_term_string\"}}],\"inLanguage\":\"vi-VN\"},{\"@type\":\"Organization\",\"@id\":\"https:\/\/mayxaydunghanoi.com\/en\/#organization\",\"name\":\"Hanoi Vietnam Co., Ltd\",\"url\":\"https:\/\/mayxaydunghanoi.com\/en\/\",\"logo\":{\"@type\":\"ImageObject\",\"inLanguage\":\"vi-VN\",\"@id\":\"https:\/\/mayxaydunghanoi.com\/en\/#\/schema\/logo\/image\/\",\"url\":\"https:\/\/mayxaydunghanoi.com\/wp-content\/uploads\/2018\/04\/Logo-mayxaydunghanoi-ok.png\",\"contentUrl\":\"https:\/\/mayxaydunghanoi.com\/wp-content\/uploads\/2018\/04\/Logo-mayxaydunghanoi-ok.png\",\"width\":900,\"height\":900,\"caption\":\"Hanoi Vietnam Co., Ltd\"},\"image\":{\"@id\":\"https:\/\/mayxaydunghanoi.com\/en\/#\/schema\/logo\/image\/\"}}]}<\/script>\n<!-- \/ Yoast SEO Premium plugin. -->","yoast_head_json":{"title":"M\u00e1y x\u00fac l\u1eadt JF910G dung t\u00edch g\u1ea7u 0.6m3 - Hanoi Vietnam Co., Ltd","description":"M\u00e1y x\u00fac l\u1eadt JF910G \u0111\u01b0\u1ee3c c\u00f4ng ty TNHH Hanoi Vietnam nh\u1eadp kh\u1ea9u tr\u1ef1c ti\u1ebfp t\u1eeb Trung Qu\u1ed1c. JF910G c\u00f3 t\u1ea3i tr\u1ecdng n\u00e2ng 1000kg v\u00e0 s\u1eed d\u1ee5ng g\u1ea7u 0.6m3.","robots":{"index":"index","follow":"follow","max-snippet":"max-snippet:-1","max-image-preview":"max-image-preview:large","max-video-preview":"max-video-preview:-1"},"canonical":"https:\/\/mayxaydunghanoi.com\/vi\/san-pham\/may-xuc-lat-jf910g-dung-tich-gau-0-6m3\/","og_locale":"vi_VN","og_type":"article","og_title":"M\u00e1y x\u00fac l\u1eadt JF910G dung t\u00edch g\u1ea7u 0.6m3","og_description":"M\u00e1y x\u00fac l\u1eadt JF910G \u0111\u01b0\u1ee3c c\u00f4ng ty TNHH Hanoi Vietnam nh\u1eadp kh\u1ea9u tr\u1ef1c ti\u1ebfp t\u1eeb Trung Qu\u1ed1c. JF910G c\u00f3 t\u1ea3i tr\u1ecdng n\u00e2ng 1000kg v\u00e0 s\u1eed d\u1ee5ng g\u1ea7u 0.6m3.","og_url":"https:\/\/mayxaydunghanoi.com\/vi\/san-pham\/may-xuc-lat-jf910g-dung-tich-gau-0-6m3\/","og_site_name":"Hanoi Vietnam Co., Ltd","article_modified_time":"2020-09-23T22:48:58+00:00","og_image":[{"width":600,"height":400,"url":"https:\/\/mayxaydunghanoi.com\/wp-content\/uploads\/2020\/09\/may-xuc-lat-jf910g-dung-tich-gau-0-6m3.jpg","type":"image\/jpeg"}],"twitter_card":"summary_large_image","twitter_misc":{"Est. reading time":"2 minutes"},"schema":{"@context":"https:\/\/schema.org","@graph":[{"@type":"WebPage","@id":"https:\/\/mayxaydunghanoi.com\/vi\/san-pham\/may-xuc-lat-jf910g-dung-tich-gau-0-6m3\/","url":"https:\/\/mayxaydunghanoi.com\/vi\/san-pham\/may-xuc-lat-jf910g-dung-tich-gau-0-6m3\/","name":"M\u00e1y x\u00fac l\u1eadt JF910G dung t\u00edch g\u1ea7u 0.6m3 - Hanoi Vietnam Co., Ltd","isPartOf":{"@id":"https:\/\/mayxaydunghanoi.com\/en\/#website"},"primaryImageOfPage":{"@id":"https:\/\/mayxaydunghanoi.com\/vi\/san-pham\/may-xuc-lat-jf910g-dung-tich-gau-0-6m3\/#primaryimage"},"image":{"@id":"https:\/\/mayxaydunghanoi.com\/vi\/san-pham\/may-xuc-lat-jf910g-dung-tich-gau-0-6m3\/#primaryimage"},"thumbnailUrl":"https:\/\/mayxaydunghanoi.com\/wp-content\/uploads\/2020\/09\/may-xuc-lat-jf910g-dung-tich-gau-0-6m3.jpg","datePublished":"2020-09-23T09:43:59+00:00","dateModified":"2020-09-23T22:48:58+00:00","description":"M\u00e1y x\u00fac l\u1eadt JF910G \u0111\u01b0\u1ee3c c\u00f4ng ty TNHH Hanoi Vietnam nh\u1eadp kh\u1ea9u tr\u1ef1c ti\u1ebfp t\u1eeb Trung Qu\u1ed1c. JF910G c\u00f3 t\u1ea3i tr\u1ecdng n\u00e2ng 1000kg v\u00e0 s\u1eed d\u1ee5ng g\u1ea7u 0.6m3.","breadcrumb":{"@id":"https:\/\/mayxaydunghanoi.com\/vi\/san-pham\/may-xuc-lat-jf910g-dung-tich-gau-0-6m3\/#breadcrumb"},"inLanguage":"vi-VN","potentialAction":[{"@type":"ReadAction","target":["https:\/\/mayxaydunghanoi.com\/vi\/san-pham\/may-xuc-lat-jf910g-dung-tich-gau-0-6m3\/"]}]},{"@type":"ImageObject","inLanguage":"vi-VN","@id":"https:\/\/mayxaydunghanoi.com\/vi\/san-pham\/may-xuc-lat-jf910g-dung-tich-gau-0-6m3\/#primaryimage","url":"https:\/\/mayxaydunghanoi.com\/wp-content\/uploads\/2020\/09\/may-xuc-lat-jf910g-dung-tich-gau-0-6m3.jpg","contentUrl":"https:\/\/mayxaydunghanoi.com\/wp-content\/uploads\/2020\/09\/may-xuc-lat-jf910g-dung-tich-gau-0-6m3.jpg","width":600,"height":400,"caption":"X\u00fac l\u1eadt JF910G"},{"@type":"BreadcrumbList","@id":"https:\/\/mayxaydunghanoi.com\/vi\/san-pham\/may-xuc-lat-jf910g-dung-tich-gau-0-6m3\/#breadcrumb","itemListElement":[{"@type":"ListItem","position":1,"name":"Home","item":"https:\/\/mayxaydunghanoi.com\/vi\/"},{"@type":"ListItem","position":2,"name":"S\u1ea3n ph\u1ea9m","item":"https:\/\/mayxaydunghanoi.com\/vi\/san-pham\/"},{"@type":"ListItem","position":3,"name":"M\u00e1y x\u00fac l\u1eadt JF910G dung t\u00edch g\u1ea7u 0.6m3"}]},{"@type":"WebSite","@id":"https:\/\/mayxaydunghanoi.com\/en\/#website","url":"https:\/\/mayxaydunghanoi.com\/en\/","name":"Hanoi Vietnam Co., Ltd","description":"","publisher":{"@id":"https:\/\/mayxaydunghanoi.com\/en\/#organization"},"potentialAction":[{"@type":"SearchAction","target":{"@type":"EntryPoint","urlTemplate":"https:\/\/mayxaydunghanoi.com\/en\/?s={search_term_string}"},"query-input":{"@type":"PropertyValueSpecification","valueRequired":true,"valueName":"search_term_string"}}],"inLanguage":"vi-VN"},{"@type":"Organization","@id":"https:\/\/mayxaydunghanoi.com\/en\/#organization","name":"Hanoi Vietnam Co., Ltd","url":"https:\/\/mayxaydunghanoi.com\/en\/","logo":{"@type":"ImageObject","inLanguage":"vi-VN","@id":"https:\/\/mayxaydunghanoi.com\/en\/#\/schema\/logo\/image\/","url":"https:\/\/mayxaydunghanoi.com\/wp-content\/uploads\/2018\/04\/Logo-mayxaydunghanoi-ok.png","contentUrl":"https:\/\/mayxaydunghanoi.com\/wp-content\/uploads\/2018\/04\/Logo-mayxaydunghanoi-ok.png","width":900,"height":900,"caption":"Hanoi Vietnam Co., Ltd"},"image":{"@id":"https:\/\/mayxaydunghanoi.com\/en\/#\/schema\/logo\/image\/"}}]}},"_links":{"self":[{"href":"https:\/\/mayxaydunghanoi.com\/vi\/wp-json\/wp\/v2\/product\/3177","targetHints":{"allow":["GET"]}}],"collection":[{"href":"https:\/\/mayxaydunghanoi.com\/vi\/wp-json\/wp\/v2\/product"}],"about":[{"href":"https:\/\/mayxaydunghanoi.com\/vi\/wp-json\/wp\/v2\/types\/product"}],"replies":[{"embeddable":true,"href":"https:\/\/mayxaydunghanoi.com\/vi\/wp-json\/wp\/v2\/comments?post=3177"}],"wp:featuredmedia":[{"embeddable":true,"href":"https:\/\/mayxaydunghanoi.com\/vi\/wp-json\/wp\/v2\/media\/3178"}],"wp:attachment":[{"href":"https:\/\/mayxaydunghanoi.com\/vi\/wp-json\/wp\/v2\/media?parent=3177"}],"wp:term":[{"taxonomy":"product_brand","embeddable":true,"href":"https:\/\/mayxaydunghanoi.com\/vi\/wp-json\/wp\/v2\/product_brand?post=3177"},{"taxonomy":"product_cat","embeddable":true,"href":"https:\/\/mayxaydunghanoi.com\/vi\/wp-json\/wp\/v2\/product_cat?post=3177"},{"taxonomy":"product_tag","embeddable":true,"href":"https:\/\/mayxaydunghanoi.com\/vi\/wp-json\/wp\/v2\/product_tag?post=3177"}],"curies":[{"name":"wp","href":"https:\/\/api.w.org\/{rel}","templated":true}]}}