{"id":2922,"date":"2020-08-27T20:25:05","date_gmt":"2020-08-27T13:25:05","guid":{"rendered":"https:\/\/mayxaydunghanoi.com\/?post_type=product&#038;p=2922"},"modified":"2025-12-15T15:04:52","modified_gmt":"2025-12-15T08:04:52","slug":"may-xuc-lat-sdlg-lg956f-gau-4m3","status":"publish","type":"product","link":"https:\/\/mayxaydunghanoi.com\/vi\/san-pham\/may-xuc-lat-sdlg-lg956f-gau-4m3\/","title":{"rendered":"M\u00e1y x\u00fac l\u1eadt SDLG LG956F g\u1ea7u 4m3"},"content":{"rendered":"<h2>M\u00e1y x\u00fac l\u1eadt SDLG LG956F c\u00f3 c\u00f4ng su\u1ea5t 162KW, dung t\u00edch g\u1ea7u 4m3, tr\u1ecdng l\u01b0\u1ee3ng n\u00e2ng l\u1edbn nh\u1ea5t 5 t\u1ea5n, th\u00f9ng nhi\u00ean li\u1ec7u 300 l\u00edt.<\/h2>\n<p>Trong s\u1ed1 nh\u1eefng lo\u1ea1i m\u00e1y x\u00fac l\u1eadt \u0111\u01b0\u1ee3c c\u00f4ng ty TNHH Hanoi Vietnam nh\u1eadp v\u1ec1 b\u00e1n t\u1ea1i th\u1ecb tr\u01b0\u1eddng Vi\u1ec7t Nam, m\u00e1y x\u00fac l\u1eadt SDLG n\u00f3i chung v\u00e0 m\u00e1y x\u00fac l\u1eadt SDLG LG956F\u00a0n\u00f3i ri\u00eang n\u1eb1m trong s\u1ed1 nh\u1eefng chi\u1ebfc <a href=\"https:\/\/mayxaydunghanoi.com\/ban-may-xuc-lat-mini-trung-quoc-gia-tot-tai-ha-noi\/\" target=\"_blank\" rel=\"noopener noreferrer\">m\u00e1y x\u00fac l\u1eadt Trung Qu\u1ed1c<\/a> \u0111\u01b0\u1ee3c d\u00e2n m\u00e1y c\u00f4ng tr\u00ecnh \u01b0a chu\u1ed9ng.<\/p>\n<p>Cabin c\u1ee7a m\u00e1y x\u00fac l\u1eadt SDLG LG956F c\u00f3 \u0111i\u1ec1u h\u00f2a 2 chi\u1ec1u c\u00f9ng h\u1ec7 th\u1ed1ng \u00e2m thanh 2 loa, c\u00f3 \u0111\u1ea7u \u0111\u1ecdc USB, gh\u1ebf m\u1ec1m d\u1ec5 \u0111i\u1ec1u ch\u1ec9nh. V\u1eady n\u00ean th\u1ee3 m\u00e1y ho\u00e0n to\u00e0n y\u00ean t\u00e2m l\u00e1i chi\u1ebfc m\u00e1y x\u00fac l\u1eadt n\u00e0y l\u00e0m vi\u1ec7c trong m\u1ed9t th\u1eddi gian d\u00e0i.<\/p>\n<h3>H\u00ecnh \u1ea3nh SDLG LG956F:<\/h3>\n<p><img loading=\"lazy\" decoding=\"async\" class=\"aligncenter size-full wp-image-2923\" src=\"https:\/\/mayxaydunghanoi.com\/wp-content\/uploads\/2020\/08\/may-xuc-lat-sdlg-lg956f-gau-4m3.jpg\" alt=\"M\u00e1y x\u00fac l\u1eadt SDLG LG956F g\u1ea7u 4m3\" width=\"600\" height=\"293\" srcset=\"https:\/\/mayxaydunghanoi.com\/wp-content\/uploads\/2020\/08\/may-xuc-lat-sdlg-lg956f-gau-4m3.jpg 600w, https:\/\/mayxaydunghanoi.com\/wp-content\/uploads\/2020\/08\/may-xuc-lat-sdlg-lg956f-gau-4m3-510x249.jpg 510w\" sizes=\"auto, (max-width: 600px) 100vw, 600px\" \/><\/p>\n<p><img loading=\"lazy\" decoding=\"async\" class=\"aligncenter size-full wp-image-2925\" src=\"https:\/\/mayxaydunghanoi.com\/wp-content\/uploads\/2020\/08\/may-xuc-lat-sdlg-lg956f-gau-4m3-1.jpg\" alt=\"M\u00e1y x\u00fac l\u1eadt SDLG LG956F g\u1ea7u 4m3-1\" width=\"600\" height=\"413\" srcset=\"https:\/\/mayxaydunghanoi.com\/wp-content\/uploads\/2020\/08\/may-xuc-lat-sdlg-lg956f-gau-4m3-1.jpg 600w, https:\/\/mayxaydunghanoi.com\/wp-content\/uploads\/2020\/08\/may-xuc-lat-sdlg-lg956f-gau-4m3-1-510x351.jpg 510w\" sizes=\"auto, (max-width: 600px) 100vw, 600px\" \/><\/p>\n<p><img loading=\"lazy\" decoding=\"async\" class=\"aligncenter size-full wp-image-2927\" src=\"https:\/\/mayxaydunghanoi.com\/wp-content\/uploads\/2020\/08\/may-xuc-lat-sdlg-lg956f-gau-4m3-2.jpg\" alt=\"M\u00e1y x\u00fac l\u1eadt SDLG LG956F g\u1ea7u 4m3-2\" width=\"600\" height=\"328\" srcset=\"https:\/\/mayxaydunghanoi.com\/wp-content\/uploads\/2020\/08\/may-xuc-lat-sdlg-lg956f-gau-4m3-2.jpg 600w, https:\/\/mayxaydunghanoi.com\/wp-content\/uploads\/2020\/08\/may-xuc-lat-sdlg-lg956f-gau-4m3-2-510x279.jpg 510w\" sizes=\"auto, (max-width: 600px) 100vw, 600px\" \/><\/p>\n","protected":false},"excerpt":{"rendered":"<ul>\n<li>Xu\u1ea5t x\u1ee9: Trung Qu\u1ed1c<\/li>\n<li>Th\u01b0\u01a1ng hi\u1ec7u: SDLG<\/li>\n<li>Th\u1ec3 t\u00edch g\u1ea7u: 4m3<\/li>\n<\/ul>\n","protected":false},"featured_media":2923,"comment_status":"open","ping_status":"closed","template":"","meta":[],"product_brand":[],"product_cat":[331],"product_tag":[401,339,336,391,400],"class_list":{"0":"post-2922","1":"product","2":"type-product","3":"status-publish","4":"has-post-thumbnail","6":"product_cat-may-xuc-lat-sdlg","7":"product_tag-lg956f","8":"product_tag-may-xuc-gau-4m3","9":"product_tag-may-xuc-trung-quoc","10":"product_tag-sdlg","11":"product_tag-sdlg-lg956f","13":"first","14":"instock","15":"shipping-taxable","16":"product-type-simple"},"yoast_head":"<!-- This site is optimized with the Yoast SEO Premium plugin v26.1 (Yoast SEO v26.6) - https:\/\/yoast.com\/wordpress\/plugins\/seo\/ -->\n<title>M\u00e1y x\u00fac l\u1eadt SDLG LG956F g\u1ea7u 4m3 - Hanoi Vietnam Co., Ltd<\/title>\n<meta name=\"description\" content=\"M\u00e1y x\u00fac l\u1eadt SDLG LG956F c\u00f3 c\u00f4ng su\u1ea5t 162KW, dung t\u00edch g\u1ea7u 4m3, tr\u1ecdng l\u01b0\u1ee3ng n\u00e2ng l\u1edbn nh\u1ea5t 5 t\u1ea5n, th\u00f9ng nhi\u00ean li\u1ec7u 300 l\u00edt.\" \/>\n<meta name=\"robots\" content=\"index, follow, max-snippet:-1, max-image-preview:large, max-video-preview:-1\" \/>\n<link rel=\"canonical\" href=\"https:\/\/mayxaydunghanoi.com\/vi\/san-pham\/may-xuc-lat-sdlg-lg956f-gau-4m3\/\" \/>\n<meta property=\"og:locale\" content=\"vi_VN\" \/>\n<meta property=\"og:type\" content=\"article\" \/>\n<meta property=\"og:title\" content=\"M\u00e1y x\u00fac l\u1eadt SDLG LG956F g\u1ea7u 4m3\" \/>\n<meta property=\"og:description\" content=\"M\u00e1y x\u00fac l\u1eadt SDLG LG956F c\u00f3 c\u00f4ng su\u1ea5t 162KW, dung t\u00edch g\u1ea7u 4m3, tr\u1ecdng l\u01b0\u1ee3ng n\u00e2ng l\u1edbn nh\u1ea5t 5 t\u1ea5n, th\u00f9ng nhi\u00ean li\u1ec7u 300 l\u00edt.\" \/>\n<meta property=\"og:url\" content=\"https:\/\/mayxaydunghanoi.com\/vi\/san-pham\/may-xuc-lat-sdlg-lg956f-gau-4m3\/\" \/>\n<meta property=\"og:site_name\" content=\"Hanoi Vietnam Co., Ltd\" \/>\n<meta property=\"article:modified_time\" content=\"2025-12-15T08:04:52+00:00\" \/>\n<meta property=\"og:image\" content=\"https:\/\/mayxaydunghanoi.com\/wp-content\/uploads\/2020\/08\/may-xuc-lat-sdlg-lg956f-gau-4m3.jpg\" \/>\n\t<meta property=\"og:image:width\" content=\"600\" \/>\n\t<meta property=\"og:image:height\" content=\"293\" \/>\n\t<meta property=\"og:image:type\" content=\"image\/jpeg\" \/>\n<meta name=\"twitter:card\" content=\"summary_large_image\" \/>\n<meta name=\"twitter:label1\" content=\"Est. reading time\" \/>\n\t<meta name=\"twitter:data1\" content=\"1 minute\" \/>\n<script type=\"application\/ld+json\" class=\"yoast-schema-graph\">{\"@context\":\"https:\/\/schema.org\",\"@graph\":[{\"@type\":\"WebPage\",\"@id\":\"https:\/\/mayxaydunghanoi.com\/vi\/san-pham\/may-xuc-lat-sdlg-lg956f-gau-4m3\/\",\"url\":\"https:\/\/mayxaydunghanoi.com\/vi\/san-pham\/may-xuc-lat-sdlg-lg956f-gau-4m3\/\",\"name\":\"M\u00e1y x\u00fac l\u1eadt SDLG LG956F g\u1ea7u 4m3 - Hanoi Vietnam Co., Ltd\",\"isPartOf\":{\"@id\":\"https:\/\/mayxaydunghanoi.com\/en\/#website\"},\"primaryImageOfPage\":{\"@id\":\"https:\/\/mayxaydunghanoi.com\/vi\/san-pham\/may-xuc-lat-sdlg-lg956f-gau-4m3\/#primaryimage\"},\"image\":{\"@id\":\"https:\/\/mayxaydunghanoi.com\/vi\/san-pham\/may-xuc-lat-sdlg-lg956f-gau-4m3\/#primaryimage\"},\"thumbnailUrl\":\"https:\/\/mayxaydunghanoi.com\/wp-content\/uploads\/2020\/08\/may-xuc-lat-sdlg-lg956f-gau-4m3.jpg\",\"datePublished\":\"2020-08-27T13:25:05+00:00\",\"dateModified\":\"2025-12-15T08:04:52+00:00\",\"description\":\"M\u00e1y x\u00fac l\u1eadt SDLG LG956F c\u00f3 c\u00f4ng su\u1ea5t 162KW, dung t\u00edch g\u1ea7u 4m3, tr\u1ecdng l\u01b0\u1ee3ng n\u00e2ng l\u1edbn nh\u1ea5t 5 t\u1ea5n, th\u00f9ng nhi\u00ean li\u1ec7u 300 l\u00edt.\",\"breadcrumb\":{\"@id\":\"https:\/\/mayxaydunghanoi.com\/vi\/san-pham\/may-xuc-lat-sdlg-lg956f-gau-4m3\/#breadcrumb\"},\"inLanguage\":\"vi-VN\",\"potentialAction\":[{\"@type\":\"ReadAction\",\"target\":[\"https:\/\/mayxaydunghanoi.com\/vi\/san-pham\/may-xuc-lat-sdlg-lg956f-gau-4m3\/\"]}]},{\"@type\":\"ImageObject\",\"inLanguage\":\"vi-VN\",\"@id\":\"https:\/\/mayxaydunghanoi.com\/vi\/san-pham\/may-xuc-lat-sdlg-lg956f-gau-4m3\/#primaryimage\",\"url\":\"https:\/\/mayxaydunghanoi.com\/wp-content\/uploads\/2020\/08\/may-xuc-lat-sdlg-lg956f-gau-4m3.jpg\",\"contentUrl\":\"https:\/\/mayxaydunghanoi.com\/wp-content\/uploads\/2020\/08\/may-xuc-lat-sdlg-lg956f-gau-4m3.jpg\",\"width\":600,\"height\":293,\"caption\":\"M\u00e1y x\u00fac l\u1eadt SDLG LG956F g\u1ea7u 4m3\"},{\"@type\":\"BreadcrumbList\",\"@id\":\"https:\/\/mayxaydunghanoi.com\/vi\/san-pham\/may-xuc-lat-sdlg-lg956f-gau-4m3\/#breadcrumb\",\"itemListElement\":[{\"@type\":\"ListItem\",\"position\":1,\"name\":\"Home\",\"item\":\"https:\/\/mayxaydunghanoi.com\/vi\/\"},{\"@type\":\"ListItem\",\"position\":2,\"name\":\"S\u1ea3n ph\u1ea9m\",\"item\":\"https:\/\/mayxaydunghanoi.com\/vi\/san-pham\/\"},{\"@type\":\"ListItem\",\"position\":3,\"name\":\"M\u00e1y x\u00fac l\u1eadt SDLG LG956F g\u1ea7u 4m3\"}]},{\"@type\":\"WebSite\",\"@id\":\"https:\/\/mayxaydunghanoi.com\/en\/#website\",\"url\":\"https:\/\/mayxaydunghanoi.com\/en\/\",\"name\":\"Hanoi Vietnam Co., Ltd\",\"description\":\"\",\"publisher\":{\"@id\":\"https:\/\/mayxaydunghanoi.com\/en\/#organization\"},\"potentialAction\":[{\"@type\":\"SearchAction\",\"target\":{\"@type\":\"EntryPoint\",\"urlTemplate\":\"https:\/\/mayxaydunghanoi.com\/en\/?s={search_term_string}\"},\"query-input\":{\"@type\":\"PropertyValueSpecification\",\"valueRequired\":true,\"valueName\":\"search_term_string\"}}],\"inLanguage\":\"vi-VN\"},{\"@type\":\"Organization\",\"@id\":\"https:\/\/mayxaydunghanoi.com\/en\/#organization\",\"name\":\"Hanoi Vietnam Co., Ltd\",\"url\":\"https:\/\/mayxaydunghanoi.com\/en\/\",\"logo\":{\"@type\":\"ImageObject\",\"inLanguage\":\"vi-VN\",\"@id\":\"https:\/\/mayxaydunghanoi.com\/en\/#\/schema\/logo\/image\/\",\"url\":\"https:\/\/mayxaydunghanoi.com\/wp-content\/uploads\/2018\/04\/Logo-mayxaydunghanoi-ok.png\",\"contentUrl\":\"https:\/\/mayxaydunghanoi.com\/wp-content\/uploads\/2018\/04\/Logo-mayxaydunghanoi-ok.png\",\"width\":900,\"height\":900,\"caption\":\"Hanoi Vietnam Co., Ltd\"},\"image\":{\"@id\":\"https:\/\/mayxaydunghanoi.com\/en\/#\/schema\/logo\/image\/\"}}]}<\/script>\n<!-- \/ Yoast SEO Premium plugin. -->","yoast_head_json":{"title":"M\u00e1y x\u00fac l\u1eadt SDLG LG956F g\u1ea7u 4m3 - Hanoi Vietnam Co., Ltd","description":"M\u00e1y x\u00fac l\u1eadt SDLG LG956F c\u00f3 c\u00f4ng su\u1ea5t 162KW, dung t\u00edch g\u1ea7u 4m3, tr\u1ecdng l\u01b0\u1ee3ng n\u00e2ng l\u1edbn nh\u1ea5t 5 t\u1ea5n, th\u00f9ng nhi\u00ean li\u1ec7u 300 l\u00edt.","robots":{"index":"index","follow":"follow","max-snippet":"max-snippet:-1","max-image-preview":"max-image-preview:large","max-video-preview":"max-video-preview:-1"},"canonical":"https:\/\/mayxaydunghanoi.com\/vi\/san-pham\/may-xuc-lat-sdlg-lg956f-gau-4m3\/","og_locale":"vi_VN","og_type":"article","og_title":"M\u00e1y x\u00fac l\u1eadt SDLG LG956F g\u1ea7u 4m3","og_description":"M\u00e1y x\u00fac l\u1eadt SDLG LG956F c\u00f3 c\u00f4ng su\u1ea5t 162KW, dung t\u00edch g\u1ea7u 4m3, tr\u1ecdng l\u01b0\u1ee3ng n\u00e2ng l\u1edbn nh\u1ea5t 5 t\u1ea5n, th\u00f9ng nhi\u00ean li\u1ec7u 300 l\u00edt.","og_url":"https:\/\/mayxaydunghanoi.com\/vi\/san-pham\/may-xuc-lat-sdlg-lg956f-gau-4m3\/","og_site_name":"Hanoi Vietnam Co., Ltd","article_modified_time":"2025-12-15T08:04:52+00:00","og_image":[{"width":600,"height":293,"url":"https:\/\/mayxaydunghanoi.com\/wp-content\/uploads\/2020\/08\/may-xuc-lat-sdlg-lg956f-gau-4m3.jpg","type":"image\/jpeg"}],"twitter_card":"summary_large_image","twitter_misc":{"Est. reading time":"1 minute"},"schema":{"@context":"https:\/\/schema.org","@graph":[{"@type":"WebPage","@id":"https:\/\/mayxaydunghanoi.com\/vi\/san-pham\/may-xuc-lat-sdlg-lg956f-gau-4m3\/","url":"https:\/\/mayxaydunghanoi.com\/vi\/san-pham\/may-xuc-lat-sdlg-lg956f-gau-4m3\/","name":"M\u00e1y x\u00fac l\u1eadt SDLG LG956F g\u1ea7u 4m3 - Hanoi Vietnam Co., Ltd","isPartOf":{"@id":"https:\/\/mayxaydunghanoi.com\/en\/#website"},"primaryImageOfPage":{"@id":"https:\/\/mayxaydunghanoi.com\/vi\/san-pham\/may-xuc-lat-sdlg-lg956f-gau-4m3\/#primaryimage"},"image":{"@id":"https:\/\/mayxaydunghanoi.com\/vi\/san-pham\/may-xuc-lat-sdlg-lg956f-gau-4m3\/#primaryimage"},"thumbnailUrl":"https:\/\/mayxaydunghanoi.com\/wp-content\/uploads\/2020\/08\/may-xuc-lat-sdlg-lg956f-gau-4m3.jpg","datePublished":"2020-08-27T13:25:05+00:00","dateModified":"2025-12-15T08:04:52+00:00","description":"M\u00e1y x\u00fac l\u1eadt SDLG LG956F c\u00f3 c\u00f4ng su\u1ea5t 162KW, dung t\u00edch g\u1ea7u 4m3, tr\u1ecdng l\u01b0\u1ee3ng n\u00e2ng l\u1edbn nh\u1ea5t 5 t\u1ea5n, th\u00f9ng nhi\u00ean li\u1ec7u 300 l\u00edt.","breadcrumb":{"@id":"https:\/\/mayxaydunghanoi.com\/vi\/san-pham\/may-xuc-lat-sdlg-lg956f-gau-4m3\/#breadcrumb"},"inLanguage":"vi-VN","potentialAction":[{"@type":"ReadAction","target":["https:\/\/mayxaydunghanoi.com\/vi\/san-pham\/may-xuc-lat-sdlg-lg956f-gau-4m3\/"]}]},{"@type":"ImageObject","inLanguage":"vi-VN","@id":"https:\/\/mayxaydunghanoi.com\/vi\/san-pham\/may-xuc-lat-sdlg-lg956f-gau-4m3\/#primaryimage","url":"https:\/\/mayxaydunghanoi.com\/wp-content\/uploads\/2020\/08\/may-xuc-lat-sdlg-lg956f-gau-4m3.jpg","contentUrl":"https:\/\/mayxaydunghanoi.com\/wp-content\/uploads\/2020\/08\/may-xuc-lat-sdlg-lg956f-gau-4m3.jpg","width":600,"height":293,"caption":"M\u00e1y x\u00fac l\u1eadt SDLG LG956F g\u1ea7u 4m3"},{"@type":"BreadcrumbList","@id":"https:\/\/mayxaydunghanoi.com\/vi\/san-pham\/may-xuc-lat-sdlg-lg956f-gau-4m3\/#breadcrumb","itemListElement":[{"@type":"ListItem","position":1,"name":"Home","item":"https:\/\/mayxaydunghanoi.com\/vi\/"},{"@type":"ListItem","position":2,"name":"S\u1ea3n ph\u1ea9m","item":"https:\/\/mayxaydunghanoi.com\/vi\/san-pham\/"},{"@type":"ListItem","position":3,"name":"M\u00e1y x\u00fac l\u1eadt SDLG LG956F g\u1ea7u 4m3"}]},{"@type":"WebSite","@id":"https:\/\/mayxaydunghanoi.com\/en\/#website","url":"https:\/\/mayxaydunghanoi.com\/en\/","name":"Hanoi Vietnam Co., Ltd","description":"","publisher":{"@id":"https:\/\/mayxaydunghanoi.com\/en\/#organization"},"potentialAction":[{"@type":"SearchAction","target":{"@type":"EntryPoint","urlTemplate":"https:\/\/mayxaydunghanoi.com\/en\/?s={search_term_string}"},"query-input":{"@type":"PropertyValueSpecification","valueRequired":true,"valueName":"search_term_string"}}],"inLanguage":"vi-VN"},{"@type":"Organization","@id":"https:\/\/mayxaydunghanoi.com\/en\/#organization","name":"Hanoi Vietnam Co., Ltd","url":"https:\/\/mayxaydunghanoi.com\/en\/","logo":{"@type":"ImageObject","inLanguage":"vi-VN","@id":"https:\/\/mayxaydunghanoi.com\/en\/#\/schema\/logo\/image\/","url":"https:\/\/mayxaydunghanoi.com\/wp-content\/uploads\/2018\/04\/Logo-mayxaydunghanoi-ok.png","contentUrl":"https:\/\/mayxaydunghanoi.com\/wp-content\/uploads\/2018\/04\/Logo-mayxaydunghanoi-ok.png","width":900,"height":900,"caption":"Hanoi Vietnam Co., Ltd"},"image":{"@id":"https:\/\/mayxaydunghanoi.com\/en\/#\/schema\/logo\/image\/"}}]}},"_links":{"self":[{"href":"https:\/\/mayxaydunghanoi.com\/vi\/wp-json\/wp\/v2\/product\/2922","targetHints":{"allow":["GET"]}}],"collection":[{"href":"https:\/\/mayxaydunghanoi.com\/vi\/wp-json\/wp\/v2\/product"}],"about":[{"href":"https:\/\/mayxaydunghanoi.com\/vi\/wp-json\/wp\/v2\/types\/product"}],"replies":[{"embeddable":true,"href":"https:\/\/mayxaydunghanoi.com\/vi\/wp-json\/wp\/v2\/comments?post=2922"}],"wp:featuredmedia":[{"embeddable":true,"href":"https:\/\/mayxaydunghanoi.com\/vi\/wp-json\/wp\/v2\/media\/2923"}],"wp:attachment":[{"href":"https:\/\/mayxaydunghanoi.com\/vi\/wp-json\/wp\/v2\/media?parent=2922"}],"wp:term":[{"taxonomy":"product_brand","embeddable":true,"href":"https:\/\/mayxaydunghanoi.com\/vi\/wp-json\/wp\/v2\/product_brand?post=2922"},{"taxonomy":"product_cat","embeddable":true,"href":"https:\/\/mayxaydunghanoi.com\/vi\/wp-json\/wp\/v2\/product_cat?post=2922"},{"taxonomy":"product_tag","embeddable":true,"href":"https:\/\/mayxaydunghanoi.com\/vi\/wp-json\/wp\/v2\/product_tag?post=2922"}],"curies":[{"name":"wp","href":"https:\/\/api.w.org\/{rel}","templated":true}]}}