{"id":2917,"date":"2020-08-27T16:37:20","date_gmt":"2020-08-27T09:37:20","guid":{"rendered":"https:\/\/mayxaydunghanoi.com\/?post_type=product&#038;p=2917"},"modified":"2020-08-27T16:37:20","modified_gmt":"2020-08-27T09:37:20","slug":"may-xuc-lat-sdlg-lg953l-gau-3m3","status":"publish","type":"product","link":"https:\/\/mayxaydunghanoi.com\/vi\/san-pham\/may-xuc-lat-sdlg-lg953l-gau-3m3\/","title":{"rendered":"M\u00e1y x\u00fac l\u1eadt SDLG LG953L g\u1ea7u 3m3"},"content":{"rendered":"<h2>M\u00e1y x\u00fac l\u1eadt SDLG LG953L c\u00f3 c\u00f4ng su\u1ea5t 162KW, dung t\u00edch g\u1ea7u 3m3, tr\u1ecdng l\u01b0\u1ee3ng n\u00e2ng l\u1edbn nh\u1ea5t 5 t\u1ea5n, th\u00f9ng nhi\u00ean li\u1ec7u 260 l\u00edt.<\/h2>\n<p>SDLG LG953L n\u1eb1m trong s\u1ed1 nh\u1eefng chi\u1ebfc <a href=\"https:\/\/mayxaydunghanoi.com\/ban-may-xuc-lat-mini-trung-quoc-gia-tot-tai-ha-noi\/\" target=\"_blank\" rel=\"noopener noreferrer\">m\u00e1y x\u00fac l\u1eadt Trung Qu\u1ed1c<\/a>\u00a0b\u00e1n ch\u1ea1y nh\u1ea5t Vi\u1ec7t Nam \u0111\u1ea7u n\u0103m 2020. V\u00e0 c\u00f4ng ty TNHH Hanoi Vietnam l\u00e0 \u0111\u01a1n v\u1ecb cung c\u1ea5p lo\u1ea1i m\u00e1y x\u00fac l\u1eadt SDLG h\u00e0ng \u0111\u1ea7u t\u1ea1i H\u00e0 N\u1ed9i.<\/p>\n<h3>H\u00ecnh \u1ea3nh SDLG LG953L:<\/h3>\n<p><img loading=\"lazy\" decoding=\"async\" class=\"aligncenter size-full wp-image-2918\" src=\"https:\/\/mayxaydunghanoi.com\/wp-content\/uploads\/2020\/08\/may-xuc-lat-sdlg-lg953l-gau-3m3.jpg\" alt=\"M\u00e1y x\u00fac l\u1eadt SDLG LG953L g\u1ea7u 3m3\" width=\"600\" height=\"408\" srcset=\"https:\/\/mayxaydunghanoi.com\/wp-content\/uploads\/2020\/08\/may-xuc-lat-sdlg-lg953l-gau-3m3.jpg 600w, https:\/\/mayxaydunghanoi.com\/wp-content\/uploads\/2020\/08\/may-xuc-lat-sdlg-lg953l-gau-3m3-510x347.jpg 510w\" sizes=\"auto, (max-width: 600px) 100vw, 600px\" \/><\/p>\n<p><img loading=\"lazy\" decoding=\"async\" class=\"aligncenter size-full wp-image-2920\" src=\"https:\/\/mayxaydunghanoi.com\/wp-content\/uploads\/2020\/08\/may-xuc-lat-sdlg-lg953l-gau-3m3-1.jpg\" alt=\"M\u00e1y x\u00fac l\u1eadt SDLG LG953L g\u1ea7u 3m3-1\" width=\"600\" height=\"722\" srcset=\"https:\/\/mayxaydunghanoi.com\/wp-content\/uploads\/2020\/08\/may-xuc-lat-sdlg-lg953l-gau-3m3-1.jpg 600w, https:\/\/mayxaydunghanoi.com\/wp-content\/uploads\/2020\/08\/may-xuc-lat-sdlg-lg953l-gau-3m3-1-247x296.jpg 247w, https:\/\/mayxaydunghanoi.com\/wp-content\/uploads\/2020\/08\/may-xuc-lat-sdlg-lg953l-gau-3m3-1-510x614.jpg 510w\" sizes=\"auto, (max-width: 600px) 100vw, 600px\" \/><\/p>\n<h3>Th\u00f4ng s\u1ed1 k\u1ef9 thu\u1eadt m\u00e1y x\u00fac l\u1eadt SDLG LG953L:<\/h3>\n<table border=\"1\" cellspacing=\"0\" cellpadding=\"0\">\n<tbody>\n<tr>\n<td><strong>K\u00edch th\u01b0\u1edbc<\/strong><\/td>\n<td><\/td>\n<td><\/td>\n<\/tr>\n<tr>\n<td>K\u00edch th\u01b0\u1edbc t\u1ed5ng th\u1ec3 DxRxC<\/td>\n<td>mm<\/td>\n<td>7960 x 3016 x 3423<\/td>\n<\/tr>\n<tr>\n<td>C\u1ef1 li tr\u1ee5c<\/td>\n<td>mm<\/td>\n<td>3075<\/td>\n<\/tr>\n<tr>\n<td>Chi\u1ec1u cao x\u1ea3 t\u1ea3i l\u1edbn nh\u1ea5t<\/td>\n<td>mm<\/td>\n<td>3000<\/td>\n<\/tr>\n<tr>\n<td>Chi\u1ec1u cao n\u00e2ng c\u1ea7n<\/td>\n<td>mm<\/td>\n<td>4074<\/td>\n<\/tr>\n<tr>\n<td>C\u1ef1 li b\u1ed1c x\u1ebfp<\/td>\n<td>mm<\/td>\n<td>1190<\/td>\n<\/tr>\n<tr>\n<td>\u0110\u1ed9 leo d\u1ed1c<\/td>\n<td>\u0110\u1ed9<\/td>\n<td>29<\/td>\n<\/tr>\n<tr>\n<td>G\u00f3c \u0111\u1ed5<\/td>\n<td>\u0110\u1ed9<\/td>\n<td>45<\/td>\n<\/tr>\n<tr>\n<td>Chi\u1ec1u r\u1ed9ng g\u1ea7u<\/td>\n<td>mm<\/td>\n<td>3050<\/td>\n<\/tr>\n<tr>\n<td>Chi\u1ec1u r\u1ed9ng xe (m\u1eb7t ngo\u00e0i l\u1ed1p sau)<\/td>\n<td>mm<\/td>\n<td>2845<\/td>\n<\/tr>\n<tr>\n<td>C\u1ef1 li b\u00e1nh<\/td>\n<td>mm<\/td>\n<td>2250<\/td>\n<\/tr>\n<tr>\n<td>G\u00f3c chuy\u1ec3n h\u01b0\u1edbng<\/td>\n<td>\u0110\u1ed9<\/td>\n<td>35<\/td>\n<\/tr>\n<tr>\n<td>B\u00e1n k\u00ednh v\u00f2ng quay nh\u1ecf nh\u1ea5t<\/td>\n<td>mm<\/td>\n<td>6201<\/td>\n<\/tr>\n<tr>\n<td><strong>T\u00ednh n\u0103ng<\/strong><\/td>\n<td><\/td>\n<td><\/td>\n<\/tr>\n<tr>\n<td>Dung t\u00edch g\u1ea7u<\/td>\n<td>M3<\/td>\n<td>3-3.6<\/td>\n<\/tr>\n<tr>\n<td>Tr\u1ecdng l\u01b0\u1ee3ng n\u00e2ng<\/td>\n<td>kg<\/td>\n<td>5000<\/td>\n<\/tr>\n<tr>\n<td>T\u1ef1 tr\u1ecdng<\/td>\n<td>kg<\/td>\n<td>17130<\/td>\n<\/tr>\n<tr>\n<td>L\u1ef1c n\u00e2ng l\u1edbn nh\u1ea5t<\/td>\n<td>kN<\/td>\n<td>&gt;185<\/td>\n<\/tr>\n<tr>\n<td>L\u1ef1c k\u00e9o l\u1edbn nh\u1ea5t<\/td>\n<td>kN<\/td>\n<td>&gt;166<\/td>\n<\/tr>\n<tr>\n<td><strong>\u0110\u1ed9ng c\u01a1<\/strong><\/td>\n<td><\/td>\n<td><\/td>\n<\/tr>\n<tr>\n<td>Model<\/td>\n<td><\/td>\n<td><strong>WD10G220E23<\/strong><\/td>\n<\/tr>\n<tr>\n<td>H\u00ecnh th\u1ee9c<\/td>\n<td><\/td>\n<td>Xilanh th\u1eb3ng h\u00e0ng, l\u00e0m m\u00e1t b\u1eb1ng n\u01b0\u1edbc, xilanh kh\u00f4, phun tr\u1ef1c ti\u1ebfp qu\u1ea1t gi\u00f3 li t\u00e2m<\/td>\n<\/tr>\n<tr>\n<td>C\u00f4ng su\u1ea5t<\/td>\n<td>kW\/rpm<\/td>\n<td>162\/2000<\/td>\n<\/tr>\n<tr>\n<td>Nhi\u00ean li\u1ec7u ti\u00eau hao th\u1ea5p nh\u1ea5t<\/td>\n<td>g\/kW\/h<\/td>\n<td>&lt;215<\/td>\n<\/tr>\n<tr>\n<td>Dung t\u00edch xi lanh<\/td>\n<td>ml<\/td>\n<td>9726<\/td>\n<\/tr>\n<tr>\n<td><strong>H\u1ec7 th\u1ed1ng truy\u1ec1n \u0111\u1ed9ng<\/strong><\/td>\n<td><\/td>\n<td><\/td>\n<\/tr>\n<tr>\n<td>B\u1ed9 bi\u1ebfn momen<\/td>\n<td><\/td>\n<td>B\u1ed9 bi\u1ebfn m\u00f4 th\u1ee7y l\u1ef1c 2 tuabin<\/td>\n<\/tr>\n<tr>\n<td>H\u1ed9p s\u1ed1<\/td>\n<td><\/td>\n<td>H\u1ed9p s\u1ed1 t\u1ef1 \u0111\u1ed9ng lo\u1ea1i b\u00e1nh r\u0103ng h\u00e0nh tinh<\/td>\n<\/tr>\n<tr>\n<td>S\u1ed1 ti\u1ebfn<\/td>\n<td>Km\/h<\/td>\n<td>0-38<\/td>\n<\/tr>\n<tr>\n<td>S\u1ed1 l\u00f9i<\/td>\n<td>Km\/h<\/td>\n<td>0-17<\/td>\n<\/tr>\n<tr>\n<td>Th\u1eddi gian n\u00e2ng, h\u1ea1, \u0111\u1ed5<\/td>\n<td>s<\/td>\n<td>&lt;10<\/td>\n<\/tr>\n<tr>\n<td><strong>H\u1ec7 th\u1ed1ng phanh<\/strong><\/td>\n<td><\/td>\n<td><\/td>\n<\/tr>\n<tr>\n<td>Phanh ch\u00ednh<\/td>\n<td><\/td>\n<td>Phanh d\u1ea7u tr\u1ee3 l\u1ef1c h\u01a1i<\/td>\n<\/tr>\n<tr>\n<td>Phanh ph\u1ee5<\/td>\n<td><\/td>\n<td>Phanh tay d\u00e2y r\u00fat, phanh tang tr\u1ed1ng ho\u1eb7c phanh \u0111\u0129a<\/td>\n<\/tr>\n<tr>\n<td><strong>H\u1ec7 th\u1ed1ng l\u00e1i<\/strong><\/td>\n<td><\/td>\n<td>Th\u1ee7y l\u1ef1c<\/td>\n<\/tr>\n<tr>\n<td><strong>L\u01b0\u1ee3ng d\u1ea7u<\/strong><\/td>\n<td><\/td>\n<td><\/td>\n<\/tr>\n<tr>\n<td>D\u1ea7u diesel<\/td>\n<td>L<\/td>\n<td>260<\/td>\n<\/tr>\n<tr>\n<td>D\u1ea7u th\u1ee7y l\u1ef1c<\/td>\n<td>L<\/td>\n<td>240<\/td>\n<\/tr>\n<tr>\n<td>D\u1ea7u \u0111\u1ed9ng c\u01a1<\/td>\n<td>L<\/td>\n<td>20<\/td>\n<\/tr>\n<tr>\n<td>D\u1ea7u h\u1ed9p s\u1ed1<\/td>\n<td>L<\/td>\n<td>45<\/td>\n<\/tr>\n<\/tbody>\n<\/table>\n","protected":false},"excerpt":{"rendered":"<ul>\n<li>Xu\u1ea5t x\u1ee9: Trung Qu\u1ed1c<\/li>\n<li>Th\u01b0\u01a1ng hi\u1ec7u: SDLG<\/li>\n<li>Th\u1ec3 t\u00edch g\u1ea7u: 3m3<\/li>\n<\/ul>\n","protected":false},"featured_media":2918,"comment_status":"open","ping_status":"closed","template":"","meta":[],"product_brand":[],"product_cat":[331],"product_tag":[399,334,336,391,398],"class_list":{"0":"post-2917","1":"product","2":"type-product","3":"status-publish","4":"has-post-thumbnail","6":"product_cat-may-xuc-lat-sdlg","7":"product_tag-lg953l","8":"product_tag-may-xuc-gau-3m3","9":"product_tag-may-xuc-trung-quoc","10":"product_tag-sdlg","11":"product_tag-sdlg-lg953l","13":"first","14":"instock","15":"shipping-taxable","16":"product-type-simple"},"yoast_head":"<!-- This site is optimized with the Yoast SEO Premium plugin v26.1 (Yoast SEO v26.6) - https:\/\/yoast.com\/wordpress\/plugins\/seo\/ -->\n<title>M\u00e1y x\u00fac l\u1eadt SDLG LG953L g\u1ea7u 3m3 - Hanoi Vietnam Co., Ltd<\/title>\n<meta name=\"description\" content=\"M\u00e1y x\u00fac l\u1eadt SDLG LG953L c\u00f3 c\u00f4ng su\u1ea5t 162KW, dung t\u00edch g\u1ea7u 3m3, tr\u1ecdng l\u01b0\u1ee3ng n\u00e2ng l\u1edbn nh\u1ea5t 5 t\u1ea5n, th\u00f9ng nhi\u00ean li\u1ec7u 260 l\u00edt.\" \/>\n<meta name=\"robots\" content=\"index, follow, max-snippet:-1, max-image-preview:large, max-video-preview:-1\" \/>\n<link rel=\"canonical\" href=\"https:\/\/mayxaydunghanoi.com\/vi\/san-pham\/may-xuc-lat-sdlg-lg953l-gau-3m3\/\" \/>\n<meta property=\"og:locale\" content=\"vi_VN\" \/>\n<meta property=\"og:type\" content=\"article\" \/>\n<meta property=\"og:title\" content=\"M\u00e1y x\u00fac l\u1eadt SDLG LG953L g\u1ea7u 3m3\" \/>\n<meta property=\"og:description\" content=\"M\u00e1y x\u00fac l\u1eadt SDLG LG953L c\u00f3 c\u00f4ng su\u1ea5t 162KW, dung t\u00edch g\u1ea7u 3m3, tr\u1ecdng l\u01b0\u1ee3ng n\u00e2ng l\u1edbn nh\u1ea5t 5 t\u1ea5n, th\u00f9ng nhi\u00ean li\u1ec7u 260 l\u00edt.\" \/>\n<meta property=\"og:url\" content=\"https:\/\/mayxaydunghanoi.com\/vi\/san-pham\/may-xuc-lat-sdlg-lg953l-gau-3m3\/\" \/>\n<meta property=\"og:site_name\" content=\"Hanoi Vietnam Co., Ltd\" \/>\n<meta property=\"og:image\" content=\"https:\/\/mayxaydunghanoi.com\/wp-content\/uploads\/2020\/08\/may-xuc-lat-sdlg-lg953l-gau-3m3.jpg\" \/>\n\t<meta property=\"og:image:width\" content=\"600\" \/>\n\t<meta property=\"og:image:height\" content=\"408\" \/>\n\t<meta property=\"og:image:type\" content=\"image\/jpeg\" \/>\n<meta name=\"twitter:card\" content=\"summary_large_image\" \/>\n<meta name=\"twitter:label1\" content=\"Est. reading time\" \/>\n\t<meta name=\"twitter:data1\" content=\"2 minutes\" \/>\n<script type=\"application\/ld+json\" class=\"yoast-schema-graph\">{\"@context\":\"https:\/\/schema.org\",\"@graph\":[{\"@type\":\"WebPage\",\"@id\":\"https:\/\/mayxaydunghanoi.com\/vi\/san-pham\/may-xuc-lat-sdlg-lg953l-gau-3m3\/\",\"url\":\"https:\/\/mayxaydunghanoi.com\/vi\/san-pham\/may-xuc-lat-sdlg-lg953l-gau-3m3\/\",\"name\":\"M\u00e1y x\u00fac l\u1eadt SDLG LG953L g\u1ea7u 3m3 - Hanoi Vietnam Co., Ltd\",\"isPartOf\":{\"@id\":\"https:\/\/mayxaydunghanoi.com\/en\/#website\"},\"primaryImageOfPage\":{\"@id\":\"https:\/\/mayxaydunghanoi.com\/vi\/san-pham\/may-xuc-lat-sdlg-lg953l-gau-3m3\/#primaryimage\"},\"image\":{\"@id\":\"https:\/\/mayxaydunghanoi.com\/vi\/san-pham\/may-xuc-lat-sdlg-lg953l-gau-3m3\/#primaryimage\"},\"thumbnailUrl\":\"https:\/\/mayxaydunghanoi.com\/wp-content\/uploads\/2020\/08\/may-xuc-lat-sdlg-lg953l-gau-3m3.jpg\",\"datePublished\":\"2020-08-27T09:37:20+00:00\",\"description\":\"M\u00e1y x\u00fac l\u1eadt SDLG LG953L c\u00f3 c\u00f4ng su\u1ea5t 162KW, dung t\u00edch g\u1ea7u 3m3, tr\u1ecdng l\u01b0\u1ee3ng n\u00e2ng l\u1edbn nh\u1ea5t 5 t\u1ea5n, th\u00f9ng nhi\u00ean li\u1ec7u 260 l\u00edt.\",\"breadcrumb\":{\"@id\":\"https:\/\/mayxaydunghanoi.com\/vi\/san-pham\/may-xuc-lat-sdlg-lg953l-gau-3m3\/#breadcrumb\"},\"inLanguage\":\"vi-VN\",\"potentialAction\":[{\"@type\":\"ReadAction\",\"target\":[\"https:\/\/mayxaydunghanoi.com\/vi\/san-pham\/may-xuc-lat-sdlg-lg953l-gau-3m3\/\"]}]},{\"@type\":\"ImageObject\",\"inLanguage\":\"vi-VN\",\"@id\":\"https:\/\/mayxaydunghanoi.com\/vi\/san-pham\/may-xuc-lat-sdlg-lg953l-gau-3m3\/#primaryimage\",\"url\":\"https:\/\/mayxaydunghanoi.com\/wp-content\/uploads\/2020\/08\/may-xuc-lat-sdlg-lg953l-gau-3m3.jpg\",\"contentUrl\":\"https:\/\/mayxaydunghanoi.com\/wp-content\/uploads\/2020\/08\/may-xuc-lat-sdlg-lg953l-gau-3m3.jpg\",\"width\":600,\"height\":408,\"caption\":\"M\u00e1y x\u00fac l\u1eadt SDLG LG953L g\u1ea7u 3m3\"},{\"@type\":\"BreadcrumbList\",\"@id\":\"https:\/\/mayxaydunghanoi.com\/vi\/san-pham\/may-xuc-lat-sdlg-lg953l-gau-3m3\/#breadcrumb\",\"itemListElement\":[{\"@type\":\"ListItem\",\"position\":1,\"name\":\"Home\",\"item\":\"https:\/\/mayxaydunghanoi.com\/vi\/\"},{\"@type\":\"ListItem\",\"position\":2,\"name\":\"S\u1ea3n ph\u1ea9m\",\"item\":\"https:\/\/mayxaydunghanoi.com\/vi\/san-pham\/\"},{\"@type\":\"ListItem\",\"position\":3,\"name\":\"M\u00e1y x\u00fac l\u1eadt SDLG LG953L g\u1ea7u 3m3\"}]},{\"@type\":\"WebSite\",\"@id\":\"https:\/\/mayxaydunghanoi.com\/en\/#website\",\"url\":\"https:\/\/mayxaydunghanoi.com\/en\/\",\"name\":\"Hanoi Vietnam Co., Ltd\",\"description\":\"\",\"publisher\":{\"@id\":\"https:\/\/mayxaydunghanoi.com\/en\/#organization\"},\"potentialAction\":[{\"@type\":\"SearchAction\",\"target\":{\"@type\":\"EntryPoint\",\"urlTemplate\":\"https:\/\/mayxaydunghanoi.com\/en\/?s={search_term_string}\"},\"query-input\":{\"@type\":\"PropertyValueSpecification\",\"valueRequired\":true,\"valueName\":\"search_term_string\"}}],\"inLanguage\":\"vi-VN\"},{\"@type\":\"Organization\",\"@id\":\"https:\/\/mayxaydunghanoi.com\/en\/#organization\",\"name\":\"Hanoi Vietnam Co., Ltd\",\"url\":\"https:\/\/mayxaydunghanoi.com\/en\/\",\"logo\":{\"@type\":\"ImageObject\",\"inLanguage\":\"vi-VN\",\"@id\":\"https:\/\/mayxaydunghanoi.com\/en\/#\/schema\/logo\/image\/\",\"url\":\"https:\/\/mayxaydunghanoi.com\/wp-content\/uploads\/2018\/04\/Logo-mayxaydunghanoi-ok.png\",\"contentUrl\":\"https:\/\/mayxaydunghanoi.com\/wp-content\/uploads\/2018\/04\/Logo-mayxaydunghanoi-ok.png\",\"width\":900,\"height\":900,\"caption\":\"Hanoi Vietnam Co., Ltd\"},\"image\":{\"@id\":\"https:\/\/mayxaydunghanoi.com\/en\/#\/schema\/logo\/image\/\"}}]}<\/script>\n<!-- \/ Yoast SEO Premium plugin. -->","yoast_head_json":{"title":"M\u00e1y x\u00fac l\u1eadt SDLG LG953L g\u1ea7u 3m3 - Hanoi Vietnam Co., Ltd","description":"M\u00e1y x\u00fac l\u1eadt SDLG LG953L c\u00f3 c\u00f4ng su\u1ea5t 162KW, dung t\u00edch g\u1ea7u 3m3, tr\u1ecdng l\u01b0\u1ee3ng n\u00e2ng l\u1edbn nh\u1ea5t 5 t\u1ea5n, th\u00f9ng nhi\u00ean li\u1ec7u 260 l\u00edt.","robots":{"index":"index","follow":"follow","max-snippet":"max-snippet:-1","max-image-preview":"max-image-preview:large","max-video-preview":"max-video-preview:-1"},"canonical":"https:\/\/mayxaydunghanoi.com\/vi\/san-pham\/may-xuc-lat-sdlg-lg953l-gau-3m3\/","og_locale":"vi_VN","og_type":"article","og_title":"M\u00e1y x\u00fac l\u1eadt SDLG LG953L g\u1ea7u 3m3","og_description":"M\u00e1y x\u00fac l\u1eadt SDLG LG953L c\u00f3 c\u00f4ng su\u1ea5t 162KW, dung t\u00edch g\u1ea7u 3m3, tr\u1ecdng l\u01b0\u1ee3ng n\u00e2ng l\u1edbn nh\u1ea5t 5 t\u1ea5n, th\u00f9ng nhi\u00ean li\u1ec7u 260 l\u00edt.","og_url":"https:\/\/mayxaydunghanoi.com\/vi\/san-pham\/may-xuc-lat-sdlg-lg953l-gau-3m3\/","og_site_name":"Hanoi Vietnam Co., Ltd","og_image":[{"width":600,"height":408,"url":"https:\/\/mayxaydunghanoi.com\/wp-content\/uploads\/2020\/08\/may-xuc-lat-sdlg-lg953l-gau-3m3.jpg","type":"image\/jpeg"}],"twitter_card":"summary_large_image","twitter_misc":{"Est. reading time":"2 minutes"},"schema":{"@context":"https:\/\/schema.org","@graph":[{"@type":"WebPage","@id":"https:\/\/mayxaydunghanoi.com\/vi\/san-pham\/may-xuc-lat-sdlg-lg953l-gau-3m3\/","url":"https:\/\/mayxaydunghanoi.com\/vi\/san-pham\/may-xuc-lat-sdlg-lg953l-gau-3m3\/","name":"M\u00e1y x\u00fac l\u1eadt SDLG LG953L g\u1ea7u 3m3 - Hanoi Vietnam Co., Ltd","isPartOf":{"@id":"https:\/\/mayxaydunghanoi.com\/en\/#website"},"primaryImageOfPage":{"@id":"https:\/\/mayxaydunghanoi.com\/vi\/san-pham\/may-xuc-lat-sdlg-lg953l-gau-3m3\/#primaryimage"},"image":{"@id":"https:\/\/mayxaydunghanoi.com\/vi\/san-pham\/may-xuc-lat-sdlg-lg953l-gau-3m3\/#primaryimage"},"thumbnailUrl":"https:\/\/mayxaydunghanoi.com\/wp-content\/uploads\/2020\/08\/may-xuc-lat-sdlg-lg953l-gau-3m3.jpg","datePublished":"2020-08-27T09:37:20+00:00","description":"M\u00e1y x\u00fac l\u1eadt SDLG LG953L c\u00f3 c\u00f4ng su\u1ea5t 162KW, dung t\u00edch g\u1ea7u 3m3, tr\u1ecdng l\u01b0\u1ee3ng n\u00e2ng l\u1edbn nh\u1ea5t 5 t\u1ea5n, th\u00f9ng nhi\u00ean li\u1ec7u 260 l\u00edt.","breadcrumb":{"@id":"https:\/\/mayxaydunghanoi.com\/vi\/san-pham\/may-xuc-lat-sdlg-lg953l-gau-3m3\/#breadcrumb"},"inLanguage":"vi-VN","potentialAction":[{"@type":"ReadAction","target":["https:\/\/mayxaydunghanoi.com\/vi\/san-pham\/may-xuc-lat-sdlg-lg953l-gau-3m3\/"]}]},{"@type":"ImageObject","inLanguage":"vi-VN","@id":"https:\/\/mayxaydunghanoi.com\/vi\/san-pham\/may-xuc-lat-sdlg-lg953l-gau-3m3\/#primaryimage","url":"https:\/\/mayxaydunghanoi.com\/wp-content\/uploads\/2020\/08\/may-xuc-lat-sdlg-lg953l-gau-3m3.jpg","contentUrl":"https:\/\/mayxaydunghanoi.com\/wp-content\/uploads\/2020\/08\/may-xuc-lat-sdlg-lg953l-gau-3m3.jpg","width":600,"height":408,"caption":"M\u00e1y x\u00fac l\u1eadt SDLG LG953L g\u1ea7u 3m3"},{"@type":"BreadcrumbList","@id":"https:\/\/mayxaydunghanoi.com\/vi\/san-pham\/may-xuc-lat-sdlg-lg953l-gau-3m3\/#breadcrumb","itemListElement":[{"@type":"ListItem","position":1,"name":"Home","item":"https:\/\/mayxaydunghanoi.com\/vi\/"},{"@type":"ListItem","position":2,"name":"S\u1ea3n ph\u1ea9m","item":"https:\/\/mayxaydunghanoi.com\/vi\/san-pham\/"},{"@type":"ListItem","position":3,"name":"M\u00e1y x\u00fac l\u1eadt SDLG LG953L g\u1ea7u 3m3"}]},{"@type":"WebSite","@id":"https:\/\/mayxaydunghanoi.com\/en\/#website","url":"https:\/\/mayxaydunghanoi.com\/en\/","name":"Hanoi Vietnam Co., Ltd","description":"","publisher":{"@id":"https:\/\/mayxaydunghanoi.com\/en\/#organization"},"potentialAction":[{"@type":"SearchAction","target":{"@type":"EntryPoint","urlTemplate":"https:\/\/mayxaydunghanoi.com\/en\/?s={search_term_string}"},"query-input":{"@type":"PropertyValueSpecification","valueRequired":true,"valueName":"search_term_string"}}],"inLanguage":"vi-VN"},{"@type":"Organization","@id":"https:\/\/mayxaydunghanoi.com\/en\/#organization","name":"Hanoi Vietnam Co., Ltd","url":"https:\/\/mayxaydunghanoi.com\/en\/","logo":{"@type":"ImageObject","inLanguage":"vi-VN","@id":"https:\/\/mayxaydunghanoi.com\/en\/#\/schema\/logo\/image\/","url":"https:\/\/mayxaydunghanoi.com\/wp-content\/uploads\/2018\/04\/Logo-mayxaydunghanoi-ok.png","contentUrl":"https:\/\/mayxaydunghanoi.com\/wp-content\/uploads\/2018\/04\/Logo-mayxaydunghanoi-ok.png","width":900,"height":900,"caption":"Hanoi Vietnam Co., Ltd"},"image":{"@id":"https:\/\/mayxaydunghanoi.com\/en\/#\/schema\/logo\/image\/"}}]}},"_links":{"self":[{"href":"https:\/\/mayxaydunghanoi.com\/vi\/wp-json\/wp\/v2\/product\/2917","targetHints":{"allow":["GET"]}}],"collection":[{"href":"https:\/\/mayxaydunghanoi.com\/vi\/wp-json\/wp\/v2\/product"}],"about":[{"href":"https:\/\/mayxaydunghanoi.com\/vi\/wp-json\/wp\/v2\/types\/product"}],"replies":[{"embeddable":true,"href":"https:\/\/mayxaydunghanoi.com\/vi\/wp-json\/wp\/v2\/comments?post=2917"}],"wp:featuredmedia":[{"embeddable":true,"href":"https:\/\/mayxaydunghanoi.com\/vi\/wp-json\/wp\/v2\/media\/2918"}],"wp:attachment":[{"href":"https:\/\/mayxaydunghanoi.com\/vi\/wp-json\/wp\/v2\/media?parent=2917"}],"wp:term":[{"taxonomy":"product_brand","embeddable":true,"href":"https:\/\/mayxaydunghanoi.com\/vi\/wp-json\/wp\/v2\/product_brand?post=2917"},{"taxonomy":"product_cat","embeddable":true,"href":"https:\/\/mayxaydunghanoi.com\/vi\/wp-json\/wp\/v2\/product_cat?post=2917"},{"taxonomy":"product_tag","embeddable":true,"href":"https:\/\/mayxaydunghanoi.com\/vi\/wp-json\/wp\/v2\/product_tag?post=2917"}],"curies":[{"name":"wp","href":"https:\/\/api.w.org\/{rel}","templated":true}]}}