{"id":2889,"date":"2020-08-26T21:07:04","date_gmt":"2020-08-26T14:07:04","guid":{"rendered":"https:\/\/mayxaydunghanoi.com\/?post_type=product&#038;p=2889"},"modified":"2020-10-13T11:08:21","modified_gmt":"2020-10-13T04:08:21","slug":"may-xuc-lat-sdlg-lg933l-gau-1-8m3","status":"publish","type":"product","link":"https:\/\/mayxaydunghanoi.com\/vi\/san-pham\/may-xuc-lat-sdlg-lg933l-gau-1-8m3\/","title":{"rendered":"M\u00e1y x\u00fac l\u1eadt SDLG LG933L g\u1ea7u 1.8m3"},"content":{"rendered":"<h2>M\u00e1y x\u00fac l\u1eadt SDLG model LG933L dung t\u00edch g\u1ea7u 1.8m3 \u0111\u01b0\u1ee3c Hanoi Vietnam b\u00e1n v\u1edbi gi\u00e1 t\u1ed1t nh\u1ea5t th\u1ecb tr\u01b0\u1eddng m\u00e1y c\u00f4ng tr\u00ecnh Vi\u1ec7t Nam.<\/h2>\n<p>Xe x\u00fac l\u1eadt SDLG \u0111\u01b0\u1ee3c s\u1ea3n xu\u1ea5t theo ti\u00eau chu\u1ea9n ch\u00e2u \u00c2u (SDLG li\u00ean doanh v\u1edbi Volvo). Cabin m\u00e1y c\u00f3 \u0111i\u1ec1u h\u00f2a 2 chi\u1ec1u, h\u1ec7 th\u1ed1ng \u00e2m thanh 2 loa c\u00f9ng \u0111\u1ea7u \u0111\u1ecdc USB v\u00e0 qu\u1ea1t gi\u00f3 ph\u1ee5, gh\u1ebf m\u1ec1m c\u00f3 \u0111i\u1ec1u ch\u1ec9nh.<\/p>\n<h3>H\u00ecnh \u1ea3nh m\u00e1y x\u00fac l\u1eadt LG933L<\/h3>\n<p><img loading=\"lazy\" decoding=\"async\" class=\"aligncenter size-full wp-image-2890\" src=\"https:\/\/mayxaydunghanoi.com\/wp-content\/uploads\/2020\/08\/may-xuc-lat-sdlg-lg933l-gau-1-8m3.jpg\" alt=\"M\u00e1y x\u00fac l\u1eadt SDLG LG933L g\u1ea7u 1.8m3\" width=\"600\" height=\"329\" srcset=\"https:\/\/mayxaydunghanoi.com\/wp-content\/uploads\/2020\/08\/may-xuc-lat-sdlg-lg933l-gau-1-8m3.jpg 600w, https:\/\/mayxaydunghanoi.com\/wp-content\/uploads\/2020\/08\/may-xuc-lat-sdlg-lg933l-gau-1-8m3-510x280.jpg 510w\" sizes=\"auto, (max-width: 600px) 100vw, 600px\" \/><\/p>\n<p><img loading=\"lazy\" decoding=\"async\" class=\"aligncenter size-full wp-image-2892\" src=\"https:\/\/mayxaydunghanoi.com\/wp-content\/uploads\/2020\/08\/may-xuc-lat-sdlg-lg933l-gau-1-8m3-1.jpg\" alt=\"M\u00e1y x\u00fac l\u1eadt SDLG LG933L g\u1ea7u 1.8m3-1\" width=\"600\" height=\"419\" srcset=\"https:\/\/mayxaydunghanoi.com\/wp-content\/uploads\/2020\/08\/may-xuc-lat-sdlg-lg933l-gau-1-8m3-1.jpg 600w, https:\/\/mayxaydunghanoi.com\/wp-content\/uploads\/2020\/08\/may-xuc-lat-sdlg-lg933l-gau-1-8m3-1-510x356.jpg 510w\" sizes=\"auto, (max-width: 600px) 100vw, 600px\" \/><\/p>\n<p><img loading=\"lazy\" decoding=\"async\" class=\"aligncenter size-full wp-image-2894\" src=\"https:\/\/mayxaydunghanoi.com\/wp-content\/uploads\/2020\/08\/may-xuc-lat-sdlg-lg933l-gau-1-8m3-2.jpg\" alt=\"M\u00e1y x\u00fac l\u1eadt SDLG LG933L g\u1ea7u 1.8m3-2\" width=\"600\" height=\"378\" srcset=\"https:\/\/mayxaydunghanoi.com\/wp-content\/uploads\/2020\/08\/may-xuc-lat-sdlg-lg933l-gau-1-8m3-2.jpg 600w, https:\/\/mayxaydunghanoi.com\/wp-content\/uploads\/2020\/08\/may-xuc-lat-sdlg-lg933l-gau-1-8m3-2-510x321.jpg 510w\" sizes=\"auto, (max-width: 600px) 100vw, 600px\" \/><\/p>\n<p><img loading=\"lazy\" decoding=\"async\" class=\"aligncenter size-full wp-image-2896\" src=\"https:\/\/mayxaydunghanoi.com\/wp-content\/uploads\/2020\/08\/may-xuc-lat-sdlg-lg933l-gau-1-8m3-3.jpg\" alt=\"M\u00e1y x\u00fac l\u1eadt SDLG LG933L g\u1ea7u 1.8m3-3\" width=\"600\" height=\"386\" srcset=\"https:\/\/mayxaydunghanoi.com\/wp-content\/uploads\/2020\/08\/may-xuc-lat-sdlg-lg933l-gau-1-8m3-3.jpg 600w, https:\/\/mayxaydunghanoi.com\/wp-content\/uploads\/2020\/08\/may-xuc-lat-sdlg-lg933l-gau-1-8m3-3-510x328.jpg 510w\" sizes=\"auto, (max-width: 600px) 100vw, 600px\" \/><\/p>\n<h3>Th\u00f4ng s\u1ed1 k\u1ef9 thu\u1eadt m\u00e1y x\u00fac l\u1eadt SDLG LG933L<\/h3>\n<table border=\"1\" cellspacing=\"0\" cellpadding=\"0\">\n<tbody>\n<tr>\n<td><strong>K\u00edch th\u01b0\u1edbc<\/strong><\/td>\n<td><\/td>\n<td><\/td>\n<\/tr>\n<tr>\n<td>K\u00edch th\u01b0\u1edbc t\u1ed5ng th\u1ec3 DxRxC<\/td>\n<td>mm<\/td>\n<td>7185 x 2510 x 3087<\/td>\n<\/tr>\n<tr>\n<td>C\u1ef1 li tr\u1ee5c<\/td>\n<td>mm<\/td>\n<td>2800<\/td>\n<\/tr>\n<tr>\n<td>Chi\u1ec1u cao x\u1ea3 t\u1ea3i l\u1edbn nh\u1ea5t<\/td>\n<td>mm<\/td>\n<td>2900<\/td>\n<\/tr>\n<tr>\n<td>Chi\u1ec1u cao n\u00e2ng c\u1ea7n<\/td>\n<td>mm<\/td>\n<td>3789<\/td>\n<\/tr>\n<tr>\n<td>C\u1ef1 li b\u1ed1c x\u1ebfp<\/td>\n<td>mm<\/td>\n<td>1050<\/td>\n<\/tr>\n<tr>\n<td>\u0110\u1ed9 leo d\u1ed1c<\/td>\n<td>\u0110\u1ed9<\/td>\n<td>30<\/td>\n<\/tr>\n<tr>\n<td>G\u00f3c \u0111\u1ed5<\/td>\n<td>\u0110\u1ed9<\/td>\n<td>45<\/td>\n<\/tr>\n<tr>\n<td>G\u00f3c thu g\u1ea7u<\/td>\n<td>\u0110\u1ed9<\/td>\n<td>45<\/td>\n<\/tr>\n<tr>\n<td>Chi\u1ec1u r\u1ed9ng xe (m\u1eb7t ngo\u00e0i l\u1ed1p sau)<\/td>\n<td>mm<\/td>\n<td>2310<\/td>\n<\/tr>\n<tr>\n<td>C\u1ef1 li b\u00e1nh<\/td>\n<td>mm<\/td>\n<td>1865<\/td>\n<\/tr>\n<tr>\n<td>G\u00f3c chuy\u1ec3n h\u01b0\u1edbng<\/td>\n<td>\u0110\u1ed9<\/td>\n<td>36<\/td>\n<\/tr>\n<tr>\n<td>B\u00e1n k\u00ednh v\u00f2ng quay nh\u1ecf nh\u1ea5t<\/td>\n<td>mm<\/td>\n<td>5349<\/td>\n<\/tr>\n<tr>\n<td><strong>T\u00ednh n\u0103ng<\/strong><\/td>\n<td><\/td>\n<td><\/td>\n<\/tr>\n<tr>\n<td>Dung t\u00edch g\u1ea7u<\/td>\n<td>M3<\/td>\n<td>1.8<\/td>\n<\/tr>\n<tr>\n<td>Tr\u1ecdng l\u01b0\u1ee3ng n\u00e2ng<\/td>\n<td>kg<\/td>\n<td>3000<\/td>\n<\/tr>\n<tr>\n<td>T\u1ef1 tr\u1ecdng<\/td>\n<td>kg<\/td>\n<td>10200<\/td>\n<\/tr>\n<tr>\n<td>L\u1ef1c n\u00e2ng l\u1edbn nh\u1ea5t<\/td>\n<td>kN<\/td>\n<td>&gt;96<\/td>\n<\/tr>\n<tr>\n<td>L\u1ef1c k\u00e9o l\u1edbn nh\u1ea5t<\/td>\n<td>kN<\/td>\n<td>&gt;96<\/td>\n<\/tr>\n<tr>\n<td><strong>\u0110\u1ed9ng c\u01a1<\/strong><\/td>\n<td><\/td>\n<td><\/td>\n<\/tr>\n<tr>\n<td>Model<\/td>\n<td><\/td>\n<td><strong>WEICHAI DEUTZ<\/strong><\/td>\n<\/tr>\n<tr>\n<td>H\u00ecnh th\u1ee9c<\/td>\n<td><\/td>\n<td>Xilanh th\u1eb3ng h\u00e0ng, l\u00e0m m\u00e1t b\u1eb1ng n\u01b0\u1edbc, xilanh kh\u00f4, phun tr\u1ef1c ti\u1ebfp<\/td>\n<\/tr>\n<tr>\n<td>C\u00f4ng su\u1ea5t<\/td>\n<td>kW\/rpm<\/td>\n<td>92\/2200<\/td>\n<\/tr>\n<tr>\n<td>Nhi\u00ean li\u1ec7u ti\u00eau hao th\u1ea5p nh\u1ea5t<\/td>\n<td>g\/kW\/h<\/td>\n<td>&lt;240<\/td>\n<\/tr>\n<tr>\n<td>Dung t\u00edch xi lanh<\/td>\n<td>ml<\/td>\n<td>6494<\/td>\n<\/tr>\n<tr>\n<td><strong>H\u1ec7 th\u1ed1ng truy\u1ec1n \u0111\u1ed9ng<\/strong><\/td>\n<td><\/td>\n<td><\/td>\n<\/tr>\n<tr>\n<td>B\u1ed9 bi\u1ebfn momen<\/td>\n<td><\/td>\n<td>B\u1ed9 bi\u1ebfn m\u00f4 th\u1ee7y l\u1ef1c 1 tuabin<\/td>\n<\/tr>\n<tr>\n<td>H\u1ed9p s\u1ed1<\/td>\n<td><\/td>\n<td>D\u1ea1ng tr\u1ee5c<\/td>\n<\/tr>\n<tr>\n<td>S\u1ed1 ti\u1ebfn<\/td>\n<td>Km\/h<\/td>\n<td>0-40<\/td>\n<\/tr>\n<tr>\n<td>S\u1ed1 l\u00f9i<\/td>\n<td>Km\/h<\/td>\n<td>0-9<\/td>\n<\/tr>\n<tr>\n<td>Th\u1eddi gian n\u00e2ng, h\u1ea1, \u0111\u1ed5<\/td>\n<td>s<\/td>\n<td>&lt;9<\/td>\n<\/tr>\n<tr>\n<td><strong>H\u1ec7 th\u1ed1ng phanh<\/strong><\/td>\n<td><\/td>\n<td><\/td>\n<\/tr>\n<tr>\n<td>Phanh ch\u00ednh<\/td>\n<td><\/td>\n<td>Phanh d\u1ea7u tr\u1ee3 l\u1ef1c h\u01a1i<\/td>\n<\/tr>\n<tr>\n<td>Phanh ph\u1ee5<\/td>\n<td><\/td>\n<td>Phanh tay c\u01a1<\/td>\n<\/tr>\n<tr>\n<td><strong>H\u1ec7 th\u1ed1ng l\u00e1i<\/strong><\/td>\n<td><\/td>\n<td>Th\u1ee7y l\u1ef1c<\/td>\n<\/tr>\n<tr>\n<td><strong>L\u01b0\u1ee3ng d\u1ea7u<\/strong><\/td>\n<td><\/td>\n<td><\/td>\n<\/tr>\n<tr>\n<td>D\u1ea7u diesel<\/td>\n<td>L<\/td>\n<td>140<\/td>\n<\/tr>\n<tr>\n<td>D\u1ea7u th\u1ee7y l\u1ef1c<\/td>\n<td>L<\/td>\n<td>130<\/td>\n<\/tr>\n<tr>\n<td>D\u1ea7u \u0111\u1ed9ng c\u01a1<\/td>\n<td>L<\/td>\n<td>15<\/td>\n<\/tr>\n<tr>\n<td>D\u1ea7u h\u1ed9p s\u1ed1<\/td>\n<td>L<\/td>\n<td>45<\/td>\n<\/tr>\n<\/tbody>\n<\/table>\n","protected":false},"excerpt":{"rendered":"<ul>\n<li>Xu\u1ea5t x\u1ee9: Trung Qu\u1ed1c<\/li>\n<li>Th\u01b0\u01a1ng hi\u1ec7u: SDLG<\/li>\n<li>Th\u1ec3 t\u00edch g\u1ea7u: 1.8m3<\/li>\n<\/ul>\n","protected":false},"featured_media":2890,"comment_status":"open","ping_status":"closed","template":"","meta":[],"product_brand":[],"product_cat":[331],"product_tag":[388,390,336,391,389],"class_list":{"0":"post-2889","1":"product","2":"type-product","3":"status-publish","4":"has-post-thumbnail","6":"product_cat-may-xuc-lat-sdlg","7":"product_tag-lg933l","8":"product_tag-may-xuc-gau-1-8m3","9":"product_tag-may-xuc-trung-quoc","10":"product_tag-sdlg","11":"product_tag-sdlg-lg933l","13":"first","14":"instock","15":"shipping-taxable","16":"product-type-simple"},"yoast_head":"<!-- This site is optimized with the Yoast SEO Premium plugin v26.1 (Yoast SEO v26.6) - https:\/\/yoast.com\/wordpress\/plugins\/seo\/ -->\n<title>M\u00e1y x\u00fac l\u1eadt SDLG LG933L g\u1ea7u 1.8m3 - Hanoi Vietnam Co., Ltd<\/title>\n<meta name=\"description\" content=\"M\u00e1y x\u00fac l\u1eadt SDLG model LG933L dung t\u00edch g\u1ea7u 1.8m3 \u0111\u01b0\u1ee3c Hanoi Vietnam b\u00e1n v\u1edbi gi\u00e1 t\u1ed1t nh\u1ea5t th\u1ecb tr\u01b0\u1eddng m\u00e1y c\u00f4ng tr\u00ecnh Vi\u1ec7t Nam.\" \/>\n<meta name=\"robots\" content=\"index, follow, max-snippet:-1, max-image-preview:large, max-video-preview:-1\" \/>\n<link rel=\"canonical\" href=\"https:\/\/mayxaydunghanoi.com\/vi\/san-pham\/may-xuc-lat-sdlg-lg933l-gau-1-8m3\/\" \/>\n<meta property=\"og:locale\" content=\"vi_VN\" \/>\n<meta property=\"og:type\" content=\"article\" \/>\n<meta property=\"og:title\" content=\"M\u00e1y x\u00fac l\u1eadt SDLG LG933L g\u1ea7u 1.8m3\" \/>\n<meta property=\"og:description\" content=\"M\u00e1y x\u00fac l\u1eadt SDLG model LG933L dung t\u00edch g\u1ea7u 1.8m3 \u0111\u01b0\u1ee3c Hanoi Vietnam b\u00e1n v\u1edbi gi\u00e1 t\u1ed1t nh\u1ea5t th\u1ecb tr\u01b0\u1eddng m\u00e1y c\u00f4ng tr\u00ecnh Vi\u1ec7t Nam.\" \/>\n<meta property=\"og:url\" content=\"https:\/\/mayxaydunghanoi.com\/vi\/san-pham\/may-xuc-lat-sdlg-lg933l-gau-1-8m3\/\" \/>\n<meta property=\"og:site_name\" content=\"Hanoi Vietnam Co., Ltd\" \/>\n<meta property=\"article:modified_time\" content=\"2020-10-13T04:08:21+00:00\" \/>\n<meta property=\"og:image\" content=\"https:\/\/mayxaydunghanoi.com\/wp-content\/uploads\/2020\/08\/may-xuc-lat-sdlg-lg933l-gau-1-8m3.jpg\" \/>\n\t<meta property=\"og:image:width\" content=\"600\" \/>\n\t<meta property=\"og:image:height\" content=\"329\" \/>\n\t<meta property=\"og:image:type\" content=\"image\/jpeg\" \/>\n<meta name=\"twitter:card\" content=\"summary_large_image\" \/>\n<meta name=\"twitter:label1\" content=\"Est. reading time\" \/>\n\t<meta name=\"twitter:data1\" content=\"2 minutes\" \/>\n<script type=\"application\/ld+json\" class=\"yoast-schema-graph\">{\"@context\":\"https:\/\/schema.org\",\"@graph\":[{\"@type\":\"WebPage\",\"@id\":\"https:\/\/mayxaydunghanoi.com\/vi\/san-pham\/may-xuc-lat-sdlg-lg933l-gau-1-8m3\/\",\"url\":\"https:\/\/mayxaydunghanoi.com\/vi\/san-pham\/may-xuc-lat-sdlg-lg933l-gau-1-8m3\/\",\"name\":\"M\u00e1y x\u00fac l\u1eadt SDLG LG933L g\u1ea7u 1.8m3 - Hanoi Vietnam Co., Ltd\",\"isPartOf\":{\"@id\":\"https:\/\/mayxaydunghanoi.com\/en\/#website\"},\"primaryImageOfPage\":{\"@id\":\"https:\/\/mayxaydunghanoi.com\/vi\/san-pham\/may-xuc-lat-sdlg-lg933l-gau-1-8m3\/#primaryimage\"},\"image\":{\"@id\":\"https:\/\/mayxaydunghanoi.com\/vi\/san-pham\/may-xuc-lat-sdlg-lg933l-gau-1-8m3\/#primaryimage\"},\"thumbnailUrl\":\"https:\/\/mayxaydunghanoi.com\/wp-content\/uploads\/2020\/08\/may-xuc-lat-sdlg-lg933l-gau-1-8m3.jpg\",\"datePublished\":\"2020-08-26T14:07:04+00:00\",\"dateModified\":\"2020-10-13T04:08:21+00:00\",\"description\":\"M\u00e1y x\u00fac l\u1eadt SDLG model LG933L dung t\u00edch g\u1ea7u 1.8m3 \u0111\u01b0\u1ee3c Hanoi Vietnam b\u00e1n v\u1edbi gi\u00e1 t\u1ed1t nh\u1ea5t th\u1ecb tr\u01b0\u1eddng m\u00e1y c\u00f4ng tr\u00ecnh Vi\u1ec7t Nam.\",\"breadcrumb\":{\"@id\":\"https:\/\/mayxaydunghanoi.com\/vi\/san-pham\/may-xuc-lat-sdlg-lg933l-gau-1-8m3\/#breadcrumb\"},\"inLanguage\":\"vi-VN\",\"potentialAction\":[{\"@type\":\"ReadAction\",\"target\":[\"https:\/\/mayxaydunghanoi.com\/vi\/san-pham\/may-xuc-lat-sdlg-lg933l-gau-1-8m3\/\"]}]},{\"@type\":\"ImageObject\",\"inLanguage\":\"vi-VN\",\"@id\":\"https:\/\/mayxaydunghanoi.com\/vi\/san-pham\/may-xuc-lat-sdlg-lg933l-gau-1-8m3\/#primaryimage\",\"url\":\"https:\/\/mayxaydunghanoi.com\/wp-content\/uploads\/2020\/08\/may-xuc-lat-sdlg-lg933l-gau-1-8m3.jpg\",\"contentUrl\":\"https:\/\/mayxaydunghanoi.com\/wp-content\/uploads\/2020\/08\/may-xuc-lat-sdlg-lg933l-gau-1-8m3.jpg\",\"width\":600,\"height\":329,\"caption\":\"M\u00e1y x\u00fac l\u1eadt SDLG LG933L g\u1ea7u 1.8m3\"},{\"@type\":\"BreadcrumbList\",\"@id\":\"https:\/\/mayxaydunghanoi.com\/vi\/san-pham\/may-xuc-lat-sdlg-lg933l-gau-1-8m3\/#breadcrumb\",\"itemListElement\":[{\"@type\":\"ListItem\",\"position\":1,\"name\":\"Home\",\"item\":\"https:\/\/mayxaydunghanoi.com\/vi\/\"},{\"@type\":\"ListItem\",\"position\":2,\"name\":\"S\u1ea3n ph\u1ea9m\",\"item\":\"https:\/\/mayxaydunghanoi.com\/vi\/san-pham\/\"},{\"@type\":\"ListItem\",\"position\":3,\"name\":\"M\u00e1y x\u00fac l\u1eadt SDLG LG933L g\u1ea7u 1.8m3\"}]},{\"@type\":\"WebSite\",\"@id\":\"https:\/\/mayxaydunghanoi.com\/en\/#website\",\"url\":\"https:\/\/mayxaydunghanoi.com\/en\/\",\"name\":\"Hanoi Vietnam Co., Ltd\",\"description\":\"\",\"publisher\":{\"@id\":\"https:\/\/mayxaydunghanoi.com\/en\/#organization\"},\"potentialAction\":[{\"@type\":\"SearchAction\",\"target\":{\"@type\":\"EntryPoint\",\"urlTemplate\":\"https:\/\/mayxaydunghanoi.com\/en\/?s={search_term_string}\"},\"query-input\":{\"@type\":\"PropertyValueSpecification\",\"valueRequired\":true,\"valueName\":\"search_term_string\"}}],\"inLanguage\":\"vi-VN\"},{\"@type\":\"Organization\",\"@id\":\"https:\/\/mayxaydunghanoi.com\/en\/#organization\",\"name\":\"Hanoi Vietnam Co., Ltd\",\"url\":\"https:\/\/mayxaydunghanoi.com\/en\/\",\"logo\":{\"@type\":\"ImageObject\",\"inLanguage\":\"vi-VN\",\"@id\":\"https:\/\/mayxaydunghanoi.com\/en\/#\/schema\/logo\/image\/\",\"url\":\"https:\/\/mayxaydunghanoi.com\/wp-content\/uploads\/2018\/04\/Logo-mayxaydunghanoi-ok.png\",\"contentUrl\":\"https:\/\/mayxaydunghanoi.com\/wp-content\/uploads\/2018\/04\/Logo-mayxaydunghanoi-ok.png\",\"width\":900,\"height\":900,\"caption\":\"Hanoi Vietnam Co., Ltd\"},\"image\":{\"@id\":\"https:\/\/mayxaydunghanoi.com\/en\/#\/schema\/logo\/image\/\"}}]}<\/script>\n<!-- \/ Yoast SEO Premium plugin. -->","yoast_head_json":{"title":"M\u00e1y x\u00fac l\u1eadt SDLG LG933L g\u1ea7u 1.8m3 - Hanoi Vietnam Co., Ltd","description":"M\u00e1y x\u00fac l\u1eadt SDLG model LG933L dung t\u00edch g\u1ea7u 1.8m3 \u0111\u01b0\u1ee3c Hanoi Vietnam b\u00e1n v\u1edbi gi\u00e1 t\u1ed1t nh\u1ea5t th\u1ecb tr\u01b0\u1eddng m\u00e1y c\u00f4ng tr\u00ecnh Vi\u1ec7t Nam.","robots":{"index":"index","follow":"follow","max-snippet":"max-snippet:-1","max-image-preview":"max-image-preview:large","max-video-preview":"max-video-preview:-1"},"canonical":"https:\/\/mayxaydunghanoi.com\/vi\/san-pham\/may-xuc-lat-sdlg-lg933l-gau-1-8m3\/","og_locale":"vi_VN","og_type":"article","og_title":"M\u00e1y x\u00fac l\u1eadt SDLG LG933L g\u1ea7u 1.8m3","og_description":"M\u00e1y x\u00fac l\u1eadt SDLG model LG933L dung t\u00edch g\u1ea7u 1.8m3 \u0111\u01b0\u1ee3c Hanoi Vietnam b\u00e1n v\u1edbi gi\u00e1 t\u1ed1t nh\u1ea5t th\u1ecb tr\u01b0\u1eddng m\u00e1y c\u00f4ng tr\u00ecnh Vi\u1ec7t Nam.","og_url":"https:\/\/mayxaydunghanoi.com\/vi\/san-pham\/may-xuc-lat-sdlg-lg933l-gau-1-8m3\/","og_site_name":"Hanoi Vietnam Co., Ltd","article_modified_time":"2020-10-13T04:08:21+00:00","og_image":[{"width":600,"height":329,"url":"https:\/\/mayxaydunghanoi.com\/wp-content\/uploads\/2020\/08\/may-xuc-lat-sdlg-lg933l-gau-1-8m3.jpg","type":"image\/jpeg"}],"twitter_card":"summary_large_image","twitter_misc":{"Est. reading time":"2 minutes"},"schema":{"@context":"https:\/\/schema.org","@graph":[{"@type":"WebPage","@id":"https:\/\/mayxaydunghanoi.com\/vi\/san-pham\/may-xuc-lat-sdlg-lg933l-gau-1-8m3\/","url":"https:\/\/mayxaydunghanoi.com\/vi\/san-pham\/may-xuc-lat-sdlg-lg933l-gau-1-8m3\/","name":"M\u00e1y x\u00fac l\u1eadt SDLG LG933L g\u1ea7u 1.8m3 - Hanoi Vietnam Co., Ltd","isPartOf":{"@id":"https:\/\/mayxaydunghanoi.com\/en\/#website"},"primaryImageOfPage":{"@id":"https:\/\/mayxaydunghanoi.com\/vi\/san-pham\/may-xuc-lat-sdlg-lg933l-gau-1-8m3\/#primaryimage"},"image":{"@id":"https:\/\/mayxaydunghanoi.com\/vi\/san-pham\/may-xuc-lat-sdlg-lg933l-gau-1-8m3\/#primaryimage"},"thumbnailUrl":"https:\/\/mayxaydunghanoi.com\/wp-content\/uploads\/2020\/08\/may-xuc-lat-sdlg-lg933l-gau-1-8m3.jpg","datePublished":"2020-08-26T14:07:04+00:00","dateModified":"2020-10-13T04:08:21+00:00","description":"M\u00e1y x\u00fac l\u1eadt SDLG model LG933L dung t\u00edch g\u1ea7u 1.8m3 \u0111\u01b0\u1ee3c Hanoi Vietnam b\u00e1n v\u1edbi gi\u00e1 t\u1ed1t nh\u1ea5t th\u1ecb tr\u01b0\u1eddng m\u00e1y c\u00f4ng tr\u00ecnh Vi\u1ec7t Nam.","breadcrumb":{"@id":"https:\/\/mayxaydunghanoi.com\/vi\/san-pham\/may-xuc-lat-sdlg-lg933l-gau-1-8m3\/#breadcrumb"},"inLanguage":"vi-VN","potentialAction":[{"@type":"ReadAction","target":["https:\/\/mayxaydunghanoi.com\/vi\/san-pham\/may-xuc-lat-sdlg-lg933l-gau-1-8m3\/"]}]},{"@type":"ImageObject","inLanguage":"vi-VN","@id":"https:\/\/mayxaydunghanoi.com\/vi\/san-pham\/may-xuc-lat-sdlg-lg933l-gau-1-8m3\/#primaryimage","url":"https:\/\/mayxaydunghanoi.com\/wp-content\/uploads\/2020\/08\/may-xuc-lat-sdlg-lg933l-gau-1-8m3.jpg","contentUrl":"https:\/\/mayxaydunghanoi.com\/wp-content\/uploads\/2020\/08\/may-xuc-lat-sdlg-lg933l-gau-1-8m3.jpg","width":600,"height":329,"caption":"M\u00e1y x\u00fac l\u1eadt SDLG LG933L g\u1ea7u 1.8m3"},{"@type":"BreadcrumbList","@id":"https:\/\/mayxaydunghanoi.com\/vi\/san-pham\/may-xuc-lat-sdlg-lg933l-gau-1-8m3\/#breadcrumb","itemListElement":[{"@type":"ListItem","position":1,"name":"Home","item":"https:\/\/mayxaydunghanoi.com\/vi\/"},{"@type":"ListItem","position":2,"name":"S\u1ea3n ph\u1ea9m","item":"https:\/\/mayxaydunghanoi.com\/vi\/san-pham\/"},{"@type":"ListItem","position":3,"name":"M\u00e1y x\u00fac l\u1eadt SDLG LG933L g\u1ea7u 1.8m3"}]},{"@type":"WebSite","@id":"https:\/\/mayxaydunghanoi.com\/en\/#website","url":"https:\/\/mayxaydunghanoi.com\/en\/","name":"Hanoi Vietnam Co., Ltd","description":"","publisher":{"@id":"https:\/\/mayxaydunghanoi.com\/en\/#organization"},"potentialAction":[{"@type":"SearchAction","target":{"@type":"EntryPoint","urlTemplate":"https:\/\/mayxaydunghanoi.com\/en\/?s={search_term_string}"},"query-input":{"@type":"PropertyValueSpecification","valueRequired":true,"valueName":"search_term_string"}}],"inLanguage":"vi-VN"},{"@type":"Organization","@id":"https:\/\/mayxaydunghanoi.com\/en\/#organization","name":"Hanoi Vietnam Co., Ltd","url":"https:\/\/mayxaydunghanoi.com\/en\/","logo":{"@type":"ImageObject","inLanguage":"vi-VN","@id":"https:\/\/mayxaydunghanoi.com\/en\/#\/schema\/logo\/image\/","url":"https:\/\/mayxaydunghanoi.com\/wp-content\/uploads\/2018\/04\/Logo-mayxaydunghanoi-ok.png","contentUrl":"https:\/\/mayxaydunghanoi.com\/wp-content\/uploads\/2018\/04\/Logo-mayxaydunghanoi-ok.png","width":900,"height":900,"caption":"Hanoi Vietnam Co., Ltd"},"image":{"@id":"https:\/\/mayxaydunghanoi.com\/en\/#\/schema\/logo\/image\/"}}]}},"_links":{"self":[{"href":"https:\/\/mayxaydunghanoi.com\/vi\/wp-json\/wp\/v2\/product\/2889","targetHints":{"allow":["GET"]}}],"collection":[{"href":"https:\/\/mayxaydunghanoi.com\/vi\/wp-json\/wp\/v2\/product"}],"about":[{"href":"https:\/\/mayxaydunghanoi.com\/vi\/wp-json\/wp\/v2\/types\/product"}],"replies":[{"embeddable":true,"href":"https:\/\/mayxaydunghanoi.com\/vi\/wp-json\/wp\/v2\/comments?post=2889"}],"wp:featuredmedia":[{"embeddable":true,"href":"https:\/\/mayxaydunghanoi.com\/vi\/wp-json\/wp\/v2\/media\/2890"}],"wp:attachment":[{"href":"https:\/\/mayxaydunghanoi.com\/vi\/wp-json\/wp\/v2\/media?parent=2889"}],"wp:term":[{"taxonomy":"product_brand","embeddable":true,"href":"https:\/\/mayxaydunghanoi.com\/vi\/wp-json\/wp\/v2\/product_brand?post=2889"},{"taxonomy":"product_cat","embeddable":true,"href":"https:\/\/mayxaydunghanoi.com\/vi\/wp-json\/wp\/v2\/product_cat?post=2889"},{"taxonomy":"product_tag","embeddable":true,"href":"https:\/\/mayxaydunghanoi.com\/vi\/wp-json\/wp\/v2\/product_tag?post=2889"}],"curies":[{"name":"wp","href":"https:\/\/api.w.org\/{rel}","templated":true}]}}