{"id":2872,"date":"2020-08-23T10:36:36","date_gmt":"2020-08-23T03:36:36","guid":{"rendered":"https:\/\/mayxaydunghanoi.com\/?post_type=product&#038;p=2872"},"modified":"2021-10-18T16:59:33","modified_gmt":"2021-10-18T09:59:33","slug":"may-xuc-lat-kawasaki-70zv-2-gau-2-7m3","status":"publish","type":"product","link":"https:\/\/mayxaydunghanoi.com\/vi\/san-pham\/may-xuc-lat-kawasaki-70zv-2-gau-2-7m3\/","title":{"rendered":"M\u00e1y x\u00fac l\u1eadt Kawasaki 70ZV-2 g\u1ea7u 2.7m3"},"content":{"rendered":"<h2>M\u00e1y x\u00fac l\u1eadt Kawasaki 70ZV-2 s\u1eed d\u1ee5ng \u0111\u1ed9ng c\u01a1 diesel, g\u1ea7m m\u00e1y ch\u1eafc ch\u1eafn, thi\u1ebft k\u1ebf c\u1ea7n n\u1ed1i d\u00e0i n\u00ean m\u00e1y x\u00fac l\u1eadt n\u00e0y c\u00f3 kh\u1ea3 n\u0103ng v\u01b0\u01a1n xa.<\/h2>\n<p>X\u00fac l\u1eadt Kawasaki c\u00f3 tr\u1ecdng l\u01b0\u1ee3ng 14,32 t\u1ea5n.<\/p>\n<h3>H\u00ecnh \u1ea3nh m\u00e1y x\u00fac l\u1eadt Kawasaki 70ZV-2<\/h3>\n<p><img loading=\"lazy\" decoding=\"async\" class=\"aligncenter size-full wp-image-2873\" src=\"https:\/\/mayxaydunghanoi.com\/wp-content\/uploads\/2020\/08\/may-xuc-lat-kawasaki-70zv-2-gau-2-7m3.jpg\" alt=\"M\u00e1y x\u00fac l\u1eadt Kawasaki 70ZV-2 g\u1ea7u 2.7m3\" width=\"600\" height=\"361\" srcset=\"https:\/\/mayxaydunghanoi.com\/wp-content\/uploads\/2020\/08\/may-xuc-lat-kawasaki-70zv-2-gau-2-7m3.jpg 600w, https:\/\/mayxaydunghanoi.com\/wp-content\/uploads\/2020\/08\/may-xuc-lat-kawasaki-70zv-2-gau-2-7m3-510x307.jpg 510w\" sizes=\"auto, (max-width: 600px) 100vw, 600px\" \/><\/p>\n<p><img loading=\"lazy\" decoding=\"async\" class=\"aligncenter size-full wp-image-2875\" src=\"https:\/\/mayxaydunghanoi.com\/wp-content\/uploads\/2020\/08\/may-xuc-lat-kawasaki-70zv-2-gau-2-7m3-1.jpg\" alt=\"M\u00e1y x\u00fac l\u1eadt Kawasaki 70ZV-2 g\u1ea7u 2.7m3-1\" width=\"600\" height=\"368\" srcset=\"https:\/\/mayxaydunghanoi.com\/wp-content\/uploads\/2020\/08\/may-xuc-lat-kawasaki-70zv-2-gau-2-7m3-1.jpg 600w, https:\/\/mayxaydunghanoi.com\/wp-content\/uploads\/2020\/08\/may-xuc-lat-kawasaki-70zv-2-gau-2-7m3-1-510x313.jpg 510w\" sizes=\"auto, (max-width: 600px) 100vw, 600px\" \/><\/p>\n<p><img loading=\"lazy\" decoding=\"async\" class=\"aligncenter size-full wp-image-2877\" src=\"https:\/\/mayxaydunghanoi.com\/wp-content\/uploads\/2020\/08\/may-xuc-lat-kawasaki-70zv-2-gau-2-7m3-2.jpg\" alt=\"M\u00e1y x\u00fac l\u1eadt Kawasaki 70ZV-2 g\u1ea7u 2.7m3-2\" width=\"600\" height=\"377\" srcset=\"https:\/\/mayxaydunghanoi.com\/wp-content\/uploads\/2020\/08\/may-xuc-lat-kawasaki-70zv-2-gau-2-7m3-2.jpg 600w, https:\/\/mayxaydunghanoi.com\/wp-content\/uploads\/2020\/08\/may-xuc-lat-kawasaki-70zv-2-gau-2-7m3-2-510x320.jpg 510w\" sizes=\"auto, (max-width: 600px) 100vw, 600px\" \/><\/p>\n<p><img loading=\"lazy\" decoding=\"async\" class=\"aligncenter size-full wp-image-2879\" src=\"https:\/\/mayxaydunghanoi.com\/wp-content\/uploads\/2020\/08\/may-xuc-lat-kawasaki-70zv-2-gau-2-7m3-3.jpg\" alt=\"M\u00e1y x\u00fac l\u1eadt Kawasaki 70ZV-2 g\u1ea7u 2.7m3-3\" width=\"600\" height=\"441\" srcset=\"https:\/\/mayxaydunghanoi.com\/wp-content\/uploads\/2020\/08\/may-xuc-lat-kawasaki-70zv-2-gau-2-7m3-3.jpg 600w, https:\/\/mayxaydunghanoi.com\/wp-content\/uploads\/2020\/08\/may-xuc-lat-kawasaki-70zv-2-gau-2-7m3-3-510x375.jpg 510w\" sizes=\"auto, (max-width: 600px) 100vw, 600px\" \/><\/p>\n<p><img loading=\"lazy\" decoding=\"async\" class=\"aligncenter size-full wp-image-2881\" src=\"https:\/\/mayxaydunghanoi.com\/wp-content\/uploads\/2020\/08\/may-xuc-lat-kawasaki-70zv-2-gau-2-7m3-4.jpg\" alt=\"M\u00e1y x\u00fac l\u1eadt Kawasaki 70ZV-2 g\u1ea7u 2.7m3-4\" width=\"600\" height=\"394\" srcset=\"https:\/\/mayxaydunghanoi.com\/wp-content\/uploads\/2020\/08\/may-xuc-lat-kawasaki-70zv-2-gau-2-7m3-4.jpg 600w, https:\/\/mayxaydunghanoi.com\/wp-content\/uploads\/2020\/08\/may-xuc-lat-kawasaki-70zv-2-gau-2-7m3-4-510x335.jpg 510w\" sizes=\"auto, (max-width: 600px) 100vw, 600px\" \/><\/p>\n<p><img loading=\"lazy\" decoding=\"async\" class=\"aligncenter size-full wp-image-2883\" src=\"https:\/\/mayxaydunghanoi.com\/wp-content\/uploads\/2020\/08\/may-xuc-lat-kawasaki-70zv-2-gau-2-7m3-5.jpg\" alt=\"M\u00e1y x\u00fac l\u1eadt Kawasaki 70ZV-2 g\u1ea7u 2.7m3-5\" width=\"600\" height=\"393\" srcset=\"https:\/\/mayxaydunghanoi.com\/wp-content\/uploads\/2020\/08\/may-xuc-lat-kawasaki-70zv-2-gau-2-7m3-5.jpg 600w, https:\/\/mayxaydunghanoi.com\/wp-content\/uploads\/2020\/08\/may-xuc-lat-kawasaki-70zv-2-gau-2-7m3-5-510x334.jpg 510w\" sizes=\"auto, (max-width: 600px) 100vw, 600px\" \/><\/p>\n<h3>Th\u00f4ng s\u1ed1 k\u1ef9 thu\u1eadt xe x\u00fac l\u1eadt Kawasaki 70ZV-2<\/h3>\n<table>\n<tbody>\n<tr>\n<td>B\u00e1n k\u00ednh v\u00f2ng xoay nh\u1ecf nh\u1ea5t<\/td>\n<td>mm<\/td>\n<td>5,215<\/td>\n<\/tr>\n<tr>\n<td>Chi\u1ec1u cao \u0111\u1ed5 v\u1eadt li\u1ec7u l\u1edbn nh\u1ea5t<\/td>\n<td>mm<\/td>\n<td>2,815<\/td>\n<\/tr>\n<tr>\n<td>V\u1eadn t\u1ed1c di chuy\u1ec3n l\u1edbn nh\u1ea5t<\/td>\n<td>km\/h<\/td>\n<td>37.5<\/td>\n<\/tr>\n<tr>\n<td>K\u00edch th\u01b0\u1edbc bao (LxWxH)<\/td>\n<td>mm<\/td>\n<td>7,715 x 2,670 x 3,335<\/td>\n<\/tr>\n<\/tbody>\n<\/table>\n","protected":false},"excerpt":{"rendered":"<ul>\n<li>Xu\u1ea5t x\u1ee9: Nh\u1eadt B\u1ea3n<\/li>\n<li>Th\u01b0\u01a1ng hi\u1ec7u: Kawasaki<\/li>\n<li>Th\u1ec3 t\u00edch g\u1ea7u: 2.7m3<\/li>\n<\/ul>\n","protected":false},"featured_media":2873,"comment_status":"open","ping_status":"closed","template":"","meta":[],"product_brand":[],"product_cat":[332],"product_tag":[386,385,384,397],"class_list":{"0":"post-2872","1":"product","2":"type-product","3":"status-publish","4":"has-post-thumbnail","6":"product_cat-may-xuc-lat-kawasaki","7":"product_tag-70zv-2","8":"product_tag-kawasaki","9":"product_tag-kawasaki-70zv-2","10":"product_tag-may-xuc-nhat-ban","12":"first","13":"instock","14":"shipping-taxable","15":"product-type-simple"},"yoast_head":"<!-- This site is optimized with the Yoast SEO Premium plugin v26.1 (Yoast SEO v26.6) - https:\/\/yoast.com\/wordpress\/plugins\/seo\/ -->\n<title>M\u00e1y x\u00fac l\u1eadt Kawasaki 70ZV-2 g\u1ea7u 2.7m3 - Hanoi Vietnam Co., Ltd<\/title>\n<meta name=\"description\" content=\"M\u00e1y x\u00fac l\u1eadt Kawasaki 70ZV-2 s\u1eed d\u1ee5ng \u0111\u1ed9ng c\u01a1 diesel, g\u1ea7m m\u00e1y ch\u1eafc ch\u1eafn, thi\u1ebft k\u1ebf c\u1ea7n n\u1ed1i d\u00e0i n\u00ean m\u00e1y x\u00fac l\u1eadt n\u00e0y c\u00f3 kh\u1ea3 n\u0103ng v\u01b0\u01a1n xa.\" \/>\n<meta name=\"robots\" content=\"index, follow, max-snippet:-1, max-image-preview:large, max-video-preview:-1\" \/>\n<link rel=\"canonical\" href=\"https:\/\/mayxaydunghanoi.com\/vi\/san-pham\/may-xuc-lat-kawasaki-70zv-2-gau-2-7m3\/\" \/>\n<meta property=\"og:locale\" content=\"vi_VN\" \/>\n<meta property=\"og:type\" content=\"article\" \/>\n<meta property=\"og:title\" content=\"M\u00e1y x\u00fac l\u1eadt Kawasaki 70ZV-2 g\u1ea7u 2.7m3\" \/>\n<meta property=\"og:description\" content=\"M\u00e1y x\u00fac l\u1eadt Kawasaki 70ZV-2 s\u1eed d\u1ee5ng \u0111\u1ed9ng c\u01a1 diesel, g\u1ea7m m\u00e1y ch\u1eafc ch\u1eafn, thi\u1ebft k\u1ebf c\u1ea7n n\u1ed1i d\u00e0i n\u00ean m\u00e1y x\u00fac l\u1eadt n\u00e0y c\u00f3 kh\u1ea3 n\u0103ng v\u01b0\u01a1n xa.\" \/>\n<meta property=\"og:url\" content=\"https:\/\/mayxaydunghanoi.com\/vi\/san-pham\/may-xuc-lat-kawasaki-70zv-2-gau-2-7m3\/\" \/>\n<meta property=\"og:site_name\" content=\"Hanoi Vietnam Co., Ltd\" \/>\n<meta property=\"article:modified_time\" content=\"2021-10-18T09:59:33+00:00\" \/>\n<meta property=\"og:image\" content=\"https:\/\/mayxaydunghanoi.com\/wp-content\/uploads\/2020\/08\/may-xuc-lat-kawasaki-70zv-2-gau-2-7m3.jpg\" \/>\n\t<meta property=\"og:image:width\" content=\"600\" \/>\n\t<meta property=\"og:image:height\" content=\"361\" \/>\n\t<meta property=\"og:image:type\" content=\"image\/jpeg\" \/>\n<meta name=\"twitter:card\" content=\"summary_large_image\" \/>\n<meta name=\"twitter:label1\" content=\"Est. reading time\" \/>\n\t<meta name=\"twitter:data1\" content=\"1 minute\" \/>\n<script type=\"application\/ld+json\" class=\"yoast-schema-graph\">{\"@context\":\"https:\/\/schema.org\",\"@graph\":[{\"@type\":\"WebPage\",\"@id\":\"https:\/\/mayxaydunghanoi.com\/vi\/san-pham\/may-xuc-lat-kawasaki-70zv-2-gau-2-7m3\/\",\"url\":\"https:\/\/mayxaydunghanoi.com\/vi\/san-pham\/may-xuc-lat-kawasaki-70zv-2-gau-2-7m3\/\",\"name\":\"M\u00e1y x\u00fac l\u1eadt Kawasaki 70ZV-2 g\u1ea7u 2.7m3 - Hanoi Vietnam Co., Ltd\",\"isPartOf\":{\"@id\":\"https:\/\/mayxaydunghanoi.com\/en\/#website\"},\"primaryImageOfPage\":{\"@id\":\"https:\/\/mayxaydunghanoi.com\/vi\/san-pham\/may-xuc-lat-kawasaki-70zv-2-gau-2-7m3\/#primaryimage\"},\"image\":{\"@id\":\"https:\/\/mayxaydunghanoi.com\/vi\/san-pham\/may-xuc-lat-kawasaki-70zv-2-gau-2-7m3\/#primaryimage\"},\"thumbnailUrl\":\"https:\/\/mayxaydunghanoi.com\/wp-content\/uploads\/2020\/08\/may-xuc-lat-kawasaki-70zv-2-gau-2-7m3.jpg\",\"datePublished\":\"2020-08-23T03:36:36+00:00\",\"dateModified\":\"2021-10-18T09:59:33+00:00\",\"description\":\"M\u00e1y x\u00fac l\u1eadt Kawasaki 70ZV-2 s\u1eed d\u1ee5ng \u0111\u1ed9ng c\u01a1 diesel, g\u1ea7m m\u00e1y ch\u1eafc ch\u1eafn, thi\u1ebft k\u1ebf c\u1ea7n n\u1ed1i d\u00e0i n\u00ean m\u00e1y x\u00fac l\u1eadt n\u00e0y c\u00f3 kh\u1ea3 n\u0103ng v\u01b0\u01a1n xa.\",\"breadcrumb\":{\"@id\":\"https:\/\/mayxaydunghanoi.com\/vi\/san-pham\/may-xuc-lat-kawasaki-70zv-2-gau-2-7m3\/#breadcrumb\"},\"inLanguage\":\"vi-VN\",\"potentialAction\":[{\"@type\":\"ReadAction\",\"target\":[\"https:\/\/mayxaydunghanoi.com\/vi\/san-pham\/may-xuc-lat-kawasaki-70zv-2-gau-2-7m3\/\"]}]},{\"@type\":\"ImageObject\",\"inLanguage\":\"vi-VN\",\"@id\":\"https:\/\/mayxaydunghanoi.com\/vi\/san-pham\/may-xuc-lat-kawasaki-70zv-2-gau-2-7m3\/#primaryimage\",\"url\":\"https:\/\/mayxaydunghanoi.com\/wp-content\/uploads\/2020\/08\/may-xuc-lat-kawasaki-70zv-2-gau-2-7m3.jpg\",\"contentUrl\":\"https:\/\/mayxaydunghanoi.com\/wp-content\/uploads\/2020\/08\/may-xuc-lat-kawasaki-70zv-2-gau-2-7m3.jpg\",\"width\":600,\"height\":361,\"caption\":\"M\u00e1y x\u00fac l\u1eadt Kawasaki 70ZV-2 g\u1ea7u 2.7m3\"},{\"@type\":\"BreadcrumbList\",\"@id\":\"https:\/\/mayxaydunghanoi.com\/vi\/san-pham\/may-xuc-lat-kawasaki-70zv-2-gau-2-7m3\/#breadcrumb\",\"itemListElement\":[{\"@type\":\"ListItem\",\"position\":1,\"name\":\"Home\",\"item\":\"https:\/\/mayxaydunghanoi.com\/vi\/\"},{\"@type\":\"ListItem\",\"position\":2,\"name\":\"S\u1ea3n ph\u1ea9m\",\"item\":\"https:\/\/mayxaydunghanoi.com\/vi\/san-pham\/\"},{\"@type\":\"ListItem\",\"position\":3,\"name\":\"M\u00e1y x\u00fac l\u1eadt Kawasaki 70ZV-2 g\u1ea7u 2.7m3\"}]},{\"@type\":\"WebSite\",\"@id\":\"https:\/\/mayxaydunghanoi.com\/en\/#website\",\"url\":\"https:\/\/mayxaydunghanoi.com\/en\/\",\"name\":\"Hanoi Vietnam Co., Ltd\",\"description\":\"\",\"publisher\":{\"@id\":\"https:\/\/mayxaydunghanoi.com\/en\/#organization\"},\"potentialAction\":[{\"@type\":\"SearchAction\",\"target\":{\"@type\":\"EntryPoint\",\"urlTemplate\":\"https:\/\/mayxaydunghanoi.com\/en\/?s={search_term_string}\"},\"query-input\":{\"@type\":\"PropertyValueSpecification\",\"valueRequired\":true,\"valueName\":\"search_term_string\"}}],\"inLanguage\":\"vi-VN\"},{\"@type\":\"Organization\",\"@id\":\"https:\/\/mayxaydunghanoi.com\/en\/#organization\",\"name\":\"Hanoi Vietnam Co., Ltd\",\"url\":\"https:\/\/mayxaydunghanoi.com\/en\/\",\"logo\":{\"@type\":\"ImageObject\",\"inLanguage\":\"vi-VN\",\"@id\":\"https:\/\/mayxaydunghanoi.com\/en\/#\/schema\/logo\/image\/\",\"url\":\"https:\/\/mayxaydunghanoi.com\/wp-content\/uploads\/2018\/04\/Logo-mayxaydunghanoi-ok.png\",\"contentUrl\":\"https:\/\/mayxaydunghanoi.com\/wp-content\/uploads\/2018\/04\/Logo-mayxaydunghanoi-ok.png\",\"width\":900,\"height\":900,\"caption\":\"Hanoi Vietnam Co., Ltd\"},\"image\":{\"@id\":\"https:\/\/mayxaydunghanoi.com\/en\/#\/schema\/logo\/image\/\"}}]}<\/script>\n<!-- \/ Yoast SEO Premium plugin. -->","yoast_head_json":{"title":"M\u00e1y x\u00fac l\u1eadt Kawasaki 70ZV-2 g\u1ea7u 2.7m3 - Hanoi Vietnam Co., Ltd","description":"M\u00e1y x\u00fac l\u1eadt Kawasaki 70ZV-2 s\u1eed d\u1ee5ng \u0111\u1ed9ng c\u01a1 diesel, g\u1ea7m m\u00e1y ch\u1eafc ch\u1eafn, thi\u1ebft k\u1ebf c\u1ea7n n\u1ed1i d\u00e0i n\u00ean m\u00e1y x\u00fac l\u1eadt n\u00e0y c\u00f3 kh\u1ea3 n\u0103ng v\u01b0\u01a1n xa.","robots":{"index":"index","follow":"follow","max-snippet":"max-snippet:-1","max-image-preview":"max-image-preview:large","max-video-preview":"max-video-preview:-1"},"canonical":"https:\/\/mayxaydunghanoi.com\/vi\/san-pham\/may-xuc-lat-kawasaki-70zv-2-gau-2-7m3\/","og_locale":"vi_VN","og_type":"article","og_title":"M\u00e1y x\u00fac l\u1eadt Kawasaki 70ZV-2 g\u1ea7u 2.7m3","og_description":"M\u00e1y x\u00fac l\u1eadt Kawasaki 70ZV-2 s\u1eed d\u1ee5ng \u0111\u1ed9ng c\u01a1 diesel, g\u1ea7m m\u00e1y ch\u1eafc ch\u1eafn, thi\u1ebft k\u1ebf c\u1ea7n n\u1ed1i d\u00e0i n\u00ean m\u00e1y x\u00fac l\u1eadt n\u00e0y c\u00f3 kh\u1ea3 n\u0103ng v\u01b0\u01a1n xa.","og_url":"https:\/\/mayxaydunghanoi.com\/vi\/san-pham\/may-xuc-lat-kawasaki-70zv-2-gau-2-7m3\/","og_site_name":"Hanoi Vietnam Co., Ltd","article_modified_time":"2021-10-18T09:59:33+00:00","og_image":[{"width":600,"height":361,"url":"https:\/\/mayxaydunghanoi.com\/wp-content\/uploads\/2020\/08\/may-xuc-lat-kawasaki-70zv-2-gau-2-7m3.jpg","type":"image\/jpeg"}],"twitter_card":"summary_large_image","twitter_misc":{"Est. reading time":"1 minute"},"schema":{"@context":"https:\/\/schema.org","@graph":[{"@type":"WebPage","@id":"https:\/\/mayxaydunghanoi.com\/vi\/san-pham\/may-xuc-lat-kawasaki-70zv-2-gau-2-7m3\/","url":"https:\/\/mayxaydunghanoi.com\/vi\/san-pham\/may-xuc-lat-kawasaki-70zv-2-gau-2-7m3\/","name":"M\u00e1y x\u00fac l\u1eadt Kawasaki 70ZV-2 g\u1ea7u 2.7m3 - Hanoi Vietnam Co., Ltd","isPartOf":{"@id":"https:\/\/mayxaydunghanoi.com\/en\/#website"},"primaryImageOfPage":{"@id":"https:\/\/mayxaydunghanoi.com\/vi\/san-pham\/may-xuc-lat-kawasaki-70zv-2-gau-2-7m3\/#primaryimage"},"image":{"@id":"https:\/\/mayxaydunghanoi.com\/vi\/san-pham\/may-xuc-lat-kawasaki-70zv-2-gau-2-7m3\/#primaryimage"},"thumbnailUrl":"https:\/\/mayxaydunghanoi.com\/wp-content\/uploads\/2020\/08\/may-xuc-lat-kawasaki-70zv-2-gau-2-7m3.jpg","datePublished":"2020-08-23T03:36:36+00:00","dateModified":"2021-10-18T09:59:33+00:00","description":"M\u00e1y x\u00fac l\u1eadt Kawasaki 70ZV-2 s\u1eed d\u1ee5ng \u0111\u1ed9ng c\u01a1 diesel, g\u1ea7m m\u00e1y ch\u1eafc ch\u1eafn, thi\u1ebft k\u1ebf c\u1ea7n n\u1ed1i d\u00e0i n\u00ean m\u00e1y x\u00fac l\u1eadt n\u00e0y c\u00f3 kh\u1ea3 n\u0103ng v\u01b0\u01a1n xa.","breadcrumb":{"@id":"https:\/\/mayxaydunghanoi.com\/vi\/san-pham\/may-xuc-lat-kawasaki-70zv-2-gau-2-7m3\/#breadcrumb"},"inLanguage":"vi-VN","potentialAction":[{"@type":"ReadAction","target":["https:\/\/mayxaydunghanoi.com\/vi\/san-pham\/may-xuc-lat-kawasaki-70zv-2-gau-2-7m3\/"]}]},{"@type":"ImageObject","inLanguage":"vi-VN","@id":"https:\/\/mayxaydunghanoi.com\/vi\/san-pham\/may-xuc-lat-kawasaki-70zv-2-gau-2-7m3\/#primaryimage","url":"https:\/\/mayxaydunghanoi.com\/wp-content\/uploads\/2020\/08\/may-xuc-lat-kawasaki-70zv-2-gau-2-7m3.jpg","contentUrl":"https:\/\/mayxaydunghanoi.com\/wp-content\/uploads\/2020\/08\/may-xuc-lat-kawasaki-70zv-2-gau-2-7m3.jpg","width":600,"height":361,"caption":"M\u00e1y x\u00fac l\u1eadt Kawasaki 70ZV-2 g\u1ea7u 2.7m3"},{"@type":"BreadcrumbList","@id":"https:\/\/mayxaydunghanoi.com\/vi\/san-pham\/may-xuc-lat-kawasaki-70zv-2-gau-2-7m3\/#breadcrumb","itemListElement":[{"@type":"ListItem","position":1,"name":"Home","item":"https:\/\/mayxaydunghanoi.com\/vi\/"},{"@type":"ListItem","position":2,"name":"S\u1ea3n ph\u1ea9m","item":"https:\/\/mayxaydunghanoi.com\/vi\/san-pham\/"},{"@type":"ListItem","position":3,"name":"M\u00e1y x\u00fac l\u1eadt Kawasaki 70ZV-2 g\u1ea7u 2.7m3"}]},{"@type":"WebSite","@id":"https:\/\/mayxaydunghanoi.com\/en\/#website","url":"https:\/\/mayxaydunghanoi.com\/en\/","name":"Hanoi Vietnam Co., Ltd","description":"","publisher":{"@id":"https:\/\/mayxaydunghanoi.com\/en\/#organization"},"potentialAction":[{"@type":"SearchAction","target":{"@type":"EntryPoint","urlTemplate":"https:\/\/mayxaydunghanoi.com\/en\/?s={search_term_string}"},"query-input":{"@type":"PropertyValueSpecification","valueRequired":true,"valueName":"search_term_string"}}],"inLanguage":"vi-VN"},{"@type":"Organization","@id":"https:\/\/mayxaydunghanoi.com\/en\/#organization","name":"Hanoi Vietnam Co., Ltd","url":"https:\/\/mayxaydunghanoi.com\/en\/","logo":{"@type":"ImageObject","inLanguage":"vi-VN","@id":"https:\/\/mayxaydunghanoi.com\/en\/#\/schema\/logo\/image\/","url":"https:\/\/mayxaydunghanoi.com\/wp-content\/uploads\/2018\/04\/Logo-mayxaydunghanoi-ok.png","contentUrl":"https:\/\/mayxaydunghanoi.com\/wp-content\/uploads\/2018\/04\/Logo-mayxaydunghanoi-ok.png","width":900,"height":900,"caption":"Hanoi Vietnam Co., Ltd"},"image":{"@id":"https:\/\/mayxaydunghanoi.com\/en\/#\/schema\/logo\/image\/"}}]}},"_links":{"self":[{"href":"https:\/\/mayxaydunghanoi.com\/vi\/wp-json\/wp\/v2\/product\/2872","targetHints":{"allow":["GET"]}}],"collection":[{"href":"https:\/\/mayxaydunghanoi.com\/vi\/wp-json\/wp\/v2\/product"}],"about":[{"href":"https:\/\/mayxaydunghanoi.com\/vi\/wp-json\/wp\/v2\/types\/product"}],"replies":[{"embeddable":true,"href":"https:\/\/mayxaydunghanoi.com\/vi\/wp-json\/wp\/v2\/comments?post=2872"}],"wp:featuredmedia":[{"embeddable":true,"href":"https:\/\/mayxaydunghanoi.com\/vi\/wp-json\/wp\/v2\/media\/2873"}],"wp:attachment":[{"href":"https:\/\/mayxaydunghanoi.com\/vi\/wp-json\/wp\/v2\/media?parent=2872"}],"wp:term":[{"taxonomy":"product_brand","embeddable":true,"href":"https:\/\/mayxaydunghanoi.com\/vi\/wp-json\/wp\/v2\/product_brand?post=2872"},{"taxonomy":"product_cat","embeddable":true,"href":"https:\/\/mayxaydunghanoi.com\/vi\/wp-json\/wp\/v2\/product_cat?post=2872"},{"taxonomy":"product_tag","embeddable":true,"href":"https:\/\/mayxaydunghanoi.com\/vi\/wp-json\/wp\/v2\/product_tag?post=2872"}],"curies":[{"name":"wp","href":"https:\/\/api.w.org\/{rel}","templated":true}]}}