{"id":2869,"date":"2020-08-23T10:16:00","date_gmt":"2020-08-23T03:16:00","guid":{"rendered":"https:\/\/mayxaydunghanoi.com\/?post_type=product&#038;p=2869"},"modified":"2020-08-23T10:16:46","modified_gmt":"2020-08-23T03:16:46","slug":"may-xuc-lat-volvo-l70f-gau-2-4m3","status":"publish","type":"product","link":"https:\/\/mayxaydunghanoi.com\/vi\/san-pham\/may-xuc-lat-volvo-l70f-gau-2-4m3\/","title":{"rendered":"M\u00e1y x\u00fac l\u1eadt Volvo L70F g\u1ea7u 2.4m3"},"content":{"rendered":"<h2>M\u00e1y x\u00fac l\u1eadt Volvo L70F dung t\u00edch g\u1ea7u ti\u00eau chu\u1ea9n 2.4m3 nh\u1eadp kh\u1ea9u tr\u1ef1c ti\u1ebfp t\u1eeb Th\u1ee5y \u0110i\u1ec3n. M\u00e1y x\u00fac \u0111\u01b0\u1ee3c trang b\u1ecb c\u00f4ng ngh\u1ec7 hi\u1ec7n \u0111\u1ea1i b\u1eadc nh\u1ea5t hi\u1ec7n nay.<\/h2>\n<p>Xe x\u00fac l\u1eadt Volvo L70F c\u00f3 th\u1ec3 s\u1eed d\u1ee5ng g\u1ea7u t\u1eeb 1.8m3 \u0111\u1ebfn 6.4m3 t\u00f9y m\u1ee5c \u0111\u00edch s\u1eed d\u1ee5ng.<\/p>\n<p><img loading=\"lazy\" decoding=\"async\" class=\"aligncenter size-full wp-image-2870\" src=\"https:\/\/mayxaydunghanoi.com\/wp-content\/uploads\/2020\/08\/may-xuc-lat-volvo-l60f-gau-2-4m3.jpeg\" alt=\"M\u00e1y x\u00fac l\u1eadt Volvo L70F g\u1ea7u 2.4m3\" width=\"600\" height=\"400\" srcset=\"https:\/\/mayxaydunghanoi.com\/wp-content\/uploads\/2020\/08\/may-xuc-lat-volvo-l60f-gau-2-4m3.jpeg 600w, https:\/\/mayxaydunghanoi.com\/wp-content\/uploads\/2020\/08\/may-xuc-lat-volvo-l60f-gau-2-4m3-510x340.jpeg 510w\" sizes=\"auto, (max-width: 600px) 100vw, 600px\" \/><\/p>\n","protected":false},"excerpt":{"rendered":"<ul>\n<li>Xu\u1ea5t x\u1ee9: Th\u1ee5y \u0110i\u1ec3n<\/li>\n<li>Th\u01b0\u01a1ng hi\u1ec7u: Volvo<\/li>\n<li>Th\u1ec3 t\u00edch g\u1ea7u: 2.4m3<\/li>\n<\/ul>\n","protected":false},"featured_media":2870,"comment_status":"open","ping_status":"closed","template":"","meta":[],"product_brand":[],"product_cat":[330],"product_tag":[382,383,377,374,381],"class_list":{"0":"post-2869","1":"product","2":"type-product","3":"status-publish","4":"has-post-thumbnail","6":"product_cat-may-xuc-lat-volvo","7":"product_tag-l70f","8":"product_tag-may-xuc-gau-2-4m3","9":"product_tag-may-xuc-thuy-dien","10":"product_tag-volvo","11":"product_tag-volvo-l70f","13":"first","14":"instock","15":"shipping-taxable","16":"product-type-simple"},"yoast_head":"<!-- This site is optimized with the Yoast SEO Premium plugin v26.1 (Yoast SEO v26.6) - https:\/\/yoast.com\/wordpress\/plugins\/seo\/ -->\n<title>M\u00e1y x\u00fac l\u1eadt Volvo L70F g\u1ea7u 2.4m3 - Hanoi Vietnam Co., Ltd<\/title>\n<meta name=\"description\" content=\"M\u00e1y x\u00fac l\u1eadt Volvo L70F dung t\u00edch g\u1ea7u ti\u00eau chu\u1ea9n 2.4m3 nh\u1eadp kh\u1ea9u tr\u1ef1c ti\u1ebfp t\u1eeb Th\u1ee5y \u0110i\u1ec3n. M\u00e1y x\u00fac \u0111\u01b0\u1ee3c trang b\u1ecb c\u00f4ng ngh\u1ec7 hi\u1ec7n \u0111\u1ea1i b\u1eadc nh\u1ea5t hi\u1ec7n nay.\" \/>\n<meta name=\"robots\" content=\"index, follow, max-snippet:-1, max-image-preview:large, max-video-preview:-1\" \/>\n<link rel=\"canonical\" href=\"https:\/\/mayxaydunghanoi.com\/vi\/san-pham\/may-xuc-lat-volvo-l70f-gau-2-4m3\/\" \/>\n<meta property=\"og:locale\" content=\"vi_VN\" \/>\n<meta property=\"og:type\" content=\"article\" \/>\n<meta property=\"og:title\" content=\"M\u00e1y x\u00fac l\u1eadt Volvo L70F g\u1ea7u 2.4m3\" \/>\n<meta property=\"og:description\" content=\"M\u00e1y x\u00fac l\u1eadt Volvo L70F dung t\u00edch g\u1ea7u ti\u00eau chu\u1ea9n 2.4m3 nh\u1eadp kh\u1ea9u tr\u1ef1c ti\u1ebfp t\u1eeb Th\u1ee5y \u0110i\u1ec3n. M\u00e1y x\u00fac \u0111\u01b0\u1ee3c trang b\u1ecb c\u00f4ng ngh\u1ec7 hi\u1ec7n \u0111\u1ea1i b\u1eadc nh\u1ea5t hi\u1ec7n nay.\" \/>\n<meta property=\"og:url\" content=\"https:\/\/mayxaydunghanoi.com\/vi\/san-pham\/may-xuc-lat-volvo-l70f-gau-2-4m3\/\" \/>\n<meta property=\"og:site_name\" content=\"Hanoi Vietnam Co., Ltd\" \/>\n<meta property=\"article:modified_time\" content=\"2020-08-23T03:16:46+00:00\" \/>\n<meta property=\"og:image\" content=\"https:\/\/mayxaydunghanoi.com\/wp-content\/uploads\/2020\/08\/may-xuc-lat-volvo-l60f-gau-2-4m3.jpeg\" \/>\n\t<meta property=\"og:image:width\" content=\"600\" \/>\n\t<meta property=\"og:image:height\" content=\"400\" \/>\n\t<meta property=\"og:image:type\" content=\"image\/jpeg\" \/>\n<meta name=\"twitter:card\" content=\"summary_large_image\" \/>\n<script type=\"application\/ld+json\" class=\"yoast-schema-graph\">{\"@context\":\"https:\/\/schema.org\",\"@graph\":[{\"@type\":\"WebPage\",\"@id\":\"https:\/\/mayxaydunghanoi.com\/vi\/san-pham\/may-xuc-lat-volvo-l70f-gau-2-4m3\/\",\"url\":\"https:\/\/mayxaydunghanoi.com\/vi\/san-pham\/may-xuc-lat-volvo-l70f-gau-2-4m3\/\",\"name\":\"M\u00e1y x\u00fac l\u1eadt Volvo L70F g\u1ea7u 2.4m3 - Hanoi Vietnam Co., Ltd\",\"isPartOf\":{\"@id\":\"https:\/\/mayxaydunghanoi.com\/en\/#website\"},\"primaryImageOfPage\":{\"@id\":\"https:\/\/mayxaydunghanoi.com\/vi\/san-pham\/may-xuc-lat-volvo-l70f-gau-2-4m3\/#primaryimage\"},\"image\":{\"@id\":\"https:\/\/mayxaydunghanoi.com\/vi\/san-pham\/may-xuc-lat-volvo-l70f-gau-2-4m3\/#primaryimage\"},\"thumbnailUrl\":\"https:\/\/mayxaydunghanoi.com\/wp-content\/uploads\/2020\/08\/may-xuc-lat-volvo-l60f-gau-2-4m3.jpeg\",\"datePublished\":\"2020-08-23T03:16:00+00:00\",\"dateModified\":\"2020-08-23T03:16:46+00:00\",\"description\":\"M\u00e1y x\u00fac l\u1eadt Volvo L70F dung t\u00edch g\u1ea7u ti\u00eau chu\u1ea9n 2.4m3 nh\u1eadp kh\u1ea9u tr\u1ef1c ti\u1ebfp t\u1eeb Th\u1ee5y \u0110i\u1ec3n. M\u00e1y x\u00fac \u0111\u01b0\u1ee3c trang b\u1ecb c\u00f4ng ngh\u1ec7 hi\u1ec7n \u0111\u1ea1i b\u1eadc nh\u1ea5t hi\u1ec7n nay.\",\"breadcrumb\":{\"@id\":\"https:\/\/mayxaydunghanoi.com\/vi\/san-pham\/may-xuc-lat-volvo-l70f-gau-2-4m3\/#breadcrumb\"},\"inLanguage\":\"vi-VN\",\"potentialAction\":[{\"@type\":\"ReadAction\",\"target\":[\"https:\/\/mayxaydunghanoi.com\/vi\/san-pham\/may-xuc-lat-volvo-l70f-gau-2-4m3\/\"]}]},{\"@type\":\"ImageObject\",\"inLanguage\":\"vi-VN\",\"@id\":\"https:\/\/mayxaydunghanoi.com\/vi\/san-pham\/may-xuc-lat-volvo-l70f-gau-2-4m3\/#primaryimage\",\"url\":\"https:\/\/mayxaydunghanoi.com\/wp-content\/uploads\/2020\/08\/may-xuc-lat-volvo-l60f-gau-2-4m3.jpeg\",\"contentUrl\":\"https:\/\/mayxaydunghanoi.com\/wp-content\/uploads\/2020\/08\/may-xuc-lat-volvo-l60f-gau-2-4m3.jpeg\",\"width\":600,\"height\":400,\"caption\":\"M\u00e1y x\u00fac l\u1eadt Volvo L70F g\u1ea7u 2.4m3\"},{\"@type\":\"BreadcrumbList\",\"@id\":\"https:\/\/mayxaydunghanoi.com\/vi\/san-pham\/may-xuc-lat-volvo-l70f-gau-2-4m3\/#breadcrumb\",\"itemListElement\":[{\"@type\":\"ListItem\",\"position\":1,\"name\":\"Home\",\"item\":\"https:\/\/mayxaydunghanoi.com\/vi\/\"},{\"@type\":\"ListItem\",\"position\":2,\"name\":\"S\u1ea3n ph\u1ea9m\",\"item\":\"https:\/\/mayxaydunghanoi.com\/vi\/san-pham\/\"},{\"@type\":\"ListItem\",\"position\":3,\"name\":\"M\u00e1y x\u00fac l\u1eadt Volvo L70F g\u1ea7u 2.4m3\"}]},{\"@type\":\"WebSite\",\"@id\":\"https:\/\/mayxaydunghanoi.com\/en\/#website\",\"url\":\"https:\/\/mayxaydunghanoi.com\/en\/\",\"name\":\"Hanoi Vietnam Co., Ltd\",\"description\":\"\",\"publisher\":{\"@id\":\"https:\/\/mayxaydunghanoi.com\/en\/#organization\"},\"potentialAction\":[{\"@type\":\"SearchAction\",\"target\":{\"@type\":\"EntryPoint\",\"urlTemplate\":\"https:\/\/mayxaydunghanoi.com\/en\/?s={search_term_string}\"},\"query-input\":{\"@type\":\"PropertyValueSpecification\",\"valueRequired\":true,\"valueName\":\"search_term_string\"}}],\"inLanguage\":\"vi-VN\"},{\"@type\":\"Organization\",\"@id\":\"https:\/\/mayxaydunghanoi.com\/en\/#organization\",\"name\":\"Hanoi Vietnam Co., Ltd\",\"url\":\"https:\/\/mayxaydunghanoi.com\/en\/\",\"logo\":{\"@type\":\"ImageObject\",\"inLanguage\":\"vi-VN\",\"@id\":\"https:\/\/mayxaydunghanoi.com\/en\/#\/schema\/logo\/image\/\",\"url\":\"https:\/\/mayxaydunghanoi.com\/wp-content\/uploads\/2018\/04\/Logo-mayxaydunghanoi-ok.png\",\"contentUrl\":\"https:\/\/mayxaydunghanoi.com\/wp-content\/uploads\/2018\/04\/Logo-mayxaydunghanoi-ok.png\",\"width\":900,\"height\":900,\"caption\":\"Hanoi Vietnam Co., Ltd\"},\"image\":{\"@id\":\"https:\/\/mayxaydunghanoi.com\/en\/#\/schema\/logo\/image\/\"}}]}<\/script>\n<!-- \/ Yoast SEO Premium plugin. -->","yoast_head_json":{"title":"M\u00e1y x\u00fac l\u1eadt Volvo L70F g\u1ea7u 2.4m3 - Hanoi Vietnam Co., Ltd","description":"M\u00e1y x\u00fac l\u1eadt Volvo L70F dung t\u00edch g\u1ea7u ti\u00eau chu\u1ea9n 2.4m3 nh\u1eadp kh\u1ea9u tr\u1ef1c ti\u1ebfp t\u1eeb Th\u1ee5y \u0110i\u1ec3n. M\u00e1y x\u00fac \u0111\u01b0\u1ee3c trang b\u1ecb c\u00f4ng ngh\u1ec7 hi\u1ec7n \u0111\u1ea1i b\u1eadc nh\u1ea5t hi\u1ec7n nay.","robots":{"index":"index","follow":"follow","max-snippet":"max-snippet:-1","max-image-preview":"max-image-preview:large","max-video-preview":"max-video-preview:-1"},"canonical":"https:\/\/mayxaydunghanoi.com\/vi\/san-pham\/may-xuc-lat-volvo-l70f-gau-2-4m3\/","og_locale":"vi_VN","og_type":"article","og_title":"M\u00e1y x\u00fac l\u1eadt Volvo L70F g\u1ea7u 2.4m3","og_description":"M\u00e1y x\u00fac l\u1eadt Volvo L70F dung t\u00edch g\u1ea7u ti\u00eau chu\u1ea9n 2.4m3 nh\u1eadp kh\u1ea9u tr\u1ef1c ti\u1ebfp t\u1eeb Th\u1ee5y \u0110i\u1ec3n. M\u00e1y x\u00fac \u0111\u01b0\u1ee3c trang b\u1ecb c\u00f4ng ngh\u1ec7 hi\u1ec7n \u0111\u1ea1i b\u1eadc nh\u1ea5t hi\u1ec7n nay.","og_url":"https:\/\/mayxaydunghanoi.com\/vi\/san-pham\/may-xuc-lat-volvo-l70f-gau-2-4m3\/","og_site_name":"Hanoi Vietnam Co., Ltd","article_modified_time":"2020-08-23T03:16:46+00:00","og_image":[{"width":600,"height":400,"url":"https:\/\/mayxaydunghanoi.com\/wp-content\/uploads\/2020\/08\/may-xuc-lat-volvo-l60f-gau-2-4m3.jpeg","type":"image\/jpeg"}],"twitter_card":"summary_large_image","schema":{"@context":"https:\/\/schema.org","@graph":[{"@type":"WebPage","@id":"https:\/\/mayxaydunghanoi.com\/vi\/san-pham\/may-xuc-lat-volvo-l70f-gau-2-4m3\/","url":"https:\/\/mayxaydunghanoi.com\/vi\/san-pham\/may-xuc-lat-volvo-l70f-gau-2-4m3\/","name":"M\u00e1y x\u00fac l\u1eadt Volvo L70F g\u1ea7u 2.4m3 - Hanoi Vietnam Co., Ltd","isPartOf":{"@id":"https:\/\/mayxaydunghanoi.com\/en\/#website"},"primaryImageOfPage":{"@id":"https:\/\/mayxaydunghanoi.com\/vi\/san-pham\/may-xuc-lat-volvo-l70f-gau-2-4m3\/#primaryimage"},"image":{"@id":"https:\/\/mayxaydunghanoi.com\/vi\/san-pham\/may-xuc-lat-volvo-l70f-gau-2-4m3\/#primaryimage"},"thumbnailUrl":"https:\/\/mayxaydunghanoi.com\/wp-content\/uploads\/2020\/08\/may-xuc-lat-volvo-l60f-gau-2-4m3.jpeg","datePublished":"2020-08-23T03:16:00+00:00","dateModified":"2020-08-23T03:16:46+00:00","description":"M\u00e1y x\u00fac l\u1eadt Volvo L70F dung t\u00edch g\u1ea7u ti\u00eau chu\u1ea9n 2.4m3 nh\u1eadp kh\u1ea9u tr\u1ef1c ti\u1ebfp t\u1eeb Th\u1ee5y \u0110i\u1ec3n. M\u00e1y x\u00fac \u0111\u01b0\u1ee3c trang b\u1ecb c\u00f4ng ngh\u1ec7 hi\u1ec7n \u0111\u1ea1i b\u1eadc nh\u1ea5t hi\u1ec7n nay.","breadcrumb":{"@id":"https:\/\/mayxaydunghanoi.com\/vi\/san-pham\/may-xuc-lat-volvo-l70f-gau-2-4m3\/#breadcrumb"},"inLanguage":"vi-VN","potentialAction":[{"@type":"ReadAction","target":["https:\/\/mayxaydunghanoi.com\/vi\/san-pham\/may-xuc-lat-volvo-l70f-gau-2-4m3\/"]}]},{"@type":"ImageObject","inLanguage":"vi-VN","@id":"https:\/\/mayxaydunghanoi.com\/vi\/san-pham\/may-xuc-lat-volvo-l70f-gau-2-4m3\/#primaryimage","url":"https:\/\/mayxaydunghanoi.com\/wp-content\/uploads\/2020\/08\/may-xuc-lat-volvo-l60f-gau-2-4m3.jpeg","contentUrl":"https:\/\/mayxaydunghanoi.com\/wp-content\/uploads\/2020\/08\/may-xuc-lat-volvo-l60f-gau-2-4m3.jpeg","width":600,"height":400,"caption":"M\u00e1y x\u00fac l\u1eadt Volvo L70F g\u1ea7u 2.4m3"},{"@type":"BreadcrumbList","@id":"https:\/\/mayxaydunghanoi.com\/vi\/san-pham\/may-xuc-lat-volvo-l70f-gau-2-4m3\/#breadcrumb","itemListElement":[{"@type":"ListItem","position":1,"name":"Home","item":"https:\/\/mayxaydunghanoi.com\/vi\/"},{"@type":"ListItem","position":2,"name":"S\u1ea3n ph\u1ea9m","item":"https:\/\/mayxaydunghanoi.com\/vi\/san-pham\/"},{"@type":"ListItem","position":3,"name":"M\u00e1y x\u00fac l\u1eadt Volvo L70F g\u1ea7u 2.4m3"}]},{"@type":"WebSite","@id":"https:\/\/mayxaydunghanoi.com\/en\/#website","url":"https:\/\/mayxaydunghanoi.com\/en\/","name":"Hanoi Vietnam Co., Ltd","description":"","publisher":{"@id":"https:\/\/mayxaydunghanoi.com\/en\/#organization"},"potentialAction":[{"@type":"SearchAction","target":{"@type":"EntryPoint","urlTemplate":"https:\/\/mayxaydunghanoi.com\/en\/?s={search_term_string}"},"query-input":{"@type":"PropertyValueSpecification","valueRequired":true,"valueName":"search_term_string"}}],"inLanguage":"vi-VN"},{"@type":"Organization","@id":"https:\/\/mayxaydunghanoi.com\/en\/#organization","name":"Hanoi Vietnam Co., Ltd","url":"https:\/\/mayxaydunghanoi.com\/en\/","logo":{"@type":"ImageObject","inLanguage":"vi-VN","@id":"https:\/\/mayxaydunghanoi.com\/en\/#\/schema\/logo\/image\/","url":"https:\/\/mayxaydunghanoi.com\/wp-content\/uploads\/2018\/04\/Logo-mayxaydunghanoi-ok.png","contentUrl":"https:\/\/mayxaydunghanoi.com\/wp-content\/uploads\/2018\/04\/Logo-mayxaydunghanoi-ok.png","width":900,"height":900,"caption":"Hanoi Vietnam Co., Ltd"},"image":{"@id":"https:\/\/mayxaydunghanoi.com\/en\/#\/schema\/logo\/image\/"}}]}},"_links":{"self":[{"href":"https:\/\/mayxaydunghanoi.com\/vi\/wp-json\/wp\/v2\/product\/2869","targetHints":{"allow":["GET"]}}],"collection":[{"href":"https:\/\/mayxaydunghanoi.com\/vi\/wp-json\/wp\/v2\/product"}],"about":[{"href":"https:\/\/mayxaydunghanoi.com\/vi\/wp-json\/wp\/v2\/types\/product"}],"replies":[{"embeddable":true,"href":"https:\/\/mayxaydunghanoi.com\/vi\/wp-json\/wp\/v2\/comments?post=2869"}],"wp:featuredmedia":[{"embeddable":true,"href":"https:\/\/mayxaydunghanoi.com\/vi\/wp-json\/wp\/v2\/media\/2870"}],"wp:attachment":[{"href":"https:\/\/mayxaydunghanoi.com\/vi\/wp-json\/wp\/v2\/media?parent=2869"}],"wp:term":[{"taxonomy":"product_brand","embeddable":true,"href":"https:\/\/mayxaydunghanoi.com\/vi\/wp-json\/wp\/v2\/product_brand?post=2869"},{"taxonomy":"product_cat","embeddable":true,"href":"https:\/\/mayxaydunghanoi.com\/vi\/wp-json\/wp\/v2\/product_cat?post=2869"},{"taxonomy":"product_tag","embeddable":true,"href":"https:\/\/mayxaydunghanoi.com\/vi\/wp-json\/wp\/v2\/product_tag?post=2869"}],"curies":[{"name":"wp","href":"https:\/\/api.w.org\/{rel}","templated":true}]}}