{"id":2837,"date":"2020-08-23T09:31:32","date_gmt":"2020-08-23T02:31:32","guid":{"rendered":"https:\/\/mayxaydunghanoi.com\/?post_type=product&#038;p=2837"},"modified":"2020-08-23T09:31:32","modified_gmt":"2020-08-23T02:31:32","slug":"may-xuc-lat-liugong-clg836-gau-1-7m3","status":"publish","type":"product","link":"https:\/\/mayxaydunghanoi.com\/vi\/san-pham\/may-xuc-lat-liugong-clg836-gau-1-7m3\/","title":{"rendered":"M\u00e1y x\u00fac l\u1eadt LiuGong CLG836 g\u1ea7u 1.7m3"},"content":{"rendered":"<h2>M\u00e1y x\u00fac l\u1eadt CLG836 th\u01b0\u01a1ng hi\u1ec7u Liugong c\u00f3 t\u1ea3i tr\u1ecdng n\u00e2ng 3 t\u1ea5n, dung t\u00edch g\u1ea7u 1.7m3, l\u1ef1c k\u00e9o l\u1edbn nh\u1ea5t 100KN, chi\u1ec1u cao \u0111\u1ed5 2.91m.<\/h2>\n<p>LiuGong CLG836 s\u1eed d\u1ee5ng \u0111\u1ed9ng c\u01a1 Cummins Turbo t\u0103ng \u00e1p, dung t\u00edch xi lanh 6,9 l\u00edt, 6 xi lanh, momen xo\u1eafn l\u1edbn nh\u1ea5t 500N.m h\u1ec7 th\u1ed1ng c\u1ea7u tr\u01b0\u1edbc sau \u0111\u1ea1t ti\u00eau chu\u1ea9n, th\u00f9ng nhi\u00ean li\u1ec7u 160 l\u00edt, c\u00f4ng su\u1ea5t 92KW, t\u1ea3i tr\u1ecdng 17 t\u1ea5n, c\u00f3 \u0111i\u1ec1u h\u00f2a tr\u00ean cabin.<\/p>\n<p>Xe x\u00fac l\u1eadt LiuGong CLG836 s\u1eed d\u1ee5ng b\u00e1nh l\u1ed1p n\u00ean c\u00f3 t\u00ednh c\u01a1 \u0111\u1ed9ng cao, di chuy\u1ec3n tr\u00ean m\u1ecdi \u0111\u1ecba h\u00ecnh, th\u01b0\u1eddng d\u00f9ng trong c\u00e1c b\u00e3i khai th\u00e1c \u0111\u00e1, than, kho\u00e1ng s\u1ea3n, c\u00f3 th\u1ec3 l\u00e0m vi\u1ec7c v\u1edbi c\u01b0\u1eddng \u0111\u1ed9 cao trong th\u1eddi gian d\u00e0i.<\/p>\n<h3>H\u00ecnh \u1ea3nh m\u00e1y x\u00fac l\u1eadt LiuGong CLG836<\/h3>\n<p><img loading=\"lazy\" decoding=\"async\" class=\"aligncenter size-full wp-image-2838\" src=\"https:\/\/mayxaydunghanoi.com\/wp-content\/uploads\/2020\/08\/may-xuc-lat-liugong-clg836-gau-1-7m3.jpg\" alt=\"M\u00e1y x\u00fac l\u1eadt LiuGong CLG836 g\u1ea7u 1.7m3\" width=\"600\" height=\"466\" srcset=\"https:\/\/mayxaydunghanoi.com\/wp-content\/uploads\/2020\/08\/may-xuc-lat-liugong-clg836-gau-1-7m3.jpg 600w, https:\/\/mayxaydunghanoi.com\/wp-content\/uploads\/2020\/08\/may-xuc-lat-liugong-clg836-gau-1-7m3-510x396.jpg 510w\" sizes=\"auto, (max-width: 600px) 100vw, 600px\" \/><\/p>\n<p><img loading=\"lazy\" decoding=\"async\" class=\"aligncenter size-full wp-image-2840\" src=\"https:\/\/mayxaydunghanoi.com\/wp-content\/uploads\/2020\/08\/may-xuc-lat-liugong-clg836-gau-1-7m3-1.jpg\" alt=\"M\u00e1y x\u00fac l\u1eadt LiuGong CLG836 g\u1ea7u 1.7m3-1\" width=\"600\" height=\"430\" srcset=\"https:\/\/mayxaydunghanoi.com\/wp-content\/uploads\/2020\/08\/may-xuc-lat-liugong-clg836-gau-1-7m3-1.jpg 600w, https:\/\/mayxaydunghanoi.com\/wp-content\/uploads\/2020\/08\/may-xuc-lat-liugong-clg836-gau-1-7m3-1-510x366.jpg 510w\" sizes=\"auto, (max-width: 600px) 100vw, 600px\" \/><\/p>\n<p><img loading=\"lazy\" decoding=\"async\" class=\"aligncenter size-full wp-image-2842\" src=\"https:\/\/mayxaydunghanoi.com\/wp-content\/uploads\/2020\/08\/may-xuc-lat-liugong-clg836-gau-1-7m3-2.jpg\" alt=\"M\u00e1y x\u00fac l\u1eadt LiuGong CLG836 g\u1ea7u 1.7m3-2\" width=\"600\" height=\"400\" srcset=\"https:\/\/mayxaydunghanoi.com\/wp-content\/uploads\/2020\/08\/may-xuc-lat-liugong-clg836-gau-1-7m3-2.jpg 600w, https:\/\/mayxaydunghanoi.com\/wp-content\/uploads\/2020\/08\/may-xuc-lat-liugong-clg836-gau-1-7m3-2-510x340.jpg 510w\" sizes=\"auto, (max-width: 600px) 100vw, 600px\" \/><\/p>\n<p><img loading=\"lazy\" decoding=\"async\" class=\"aligncenter size-full wp-image-2844\" src=\"https:\/\/mayxaydunghanoi.com\/wp-content\/uploads\/2020\/08\/may-xuc-lat-liugong-clg836-gau-1-7m3-3.jpg\" alt=\"M\u00e1y x\u00fac l\u1eadt LiuGong CLG836 g\u1ea7u 1.7m3-3\" width=\"600\" height=\"239\" srcset=\"https:\/\/mayxaydunghanoi.com\/wp-content\/uploads\/2020\/08\/may-xuc-lat-liugong-clg836-gau-1-7m3-3.jpg 600w, https:\/\/mayxaydunghanoi.com\/wp-content\/uploads\/2020\/08\/may-xuc-lat-liugong-clg836-gau-1-7m3-3-510x203.jpg 510w\" sizes=\"auto, (max-width: 600px) 100vw, 600px\" \/><\/p>\n","protected":false},"excerpt":{"rendered":"<ul>\n<li>Xu\u1ea5t x\u1ee9: Trung Qu\u1ed1c<\/li>\n<li>Th\u01b0\u01a1ng hi\u1ec7u: Liugong<\/li>\n<li>Th\u1ec3 t\u00edch g\u1ea7u: 1.7m3<\/li>\n<\/ul>\n","protected":false},"featured_media":2838,"comment_status":"open","ping_status":"closed","template":"","meta":[],"product_brand":[],"product_cat":[325],"product_tag":[366,355,365,367,336],"class_list":{"0":"post-2837","1":"product","2":"type-product","3":"status-publish","4":"has-post-thumbnail","6":"product_cat-may-xuc-lat-liugong","7":"product_tag-clg836","8":"product_tag-liugong","9":"product_tag-liugong-clg836","10":"product_tag-may-xuc-gau-1-7m3","11":"product_tag-may-xuc-trung-quoc","13":"first","14":"instock","15":"shipping-taxable","16":"product-type-simple"},"yoast_head":"<!-- This site is optimized with the Yoast SEO Premium plugin v26.1 (Yoast SEO v26.6) - https:\/\/yoast.com\/wordpress\/plugins\/seo\/ -->\n<title>M\u00e1y x\u00fac l\u1eadt LiuGong CLG836 g\u1ea7u 1.7m3 - Hanoi Vietnam Co., Ltd<\/title>\n<meta name=\"description\" content=\"M\u00e1y x\u00fac l\u1eadt CLG836 th\u01b0\u01a1ng hi\u1ec7u Liugong c\u00f3 t\u1ea3i tr\u1ecdng n\u00e2ng 3 t\u1ea5n, dung t\u00edch g\u1ea7u 1.7m3, l\u1ef1c k\u00e9o l\u1edbn nh\u1ea5t 100KN, chi\u1ec1u cao \u0111\u1ed5 2.91m.\" \/>\n<meta name=\"robots\" content=\"index, follow, max-snippet:-1, max-image-preview:large, max-video-preview:-1\" \/>\n<link rel=\"canonical\" href=\"https:\/\/mayxaydunghanoi.com\/vi\/san-pham\/may-xuc-lat-liugong-clg836-gau-1-7m3\/\" \/>\n<meta property=\"og:locale\" content=\"vi_VN\" \/>\n<meta property=\"og:type\" content=\"article\" \/>\n<meta property=\"og:title\" content=\"M\u00e1y x\u00fac l\u1eadt LiuGong CLG836 g\u1ea7u 1.7m3\" \/>\n<meta property=\"og:description\" content=\"M\u00e1y x\u00fac l\u1eadt CLG836 th\u01b0\u01a1ng hi\u1ec7u Liugong c\u00f3 t\u1ea3i tr\u1ecdng n\u00e2ng 3 t\u1ea5n, dung t\u00edch g\u1ea7u 1.7m3, l\u1ef1c k\u00e9o l\u1edbn nh\u1ea5t 100KN, chi\u1ec1u cao \u0111\u1ed5 2.91m.\" \/>\n<meta property=\"og:url\" content=\"https:\/\/mayxaydunghanoi.com\/vi\/san-pham\/may-xuc-lat-liugong-clg836-gau-1-7m3\/\" \/>\n<meta property=\"og:site_name\" content=\"Hanoi Vietnam Co., Ltd\" \/>\n<meta property=\"og:image\" content=\"https:\/\/mayxaydunghanoi.com\/wp-content\/uploads\/2020\/08\/may-xuc-lat-liugong-clg836-gau-1-7m3.jpg\" \/>\n\t<meta property=\"og:image:width\" content=\"600\" \/>\n\t<meta property=\"og:image:height\" content=\"466\" \/>\n\t<meta property=\"og:image:type\" content=\"image\/jpeg\" \/>\n<meta name=\"twitter:card\" content=\"summary_large_image\" \/>\n<meta name=\"twitter:label1\" content=\"Est. reading time\" \/>\n\t<meta name=\"twitter:data1\" content=\"1 minute\" \/>\n<script type=\"application\/ld+json\" class=\"yoast-schema-graph\">{\"@context\":\"https:\/\/schema.org\",\"@graph\":[{\"@type\":\"WebPage\",\"@id\":\"https:\/\/mayxaydunghanoi.com\/vi\/san-pham\/may-xuc-lat-liugong-clg836-gau-1-7m3\/\",\"url\":\"https:\/\/mayxaydunghanoi.com\/vi\/san-pham\/may-xuc-lat-liugong-clg836-gau-1-7m3\/\",\"name\":\"M\u00e1y x\u00fac l\u1eadt LiuGong CLG836 g\u1ea7u 1.7m3 - Hanoi Vietnam Co., Ltd\",\"isPartOf\":{\"@id\":\"https:\/\/mayxaydunghanoi.com\/en\/#website\"},\"primaryImageOfPage\":{\"@id\":\"https:\/\/mayxaydunghanoi.com\/vi\/san-pham\/may-xuc-lat-liugong-clg836-gau-1-7m3\/#primaryimage\"},\"image\":{\"@id\":\"https:\/\/mayxaydunghanoi.com\/vi\/san-pham\/may-xuc-lat-liugong-clg836-gau-1-7m3\/#primaryimage\"},\"thumbnailUrl\":\"https:\/\/mayxaydunghanoi.com\/wp-content\/uploads\/2020\/08\/may-xuc-lat-liugong-clg836-gau-1-7m3.jpg\",\"datePublished\":\"2020-08-23T02:31:32+00:00\",\"description\":\"M\u00e1y x\u00fac l\u1eadt CLG836 th\u01b0\u01a1ng hi\u1ec7u Liugong c\u00f3 t\u1ea3i tr\u1ecdng n\u00e2ng 3 t\u1ea5n, dung t\u00edch g\u1ea7u 1.7m3, l\u1ef1c k\u00e9o l\u1edbn nh\u1ea5t 100KN, chi\u1ec1u cao \u0111\u1ed5 2.91m.\",\"breadcrumb\":{\"@id\":\"https:\/\/mayxaydunghanoi.com\/vi\/san-pham\/may-xuc-lat-liugong-clg836-gau-1-7m3\/#breadcrumb\"},\"inLanguage\":\"vi-VN\",\"potentialAction\":[{\"@type\":\"ReadAction\",\"target\":[\"https:\/\/mayxaydunghanoi.com\/vi\/san-pham\/may-xuc-lat-liugong-clg836-gau-1-7m3\/\"]}]},{\"@type\":\"ImageObject\",\"inLanguage\":\"vi-VN\",\"@id\":\"https:\/\/mayxaydunghanoi.com\/vi\/san-pham\/may-xuc-lat-liugong-clg836-gau-1-7m3\/#primaryimage\",\"url\":\"https:\/\/mayxaydunghanoi.com\/wp-content\/uploads\/2020\/08\/may-xuc-lat-liugong-clg836-gau-1-7m3.jpg\",\"contentUrl\":\"https:\/\/mayxaydunghanoi.com\/wp-content\/uploads\/2020\/08\/may-xuc-lat-liugong-clg836-gau-1-7m3.jpg\",\"width\":600,\"height\":466,\"caption\":\"M\u00e1y x\u00fac l\u1eadt LiuGong CLG836 g\u1ea7u 1.7m3\"},{\"@type\":\"BreadcrumbList\",\"@id\":\"https:\/\/mayxaydunghanoi.com\/vi\/san-pham\/may-xuc-lat-liugong-clg836-gau-1-7m3\/#breadcrumb\",\"itemListElement\":[{\"@type\":\"ListItem\",\"position\":1,\"name\":\"Home\",\"item\":\"https:\/\/mayxaydunghanoi.com\/vi\/\"},{\"@type\":\"ListItem\",\"position\":2,\"name\":\"S\u1ea3n ph\u1ea9m\",\"item\":\"https:\/\/mayxaydunghanoi.com\/vi\/san-pham\/\"},{\"@type\":\"ListItem\",\"position\":3,\"name\":\"M\u00e1y x\u00fac l\u1eadt LiuGong CLG836 g\u1ea7u 1.7m3\"}]},{\"@type\":\"WebSite\",\"@id\":\"https:\/\/mayxaydunghanoi.com\/en\/#website\",\"url\":\"https:\/\/mayxaydunghanoi.com\/en\/\",\"name\":\"Hanoi Vietnam Co., Ltd\",\"description\":\"\",\"publisher\":{\"@id\":\"https:\/\/mayxaydunghanoi.com\/en\/#organization\"},\"potentialAction\":[{\"@type\":\"SearchAction\",\"target\":{\"@type\":\"EntryPoint\",\"urlTemplate\":\"https:\/\/mayxaydunghanoi.com\/en\/?s={search_term_string}\"},\"query-input\":{\"@type\":\"PropertyValueSpecification\",\"valueRequired\":true,\"valueName\":\"search_term_string\"}}],\"inLanguage\":\"vi-VN\"},{\"@type\":\"Organization\",\"@id\":\"https:\/\/mayxaydunghanoi.com\/en\/#organization\",\"name\":\"Hanoi Vietnam Co., Ltd\",\"url\":\"https:\/\/mayxaydunghanoi.com\/en\/\",\"logo\":{\"@type\":\"ImageObject\",\"inLanguage\":\"vi-VN\",\"@id\":\"https:\/\/mayxaydunghanoi.com\/en\/#\/schema\/logo\/image\/\",\"url\":\"https:\/\/mayxaydunghanoi.com\/wp-content\/uploads\/2018\/04\/Logo-mayxaydunghanoi-ok.png\",\"contentUrl\":\"https:\/\/mayxaydunghanoi.com\/wp-content\/uploads\/2018\/04\/Logo-mayxaydunghanoi-ok.png\",\"width\":900,\"height\":900,\"caption\":\"Hanoi Vietnam Co., Ltd\"},\"image\":{\"@id\":\"https:\/\/mayxaydunghanoi.com\/en\/#\/schema\/logo\/image\/\"}}]}<\/script>\n<!-- \/ Yoast SEO Premium plugin. -->","yoast_head_json":{"title":"M\u00e1y x\u00fac l\u1eadt LiuGong CLG836 g\u1ea7u 1.7m3 - Hanoi Vietnam Co., Ltd","description":"M\u00e1y x\u00fac l\u1eadt CLG836 th\u01b0\u01a1ng hi\u1ec7u Liugong c\u00f3 t\u1ea3i tr\u1ecdng n\u00e2ng 3 t\u1ea5n, dung t\u00edch g\u1ea7u 1.7m3, l\u1ef1c k\u00e9o l\u1edbn nh\u1ea5t 100KN, chi\u1ec1u cao \u0111\u1ed5 2.91m.","robots":{"index":"index","follow":"follow","max-snippet":"max-snippet:-1","max-image-preview":"max-image-preview:large","max-video-preview":"max-video-preview:-1"},"canonical":"https:\/\/mayxaydunghanoi.com\/vi\/san-pham\/may-xuc-lat-liugong-clg836-gau-1-7m3\/","og_locale":"vi_VN","og_type":"article","og_title":"M\u00e1y x\u00fac l\u1eadt LiuGong CLG836 g\u1ea7u 1.7m3","og_description":"M\u00e1y x\u00fac l\u1eadt CLG836 th\u01b0\u01a1ng hi\u1ec7u Liugong c\u00f3 t\u1ea3i tr\u1ecdng n\u00e2ng 3 t\u1ea5n, dung t\u00edch g\u1ea7u 1.7m3, l\u1ef1c k\u00e9o l\u1edbn nh\u1ea5t 100KN, chi\u1ec1u cao \u0111\u1ed5 2.91m.","og_url":"https:\/\/mayxaydunghanoi.com\/vi\/san-pham\/may-xuc-lat-liugong-clg836-gau-1-7m3\/","og_site_name":"Hanoi Vietnam Co., Ltd","og_image":[{"width":600,"height":466,"url":"https:\/\/mayxaydunghanoi.com\/wp-content\/uploads\/2020\/08\/may-xuc-lat-liugong-clg836-gau-1-7m3.jpg","type":"image\/jpeg"}],"twitter_card":"summary_large_image","twitter_misc":{"Est. reading time":"1 minute"},"schema":{"@context":"https:\/\/schema.org","@graph":[{"@type":"WebPage","@id":"https:\/\/mayxaydunghanoi.com\/vi\/san-pham\/may-xuc-lat-liugong-clg836-gau-1-7m3\/","url":"https:\/\/mayxaydunghanoi.com\/vi\/san-pham\/may-xuc-lat-liugong-clg836-gau-1-7m3\/","name":"M\u00e1y x\u00fac l\u1eadt LiuGong CLG836 g\u1ea7u 1.7m3 - Hanoi Vietnam Co., Ltd","isPartOf":{"@id":"https:\/\/mayxaydunghanoi.com\/en\/#website"},"primaryImageOfPage":{"@id":"https:\/\/mayxaydunghanoi.com\/vi\/san-pham\/may-xuc-lat-liugong-clg836-gau-1-7m3\/#primaryimage"},"image":{"@id":"https:\/\/mayxaydunghanoi.com\/vi\/san-pham\/may-xuc-lat-liugong-clg836-gau-1-7m3\/#primaryimage"},"thumbnailUrl":"https:\/\/mayxaydunghanoi.com\/wp-content\/uploads\/2020\/08\/may-xuc-lat-liugong-clg836-gau-1-7m3.jpg","datePublished":"2020-08-23T02:31:32+00:00","description":"M\u00e1y x\u00fac l\u1eadt CLG836 th\u01b0\u01a1ng hi\u1ec7u Liugong c\u00f3 t\u1ea3i tr\u1ecdng n\u00e2ng 3 t\u1ea5n, dung t\u00edch g\u1ea7u 1.7m3, l\u1ef1c k\u00e9o l\u1edbn nh\u1ea5t 100KN, chi\u1ec1u cao \u0111\u1ed5 2.91m.","breadcrumb":{"@id":"https:\/\/mayxaydunghanoi.com\/vi\/san-pham\/may-xuc-lat-liugong-clg836-gau-1-7m3\/#breadcrumb"},"inLanguage":"vi-VN","potentialAction":[{"@type":"ReadAction","target":["https:\/\/mayxaydunghanoi.com\/vi\/san-pham\/may-xuc-lat-liugong-clg836-gau-1-7m3\/"]}]},{"@type":"ImageObject","inLanguage":"vi-VN","@id":"https:\/\/mayxaydunghanoi.com\/vi\/san-pham\/may-xuc-lat-liugong-clg836-gau-1-7m3\/#primaryimage","url":"https:\/\/mayxaydunghanoi.com\/wp-content\/uploads\/2020\/08\/may-xuc-lat-liugong-clg836-gau-1-7m3.jpg","contentUrl":"https:\/\/mayxaydunghanoi.com\/wp-content\/uploads\/2020\/08\/may-xuc-lat-liugong-clg836-gau-1-7m3.jpg","width":600,"height":466,"caption":"M\u00e1y x\u00fac l\u1eadt LiuGong CLG836 g\u1ea7u 1.7m3"},{"@type":"BreadcrumbList","@id":"https:\/\/mayxaydunghanoi.com\/vi\/san-pham\/may-xuc-lat-liugong-clg836-gau-1-7m3\/#breadcrumb","itemListElement":[{"@type":"ListItem","position":1,"name":"Home","item":"https:\/\/mayxaydunghanoi.com\/vi\/"},{"@type":"ListItem","position":2,"name":"S\u1ea3n ph\u1ea9m","item":"https:\/\/mayxaydunghanoi.com\/vi\/san-pham\/"},{"@type":"ListItem","position":3,"name":"M\u00e1y x\u00fac l\u1eadt LiuGong CLG836 g\u1ea7u 1.7m3"}]},{"@type":"WebSite","@id":"https:\/\/mayxaydunghanoi.com\/en\/#website","url":"https:\/\/mayxaydunghanoi.com\/en\/","name":"Hanoi Vietnam Co., Ltd","description":"","publisher":{"@id":"https:\/\/mayxaydunghanoi.com\/en\/#organization"},"potentialAction":[{"@type":"SearchAction","target":{"@type":"EntryPoint","urlTemplate":"https:\/\/mayxaydunghanoi.com\/en\/?s={search_term_string}"},"query-input":{"@type":"PropertyValueSpecification","valueRequired":true,"valueName":"search_term_string"}}],"inLanguage":"vi-VN"},{"@type":"Organization","@id":"https:\/\/mayxaydunghanoi.com\/en\/#organization","name":"Hanoi Vietnam Co., Ltd","url":"https:\/\/mayxaydunghanoi.com\/en\/","logo":{"@type":"ImageObject","inLanguage":"vi-VN","@id":"https:\/\/mayxaydunghanoi.com\/en\/#\/schema\/logo\/image\/","url":"https:\/\/mayxaydunghanoi.com\/wp-content\/uploads\/2018\/04\/Logo-mayxaydunghanoi-ok.png","contentUrl":"https:\/\/mayxaydunghanoi.com\/wp-content\/uploads\/2018\/04\/Logo-mayxaydunghanoi-ok.png","width":900,"height":900,"caption":"Hanoi Vietnam Co., Ltd"},"image":{"@id":"https:\/\/mayxaydunghanoi.com\/en\/#\/schema\/logo\/image\/"}}]}},"_links":{"self":[{"href":"https:\/\/mayxaydunghanoi.com\/vi\/wp-json\/wp\/v2\/product\/2837","targetHints":{"allow":["GET"]}}],"collection":[{"href":"https:\/\/mayxaydunghanoi.com\/vi\/wp-json\/wp\/v2\/product"}],"about":[{"href":"https:\/\/mayxaydunghanoi.com\/vi\/wp-json\/wp\/v2\/types\/product"}],"replies":[{"embeddable":true,"href":"https:\/\/mayxaydunghanoi.com\/vi\/wp-json\/wp\/v2\/comments?post=2837"}],"wp:featuredmedia":[{"embeddable":true,"href":"https:\/\/mayxaydunghanoi.com\/vi\/wp-json\/wp\/v2\/media\/2838"}],"wp:attachment":[{"href":"https:\/\/mayxaydunghanoi.com\/vi\/wp-json\/wp\/v2\/media?parent=2837"}],"wp:term":[{"taxonomy":"product_brand","embeddable":true,"href":"https:\/\/mayxaydunghanoi.com\/vi\/wp-json\/wp\/v2\/product_brand?post=2837"},{"taxonomy":"product_cat","embeddable":true,"href":"https:\/\/mayxaydunghanoi.com\/vi\/wp-json\/wp\/v2\/product_cat?post=2837"},{"taxonomy":"product_tag","embeddable":true,"href":"https:\/\/mayxaydunghanoi.com\/vi\/wp-json\/wp\/v2\/product_tag?post=2837"}],"curies":[{"name":"wp","href":"https:\/\/api.w.org\/{rel}","templated":true}]}}