{"id":2819,"date":"2020-08-23T08:34:37","date_gmt":"2020-08-23T01:34:37","guid":{"rendered":"https:\/\/mayxaydunghanoi.com\/?post_type=product&#038;p=2819"},"modified":"2020-08-23T08:49:20","modified_gmt":"2020-08-23T01:49:20","slug":"may-xuc-lat-liugong-clg855h-gau-3m3","status":"publish","type":"product","link":"https:\/\/mayxaydunghanoi.com\/vi\/san-pham\/may-xuc-lat-liugong-clg855h-gau-3m3\/","title":{"rendered":"M\u00e1y X\u00fac L\u1eadt Liugong CLG855H g\u1ea7u 3m3"},"content":{"rendered":"<h2>M\u00e1y x\u00fac l\u1eadt CLG855H th\u01b0\u01a1ng hi\u1ec7u Liugong l\u00e0 m\u00e1y x\u00fac b\u00e1nh l\u1ed1p, c\u00f3 t\u1ea3i tr\u1ecdng n\u00e2ng 3 t\u1ea5n, dung t\u00edch g\u1ea7u 3m3, l\u1ef1c k\u00e9o 165KN, chi\u1ec1u cao \u0111\u1ed5 2.97m, chi\u1ec1u cao n\u00e2ng 4m.<\/h2>\n<p>LiuGong CLG855H s\u1eed d\u1ee5ng \u0111\u1ed9ng c\u01a1 Cummins dung t\u00edch xi lanh 9,3 l\u00edt, 6 xi lanh, h\u1ec7 th\u1ed1ng c\u1ea7u tr\u01b0\u1edbc sau \u0111\u1ea1t ti\u00eau chu\u1ea9n, th\u00f9ng nhi\u00ean li\u1ec7u 300 l\u00edt, c\u00f4ng su\u1ea5t 162KW, t\u1ea3i tr\u1ecdng 12 t\u1ea5n.<\/p>\n<p>Xe x\u00fac l\u1eadt LiuGong CLG855H th\u01b0\u1eddng d\u00f9ng trong c\u00e1c b\u00e3i khai th\u00e1c \u0111\u00e1, than, kho\u00e1ng s\u1ea3n, c\u00f3 th\u1ec3 l\u00e0m vi\u1ec7c v\u1edbi c\u01b0\u1eddng \u0111\u1ed9 cao trong th\u1eddi gian d\u00e0i.<\/p>\n<h3>H\u00ecnh \u1ea3nh m\u00e1y x\u00fac l\u1eadt LiuGong CLG855H<\/h3>\n<p><img loading=\"lazy\" decoding=\"async\" class=\"aligncenter size-full wp-image-2820\" src=\"https:\/\/mayxaydunghanoi.com\/wp-content\/uploads\/2020\/08\/may-xuc-lat-liugong-clg855h-gau-3m3.jpg\" alt=\"M\u00e1y X\u00fac L\u1eadt Liugong CLG855H g\u1ea7u 3m3\" width=\"600\" height=\"350\" srcset=\"https:\/\/mayxaydunghanoi.com\/wp-content\/uploads\/2020\/08\/may-xuc-lat-liugong-clg855h-gau-3m3.jpg 600w, https:\/\/mayxaydunghanoi.com\/wp-content\/uploads\/2020\/08\/may-xuc-lat-liugong-clg855h-gau-3m3-510x298.jpg 510w\" sizes=\"auto, (max-width: 600px) 100vw, 600px\" \/><\/p>\n<p><img loading=\"lazy\" decoding=\"async\" class=\"aligncenter size-full wp-image-2822\" src=\"https:\/\/mayxaydunghanoi.com\/wp-content\/uploads\/2020\/08\/may-xuc-lat-liugong-clg855h-gau-3m3-1.jpg\" alt=\"M\u00e1y X\u00fac L\u1eadt Liugong CLG855H g\u1ea7u 3m3-1\" width=\"512\" height=\"384\" srcset=\"https:\/\/mayxaydunghanoi.com\/wp-content\/uploads\/2020\/08\/may-xuc-lat-liugong-clg855h-gau-3m3-1.jpg 512w, https:\/\/mayxaydunghanoi.com\/wp-content\/uploads\/2020\/08\/may-xuc-lat-liugong-clg855h-gau-3m3-1-510x383.jpg 510w\" sizes=\"auto, (max-width: 512px) 100vw, 512px\" \/><\/p>\n<p><img loading=\"lazy\" decoding=\"async\" class=\"aligncenter size-full wp-image-2824\" src=\"https:\/\/mayxaydunghanoi.com\/wp-content\/uploads\/2020\/08\/may-xuc-lat-liugong-clg855h-gau-3m3-2.jpg\" alt=\"M\u00e1y X\u00fac L\u1eadt Liugong CLG855H g\u1ea7u 3m3-2\" width=\"600\" height=\"350\" srcset=\"https:\/\/mayxaydunghanoi.com\/wp-content\/uploads\/2020\/08\/may-xuc-lat-liugong-clg855h-gau-3m3-2.jpg 600w, https:\/\/mayxaydunghanoi.com\/wp-content\/uploads\/2020\/08\/may-xuc-lat-liugong-clg855h-gau-3m3-2-510x298.jpg 510w\" sizes=\"auto, (max-width: 600px) 100vw, 600px\" \/><\/p>\n<p><img loading=\"lazy\" decoding=\"async\" class=\"aligncenter size-full wp-image-2826\" src=\"https:\/\/mayxaydunghanoi.com\/wp-content\/uploads\/2020\/08\/may-xuc-lat-liugong-clg855h-gau-3m3-3.jpg\" alt=\"M\u00e1y X\u00fac L\u1eadt Liugong CLG855H g\u1ea7u 3m3-3\" width=\"600\" height=\"350\" srcset=\"https:\/\/mayxaydunghanoi.com\/wp-content\/uploads\/2020\/08\/may-xuc-lat-liugong-clg855h-gau-3m3-3.jpg 600w, https:\/\/mayxaydunghanoi.com\/wp-content\/uploads\/2020\/08\/may-xuc-lat-liugong-clg855h-gau-3m3-3-510x298.jpg 510w\" sizes=\"auto, (max-width: 600px) 100vw, 600px\" \/><\/p>\n","protected":false},"excerpt":{"rendered":"<ul>\n<li>Xu\u1ea5t x\u1ee9: Trung Qu\u1ed1c<\/li>\n<li>Th\u01b0\u01a1ng hi\u1ec7u: Liugong<\/li>\n<li>Th\u1ec3 t\u00edch g\u1ea7u: 3m3<\/li>\n<\/ul>\n","protected":false},"featured_media":2820,"comment_status":"open","ping_status":"closed","template":"","meta":[],"product_brand":[],"product_cat":[325],"product_tag":[361,355,360,334,336],"class_list":{"0":"post-2819","1":"product","2":"type-product","3":"status-publish","4":"has-post-thumbnail","6":"product_cat-may-xuc-lat-liugong","7":"product_tag-clg855h","8":"product_tag-liugong","9":"product_tag-liugong-clg855h","10":"product_tag-may-xuc-gau-3m3","11":"product_tag-may-xuc-trung-quoc","13":"first","14":"instock","15":"shipping-taxable","16":"product-type-simple"},"yoast_head":"<!-- This site is optimized with the Yoast SEO Premium plugin v26.1 (Yoast SEO v26.6) - https:\/\/yoast.com\/wordpress\/plugins\/seo\/ -->\n<title>M\u00e1y X\u00fac L\u1eadt Liugong CLG855H g\u1ea7u 3m3 - Hanoi Vietnam Co., Ltd<\/title>\n<meta name=\"robots\" content=\"index, follow, max-snippet:-1, max-image-preview:large, max-video-preview:-1\" \/>\n<link rel=\"canonical\" href=\"https:\/\/mayxaydunghanoi.com\/vi\/san-pham\/may-xuc-lat-liugong-clg855h-gau-3m3\/\" \/>\n<meta property=\"og:locale\" content=\"vi_VN\" \/>\n<meta property=\"og:type\" content=\"article\" \/>\n<meta property=\"og:title\" content=\"M\u00e1y X\u00fac L\u1eadt Liugong CLG855H g\u1ea7u 3m3\" \/>\n<meta property=\"og:description\" content=\"Xu\u1ea5t x\u1ee9: Trung Qu\u1ed1c  Th\u01b0\u01a1ng hi\u1ec7u: Liugong  Th\u1ec3 t\u00edch g\u1ea7u: 3m3\" \/>\n<meta property=\"og:url\" content=\"https:\/\/mayxaydunghanoi.com\/vi\/san-pham\/may-xuc-lat-liugong-clg855h-gau-3m3\/\" \/>\n<meta property=\"og:site_name\" content=\"Hanoi Vietnam Co., Ltd\" \/>\n<meta property=\"article:modified_time\" content=\"2020-08-23T01:49:20+00:00\" \/>\n<meta property=\"og:image\" content=\"https:\/\/mayxaydunghanoi.com\/wp-content\/uploads\/2020\/08\/may-xuc-lat-liugong-clg855h-gau-3m3.jpg\" \/>\n\t<meta property=\"og:image:width\" content=\"600\" \/>\n\t<meta property=\"og:image:height\" content=\"350\" \/>\n\t<meta property=\"og:image:type\" content=\"image\/jpeg\" \/>\n<meta name=\"twitter:card\" content=\"summary_large_image\" \/>\n<meta name=\"twitter:label1\" content=\"Est. reading time\" \/>\n\t<meta name=\"twitter:data1\" content=\"1 minute\" \/>\n<script type=\"application\/ld+json\" class=\"yoast-schema-graph\">{\"@context\":\"https:\/\/schema.org\",\"@graph\":[{\"@type\":\"WebPage\",\"@id\":\"https:\/\/mayxaydunghanoi.com\/vi\/san-pham\/may-xuc-lat-liugong-clg855h-gau-3m3\/\",\"url\":\"https:\/\/mayxaydunghanoi.com\/vi\/san-pham\/may-xuc-lat-liugong-clg855h-gau-3m3\/\",\"name\":\"M\u00e1y X\u00fac L\u1eadt Liugong CLG855H g\u1ea7u 3m3 - Hanoi Vietnam Co., Ltd\",\"isPartOf\":{\"@id\":\"https:\/\/mayxaydunghanoi.com\/en\/#website\"},\"primaryImageOfPage\":{\"@id\":\"https:\/\/mayxaydunghanoi.com\/vi\/san-pham\/may-xuc-lat-liugong-clg855h-gau-3m3\/#primaryimage\"},\"image\":{\"@id\":\"https:\/\/mayxaydunghanoi.com\/vi\/san-pham\/may-xuc-lat-liugong-clg855h-gau-3m3\/#primaryimage\"},\"thumbnailUrl\":\"https:\/\/mayxaydunghanoi.com\/wp-content\/uploads\/2020\/08\/may-xuc-lat-liugong-clg855h-gau-3m3.jpg\",\"datePublished\":\"2020-08-23T01:34:37+00:00\",\"dateModified\":\"2020-08-23T01:49:20+00:00\",\"breadcrumb\":{\"@id\":\"https:\/\/mayxaydunghanoi.com\/vi\/san-pham\/may-xuc-lat-liugong-clg855h-gau-3m3\/#breadcrumb\"},\"inLanguage\":\"vi-VN\",\"potentialAction\":[{\"@type\":\"ReadAction\",\"target\":[\"https:\/\/mayxaydunghanoi.com\/vi\/san-pham\/may-xuc-lat-liugong-clg855h-gau-3m3\/\"]}]},{\"@type\":\"ImageObject\",\"inLanguage\":\"vi-VN\",\"@id\":\"https:\/\/mayxaydunghanoi.com\/vi\/san-pham\/may-xuc-lat-liugong-clg855h-gau-3m3\/#primaryimage\",\"url\":\"https:\/\/mayxaydunghanoi.com\/wp-content\/uploads\/2020\/08\/may-xuc-lat-liugong-clg855h-gau-3m3.jpg\",\"contentUrl\":\"https:\/\/mayxaydunghanoi.com\/wp-content\/uploads\/2020\/08\/may-xuc-lat-liugong-clg855h-gau-3m3.jpg\",\"width\":600,\"height\":350,\"caption\":\"M\u00e1y X\u00fac L\u1eadt Liugong CLG855H g\u1ea7u 3m3\"},{\"@type\":\"BreadcrumbList\",\"@id\":\"https:\/\/mayxaydunghanoi.com\/vi\/san-pham\/may-xuc-lat-liugong-clg855h-gau-3m3\/#breadcrumb\",\"itemListElement\":[{\"@type\":\"ListItem\",\"position\":1,\"name\":\"Home\",\"item\":\"https:\/\/mayxaydunghanoi.com\/vi\/\"},{\"@type\":\"ListItem\",\"position\":2,\"name\":\"S\u1ea3n ph\u1ea9m\",\"item\":\"https:\/\/mayxaydunghanoi.com\/vi\/san-pham\/\"},{\"@type\":\"ListItem\",\"position\":3,\"name\":\"M\u00e1y X\u00fac L\u1eadt Liugong CLG855H g\u1ea7u 3m3\"}]},{\"@type\":\"WebSite\",\"@id\":\"https:\/\/mayxaydunghanoi.com\/en\/#website\",\"url\":\"https:\/\/mayxaydunghanoi.com\/en\/\",\"name\":\"Hanoi Vietnam Co., Ltd\",\"description\":\"\",\"publisher\":{\"@id\":\"https:\/\/mayxaydunghanoi.com\/en\/#organization\"},\"potentialAction\":[{\"@type\":\"SearchAction\",\"target\":{\"@type\":\"EntryPoint\",\"urlTemplate\":\"https:\/\/mayxaydunghanoi.com\/en\/?s={search_term_string}\"},\"query-input\":{\"@type\":\"PropertyValueSpecification\",\"valueRequired\":true,\"valueName\":\"search_term_string\"}}],\"inLanguage\":\"vi-VN\"},{\"@type\":\"Organization\",\"@id\":\"https:\/\/mayxaydunghanoi.com\/en\/#organization\",\"name\":\"Hanoi Vietnam Co., Ltd\",\"url\":\"https:\/\/mayxaydunghanoi.com\/en\/\",\"logo\":{\"@type\":\"ImageObject\",\"inLanguage\":\"vi-VN\",\"@id\":\"https:\/\/mayxaydunghanoi.com\/en\/#\/schema\/logo\/image\/\",\"url\":\"https:\/\/mayxaydunghanoi.com\/wp-content\/uploads\/2018\/04\/Logo-mayxaydunghanoi-ok.png\",\"contentUrl\":\"https:\/\/mayxaydunghanoi.com\/wp-content\/uploads\/2018\/04\/Logo-mayxaydunghanoi-ok.png\",\"width\":900,\"height\":900,\"caption\":\"Hanoi Vietnam Co., Ltd\"},\"image\":{\"@id\":\"https:\/\/mayxaydunghanoi.com\/en\/#\/schema\/logo\/image\/\"}}]}<\/script>\n<!-- \/ Yoast SEO Premium plugin. -->","yoast_head_json":{"title":"M\u00e1y X\u00fac L\u1eadt Liugong CLG855H g\u1ea7u 3m3 - Hanoi Vietnam Co., Ltd","robots":{"index":"index","follow":"follow","max-snippet":"max-snippet:-1","max-image-preview":"max-image-preview:large","max-video-preview":"max-video-preview:-1"},"canonical":"https:\/\/mayxaydunghanoi.com\/vi\/san-pham\/may-xuc-lat-liugong-clg855h-gau-3m3\/","og_locale":"vi_VN","og_type":"article","og_title":"M\u00e1y X\u00fac L\u1eadt Liugong CLG855H g\u1ea7u 3m3","og_description":"Xu\u1ea5t x\u1ee9: Trung Qu\u1ed1c  Th\u01b0\u01a1ng hi\u1ec7u: Liugong  Th\u1ec3 t\u00edch g\u1ea7u: 3m3","og_url":"https:\/\/mayxaydunghanoi.com\/vi\/san-pham\/may-xuc-lat-liugong-clg855h-gau-3m3\/","og_site_name":"Hanoi Vietnam Co., Ltd","article_modified_time":"2020-08-23T01:49:20+00:00","og_image":[{"width":600,"height":350,"url":"https:\/\/mayxaydunghanoi.com\/wp-content\/uploads\/2020\/08\/may-xuc-lat-liugong-clg855h-gau-3m3.jpg","type":"image\/jpeg"}],"twitter_card":"summary_large_image","twitter_misc":{"Est. reading time":"1 minute"},"schema":{"@context":"https:\/\/schema.org","@graph":[{"@type":"WebPage","@id":"https:\/\/mayxaydunghanoi.com\/vi\/san-pham\/may-xuc-lat-liugong-clg855h-gau-3m3\/","url":"https:\/\/mayxaydunghanoi.com\/vi\/san-pham\/may-xuc-lat-liugong-clg855h-gau-3m3\/","name":"M\u00e1y X\u00fac L\u1eadt Liugong CLG855H g\u1ea7u 3m3 - Hanoi Vietnam Co., Ltd","isPartOf":{"@id":"https:\/\/mayxaydunghanoi.com\/en\/#website"},"primaryImageOfPage":{"@id":"https:\/\/mayxaydunghanoi.com\/vi\/san-pham\/may-xuc-lat-liugong-clg855h-gau-3m3\/#primaryimage"},"image":{"@id":"https:\/\/mayxaydunghanoi.com\/vi\/san-pham\/may-xuc-lat-liugong-clg855h-gau-3m3\/#primaryimage"},"thumbnailUrl":"https:\/\/mayxaydunghanoi.com\/wp-content\/uploads\/2020\/08\/may-xuc-lat-liugong-clg855h-gau-3m3.jpg","datePublished":"2020-08-23T01:34:37+00:00","dateModified":"2020-08-23T01:49:20+00:00","breadcrumb":{"@id":"https:\/\/mayxaydunghanoi.com\/vi\/san-pham\/may-xuc-lat-liugong-clg855h-gau-3m3\/#breadcrumb"},"inLanguage":"vi-VN","potentialAction":[{"@type":"ReadAction","target":["https:\/\/mayxaydunghanoi.com\/vi\/san-pham\/may-xuc-lat-liugong-clg855h-gau-3m3\/"]}]},{"@type":"ImageObject","inLanguage":"vi-VN","@id":"https:\/\/mayxaydunghanoi.com\/vi\/san-pham\/may-xuc-lat-liugong-clg855h-gau-3m3\/#primaryimage","url":"https:\/\/mayxaydunghanoi.com\/wp-content\/uploads\/2020\/08\/may-xuc-lat-liugong-clg855h-gau-3m3.jpg","contentUrl":"https:\/\/mayxaydunghanoi.com\/wp-content\/uploads\/2020\/08\/may-xuc-lat-liugong-clg855h-gau-3m3.jpg","width":600,"height":350,"caption":"M\u00e1y X\u00fac L\u1eadt Liugong CLG855H g\u1ea7u 3m3"},{"@type":"BreadcrumbList","@id":"https:\/\/mayxaydunghanoi.com\/vi\/san-pham\/may-xuc-lat-liugong-clg855h-gau-3m3\/#breadcrumb","itemListElement":[{"@type":"ListItem","position":1,"name":"Home","item":"https:\/\/mayxaydunghanoi.com\/vi\/"},{"@type":"ListItem","position":2,"name":"S\u1ea3n ph\u1ea9m","item":"https:\/\/mayxaydunghanoi.com\/vi\/san-pham\/"},{"@type":"ListItem","position":3,"name":"M\u00e1y X\u00fac L\u1eadt Liugong CLG855H g\u1ea7u 3m3"}]},{"@type":"WebSite","@id":"https:\/\/mayxaydunghanoi.com\/en\/#website","url":"https:\/\/mayxaydunghanoi.com\/en\/","name":"Hanoi Vietnam Co., Ltd","description":"","publisher":{"@id":"https:\/\/mayxaydunghanoi.com\/en\/#organization"},"potentialAction":[{"@type":"SearchAction","target":{"@type":"EntryPoint","urlTemplate":"https:\/\/mayxaydunghanoi.com\/en\/?s={search_term_string}"},"query-input":{"@type":"PropertyValueSpecification","valueRequired":true,"valueName":"search_term_string"}}],"inLanguage":"vi-VN"},{"@type":"Organization","@id":"https:\/\/mayxaydunghanoi.com\/en\/#organization","name":"Hanoi Vietnam Co., Ltd","url":"https:\/\/mayxaydunghanoi.com\/en\/","logo":{"@type":"ImageObject","inLanguage":"vi-VN","@id":"https:\/\/mayxaydunghanoi.com\/en\/#\/schema\/logo\/image\/","url":"https:\/\/mayxaydunghanoi.com\/wp-content\/uploads\/2018\/04\/Logo-mayxaydunghanoi-ok.png","contentUrl":"https:\/\/mayxaydunghanoi.com\/wp-content\/uploads\/2018\/04\/Logo-mayxaydunghanoi-ok.png","width":900,"height":900,"caption":"Hanoi Vietnam Co., Ltd"},"image":{"@id":"https:\/\/mayxaydunghanoi.com\/en\/#\/schema\/logo\/image\/"}}]}},"_links":{"self":[{"href":"https:\/\/mayxaydunghanoi.com\/vi\/wp-json\/wp\/v2\/product\/2819","targetHints":{"allow":["GET"]}}],"collection":[{"href":"https:\/\/mayxaydunghanoi.com\/vi\/wp-json\/wp\/v2\/product"}],"about":[{"href":"https:\/\/mayxaydunghanoi.com\/vi\/wp-json\/wp\/v2\/types\/product"}],"replies":[{"embeddable":true,"href":"https:\/\/mayxaydunghanoi.com\/vi\/wp-json\/wp\/v2\/comments?post=2819"}],"wp:featuredmedia":[{"embeddable":true,"href":"https:\/\/mayxaydunghanoi.com\/vi\/wp-json\/wp\/v2\/media\/2820"}],"wp:attachment":[{"href":"https:\/\/mayxaydunghanoi.com\/vi\/wp-json\/wp\/v2\/media?parent=2819"}],"wp:term":[{"taxonomy":"product_brand","embeddable":true,"href":"https:\/\/mayxaydunghanoi.com\/vi\/wp-json\/wp\/v2\/product_brand?post=2819"},{"taxonomy":"product_cat","embeddable":true,"href":"https:\/\/mayxaydunghanoi.com\/vi\/wp-json\/wp\/v2\/product_cat?post=2819"},{"taxonomy":"product_tag","embeddable":true,"href":"https:\/\/mayxaydunghanoi.com\/vi\/wp-json\/wp\/v2\/product_tag?post=2819"}],"curies":[{"name":"wp","href":"https:\/\/api.w.org\/{rel}","templated":true}]}}