{"id":2799,"date":"2020-08-23T07:29:53","date_gmt":"2020-08-23T00:29:53","guid":{"rendered":"https:\/\/mayxaydunghanoi.com\/?post_type=product&#038;p=2799"},"modified":"2020-08-23T07:30:30","modified_gmt":"2020-08-23T00:30:30","slug":"may-xuc-lat-liugong-zl50cn-gau-3m3","status":"publish","type":"product","link":"https:\/\/mayxaydunghanoi.com\/vi\/san-pham\/may-xuc-lat-liugong-zl50cn-gau-3m3\/","title":{"rendered":"M\u00e1y x\u00fac l\u1eadt LiuGong ZL50CN g\u1ea7u 3m3"},"content":{"rendered":"<h2>M\u00e1y x\u00fac l\u1eadt ZL50CN th\u01b0\u01a1ng hi\u1ec7u Liugong l\u00e0 m\u00e1y x\u00fac b\u00e1nh l\u1ed1p, c\u00f3 t\u1ea3i tr\u1ecdng n\u00e2ng 5 t\u1ea5n, dung t\u00edch g\u1ea7u 3m3, l\u1ef1c k\u00e9o 160KN, chi\u1ec1u cao \u0111\u1ed5 2.97m.<\/h2>\n<p>M\u00e1y x\u00fac l\u1eadt Liugong ZL50CN c\u00f3 2 lo\u1ea1i \u0111\u1ed9ng c\u01a1 WEICHAI v\u00e0 CUMMINS QUANGXI. Qu\u00fd kh\u00e1ch c\u00f3 th\u1ec3 l\u1ef1a ch\u1ecdn lo\u1ea1i \u0111\u1ed9ng c\u01a1 theo mong mu\u1ed1n.<\/p>\n<p>\u0110\u1ed9ng c\u01a1 c\u1ee7a ZL50CN c\u00f3 c\u00f4ng su\u1ea5t 162Kw (220HP), 6 m\u00e1y turbo t\u0103ng \u00e1p cho moment xo\u1eafn c\u1ef1c \u0111\u1ea1i 890N.m t\u1ea1o ra l\u1ef1c k\u00e9o l\u00ean t\u1edbi 160KN.<\/p>\n<p>M\u00e1y x\u00fac l\u1eadt ZL50CN \u0111\u01b0\u1ee3c thi\u1ebft k\u1ebf v\u1edbi h\u1ec7 th\u1ed1ng xylanh t\u1ef1 \u0111\u1ea9y gi\u00fap vi\u1ec7c thao t\u00e1c \u0111\u01b0\u1ee3c nh\u1eb9 nh\u00e0ng v\u00e0 d\u1ec5 d\u00e0ng h\u01a1n.<\/p>\n<p>Ngo\u00e0i ra, cabin xe x\u00fac l\u1eadt LiuGong ZL50CN \u0111\u01b0\u1ee3c thi\u1ebft k\u1ebf r\u1ed9ng r\u00e3i, d\u1ec5 d\u00e0ng quan s\u00e1t cho ng\u01b0\u1eddi v\u1eadn h\u00e0nh.<\/p>\n<h3>H\u00ecnh \u1ea3nh m\u00e1y x\u00fac l\u1eadt LiuGong ZL50CN<\/h3>\n<p><img loading=\"lazy\" decoding=\"async\" class=\"aligncenter size-full wp-image-2800\" src=\"https:\/\/mayxaydunghanoi.com\/wp-content\/uploads\/2020\/08\/may-xuc-lat-liugong-zl50cn-gau-3m3.jpg\" alt=\"M\u00e1y x\u00fac l\u1eadt LiuGong ZL50CN g\u1ea7u 3m3\" width=\"600\" height=\"371\" srcset=\"https:\/\/mayxaydunghanoi.com\/wp-content\/uploads\/2020\/08\/may-xuc-lat-liugong-zl50cn-gau-3m3.jpg 600w, https:\/\/mayxaydunghanoi.com\/wp-content\/uploads\/2020\/08\/may-xuc-lat-liugong-zl50cn-gau-3m3-510x315.jpg 510w\" sizes=\"auto, (max-width: 600px) 100vw, 600px\" \/><\/p>\n<p><img loading=\"lazy\" decoding=\"async\" class=\"aligncenter size-full wp-image-2802\" src=\"https:\/\/mayxaydunghanoi.com\/wp-content\/uploads\/2020\/08\/may-xuc-lat-liugong-zl50cn-gau-3m3-1.jpg\" alt=\"M\u00e1y x\u00fac l\u1eadt LiuGong ZL50CN g\u1ea7u 3m3-1\" width=\"600\" height=\"400\" srcset=\"https:\/\/mayxaydunghanoi.com\/wp-content\/uploads\/2020\/08\/may-xuc-lat-liugong-zl50cn-gau-3m3-1.jpg 600w, https:\/\/mayxaydunghanoi.com\/wp-content\/uploads\/2020\/08\/may-xuc-lat-liugong-zl50cn-gau-3m3-1-510x340.jpg 510w\" sizes=\"auto, (max-width: 600px) 100vw, 600px\" \/><\/p>\n<p><img loading=\"lazy\" decoding=\"async\" class=\"aligncenter size-full wp-image-2804\" src=\"https:\/\/mayxaydunghanoi.com\/wp-content\/uploads\/2020\/08\/may-xuc-lat-liugong-zl50cn-gau-3m3-2.jpg\" alt=\"M\u00e1y x\u00fac l\u1eadt LiuGong ZL50CN g\u1ea7u 3m3-2\" width=\"600\" height=\"371\" srcset=\"https:\/\/mayxaydunghanoi.com\/wp-content\/uploads\/2020\/08\/may-xuc-lat-liugong-zl50cn-gau-3m3-2.jpg 600w, https:\/\/mayxaydunghanoi.com\/wp-content\/uploads\/2020\/08\/may-xuc-lat-liugong-zl50cn-gau-3m3-2-510x315.jpg 510w\" sizes=\"auto, (max-width: 600px) 100vw, 600px\" \/><\/p>\n<p><img loading=\"lazy\" decoding=\"async\" class=\"aligncenter size-full wp-image-2806\" src=\"https:\/\/mayxaydunghanoi.com\/wp-content\/uploads\/2020\/08\/may-xuc-lat-liugong-zl50cn-gau-3m3-3.jpg\" alt=\"M\u00e1y x\u00fac l\u1eadt LiuGong ZL50CN g\u1ea7u 3m3-3\" width=\"600\" height=\"371\" srcset=\"https:\/\/mayxaydunghanoi.com\/wp-content\/uploads\/2020\/08\/may-xuc-lat-liugong-zl50cn-gau-3m3-3.jpg 600w, https:\/\/mayxaydunghanoi.com\/wp-content\/uploads\/2020\/08\/may-xuc-lat-liugong-zl50cn-gau-3m3-3-510x315.jpg 510w\" sizes=\"auto, (max-width: 600px) 100vw, 600px\" \/><\/p>\n<p><img loading=\"lazy\" decoding=\"async\" class=\"aligncenter size-full wp-image-2808\" src=\"https:\/\/mayxaydunghanoi.com\/wp-content\/uploads\/2020\/08\/may-xuc-lat-liugong-zl50cn-gau-3m3-4.jpg\" alt=\"M\u00e1y x\u00fac l\u1eadt LiuGong ZL50CN g\u1ea7u 3m3-4\" width=\"600\" height=\"303\" srcset=\"https:\/\/mayxaydunghanoi.com\/wp-content\/uploads\/2020\/08\/may-xuc-lat-liugong-zl50cn-gau-3m3-4.jpg 600w, https:\/\/mayxaydunghanoi.com\/wp-content\/uploads\/2020\/08\/may-xuc-lat-liugong-zl50cn-gau-3m3-4-510x258.jpg 510w\" sizes=\"auto, (max-width: 600px) 100vw, 600px\" \/><\/p>\n<h3 title=\"\">Th\u00f4ng s\u1ed1 k\u1ef9 thu\u1eadt ZL50CN<\/h3>\n<table>\n<tbody>\n<tr>\n<td>T\u1ea2I TR\u1eccNG<\/td>\n<td>16500 Kg<\/td>\n<\/tr>\n<tr>\n<td>DUNG T\u00cdCH G\u1ea6U TI\u00caU CHU\u1ea8N<\/td>\n<td>3 m3<\/td>\n<\/tr>\n<tr>\n<td>T\u1ea2I TR\u1eccNG N\u00c2NG<\/td>\n<td>5000 Kg<\/td>\n<\/tr>\n<tr>\n<td>L\u1ef0C K\u00c9O<\/td>\n<td>160 KN<\/td>\n<\/tr>\n<tr>\n<td>\u0110\u1ed8 R\u1ed8NG G\u1ea6U X\u00daC<\/td>\n<td>2976 mm<\/td>\n<\/tr>\n<\/tbody>\n<\/table>\n<p><strong>K\u00edch th\u01b0\u1edbc<\/strong><\/p>\n<table>\n<tbody>\n<tr>\n<td>CHI\u1ec0U CAO \u0110\u1ed4 V\u1eacT LI\u1ec6U L\u1edaN NH\u1ea4T<\/td>\n<td>2970 mm<\/td>\n<\/tr>\n<tr>\n<td>C\u1ef0 LY X\u1ea2 T\u1ea2I<\/td>\n<td>1200 mm<\/td>\n<\/tr>\n<tr>\n<td>KHO\u1ea2NG C\u00c1CH TR\u1ee4C<\/td>\n<td>3427 mm<\/td>\n<\/tr>\n<tr>\n<td>KT T\u1ed4NG TH\u1ec2 (DXRXC)<\/td>\n<td>8030x2976x3470<\/td>\n<\/tr>\n<tr>\n<td>H\u1ed8P S\u1ed0<\/td>\n<td>Th\u1ee7y l\u1ef1c<\/td>\n<\/tr>\n<\/tbody>\n<\/table>\n<p><strong>T\u1ed1c \u0111\u1ed9: 2 s\u1ed1 ti\u1ebfn\/1 s\u1ed1 l\u00f9i<\/strong><\/p>\n<table>\n<tbody>\n<tr style=\"height: 21px;\">\n<td style=\"height: 21px;\">T\u1ed0C \u0110\u1ed8 L\u00d9I L\u1edaN NH\u1ea4T<\/td>\n<td style=\"height: 21px;\">0-16 Km\/h<\/td>\n<\/tr>\n<tr style=\"height: 21px;\">\n<td style=\"height: 21px;\">T\u1ed0C \u0110\u1ed8 TI\u1ebeN L\u1edaN NH\u1ea4T<\/td>\n<td style=\"height: 21px;\">0-38 Km\/h<\/td>\n<\/tr>\n<tr style=\"height: 21.2656px;\">\n<td style=\"height: 21.2656px;\">T\u1ed4NG TH\u1edcI GIAN M\u1ed8T CHU TR\u00ccNH<\/td>\n<td style=\"height: 21.2656px;\">11.5 s<\/td>\n<\/tr>\n<\/tbody>\n<\/table>\n<p><strong>\u0110\u1ed9ng c\u01a1: \u0110\u1ed9ng c\u01a1 Diesel 4 th\u00ec l\u00e0m m\u00e1t b\u1eb1ng n\u01b0\u1edbc, 6 xi lanh th\u1eb3ng h\u00e0ng, c\u00f3 Turbo t\u0103ng \u00e1p<\/strong><\/p>\n<table>\n<tbody>\n<tr style=\"height: 21.0781px;\">\n<td style=\"height: 21.0781px;\">MODEL<\/td>\n<td style=\"height: 21.0781px;\">SHANGCHAI<\/td>\n<\/tr>\n<tr style=\"height: 21px;\">\n<td style=\"height: 21px;\">C\u00d4NG SU\u1ea4T\/ V\u00d2NG QUAY<\/td>\n<td style=\"height: 21px;\">162\/2200 Kw\/rpm<\/td>\n<\/tr>\n<tr style=\"height: 21px;\">\n<td style=\"height: 21px;\">DUNG T\u00cdCH XI LANH<\/td>\n<td style=\"height: 21px;\">9.3 L<\/td>\n<\/tr>\n<tr style=\"height: 21px;\">\n<td style=\"height: 21px;\">MOMENT XO\u1eaeN L\u1edaN NH\u1ea4T<\/td>\n<td style=\"height: 21px;\">900\/1400 N.m\/rpm<\/td>\n<\/tr>\n<tr style=\"height: 21px;\">\n<td style=\"height: 21px;\">QUY C\u00c1CH L\u1ed0P<\/td>\n<td style=\"height: 21px;\">23.5-25<\/td>\n<\/tr>\n<\/tbody>\n<\/table>\n","protected":false},"excerpt":{"rendered":"<ul>\n<li>Xu\u1ea5t x\u1ee9: Trung Qu\u1ed1c<\/li>\n<li>Th\u01b0\u01a1ng hi\u1ec7u: Liugong<\/li>\n<li>Th\u1ec3 t\u00edch g\u1ea7u: 3m3<\/li>\n<\/ul>\n","protected":false},"featured_media":2800,"comment_status":"open","ping_status":"closed","template":"","meta":[],"product_brand":[],"product_cat":[325],"product_tag":[355,357,334,336,356],"class_list":{"0":"post-2799","1":"product","2":"type-product","3":"status-publish","4":"has-post-thumbnail","6":"product_cat-may-xuc-lat-liugong","7":"product_tag-liugong","8":"product_tag-liugong-zl50cn","9":"product_tag-may-xuc-gau-3m3","10":"product_tag-may-xuc-trung-quoc","11":"product_tag-zl50cn","13":"first","14":"instock","15":"shipping-taxable","16":"product-type-simple"},"yoast_head":"<!-- This site is optimized with the Yoast SEO Premium plugin v26.1 (Yoast SEO v27.5) - https:\/\/yoast.com\/product\/yoast-seo-premium-wordpress\/ -->\n<title>M\u00e1y x\u00fac l\u1eadt LiuGong ZL50CN g\u1ea7u 3m3 - Hanoi Vietnam Co., Ltd<\/title>\n<meta name=\"description\" content=\"M\u00e1y x\u00fac l\u1eadt ZL50CN th\u01b0\u01a1ng hi\u1ec7u Liugong l\u00e0 m\u00e1y x\u00fac b\u00e1nh l\u1ed1p, c\u00f3 t\u1ea3i tr\u1ecdng n\u00e2ng 5 t\u1ea5n, dung t\u00edch g\u1ea7u 3m3, l\u1ef1c k\u00e9o 160KN, chi\u1ec1u cao \u0111\u1ed5 2.97m.\" \/>\n<meta name=\"robots\" content=\"index, follow, max-snippet:-1, max-image-preview:large, max-video-preview:-1\" \/>\n<link rel=\"canonical\" href=\"https:\/\/mayxaydunghanoi.com\/vi\/san-pham\/may-xuc-lat-liugong-zl50cn-gau-3m3\/\" \/>\n<meta property=\"og:locale\" content=\"vi_VN\" \/>\n<meta property=\"og:type\" content=\"article\" \/>\n<meta property=\"og:title\" content=\"M\u00e1y x\u00fac l\u1eadt LiuGong ZL50CN g\u1ea7u 3m3\" \/>\n<meta property=\"og:description\" content=\"M\u00e1y x\u00fac l\u1eadt ZL50CN th\u01b0\u01a1ng hi\u1ec7u Liugong l\u00e0 m\u00e1y x\u00fac b\u00e1nh l\u1ed1p, c\u00f3 t\u1ea3i tr\u1ecdng n\u00e2ng 5 t\u1ea5n, dung t\u00edch g\u1ea7u 3m3, l\u1ef1c k\u00e9o 160KN, chi\u1ec1u cao \u0111\u1ed5 2.97m.\" \/>\n<meta property=\"og:url\" content=\"https:\/\/mayxaydunghanoi.com\/vi\/san-pham\/may-xuc-lat-liugong-zl50cn-gau-3m3\/\" \/>\n<meta property=\"og:site_name\" content=\"Hanoi Vietnam Co., Ltd\" \/>\n<meta property=\"article:modified_time\" content=\"2020-08-23T00:30:30+00:00\" \/>\n<meta property=\"og:image\" content=\"https:\/\/mayxaydunghanoi.com\/wp-content\/uploads\/2020\/08\/may-xuc-lat-liugong-zl50cn-gau-3m3.jpg\" \/>\n\t<meta property=\"og:image:width\" content=\"600\" \/>\n\t<meta property=\"og:image:height\" content=\"371\" \/>\n\t<meta property=\"og:image:type\" content=\"image\/jpeg\" \/>\n<meta name=\"twitter:card\" content=\"summary_large_image\" \/>\n<meta name=\"twitter:label1\" content=\"Est. reading time\" \/>\n\t<meta name=\"twitter:data1\" content=\"2 minutes\" \/>\n<script type=\"application\/ld+json\" class=\"yoast-schema-graph\">{\"@context\":\"https:\\\/\\\/schema.org\",\"@graph\":[{\"@type\":\"WebPage\",\"@id\":\"https:\\\/\\\/mayxaydunghanoi.com\\\/vi\\\/san-pham\\\/may-xuc-lat-liugong-zl50cn-gau-3m3\\\/\",\"url\":\"https:\\\/\\\/mayxaydunghanoi.com\\\/vi\\\/san-pham\\\/may-xuc-lat-liugong-zl50cn-gau-3m3\\\/\",\"name\":\"M\u00e1y x\u00fac l\u1eadt LiuGong ZL50CN g\u1ea7u 3m3 - Hanoi Vietnam Co., Ltd\",\"isPartOf\":{\"@id\":\"https:\\\/\\\/mayxaydunghanoi.com\\\/en\\\/#website\"},\"primaryImageOfPage\":{\"@id\":\"https:\\\/\\\/mayxaydunghanoi.com\\\/vi\\\/san-pham\\\/may-xuc-lat-liugong-zl50cn-gau-3m3\\\/#primaryimage\"},\"image\":{\"@id\":\"https:\\\/\\\/mayxaydunghanoi.com\\\/vi\\\/san-pham\\\/may-xuc-lat-liugong-zl50cn-gau-3m3\\\/#primaryimage\"},\"thumbnailUrl\":\"https:\\\/\\\/mayxaydunghanoi.com\\\/wp-content\\\/uploads\\\/2020\\\/08\\\/may-xuc-lat-liugong-zl50cn-gau-3m3.jpg\",\"datePublished\":\"2020-08-23T00:29:53+00:00\",\"dateModified\":\"2020-08-23T00:30:30+00:00\",\"description\":\"M\u00e1y x\u00fac l\u1eadt ZL50CN th\u01b0\u01a1ng hi\u1ec7u Liugong l\u00e0 m\u00e1y x\u00fac b\u00e1nh l\u1ed1p, c\u00f3 t\u1ea3i tr\u1ecdng n\u00e2ng 5 t\u1ea5n, dung t\u00edch g\u1ea7u 3m3, l\u1ef1c k\u00e9o 160KN, chi\u1ec1u cao \u0111\u1ed5 2.97m.\",\"breadcrumb\":{\"@id\":\"https:\\\/\\\/mayxaydunghanoi.com\\\/vi\\\/san-pham\\\/may-xuc-lat-liugong-zl50cn-gau-3m3\\\/#breadcrumb\"},\"inLanguage\":\"vi-VN\",\"potentialAction\":[{\"@type\":\"ReadAction\",\"target\":[\"https:\\\/\\\/mayxaydunghanoi.com\\\/vi\\\/san-pham\\\/may-xuc-lat-liugong-zl50cn-gau-3m3\\\/\"]}]},{\"@type\":\"ImageObject\",\"inLanguage\":\"vi-VN\",\"@id\":\"https:\\\/\\\/mayxaydunghanoi.com\\\/vi\\\/san-pham\\\/may-xuc-lat-liugong-zl50cn-gau-3m3\\\/#primaryimage\",\"url\":\"https:\\\/\\\/mayxaydunghanoi.com\\\/wp-content\\\/uploads\\\/2020\\\/08\\\/may-xuc-lat-liugong-zl50cn-gau-3m3.jpg\",\"contentUrl\":\"https:\\\/\\\/mayxaydunghanoi.com\\\/wp-content\\\/uploads\\\/2020\\\/08\\\/may-xuc-lat-liugong-zl50cn-gau-3m3.jpg\",\"width\":600,\"height\":371,\"caption\":\"M\u00e1y x\u00fac l\u1eadt LiuGong ZL50CN g\u1ea7u 3m3\"},{\"@type\":\"BreadcrumbList\",\"@id\":\"https:\\\/\\\/mayxaydunghanoi.com\\\/vi\\\/san-pham\\\/may-xuc-lat-liugong-zl50cn-gau-3m3\\\/#breadcrumb\",\"itemListElement\":[{\"@type\":\"ListItem\",\"position\":1,\"name\":\"Home\",\"item\":\"https:\\\/\\\/mayxaydunghanoi.com\\\/vi\\\/\"},{\"@type\":\"ListItem\",\"position\":2,\"name\":\"S\u1ea3n ph\u1ea9m\",\"item\":\"https:\\\/\\\/mayxaydunghanoi.com\\\/vi\\\/san-pham\\\/\"},{\"@type\":\"ListItem\",\"position\":3,\"name\":\"M\u00e1y x\u00fac l\u1eadt LiuGong ZL50CN g\u1ea7u 3m3\"}]},{\"@type\":\"WebSite\",\"@id\":\"https:\\\/\\\/mayxaydunghanoi.com\\\/en\\\/#website\",\"url\":\"https:\\\/\\\/mayxaydunghanoi.com\\\/en\\\/\",\"name\":\"Hanoi Vietnam Co., Ltd\",\"description\":\"\",\"publisher\":{\"@id\":\"https:\\\/\\\/mayxaydunghanoi.com\\\/en\\\/#organization\"},\"potentialAction\":[{\"@type\":\"SearchAction\",\"target\":{\"@type\":\"EntryPoint\",\"urlTemplate\":\"https:\\\/\\\/mayxaydunghanoi.com\\\/en\\\/?s={search_term_string}\"},\"query-input\":{\"@type\":\"PropertyValueSpecification\",\"valueRequired\":true,\"valueName\":\"search_term_string\"}}],\"inLanguage\":\"vi-VN\"},{\"@type\":\"Organization\",\"@id\":\"https:\\\/\\\/mayxaydunghanoi.com\\\/en\\\/#organization\",\"name\":\"Hanoi Vietnam Co., Ltd\",\"url\":\"https:\\\/\\\/mayxaydunghanoi.com\\\/en\\\/\",\"logo\":{\"@type\":\"ImageObject\",\"inLanguage\":\"vi-VN\",\"@id\":\"https:\\\/\\\/mayxaydunghanoi.com\\\/en\\\/#\\\/schema\\\/logo\\\/image\\\/\",\"url\":\"https:\\\/\\\/mayxaydunghanoi.com\\\/wp-content\\\/uploads\\\/2018\\\/04\\\/Logo-mayxaydunghanoi-ok.png\",\"contentUrl\":\"https:\\\/\\\/mayxaydunghanoi.com\\\/wp-content\\\/uploads\\\/2018\\\/04\\\/Logo-mayxaydunghanoi-ok.png\",\"width\":900,\"height\":900,\"caption\":\"Hanoi Vietnam Co., Ltd\"},\"image\":{\"@id\":\"https:\\\/\\\/mayxaydunghanoi.com\\\/en\\\/#\\\/schema\\\/logo\\\/image\\\/\"}}]}<\/script>\n<!-- \/ Yoast SEO Premium plugin. -->","yoast_head_json":{"title":"M\u00e1y x\u00fac l\u1eadt LiuGong ZL50CN g\u1ea7u 3m3 - Hanoi Vietnam Co., Ltd","description":"M\u00e1y x\u00fac l\u1eadt ZL50CN th\u01b0\u01a1ng hi\u1ec7u Liugong l\u00e0 m\u00e1y x\u00fac b\u00e1nh l\u1ed1p, c\u00f3 t\u1ea3i tr\u1ecdng n\u00e2ng 5 t\u1ea5n, dung t\u00edch g\u1ea7u 3m3, l\u1ef1c k\u00e9o 160KN, chi\u1ec1u cao \u0111\u1ed5 2.97m.","robots":{"index":"index","follow":"follow","max-snippet":"max-snippet:-1","max-image-preview":"max-image-preview:large","max-video-preview":"max-video-preview:-1"},"canonical":"https:\/\/mayxaydunghanoi.com\/vi\/san-pham\/may-xuc-lat-liugong-zl50cn-gau-3m3\/","og_locale":"vi_VN","og_type":"article","og_title":"M\u00e1y x\u00fac l\u1eadt LiuGong ZL50CN g\u1ea7u 3m3","og_description":"M\u00e1y x\u00fac l\u1eadt ZL50CN th\u01b0\u01a1ng hi\u1ec7u Liugong l\u00e0 m\u00e1y x\u00fac b\u00e1nh l\u1ed1p, c\u00f3 t\u1ea3i tr\u1ecdng n\u00e2ng 5 t\u1ea5n, dung t\u00edch g\u1ea7u 3m3, l\u1ef1c k\u00e9o 160KN, chi\u1ec1u cao \u0111\u1ed5 2.97m.","og_url":"https:\/\/mayxaydunghanoi.com\/vi\/san-pham\/may-xuc-lat-liugong-zl50cn-gau-3m3\/","og_site_name":"Hanoi Vietnam Co., Ltd","article_modified_time":"2020-08-23T00:30:30+00:00","og_image":[{"width":600,"height":371,"url":"https:\/\/mayxaydunghanoi.com\/wp-content\/uploads\/2020\/08\/may-xuc-lat-liugong-zl50cn-gau-3m3.jpg","type":"image\/jpeg"}],"twitter_card":"summary_large_image","twitter_misc":{"Est. reading time":"2 minutes"},"schema":{"@context":"https:\/\/schema.org","@graph":[{"@type":"WebPage","@id":"https:\/\/mayxaydunghanoi.com\/vi\/san-pham\/may-xuc-lat-liugong-zl50cn-gau-3m3\/","url":"https:\/\/mayxaydunghanoi.com\/vi\/san-pham\/may-xuc-lat-liugong-zl50cn-gau-3m3\/","name":"M\u00e1y x\u00fac l\u1eadt LiuGong ZL50CN g\u1ea7u 3m3 - Hanoi Vietnam Co., Ltd","isPartOf":{"@id":"https:\/\/mayxaydunghanoi.com\/en\/#website"},"primaryImageOfPage":{"@id":"https:\/\/mayxaydunghanoi.com\/vi\/san-pham\/may-xuc-lat-liugong-zl50cn-gau-3m3\/#primaryimage"},"image":{"@id":"https:\/\/mayxaydunghanoi.com\/vi\/san-pham\/may-xuc-lat-liugong-zl50cn-gau-3m3\/#primaryimage"},"thumbnailUrl":"https:\/\/mayxaydunghanoi.com\/wp-content\/uploads\/2020\/08\/may-xuc-lat-liugong-zl50cn-gau-3m3.jpg","datePublished":"2020-08-23T00:29:53+00:00","dateModified":"2020-08-23T00:30:30+00:00","description":"M\u00e1y x\u00fac l\u1eadt ZL50CN th\u01b0\u01a1ng hi\u1ec7u Liugong l\u00e0 m\u00e1y x\u00fac b\u00e1nh l\u1ed1p, c\u00f3 t\u1ea3i tr\u1ecdng n\u00e2ng 5 t\u1ea5n, dung t\u00edch g\u1ea7u 3m3, l\u1ef1c k\u00e9o 160KN, chi\u1ec1u cao \u0111\u1ed5 2.97m.","breadcrumb":{"@id":"https:\/\/mayxaydunghanoi.com\/vi\/san-pham\/may-xuc-lat-liugong-zl50cn-gau-3m3\/#breadcrumb"},"inLanguage":"vi-VN","potentialAction":[{"@type":"ReadAction","target":["https:\/\/mayxaydunghanoi.com\/vi\/san-pham\/may-xuc-lat-liugong-zl50cn-gau-3m3\/"]}]},{"@type":"ImageObject","inLanguage":"vi-VN","@id":"https:\/\/mayxaydunghanoi.com\/vi\/san-pham\/may-xuc-lat-liugong-zl50cn-gau-3m3\/#primaryimage","url":"https:\/\/mayxaydunghanoi.com\/wp-content\/uploads\/2020\/08\/may-xuc-lat-liugong-zl50cn-gau-3m3.jpg","contentUrl":"https:\/\/mayxaydunghanoi.com\/wp-content\/uploads\/2020\/08\/may-xuc-lat-liugong-zl50cn-gau-3m3.jpg","width":600,"height":371,"caption":"M\u00e1y x\u00fac l\u1eadt LiuGong ZL50CN g\u1ea7u 3m3"},{"@type":"BreadcrumbList","@id":"https:\/\/mayxaydunghanoi.com\/vi\/san-pham\/may-xuc-lat-liugong-zl50cn-gau-3m3\/#breadcrumb","itemListElement":[{"@type":"ListItem","position":1,"name":"Home","item":"https:\/\/mayxaydunghanoi.com\/vi\/"},{"@type":"ListItem","position":2,"name":"S\u1ea3n ph\u1ea9m","item":"https:\/\/mayxaydunghanoi.com\/vi\/san-pham\/"},{"@type":"ListItem","position":3,"name":"M\u00e1y x\u00fac l\u1eadt LiuGong ZL50CN g\u1ea7u 3m3"}]},{"@type":"WebSite","@id":"https:\/\/mayxaydunghanoi.com\/en\/#website","url":"https:\/\/mayxaydunghanoi.com\/en\/","name":"Hanoi Vietnam Co., Ltd","description":"","publisher":{"@id":"https:\/\/mayxaydunghanoi.com\/en\/#organization"},"potentialAction":[{"@type":"SearchAction","target":{"@type":"EntryPoint","urlTemplate":"https:\/\/mayxaydunghanoi.com\/en\/?s={search_term_string}"},"query-input":{"@type":"PropertyValueSpecification","valueRequired":true,"valueName":"search_term_string"}}],"inLanguage":"vi-VN"},{"@type":"Organization","@id":"https:\/\/mayxaydunghanoi.com\/en\/#organization","name":"Hanoi Vietnam Co., Ltd","url":"https:\/\/mayxaydunghanoi.com\/en\/","logo":{"@type":"ImageObject","inLanguage":"vi-VN","@id":"https:\/\/mayxaydunghanoi.com\/en\/#\/schema\/logo\/image\/","url":"https:\/\/mayxaydunghanoi.com\/wp-content\/uploads\/2018\/04\/Logo-mayxaydunghanoi-ok.png","contentUrl":"https:\/\/mayxaydunghanoi.com\/wp-content\/uploads\/2018\/04\/Logo-mayxaydunghanoi-ok.png","width":900,"height":900,"caption":"Hanoi Vietnam Co., Ltd"},"image":{"@id":"https:\/\/mayxaydunghanoi.com\/en\/#\/schema\/logo\/image\/"}}]}},"_links":{"self":[{"href":"https:\/\/mayxaydunghanoi.com\/vi\/wp-json\/wp\/v2\/product\/2799","targetHints":{"allow":["GET"]}}],"collection":[{"href":"https:\/\/mayxaydunghanoi.com\/vi\/wp-json\/wp\/v2\/product"}],"about":[{"href":"https:\/\/mayxaydunghanoi.com\/vi\/wp-json\/wp\/v2\/types\/product"}],"replies":[{"embeddable":true,"href":"https:\/\/mayxaydunghanoi.com\/vi\/wp-json\/wp\/v2\/comments?post=2799"}],"wp:featuredmedia":[{"embeddable":true,"href":"https:\/\/mayxaydunghanoi.com\/vi\/wp-json\/wp\/v2\/media\/2800"}],"wp:attachment":[{"href":"https:\/\/mayxaydunghanoi.com\/vi\/wp-json\/wp\/v2\/media?parent=2799"}],"wp:term":[{"taxonomy":"product_brand","embeddable":true,"href":"https:\/\/mayxaydunghanoi.com\/vi\/wp-json\/wp\/v2\/product_brand?post=2799"},{"taxonomy":"product_cat","embeddable":true,"href":"https:\/\/mayxaydunghanoi.com\/vi\/wp-json\/wp\/v2\/product_cat?post=2799"},{"taxonomy":"product_tag","embeddable":true,"href":"https:\/\/mayxaydunghanoi.com\/vi\/wp-json\/wp\/v2\/product_tag?post=2799"}],"curies":[{"name":"wp","href":"https:\/\/api.w.org\/{rel}","templated":true}]}}