{"id":2786,"date":"2020-08-22T20:28:20","date_gmt":"2020-08-22T13:28:20","guid":{"rendered":"https:\/\/mayxaydunghanoi.com\/?post_type=product&#038;p=2786"},"modified":"2020-08-23T07:09:37","modified_gmt":"2020-08-23T00:09:37","slug":"may-xuc-lat-liugong-zl40b-gau-2-2m3","status":"publish","type":"product","link":"https:\/\/mayxaydunghanoi.com\/vi\/san-pham\/may-xuc-lat-liugong-zl40b-gau-2-2m3\/","title":{"rendered":"M\u00e1y x\u00fac l\u1eadt LiuGong ZL40B g\u1ea7u 2.2m3"},"content":{"rendered":"<h2>M\u00e1y x\u00fac l\u1eadt ZL40B th\u01b0\u01a1ng hi\u1ec7u Liugong l\u00e0 m\u00e1y x\u00fac b\u00e1nh l\u1ed1p, c\u00f3 t\u1ea3i tr\u1ecdng n\u00e2ng 4 t\u1ea5n, dung t\u00edch g\u1ea7u 2.2m3, l\u1ef1c k\u00e9o 110KN, chi\u1ec1u cao \u0111\u1ed5 2.8m.<\/h2>\n<p>\u0110\u01b0\u1ee3c l\u1eafp \u0111\u1ed9ng c\u01a1 SHANGCHAI, turbo t\u0103ng \u00e1p c\u00f4ng su\u1ea5t 125kW gi\u00fap m\u00e1y x\u00fac l\u1eadt ZL40B c\u00f3 \u0111\u01b0\u1ee3c l\u1ef1c k\u00e9o 110KN. V\u00e0 do mang b\u00e1nh l\u1ed1p n\u00ean LiuGong ZL40B t\u1ed1c \u0111\u1ed9 di chuy\u1ec3n t\u1ed1i \u0111a l\u00e0 35km\/h.<\/p>\n<p>M\u00e1y x\u00fac l\u1eadt LiuGong ZL40B \u0111\u01b0\u1ee3c thi\u1ebft k\u1ebf cabin hi\u1ec7n \u0111\u1ea1i c\u00f3 \u0111i\u1ec1u h\u00f2a, ch\u1ed1ng b\u1ee5i. M\u00e1y c\u00f3 k\u1ebft c\u1ea5u ch\u1ecbu l\u1ef1c l\u1edbn, th\u00edch h\u1ee3p l\u00e0m vi\u1ec7c \u1edf m\u1ecdi \u0111\u1ecba h\u00ecnh. Ph\u1ee5 t\u00f9ng thi\u1ebft b\u1ecb s\u1eeda ch\u1eefa cho ZL40B th\u00f4ng d\u1ee5ng.<\/p>\n<h3>H\u00ecnh \u1ea3nh m\u00e1y x\u00fac l\u1eadt LiuGong ZL40B<\/h3>\n<p><img loading=\"lazy\" decoding=\"async\" src=\"https:\/\/mayxaydunghanoi.com\/wp-content\/uploads\/2020\/08\/may-xuc-lat-liugong-zl40b-gau-2-2m3.jpg\" alt=\"M\u00e1y x\u00fac l\u1eadt LiuGong ZL40B g\u1ea7u 2.2m3\" width=\"600\" height=\"400\" \/><\/p>\n<p><img loading=\"lazy\" decoding=\"async\" src=\"https:\/\/mayxaydunghanoi.com\/wp-content\/uploads\/2020\/08\/may-xuc-lat-liugong-zl40b-gau-2-2m3-1.jpg\" alt=\"M\u00e1y x\u00fac l\u1eadt LiuGong ZL40B g\u1ea7u 2.2m3-1\" width=\"600\" height=\"400\" \/><\/p>\n<p><img loading=\"lazy\" decoding=\"async\" src=\"https:\/\/mayxaydunghanoi.com\/wp-content\/uploads\/2020\/08\/may-xuc-lat-liugong-zl40b-gau-2-2m3-2.jpg\" alt=\"M\u00e1y x\u00fac l\u1eadt LiuGong ZL40B g\u1ea7u 2.2m3-2\" width=\"600\" height=\"400\" \/><\/p>\n<p><img loading=\"lazy\" decoding=\"async\" src=\"https:\/\/mayxaydunghanoi.com\/wp-content\/uploads\/2020\/08\/may-xuc-lat-liugong-zl40b-gau-2-2m3-3.jpg\" alt=\"M\u00e1y x\u00fac l\u1eadt LiuGong ZL40B g\u1ea7u 2.2m3-3\" width=\"600\" height=\"400\" \/><\/p>\n<p><img loading=\"lazy\" decoding=\"async\" src=\"https:\/\/mayxaydunghanoi.com\/wp-content\/uploads\/2020\/08\/may-xuc-lat-liugong-zl40b-gau-2-2m3-4.jpg\" alt=\"M\u00e1y x\u00fac l\u1eadt LiuGong ZL40B g\u1ea7u 2.2m3-4\" width=\"600\" height=\"400\" \/><\/p>\n<h3 title=\"\">Th\u00f4ng s\u1ed1 k\u1ef9 thu\u1eadt ZL40B<\/h3>\n<table>\n<tbody>\n<tr>\n<td>T\u1ea2I TR\u1eccNG<\/td>\n<td>13800 Kg<\/td>\n<\/tr>\n<tr>\n<td>DUNG T\u00cdCH G\u1ea6U TI\u00caU CHU\u1ea8N<\/td>\n<td>2.2 m3<\/td>\n<\/tr>\n<tr>\n<td>T\u1ea2I TR\u1eccNG N\u00c2NG<\/td>\n<td>4000 Kg<\/td>\n<\/tr>\n<tr>\n<td>L\u1ef0C K\u00c9O<\/td>\n<td>110 KN<\/td>\n<\/tr>\n<tr>\n<td>\u0110\u1ed8 R\u1ed8NG G\u1ea6U X\u00daC<\/td>\n<td>2706 mm<\/td>\n<\/tr>\n<\/tbody>\n<\/table>\n<p><strong>K\u00edch th\u01b0\u1edbc<\/strong><\/p>\n<table>\n<tbody>\n<tr>\n<td>CHI\u1ec0U CAO \u0110\u1ed4 V\u1eacT LI\u1ec6U L\u1edaN NH\u1ea4T<\/td>\n<td>2800 mm<\/td>\n<\/tr>\n<tr>\n<td>C\u1ef0 LY X\u1ea2 T\u1ea2I<\/td>\n<td>1000 mm<\/td>\n<\/tr>\n<tr>\n<td>KHO\u1ea2NG C\u00c1CH TR\u1ee4C<\/td>\n<td>2750 mm<\/td>\n<\/tr>\n<tr>\n<td>KT T\u1ed4NG TH\u1ec2 (DXRXC)<\/td>\n<td>7034x2706x3337 mm<\/td>\n<\/tr>\n<tr>\n<td>H\u1ed8P S\u1ed0<\/td>\n<td>Th\u1ee7y l\u1ef1c<\/td>\n<\/tr>\n<\/tbody>\n<\/table>\n<p><strong>T\u1ed1c \u0111\u1ed9: 2 s\u1ed1 ti\u1ebfn\/1 s\u1ed1 l\u00f9i<\/strong><\/p>\n<table>\n<tbody>\n<tr>\n<td>T\u1ed0C \u0110\u1ed8 L\u00d9I L\u1edaN NH\u1ea4T<\/td>\n<td>0-14 Km\/h<\/td>\n<\/tr>\n<tr>\n<td>T\u1ed0C \u0110\u1ed8 TI\u1ebeN L\u1edaN NH\u1ea4T<\/td>\n<td>0-35 Km\/h<\/td>\n<\/tr>\n<tr>\n<td>T\u1ed4NG TH\u1edcI GIAN M\u1ed8T CHU TR\u00ccNH<\/td>\n<td>11.6 s<\/td>\n<\/tr>\n<\/tbody>\n<\/table>\n<p><strong>\u0110\u1ed9ng c\u01a1: \u0110\u1ed9ng c\u01a1 Diesel 4 th\u00ec l\u00e0m m\u00e1t b\u1eb1ng n\u01b0\u1edbc, 6 xi lanh th\u1eb3ng h\u00e0ng, c\u00f3 Turbo t\u0103ng \u00e1p<\/strong><\/p>\n<table>\n<tbody>\n<tr style=\"height: 21.0781px;\">\n<td style=\"height: 21.0781px;\">MODEL<\/td>\n<td style=\"height: 21.0781px;\">SHANGCHAI<\/td>\n<\/tr>\n<tr style=\"height: 21px;\">\n<td style=\"height: 21px;\">C\u00d4NG SU\u1ea4T\/ V\u00d2NG QUAY<\/td>\n<td style=\"height: 21px;\">125\/2200 Kw\/rpm<\/td>\n<\/tr>\n<tr style=\"height: 21px;\">\n<td style=\"height: 21px;\">DUNG T\u00cdCH XI LANH<\/td>\n<td style=\"height: 21px;\">8.27 L<\/td>\n<\/tr>\n<tr style=\"height: 21px;\">\n<td style=\"height: 21px;\">MOMENT XO\u1eaeN L\u1edaN NH\u1ea4T<\/td>\n<td style=\"height: 21px;\">650\/1350 N.m\/rpm<\/td>\n<\/tr>\n<tr style=\"height: 21px;\">\n<td style=\"height: 21px;\">QUY C\u00c1CH L\u1ed0P<\/td>\n<td style=\"height: 21px;\">20.5-25<\/td>\n<\/tr>\n<\/tbody>\n<\/table>\n","protected":false},"excerpt":{"rendered":"<ul>\n<li>Xu\u1ea5t x\u1ee9: Trung Qu\u1ed1c<\/li>\n<li>Th\u01b0\u01a1ng hi\u1ec7u: Liugong<\/li>\n<li>Th\u1ec3 t\u00edch g\u1ea7u: 2.2m3<\/li>\n<\/ul>\n","protected":false},"featured_media":2787,"comment_status":"open","ping_status":"closed","template":"","meta":[],"product_brand":[],"product_cat":[325],"product_tag":[355,354,338,336,353],"class_list":{"0":"post-2786","1":"product","2":"type-product","3":"status-publish","4":"has-post-thumbnail","6":"product_cat-may-xuc-lat-liugong","7":"product_tag-liugong","8":"product_tag-liugong-zl40b","9":"product_tag-may-xuc-gau-2-2m3","10":"product_tag-may-xuc-trung-quoc","11":"product_tag-zl40b","13":"first","14":"instock","15":"shipping-taxable","16":"product-type-simple"},"yoast_head":"<!-- This site is optimized with the Yoast SEO Premium plugin v26.1 (Yoast SEO v26.6) - https:\/\/yoast.com\/wordpress\/plugins\/seo\/ -->\n<title>M\u00e1y x\u00fac l\u1eadt LiuGong ZL40B g\u1ea7u 2.2m3 - Hanoi Vietnam Co., Ltd<\/title>\n<meta name=\"description\" content=\"M\u00e1y x\u00fac l\u1eadt ZL40B th\u01b0\u01a1ng hi\u1ec7u Liugong l\u00e0 m\u00e1y x\u00fac b\u00e1nh l\u1ed1p, c\u00f3 t\u1ea3i tr\u1ecdng n\u00e2ng 4 t\u1ea5n, dung t\u00edch g\u1ea7u 2.2m3, l\u1ef1c k\u00e9o 110KN, chi\u1ec1u cao \u0111\u1ed5 2.8m.\" \/>\n<meta name=\"robots\" content=\"index, follow, max-snippet:-1, max-image-preview:large, max-video-preview:-1\" \/>\n<link rel=\"canonical\" href=\"https:\/\/mayxaydunghanoi.com\/vi\/san-pham\/may-xuc-lat-liugong-zl40b-gau-2-2m3\/\" \/>\n<meta property=\"og:locale\" content=\"vi_VN\" \/>\n<meta property=\"og:type\" content=\"article\" \/>\n<meta property=\"og:title\" content=\"M\u00e1y x\u00fac l\u1eadt LiuGong ZL40B g\u1ea7u 2.2m3\" \/>\n<meta property=\"og:description\" content=\"M\u00e1y x\u00fac l\u1eadt ZL40B th\u01b0\u01a1ng hi\u1ec7u Liugong l\u00e0 m\u00e1y x\u00fac b\u00e1nh l\u1ed1p, c\u00f3 t\u1ea3i tr\u1ecdng n\u00e2ng 4 t\u1ea5n, dung t\u00edch g\u1ea7u 2.2m3, l\u1ef1c k\u00e9o 110KN, chi\u1ec1u cao \u0111\u1ed5 2.8m.\" \/>\n<meta property=\"og:url\" content=\"https:\/\/mayxaydunghanoi.com\/vi\/san-pham\/may-xuc-lat-liugong-zl40b-gau-2-2m3\/\" \/>\n<meta property=\"og:site_name\" content=\"Hanoi Vietnam Co., Ltd\" \/>\n<meta property=\"article:modified_time\" content=\"2020-08-23T00:09:37+00:00\" \/>\n<meta property=\"og:image\" content=\"https:\/\/mayxaydunghanoi.com\/wp-content\/uploads\/2020\/08\/may-xuc-lat-liugong-zl40b-gau-2-2m3.jpg\" \/>\n\t<meta property=\"og:image:width\" content=\"600\" \/>\n\t<meta property=\"og:image:height\" content=\"400\" \/>\n\t<meta property=\"og:image:type\" content=\"image\/jpeg\" \/>\n<meta name=\"twitter:card\" content=\"summary_large_image\" \/>\n<meta name=\"twitter:label1\" content=\"Est. reading time\" \/>\n\t<meta name=\"twitter:data1\" content=\"2 minutes\" \/>\n<script type=\"application\/ld+json\" class=\"yoast-schema-graph\">{\"@context\":\"https:\/\/schema.org\",\"@graph\":[{\"@type\":\"WebPage\",\"@id\":\"https:\/\/mayxaydunghanoi.com\/vi\/san-pham\/may-xuc-lat-liugong-zl40b-gau-2-2m3\/\",\"url\":\"https:\/\/mayxaydunghanoi.com\/vi\/san-pham\/may-xuc-lat-liugong-zl40b-gau-2-2m3\/\",\"name\":\"M\u00e1y x\u00fac l\u1eadt LiuGong ZL40B g\u1ea7u 2.2m3 - Hanoi Vietnam Co., Ltd\",\"isPartOf\":{\"@id\":\"https:\/\/mayxaydunghanoi.com\/en\/#website\"},\"primaryImageOfPage\":{\"@id\":\"https:\/\/mayxaydunghanoi.com\/vi\/san-pham\/may-xuc-lat-liugong-zl40b-gau-2-2m3\/#primaryimage\"},\"image\":{\"@id\":\"https:\/\/mayxaydunghanoi.com\/vi\/san-pham\/may-xuc-lat-liugong-zl40b-gau-2-2m3\/#primaryimage\"},\"thumbnailUrl\":\"https:\/\/mayxaydunghanoi.com\/wp-content\/uploads\/2020\/08\/may-xuc-lat-liugong-zl40b-gau-2-2m3.jpg\",\"datePublished\":\"2020-08-22T13:28:20+00:00\",\"dateModified\":\"2020-08-23T00:09:37+00:00\",\"description\":\"M\u00e1y x\u00fac l\u1eadt ZL40B th\u01b0\u01a1ng hi\u1ec7u Liugong l\u00e0 m\u00e1y x\u00fac b\u00e1nh l\u1ed1p, c\u00f3 t\u1ea3i tr\u1ecdng n\u00e2ng 4 t\u1ea5n, dung t\u00edch g\u1ea7u 2.2m3, l\u1ef1c k\u00e9o 110KN, chi\u1ec1u cao \u0111\u1ed5 2.8m.\",\"breadcrumb\":{\"@id\":\"https:\/\/mayxaydunghanoi.com\/vi\/san-pham\/may-xuc-lat-liugong-zl40b-gau-2-2m3\/#breadcrumb\"},\"inLanguage\":\"vi-VN\",\"potentialAction\":[{\"@type\":\"ReadAction\",\"target\":[\"https:\/\/mayxaydunghanoi.com\/vi\/san-pham\/may-xuc-lat-liugong-zl40b-gau-2-2m3\/\"]}]},{\"@type\":\"ImageObject\",\"inLanguage\":\"vi-VN\",\"@id\":\"https:\/\/mayxaydunghanoi.com\/vi\/san-pham\/may-xuc-lat-liugong-zl40b-gau-2-2m3\/#primaryimage\",\"url\":\"https:\/\/mayxaydunghanoi.com\/wp-content\/uploads\/2020\/08\/may-xuc-lat-liugong-zl40b-gau-2-2m3.jpg\",\"contentUrl\":\"https:\/\/mayxaydunghanoi.com\/wp-content\/uploads\/2020\/08\/may-xuc-lat-liugong-zl40b-gau-2-2m3.jpg\",\"width\":600,\"height\":400,\"caption\":\"M\u00e1y x\u00fac l\u1eadt LiuGong ZL40B g\u1ea7u 2.2m3\"},{\"@type\":\"BreadcrumbList\",\"@id\":\"https:\/\/mayxaydunghanoi.com\/vi\/san-pham\/may-xuc-lat-liugong-zl40b-gau-2-2m3\/#breadcrumb\",\"itemListElement\":[{\"@type\":\"ListItem\",\"position\":1,\"name\":\"Home\",\"item\":\"https:\/\/mayxaydunghanoi.com\/vi\/\"},{\"@type\":\"ListItem\",\"position\":2,\"name\":\"S\u1ea3n ph\u1ea9m\",\"item\":\"https:\/\/mayxaydunghanoi.com\/vi\/san-pham\/\"},{\"@type\":\"ListItem\",\"position\":3,\"name\":\"M\u00e1y x\u00fac l\u1eadt LiuGong ZL40B g\u1ea7u 2.2m3\"}]},{\"@type\":\"WebSite\",\"@id\":\"https:\/\/mayxaydunghanoi.com\/en\/#website\",\"url\":\"https:\/\/mayxaydunghanoi.com\/en\/\",\"name\":\"Hanoi Vietnam Co., Ltd\",\"description\":\"\",\"publisher\":{\"@id\":\"https:\/\/mayxaydunghanoi.com\/en\/#organization\"},\"potentialAction\":[{\"@type\":\"SearchAction\",\"target\":{\"@type\":\"EntryPoint\",\"urlTemplate\":\"https:\/\/mayxaydunghanoi.com\/en\/?s={search_term_string}\"},\"query-input\":{\"@type\":\"PropertyValueSpecification\",\"valueRequired\":true,\"valueName\":\"search_term_string\"}}],\"inLanguage\":\"vi-VN\"},{\"@type\":\"Organization\",\"@id\":\"https:\/\/mayxaydunghanoi.com\/en\/#organization\",\"name\":\"Hanoi Vietnam Co., Ltd\",\"url\":\"https:\/\/mayxaydunghanoi.com\/en\/\",\"logo\":{\"@type\":\"ImageObject\",\"inLanguage\":\"vi-VN\",\"@id\":\"https:\/\/mayxaydunghanoi.com\/en\/#\/schema\/logo\/image\/\",\"url\":\"https:\/\/mayxaydunghanoi.com\/wp-content\/uploads\/2018\/04\/Logo-mayxaydunghanoi-ok.png\",\"contentUrl\":\"https:\/\/mayxaydunghanoi.com\/wp-content\/uploads\/2018\/04\/Logo-mayxaydunghanoi-ok.png\",\"width\":900,\"height\":900,\"caption\":\"Hanoi Vietnam Co., Ltd\"},\"image\":{\"@id\":\"https:\/\/mayxaydunghanoi.com\/en\/#\/schema\/logo\/image\/\"}}]}<\/script>\n<!-- \/ Yoast SEO Premium plugin. -->","yoast_head_json":{"title":"M\u00e1y x\u00fac l\u1eadt LiuGong ZL40B g\u1ea7u 2.2m3 - Hanoi Vietnam Co., Ltd","description":"M\u00e1y x\u00fac l\u1eadt ZL40B th\u01b0\u01a1ng hi\u1ec7u Liugong l\u00e0 m\u00e1y x\u00fac b\u00e1nh l\u1ed1p, c\u00f3 t\u1ea3i tr\u1ecdng n\u00e2ng 4 t\u1ea5n, dung t\u00edch g\u1ea7u 2.2m3, l\u1ef1c k\u00e9o 110KN, chi\u1ec1u cao \u0111\u1ed5 2.8m.","robots":{"index":"index","follow":"follow","max-snippet":"max-snippet:-1","max-image-preview":"max-image-preview:large","max-video-preview":"max-video-preview:-1"},"canonical":"https:\/\/mayxaydunghanoi.com\/vi\/san-pham\/may-xuc-lat-liugong-zl40b-gau-2-2m3\/","og_locale":"vi_VN","og_type":"article","og_title":"M\u00e1y x\u00fac l\u1eadt LiuGong ZL40B g\u1ea7u 2.2m3","og_description":"M\u00e1y x\u00fac l\u1eadt ZL40B th\u01b0\u01a1ng hi\u1ec7u Liugong l\u00e0 m\u00e1y x\u00fac b\u00e1nh l\u1ed1p, c\u00f3 t\u1ea3i tr\u1ecdng n\u00e2ng 4 t\u1ea5n, dung t\u00edch g\u1ea7u 2.2m3, l\u1ef1c k\u00e9o 110KN, chi\u1ec1u cao \u0111\u1ed5 2.8m.","og_url":"https:\/\/mayxaydunghanoi.com\/vi\/san-pham\/may-xuc-lat-liugong-zl40b-gau-2-2m3\/","og_site_name":"Hanoi Vietnam Co., Ltd","article_modified_time":"2020-08-23T00:09:37+00:00","og_image":[{"width":600,"height":400,"url":"https:\/\/mayxaydunghanoi.com\/wp-content\/uploads\/2020\/08\/may-xuc-lat-liugong-zl40b-gau-2-2m3.jpg","type":"image\/jpeg"}],"twitter_card":"summary_large_image","twitter_misc":{"Est. reading time":"2 minutes"},"schema":{"@context":"https:\/\/schema.org","@graph":[{"@type":"WebPage","@id":"https:\/\/mayxaydunghanoi.com\/vi\/san-pham\/may-xuc-lat-liugong-zl40b-gau-2-2m3\/","url":"https:\/\/mayxaydunghanoi.com\/vi\/san-pham\/may-xuc-lat-liugong-zl40b-gau-2-2m3\/","name":"M\u00e1y x\u00fac l\u1eadt LiuGong ZL40B g\u1ea7u 2.2m3 - Hanoi Vietnam Co., Ltd","isPartOf":{"@id":"https:\/\/mayxaydunghanoi.com\/en\/#website"},"primaryImageOfPage":{"@id":"https:\/\/mayxaydunghanoi.com\/vi\/san-pham\/may-xuc-lat-liugong-zl40b-gau-2-2m3\/#primaryimage"},"image":{"@id":"https:\/\/mayxaydunghanoi.com\/vi\/san-pham\/may-xuc-lat-liugong-zl40b-gau-2-2m3\/#primaryimage"},"thumbnailUrl":"https:\/\/mayxaydunghanoi.com\/wp-content\/uploads\/2020\/08\/may-xuc-lat-liugong-zl40b-gau-2-2m3.jpg","datePublished":"2020-08-22T13:28:20+00:00","dateModified":"2020-08-23T00:09:37+00:00","description":"M\u00e1y x\u00fac l\u1eadt ZL40B th\u01b0\u01a1ng hi\u1ec7u Liugong l\u00e0 m\u00e1y x\u00fac b\u00e1nh l\u1ed1p, c\u00f3 t\u1ea3i tr\u1ecdng n\u00e2ng 4 t\u1ea5n, dung t\u00edch g\u1ea7u 2.2m3, l\u1ef1c k\u00e9o 110KN, chi\u1ec1u cao \u0111\u1ed5 2.8m.","breadcrumb":{"@id":"https:\/\/mayxaydunghanoi.com\/vi\/san-pham\/may-xuc-lat-liugong-zl40b-gau-2-2m3\/#breadcrumb"},"inLanguage":"vi-VN","potentialAction":[{"@type":"ReadAction","target":["https:\/\/mayxaydunghanoi.com\/vi\/san-pham\/may-xuc-lat-liugong-zl40b-gau-2-2m3\/"]}]},{"@type":"ImageObject","inLanguage":"vi-VN","@id":"https:\/\/mayxaydunghanoi.com\/vi\/san-pham\/may-xuc-lat-liugong-zl40b-gau-2-2m3\/#primaryimage","url":"https:\/\/mayxaydunghanoi.com\/wp-content\/uploads\/2020\/08\/may-xuc-lat-liugong-zl40b-gau-2-2m3.jpg","contentUrl":"https:\/\/mayxaydunghanoi.com\/wp-content\/uploads\/2020\/08\/may-xuc-lat-liugong-zl40b-gau-2-2m3.jpg","width":600,"height":400,"caption":"M\u00e1y x\u00fac l\u1eadt LiuGong ZL40B g\u1ea7u 2.2m3"},{"@type":"BreadcrumbList","@id":"https:\/\/mayxaydunghanoi.com\/vi\/san-pham\/may-xuc-lat-liugong-zl40b-gau-2-2m3\/#breadcrumb","itemListElement":[{"@type":"ListItem","position":1,"name":"Home","item":"https:\/\/mayxaydunghanoi.com\/vi\/"},{"@type":"ListItem","position":2,"name":"S\u1ea3n ph\u1ea9m","item":"https:\/\/mayxaydunghanoi.com\/vi\/san-pham\/"},{"@type":"ListItem","position":3,"name":"M\u00e1y x\u00fac l\u1eadt LiuGong ZL40B g\u1ea7u 2.2m3"}]},{"@type":"WebSite","@id":"https:\/\/mayxaydunghanoi.com\/en\/#website","url":"https:\/\/mayxaydunghanoi.com\/en\/","name":"Hanoi Vietnam Co., Ltd","description":"","publisher":{"@id":"https:\/\/mayxaydunghanoi.com\/en\/#organization"},"potentialAction":[{"@type":"SearchAction","target":{"@type":"EntryPoint","urlTemplate":"https:\/\/mayxaydunghanoi.com\/en\/?s={search_term_string}"},"query-input":{"@type":"PropertyValueSpecification","valueRequired":true,"valueName":"search_term_string"}}],"inLanguage":"vi-VN"},{"@type":"Organization","@id":"https:\/\/mayxaydunghanoi.com\/en\/#organization","name":"Hanoi Vietnam Co., Ltd","url":"https:\/\/mayxaydunghanoi.com\/en\/","logo":{"@type":"ImageObject","inLanguage":"vi-VN","@id":"https:\/\/mayxaydunghanoi.com\/en\/#\/schema\/logo\/image\/","url":"https:\/\/mayxaydunghanoi.com\/wp-content\/uploads\/2018\/04\/Logo-mayxaydunghanoi-ok.png","contentUrl":"https:\/\/mayxaydunghanoi.com\/wp-content\/uploads\/2018\/04\/Logo-mayxaydunghanoi-ok.png","width":900,"height":900,"caption":"Hanoi Vietnam Co., Ltd"},"image":{"@id":"https:\/\/mayxaydunghanoi.com\/en\/#\/schema\/logo\/image\/"}}]}},"_links":{"self":[{"href":"https:\/\/mayxaydunghanoi.com\/vi\/wp-json\/wp\/v2\/product\/2786","targetHints":{"allow":["GET"]}}],"collection":[{"href":"https:\/\/mayxaydunghanoi.com\/vi\/wp-json\/wp\/v2\/product"}],"about":[{"href":"https:\/\/mayxaydunghanoi.com\/vi\/wp-json\/wp\/v2\/types\/product"}],"replies":[{"embeddable":true,"href":"https:\/\/mayxaydunghanoi.com\/vi\/wp-json\/wp\/v2\/comments?post=2786"}],"wp:featuredmedia":[{"embeddable":true,"href":"https:\/\/mayxaydunghanoi.com\/vi\/wp-json\/wp\/v2\/media\/2787"}],"wp:attachment":[{"href":"https:\/\/mayxaydunghanoi.com\/vi\/wp-json\/wp\/v2\/media?parent=2786"}],"wp:term":[{"taxonomy":"product_brand","embeddable":true,"href":"https:\/\/mayxaydunghanoi.com\/vi\/wp-json\/wp\/v2\/product_brand?post=2786"},{"taxonomy":"product_cat","embeddable":true,"href":"https:\/\/mayxaydunghanoi.com\/vi\/wp-json\/wp\/v2\/product_cat?post=2786"},{"taxonomy":"product_tag","embeddable":true,"href":"https:\/\/mayxaydunghanoi.com\/vi\/wp-json\/wp\/v2\/product_tag?post=2786"}],"curies":[{"name":"wp","href":"https:\/\/api.w.org\/{rel}","templated":true}]}}