{"id":2781,"date":"2020-08-22T19:57:08","date_gmt":"2020-08-22T12:57:08","guid":{"rendered":"https:\/\/mayxaydunghanoi.com\/?post_type=product&#038;p=2781"},"modified":"2020-08-22T19:57:09","modified_gmt":"2020-08-22T12:57:09","slug":"may-xuc-lat-xcmg-lw500kn-gau-3m3-den-4-2m3","status":"publish","type":"product","link":"https:\/\/mayxaydunghanoi.com\/vi\/san-pham\/may-xuc-lat-xcmg-lw500kn-gau-3m3-den-4-2m3\/","title":{"rendered":"M\u00e1y x\u00fac l\u1eadt XCMG LW500KN g\u1ea7u 3m3 \u0111\u1ebfn 4.2m3"},"content":{"rendered":"<h2>M\u00e1y x\u00fac l\u1eadt LW500KN th\u01b0\u01a1ng hi\u1ec7u m\u00e1y x\u00fac l\u1eadt Trung Qu\u1ed1c c\u00f3 dung t\u00edch g\u1ea7u t\u1eeb 3m3 \u0111\u1ebfn 4.2m3 n\u00e2ng \u0111\u01b0\u1ee3c t\u1ea3i tr\u1ecdng l\u00ean t\u1edbi 5 t\u1ea5n.<\/h2>\n<p>XCMG LW500KN c\u00f3 \u01b0u \u0111i\u1ec3m g\u1ea7m xe cao, ch\u1ecbu \u0111\u01b0\u1ee3c l\u1ef1c va \u0111\u1eadp do thi\u1ebft k\u1ebf khung m\u00e1y v\u1eefng ch\u1eafc. M\u00e1y kh\u1ecfe, l\u00e0m vi\u1ec7c b\u1ec1n b\u1ec9, ti\u1ebft ki\u1ec7m nhi\u00ean li\u1ec7u, r\u1ea5t th\u00edch h\u1ee3p cho c\u00e1c c\u00f4ng ty khai th\u00e1c than \u0111\u00e1, tr\u1ea1m tr\u1ed9n.<\/p>\n<h3>H\u00ecnh \u1ea3nh m\u00e1y x\u00fac l\u1eadt XCMG LW500KN<\/h3>\n<p><img loading=\"lazy\" decoding=\"async\" class=\"aligncenter size-full wp-image-2782\" src=\"https:\/\/mayxaydunghanoi.com\/wp-content\/uploads\/2020\/08\/may-xuc-lat-xcmg-lw500kn-gau-3m3-den-4-2m3.jpg\" alt=\"M\u00e1y x\u00fac l\u1eadt XCMG LW500KN g\u1ea7u 3m3 \u0111\u1ebfn 4.2m3\" width=\"600\" height=\"400\" srcset=\"https:\/\/mayxaydunghanoi.com\/wp-content\/uploads\/2020\/08\/may-xuc-lat-xcmg-lw500kn-gau-3m3-den-4-2m3.jpg 600w, https:\/\/mayxaydunghanoi.com\/wp-content\/uploads\/2020\/08\/may-xuc-lat-xcmg-lw500kn-gau-3m3-den-4-2m3-510x340.jpg 510w\" sizes=\"auto, (max-width: 600px) 100vw, 600px\" \/><\/p>\n<p><img loading=\"lazy\" decoding=\"async\" class=\"aligncenter size-full wp-image-2784\" src=\"https:\/\/mayxaydunghanoi.com\/wp-content\/uploads\/2020\/08\/may-xuc-lat-xcmg-lw500kn-gau-3m3-den-4-2m3-1.jpg\" alt=\"M\u00e1y x\u00fac l\u1eadt XCMG LW500KN g\u1ea7u 3m3 \u0111\u1ebfn 4.2m3-1\" width=\"600\" height=\"400\" srcset=\"https:\/\/mayxaydunghanoi.com\/wp-content\/uploads\/2020\/08\/may-xuc-lat-xcmg-lw500kn-gau-3m3-den-4-2m3-1.jpg 600w, https:\/\/mayxaydunghanoi.com\/wp-content\/uploads\/2020\/08\/may-xuc-lat-xcmg-lw500kn-gau-3m3-den-4-2m3-1-510x340.jpg 510w\" sizes=\"auto, (max-width: 600px) 100vw, 600px\" \/><\/p>\n","protected":false},"excerpt":{"rendered":"<ul>\n<li>Xu\u1ea5t x\u1ee9: Trung Qu\u1ed1c<\/li>\n<li>Th\u01b0\u01a1ng hi\u1ec7u: XCMG<\/li>\n<li>Th\u1ec3 t\u00edch g\u1ea7u: 3-4.2m3<\/li>\n<\/ul>\n","protected":false},"featured_media":2782,"comment_status":"open","ping_status":"closed","template":"","meta":[],"product_brand":[],"product_cat":[329],"product_tag":[351,336,349,352],"class_list":{"0":"post-2781","1":"product","2":"type-product","3":"status-publish","4":"has-post-thumbnail","6":"product_cat-may-xuc-lat-xcmg","7":"product_tag-lw500kn","8":"product_tag-may-xuc-trung-quoc","9":"product_tag-xcmg","10":"product_tag-xcmg-lw500kn","12":"first","13":"instock","14":"shipping-taxable","15":"product-type-simple"},"yoast_head":"<!-- This site is optimized with the Yoast SEO Premium plugin v26.1 (Yoast SEO v26.6) - https:\/\/yoast.com\/wordpress\/plugins\/seo\/ -->\n<title>M\u00e1y x\u00fac l\u1eadt XCMG LW500KN g\u1ea7u 3m3 \u0111\u1ebfn 4.2m3<\/title>\n<meta name=\"description\" content=\"M\u00e1y x\u00fac l\u1eadt LW500KN th\u01b0\u01a1ng hi\u1ec7u m\u00e1y x\u00fac l\u1eadt Trung Qu\u1ed1c c\u00f3 dung t\u00edch g\u1ea7u t\u1eeb 3m3 \u0111\u1ebfn 4.2m3 n\u00e2ng \u0111\u01b0\u1ee3c t\u1ea3i tr\u1ecdng l\u00ean t\u1edbi 5 t\u1ea5n.\" \/>\n<meta name=\"robots\" content=\"index, follow, max-snippet:-1, max-image-preview:large, max-video-preview:-1\" \/>\n<link rel=\"canonical\" href=\"https:\/\/mayxaydunghanoi.com\/vi\/san-pham\/may-xuc-lat-xcmg-lw500kn-gau-3m3-den-4-2m3\/\" \/>\n<meta property=\"og:locale\" content=\"vi_VN\" \/>\n<meta property=\"og:type\" content=\"article\" \/>\n<meta property=\"og:title\" content=\"M\u00e1y x\u00fac l\u1eadt XCMG LW500KN g\u1ea7u 3m3 \u0111\u1ebfn 4.2m3\" \/>\n<meta property=\"og:description\" content=\"M\u00e1y x\u00fac l\u1eadt LW500KN th\u01b0\u01a1ng hi\u1ec7u m\u00e1y x\u00fac l\u1eadt Trung Qu\u1ed1c c\u00f3 dung t\u00edch g\u1ea7u t\u1eeb 3m3 \u0111\u1ebfn 4.2m3 n\u00e2ng \u0111\u01b0\u1ee3c t\u1ea3i tr\u1ecdng l\u00ean t\u1edbi 5 t\u1ea5n.\" \/>\n<meta property=\"og:url\" content=\"https:\/\/mayxaydunghanoi.com\/vi\/san-pham\/may-xuc-lat-xcmg-lw500kn-gau-3m3-den-4-2m3\/\" \/>\n<meta property=\"og:site_name\" content=\"Hanoi Vietnam Co., Ltd\" \/>\n<meta property=\"article:modified_time\" content=\"2020-08-22T12:57:09+00:00\" \/>\n<meta property=\"og:image\" content=\"https:\/\/mayxaydunghanoi.com\/wp-content\/uploads\/2020\/08\/may-xuc-lat-xcmg-lw500kn-gau-3m3-den-4-2m3.jpg\" \/>\n\t<meta property=\"og:image:width\" content=\"600\" \/>\n\t<meta property=\"og:image:height\" content=\"400\" \/>\n\t<meta property=\"og:image:type\" content=\"image\/jpeg\" \/>\n<meta name=\"twitter:card\" content=\"summary_large_image\" \/>\n<meta name=\"twitter:label1\" content=\"Est. reading time\" \/>\n\t<meta name=\"twitter:data1\" content=\"1 minute\" \/>\n<script type=\"application\/ld+json\" class=\"yoast-schema-graph\">{\"@context\":\"https:\/\/schema.org\",\"@graph\":[{\"@type\":\"WebPage\",\"@id\":\"https:\/\/mayxaydunghanoi.com\/vi\/san-pham\/may-xuc-lat-xcmg-lw500kn-gau-3m3-den-4-2m3\/\",\"url\":\"https:\/\/mayxaydunghanoi.com\/vi\/san-pham\/may-xuc-lat-xcmg-lw500kn-gau-3m3-den-4-2m3\/\",\"name\":\"M\u00e1y x\u00fac l\u1eadt XCMG LW500KN g\u1ea7u 3m3 \u0111\u1ebfn 4.2m3\",\"isPartOf\":{\"@id\":\"https:\/\/mayxaydunghanoi.com\/en\/#website\"},\"primaryImageOfPage\":{\"@id\":\"https:\/\/mayxaydunghanoi.com\/vi\/san-pham\/may-xuc-lat-xcmg-lw500kn-gau-3m3-den-4-2m3\/#primaryimage\"},\"image\":{\"@id\":\"https:\/\/mayxaydunghanoi.com\/vi\/san-pham\/may-xuc-lat-xcmg-lw500kn-gau-3m3-den-4-2m3\/#primaryimage\"},\"thumbnailUrl\":\"https:\/\/mayxaydunghanoi.com\/wp-content\/uploads\/2020\/08\/may-xuc-lat-xcmg-lw500kn-gau-3m3-den-4-2m3.jpg\",\"datePublished\":\"2020-08-22T12:57:08+00:00\",\"dateModified\":\"2020-08-22T12:57:09+00:00\",\"description\":\"M\u00e1y x\u00fac l\u1eadt LW500KN th\u01b0\u01a1ng hi\u1ec7u m\u00e1y x\u00fac l\u1eadt Trung Qu\u1ed1c c\u00f3 dung t\u00edch g\u1ea7u t\u1eeb 3m3 \u0111\u1ebfn 4.2m3 n\u00e2ng \u0111\u01b0\u1ee3c t\u1ea3i tr\u1ecdng l\u00ean t\u1edbi 5 t\u1ea5n.\",\"breadcrumb\":{\"@id\":\"https:\/\/mayxaydunghanoi.com\/vi\/san-pham\/may-xuc-lat-xcmg-lw500kn-gau-3m3-den-4-2m3\/#breadcrumb\"},\"inLanguage\":\"vi-VN\",\"potentialAction\":[{\"@type\":\"ReadAction\",\"target\":[\"https:\/\/mayxaydunghanoi.com\/vi\/san-pham\/may-xuc-lat-xcmg-lw500kn-gau-3m3-den-4-2m3\/\"]}]},{\"@type\":\"ImageObject\",\"inLanguage\":\"vi-VN\",\"@id\":\"https:\/\/mayxaydunghanoi.com\/vi\/san-pham\/may-xuc-lat-xcmg-lw500kn-gau-3m3-den-4-2m3\/#primaryimage\",\"url\":\"https:\/\/mayxaydunghanoi.com\/wp-content\/uploads\/2020\/08\/may-xuc-lat-xcmg-lw500kn-gau-3m3-den-4-2m3.jpg\",\"contentUrl\":\"https:\/\/mayxaydunghanoi.com\/wp-content\/uploads\/2020\/08\/may-xuc-lat-xcmg-lw500kn-gau-3m3-den-4-2m3.jpg\",\"width\":600,\"height\":400,\"caption\":\"M\u00e1y x\u00fac l\u1eadt XCMG LW500KN g\u1ea7u 3m3 \u0111\u1ebfn 4.2m3\"},{\"@type\":\"BreadcrumbList\",\"@id\":\"https:\/\/mayxaydunghanoi.com\/vi\/san-pham\/may-xuc-lat-xcmg-lw500kn-gau-3m3-den-4-2m3\/#breadcrumb\",\"itemListElement\":[{\"@type\":\"ListItem\",\"position\":1,\"name\":\"Home\",\"item\":\"https:\/\/mayxaydunghanoi.com\/vi\/\"},{\"@type\":\"ListItem\",\"position\":2,\"name\":\"S\u1ea3n ph\u1ea9m\",\"item\":\"https:\/\/mayxaydunghanoi.com\/vi\/san-pham\/\"},{\"@type\":\"ListItem\",\"position\":3,\"name\":\"M\u00e1y x\u00fac l\u1eadt XCMG LW500KN g\u1ea7u 3m3 \u0111\u1ebfn 4.2m3\"}]},{\"@type\":\"WebSite\",\"@id\":\"https:\/\/mayxaydunghanoi.com\/en\/#website\",\"url\":\"https:\/\/mayxaydunghanoi.com\/en\/\",\"name\":\"Hanoi Vietnam Co., Ltd\",\"description\":\"\",\"publisher\":{\"@id\":\"https:\/\/mayxaydunghanoi.com\/en\/#organization\"},\"potentialAction\":[{\"@type\":\"SearchAction\",\"target\":{\"@type\":\"EntryPoint\",\"urlTemplate\":\"https:\/\/mayxaydunghanoi.com\/en\/?s={search_term_string}\"},\"query-input\":{\"@type\":\"PropertyValueSpecification\",\"valueRequired\":true,\"valueName\":\"search_term_string\"}}],\"inLanguage\":\"vi-VN\"},{\"@type\":\"Organization\",\"@id\":\"https:\/\/mayxaydunghanoi.com\/en\/#organization\",\"name\":\"Hanoi Vietnam Co., Ltd\",\"url\":\"https:\/\/mayxaydunghanoi.com\/en\/\",\"logo\":{\"@type\":\"ImageObject\",\"inLanguage\":\"vi-VN\",\"@id\":\"https:\/\/mayxaydunghanoi.com\/en\/#\/schema\/logo\/image\/\",\"url\":\"https:\/\/mayxaydunghanoi.com\/wp-content\/uploads\/2018\/04\/Logo-mayxaydunghanoi-ok.png\",\"contentUrl\":\"https:\/\/mayxaydunghanoi.com\/wp-content\/uploads\/2018\/04\/Logo-mayxaydunghanoi-ok.png\",\"width\":900,\"height\":900,\"caption\":\"Hanoi Vietnam Co., Ltd\"},\"image\":{\"@id\":\"https:\/\/mayxaydunghanoi.com\/en\/#\/schema\/logo\/image\/\"}}]}<\/script>\n<!-- \/ Yoast SEO Premium plugin. -->","yoast_head_json":{"title":"M\u00e1y x\u00fac l\u1eadt XCMG LW500KN g\u1ea7u 3m3 \u0111\u1ebfn 4.2m3","description":"M\u00e1y x\u00fac l\u1eadt LW500KN th\u01b0\u01a1ng hi\u1ec7u m\u00e1y x\u00fac l\u1eadt Trung Qu\u1ed1c c\u00f3 dung t\u00edch g\u1ea7u t\u1eeb 3m3 \u0111\u1ebfn 4.2m3 n\u00e2ng \u0111\u01b0\u1ee3c t\u1ea3i tr\u1ecdng l\u00ean t\u1edbi 5 t\u1ea5n.","robots":{"index":"index","follow":"follow","max-snippet":"max-snippet:-1","max-image-preview":"max-image-preview:large","max-video-preview":"max-video-preview:-1"},"canonical":"https:\/\/mayxaydunghanoi.com\/vi\/san-pham\/may-xuc-lat-xcmg-lw500kn-gau-3m3-den-4-2m3\/","og_locale":"vi_VN","og_type":"article","og_title":"M\u00e1y x\u00fac l\u1eadt XCMG LW500KN g\u1ea7u 3m3 \u0111\u1ebfn 4.2m3","og_description":"M\u00e1y x\u00fac l\u1eadt LW500KN th\u01b0\u01a1ng hi\u1ec7u m\u00e1y x\u00fac l\u1eadt Trung Qu\u1ed1c c\u00f3 dung t\u00edch g\u1ea7u t\u1eeb 3m3 \u0111\u1ebfn 4.2m3 n\u00e2ng \u0111\u01b0\u1ee3c t\u1ea3i tr\u1ecdng l\u00ean t\u1edbi 5 t\u1ea5n.","og_url":"https:\/\/mayxaydunghanoi.com\/vi\/san-pham\/may-xuc-lat-xcmg-lw500kn-gau-3m3-den-4-2m3\/","og_site_name":"Hanoi Vietnam Co., Ltd","article_modified_time":"2020-08-22T12:57:09+00:00","og_image":[{"width":600,"height":400,"url":"https:\/\/mayxaydunghanoi.com\/wp-content\/uploads\/2020\/08\/may-xuc-lat-xcmg-lw500kn-gau-3m3-den-4-2m3.jpg","type":"image\/jpeg"}],"twitter_card":"summary_large_image","twitter_misc":{"Est. reading time":"1 minute"},"schema":{"@context":"https:\/\/schema.org","@graph":[{"@type":"WebPage","@id":"https:\/\/mayxaydunghanoi.com\/vi\/san-pham\/may-xuc-lat-xcmg-lw500kn-gau-3m3-den-4-2m3\/","url":"https:\/\/mayxaydunghanoi.com\/vi\/san-pham\/may-xuc-lat-xcmg-lw500kn-gau-3m3-den-4-2m3\/","name":"M\u00e1y x\u00fac l\u1eadt XCMG LW500KN g\u1ea7u 3m3 \u0111\u1ebfn 4.2m3","isPartOf":{"@id":"https:\/\/mayxaydunghanoi.com\/en\/#website"},"primaryImageOfPage":{"@id":"https:\/\/mayxaydunghanoi.com\/vi\/san-pham\/may-xuc-lat-xcmg-lw500kn-gau-3m3-den-4-2m3\/#primaryimage"},"image":{"@id":"https:\/\/mayxaydunghanoi.com\/vi\/san-pham\/may-xuc-lat-xcmg-lw500kn-gau-3m3-den-4-2m3\/#primaryimage"},"thumbnailUrl":"https:\/\/mayxaydunghanoi.com\/wp-content\/uploads\/2020\/08\/may-xuc-lat-xcmg-lw500kn-gau-3m3-den-4-2m3.jpg","datePublished":"2020-08-22T12:57:08+00:00","dateModified":"2020-08-22T12:57:09+00:00","description":"M\u00e1y x\u00fac l\u1eadt LW500KN th\u01b0\u01a1ng hi\u1ec7u m\u00e1y x\u00fac l\u1eadt Trung Qu\u1ed1c c\u00f3 dung t\u00edch g\u1ea7u t\u1eeb 3m3 \u0111\u1ebfn 4.2m3 n\u00e2ng \u0111\u01b0\u1ee3c t\u1ea3i tr\u1ecdng l\u00ean t\u1edbi 5 t\u1ea5n.","breadcrumb":{"@id":"https:\/\/mayxaydunghanoi.com\/vi\/san-pham\/may-xuc-lat-xcmg-lw500kn-gau-3m3-den-4-2m3\/#breadcrumb"},"inLanguage":"vi-VN","potentialAction":[{"@type":"ReadAction","target":["https:\/\/mayxaydunghanoi.com\/vi\/san-pham\/may-xuc-lat-xcmg-lw500kn-gau-3m3-den-4-2m3\/"]}]},{"@type":"ImageObject","inLanguage":"vi-VN","@id":"https:\/\/mayxaydunghanoi.com\/vi\/san-pham\/may-xuc-lat-xcmg-lw500kn-gau-3m3-den-4-2m3\/#primaryimage","url":"https:\/\/mayxaydunghanoi.com\/wp-content\/uploads\/2020\/08\/may-xuc-lat-xcmg-lw500kn-gau-3m3-den-4-2m3.jpg","contentUrl":"https:\/\/mayxaydunghanoi.com\/wp-content\/uploads\/2020\/08\/may-xuc-lat-xcmg-lw500kn-gau-3m3-den-4-2m3.jpg","width":600,"height":400,"caption":"M\u00e1y x\u00fac l\u1eadt XCMG LW500KN g\u1ea7u 3m3 \u0111\u1ebfn 4.2m3"},{"@type":"BreadcrumbList","@id":"https:\/\/mayxaydunghanoi.com\/vi\/san-pham\/may-xuc-lat-xcmg-lw500kn-gau-3m3-den-4-2m3\/#breadcrumb","itemListElement":[{"@type":"ListItem","position":1,"name":"Home","item":"https:\/\/mayxaydunghanoi.com\/vi\/"},{"@type":"ListItem","position":2,"name":"S\u1ea3n ph\u1ea9m","item":"https:\/\/mayxaydunghanoi.com\/vi\/san-pham\/"},{"@type":"ListItem","position":3,"name":"M\u00e1y x\u00fac l\u1eadt XCMG LW500KN g\u1ea7u 3m3 \u0111\u1ebfn 4.2m3"}]},{"@type":"WebSite","@id":"https:\/\/mayxaydunghanoi.com\/en\/#website","url":"https:\/\/mayxaydunghanoi.com\/en\/","name":"Hanoi Vietnam Co., Ltd","description":"","publisher":{"@id":"https:\/\/mayxaydunghanoi.com\/en\/#organization"},"potentialAction":[{"@type":"SearchAction","target":{"@type":"EntryPoint","urlTemplate":"https:\/\/mayxaydunghanoi.com\/en\/?s={search_term_string}"},"query-input":{"@type":"PropertyValueSpecification","valueRequired":true,"valueName":"search_term_string"}}],"inLanguage":"vi-VN"},{"@type":"Organization","@id":"https:\/\/mayxaydunghanoi.com\/en\/#organization","name":"Hanoi Vietnam Co., Ltd","url":"https:\/\/mayxaydunghanoi.com\/en\/","logo":{"@type":"ImageObject","inLanguage":"vi-VN","@id":"https:\/\/mayxaydunghanoi.com\/en\/#\/schema\/logo\/image\/","url":"https:\/\/mayxaydunghanoi.com\/wp-content\/uploads\/2018\/04\/Logo-mayxaydunghanoi-ok.png","contentUrl":"https:\/\/mayxaydunghanoi.com\/wp-content\/uploads\/2018\/04\/Logo-mayxaydunghanoi-ok.png","width":900,"height":900,"caption":"Hanoi Vietnam Co., Ltd"},"image":{"@id":"https:\/\/mayxaydunghanoi.com\/en\/#\/schema\/logo\/image\/"}}]}},"_links":{"self":[{"href":"https:\/\/mayxaydunghanoi.com\/vi\/wp-json\/wp\/v2\/product\/2781","targetHints":{"allow":["GET"]}}],"collection":[{"href":"https:\/\/mayxaydunghanoi.com\/vi\/wp-json\/wp\/v2\/product"}],"about":[{"href":"https:\/\/mayxaydunghanoi.com\/vi\/wp-json\/wp\/v2\/types\/product"}],"replies":[{"embeddable":true,"href":"https:\/\/mayxaydunghanoi.com\/vi\/wp-json\/wp\/v2\/comments?post=2781"}],"wp:featuredmedia":[{"embeddable":true,"href":"https:\/\/mayxaydunghanoi.com\/vi\/wp-json\/wp\/v2\/media\/2782"}],"wp:attachment":[{"href":"https:\/\/mayxaydunghanoi.com\/vi\/wp-json\/wp\/v2\/media?parent=2781"}],"wp:term":[{"taxonomy":"product_brand","embeddable":true,"href":"https:\/\/mayxaydunghanoi.com\/vi\/wp-json\/wp\/v2\/product_brand?post=2781"},{"taxonomy":"product_cat","embeddable":true,"href":"https:\/\/mayxaydunghanoi.com\/vi\/wp-json\/wp\/v2\/product_cat?post=2781"},{"taxonomy":"product_tag","embeddable":true,"href":"https:\/\/mayxaydunghanoi.com\/vi\/wp-json\/wp\/v2\/product_tag?post=2781"}],"curies":[{"name":"wp","href":"https:\/\/api.w.org\/{rel}","templated":true}]}}