{"id":2778,"date":"2020-08-22T17:46:14","date_gmt":"2020-08-22T10:46:14","guid":{"rendered":"https:\/\/mayxaydunghanoi.com\/?post_type=product&#038;p=2778"},"modified":"2020-08-22T19:44:55","modified_gmt":"2020-08-22T12:44:55","slug":"may-xuc-lat-xcmg-lw200kn-gau-0-9m3-den-3m3","status":"publish","type":"product","link":"https:\/\/mayxaydunghanoi.com\/vi\/san-pham\/may-xuc-lat-xcmg-lw200kn-gau-0-9m3-den-3m3\/","title":{"rendered":"M\u00e1y x\u00fac l\u1eadt XCMG LW200KN g\u1ea7u 0.9m3 \u0111\u1ebfn 3m3"},"content":{"rendered":"<h2>M\u00e1y x\u00fac l\u1eadt LW200KN th\u01b0\u01a1ng hi\u1ec7u m\u00e1y x\u00e2y d\u1ef1ng XCMG n\u1ed5i ti\u1ebfng c\u00f3 dung t\u00edch g\u1ea7u t\u1eeb 0.9m3 \u0111\u1ebfn 3m3 t\u00f9y thu\u1ed9c v\u00e0o ch\u1ea5t li\u1ec7u c\u1ea7n n\u00e2ng.<\/h2>\n<p>X\u00fac l\u1eadt LW200KN c\u00f3 kh\u1ea3 n\u0103ng n\u00e2ng t\u1ea3i 2 t\u1ea5n, th\u01b0\u1eddng d\u00f9ng \u0111\u1ec3 x\u00fac c\u00e1t, \u0111\u00e1, xi m\u0103ng, v\u1eadt li\u1ec7u x\u00e2y d\u1ef1ng kh\u00e1c.<\/p>\n<p><img loading=\"lazy\" decoding=\"async\" class=\"aligncenter wp-image-2779 size-full\" src=\"https:\/\/mayxaydunghanoi.com\/wp-content\/uploads\/2020\/08\/may-xuc-lat-xcmg-lw200kn-gau1-2m3-den-1-5m3.jpg\" alt=\"M\u00e1y x\u00fac l\u1eadt XCMG LW200KN g\u1ea7u 0.9m3 \u0111\u1ebfn 3m3\" width=\"600\" height=\"400\" srcset=\"https:\/\/mayxaydunghanoi.com\/wp-content\/uploads\/2020\/08\/may-xuc-lat-xcmg-lw200kn-gau1-2m3-den-1-5m3.jpg 600w, https:\/\/mayxaydunghanoi.com\/wp-content\/uploads\/2020\/08\/may-xuc-lat-xcmg-lw200kn-gau1-2m3-den-1-5m3-510x340.jpg 510w\" sizes=\"auto, (max-width: 600px) 100vw, 600px\" \/><\/p>\n<h3 style=\"text-align: center;\">Th\u00f4ng s\u1ed1 k\u1ef9 thu\u1eadt m\u00e1y x\u00fac l\u1eadt XCMG LW200KN<\/h3>\n<table style=\"font-weight: 400;\">\n<tbody>\n<tr>\n<td colspan=\"2\">Model<\/td>\n<td>LW200KN<\/td>\n<\/tr>\n<tr>\n<td colspan=\"2\">Kh\u1ea3 n\u0103ng n\u00e2ng t\u1ea3i<\/td>\n<td>2000 kg<\/td>\n<\/tr>\n<tr>\n<td colspan=\"2\">Dung t\u00edch g\u1ea7u<\/td>\n<td>0.9-3m<sup>3<\/sup><\/td>\n<\/tr>\n<tr>\n<td colspan=\"2\">Tr\u1ecdng t\u1ea3i xe<\/td>\n<td>6500\u00b1200 kg<\/td>\n<\/tr>\n<tr>\n<td colspan=\"2\">Chi\u1ec1u cao \u0111\u1ed5 v\u1eadt li\u1ec7u<\/td>\n<td>2530-2700 mm<\/td>\n<\/tr>\n<tr>\n<td colspan=\"2\">Kho\u1ea3ng c\u00e1ch \u0111\u1ed5<\/td>\n<td>860-980 mm<\/td>\n<\/tr>\n<tr>\n<td colspan=\"2\">Kho\u1ea3ng c\u00e1ch tr\u1ee5c<\/td>\n<td>2300 mm<\/td>\n<\/tr>\n<tr>\n<td colspan=\"2\">L\u1ef1c h\u00e3m l\u1edbn nh\u1ea5t<\/td>\n<td>\u226560 kN<\/td>\n<\/tr>\n<tr>\n<td colspan=\"2\">Th\u1eddi gian n\u00e2ng h\u1ea1 th\u1ee7y l\u1ef1c<\/td>\n<td>\u22645 s<\/td>\n<\/tr>\n<tr>\n<td colspan=\"2\">Th\u1eddi gian n\u00e2ng, h\u1ea1, \u0111\u1ed5 g\u1ea7u<\/td>\n<td>\u22648.5<\/td>\n<\/tr>\n<tr>\n<td colspan=\"2\">B\u00e1n k\u00ednh quay v\u00f2ng nh\u1ecf nh\u1ea5t<\/td>\n<td>4470 s<\/td>\n<\/tr>\n<tr>\n<td colspan=\"2\">C\u1ee1 l\u1ed1p<\/td>\n<td>16\/70-20<\/td>\n<\/tr>\n<tr>\n<td colspan=\"2\">K\u00edch th\u01b0\u1edbc m\u00e1y\u00a0LxWxH<\/td>\n<td>6400x1980x2950 mm<\/td>\n<\/tr>\n<tr>\n<td colspan=\"2\">Model<\/td>\n<td>LR4B3ZU24\/0662<\/td>\n<\/tr>\n<tr>\n<td colspan=\"2\">C\u00f4ng su\u1ea5t \u0111\u1ed9ng c\u01a1\/ T\u1ed1c \u0111\u1ed9 quay<\/td>\n<td>66.2\/2400 kW\/rpm<\/td>\n<\/tr>\n<tr>\n<td rowspan=\"2\">T\u1ed1c \u0111\u1ed9 di chuy\u1ec3n<\/td>\n<td>\u2160-gear(F\/R)<\/td>\n<td>0-9\/0-9 km\/h<\/td>\n<\/tr>\n<tr>\n<td>\u2161-gear(F\/R)<\/td>\n<td>0-26\/0-26 km\/h<\/td>\n<\/tr>\n<\/tbody>\n<\/table>\n","protected":false},"excerpt":{"rendered":"<ul>\n<li>Xu\u1ea5t x\u1ee9: Trung Qu\u1ed1c<\/li>\n<li>Th\u01b0\u01a1ng hi\u1ec7u: XCMG<\/li>\n<li>Th\u1ec3 t\u00edch g\u1ea7u: 0.9-3m3<\/li>\n<\/ul>\n","protected":false},"featured_media":2779,"comment_status":"open","ping_status":"closed","template":"","meta":[],"product_brand":[],"product_cat":[329],"product_tag":[350,336,349,348],"class_list":{"0":"post-2778","1":"product","2":"type-product","3":"status-publish","4":"has-post-thumbnail","6":"product_cat-may-xuc-lat-xcmg","7":"product_tag-lw200kn","8":"product_tag-may-xuc-trung-quoc","9":"product_tag-xcmg","10":"product_tag-xcmg-lw200kn","12":"first","13":"instock","14":"shipping-taxable","15":"product-type-simple"},"yoast_head":"<!-- This site is optimized with the Yoast SEO Premium plugin v26.1 (Yoast SEO v26.6) - https:\/\/yoast.com\/wordpress\/plugins\/seo\/ -->\n<title>M\u00e1y x\u00fac l\u1eadt XCMG LW200KN g\u1ea7u 1.2m3 \u0111\u1ebfn 3m3<\/title>\n<meta name=\"description\" content=\"M\u00e1y x\u00fac l\u1eadt LW200KN th\u01b0\u01a1ng hi\u1ec7u m\u00e1y x\u00e2y d\u1ef1ng XCMG n\u1ed5i ti\u1ebfng c\u00f3 dung t\u00edch g\u1ea7u t\u1eeb 0.9m3 \u0111\u1ebfn 3m3 t\u00f9y thu\u1ed9c v\u00e0o ch\u1ea5t li\u1ec7u c\u1ea7n n\u00e2ng.\" \/>\n<meta name=\"robots\" content=\"index, follow, max-snippet:-1, max-image-preview:large, max-video-preview:-1\" \/>\n<link rel=\"canonical\" href=\"https:\/\/mayxaydunghanoi.com\/vi\/san-pham\/may-xuc-lat-xcmg-lw200kn-gau-0-9m3-den-3m3\/\" \/>\n<meta property=\"og:locale\" content=\"vi_VN\" \/>\n<meta property=\"og:type\" content=\"article\" \/>\n<meta property=\"og:title\" content=\"M\u00e1y x\u00fac l\u1eadt XCMG LW200KN g\u1ea7u 0.9m3 \u0111\u1ebfn 3m3\" \/>\n<meta property=\"og:description\" content=\"M\u00e1y x\u00fac l\u1eadt LW200KN th\u01b0\u01a1ng hi\u1ec7u m\u00e1y x\u00e2y d\u1ef1ng XCMG n\u1ed5i ti\u1ebfng c\u00f3 dung t\u00edch g\u1ea7u t\u1eeb 0.9m3 \u0111\u1ebfn 3m3 t\u00f9y thu\u1ed9c v\u00e0o ch\u1ea5t li\u1ec7u c\u1ea7n n\u00e2ng.\" \/>\n<meta property=\"og:url\" content=\"https:\/\/mayxaydunghanoi.com\/vi\/san-pham\/may-xuc-lat-xcmg-lw200kn-gau-0-9m3-den-3m3\/\" \/>\n<meta property=\"og:site_name\" content=\"Hanoi Vietnam Co., Ltd\" \/>\n<meta property=\"article:modified_time\" content=\"2020-08-22T12:44:55+00:00\" \/>\n<meta property=\"og:image\" content=\"https:\/\/mayxaydunghanoi.com\/wp-content\/uploads\/2020\/08\/may-xuc-lat-xcmg-lw200kn-gau1-2m3-den-1-5m3.jpg\" \/>\n\t<meta property=\"og:image:width\" content=\"600\" \/>\n\t<meta property=\"og:image:height\" content=\"400\" \/>\n\t<meta property=\"og:image:type\" content=\"image\/jpeg\" \/>\n<meta name=\"twitter:card\" content=\"summary_large_image\" \/>\n<meta name=\"twitter:label1\" content=\"Est. reading time\" \/>\n\t<meta name=\"twitter:data1\" content=\"1 minute\" \/>\n<script type=\"application\/ld+json\" class=\"yoast-schema-graph\">{\"@context\":\"https:\/\/schema.org\",\"@graph\":[{\"@type\":\"WebPage\",\"@id\":\"https:\/\/mayxaydunghanoi.com\/vi\/san-pham\/may-xuc-lat-xcmg-lw200kn-gau-0-9m3-den-3m3\/\",\"url\":\"https:\/\/mayxaydunghanoi.com\/vi\/san-pham\/may-xuc-lat-xcmg-lw200kn-gau-0-9m3-den-3m3\/\",\"name\":\"M\u00e1y x\u00fac l\u1eadt XCMG LW200KN g\u1ea7u 1.2m3 \u0111\u1ebfn 3m3\",\"isPartOf\":{\"@id\":\"https:\/\/mayxaydunghanoi.com\/en\/#website\"},\"primaryImageOfPage\":{\"@id\":\"https:\/\/mayxaydunghanoi.com\/vi\/san-pham\/may-xuc-lat-xcmg-lw200kn-gau-0-9m3-den-3m3\/#primaryimage\"},\"image\":{\"@id\":\"https:\/\/mayxaydunghanoi.com\/vi\/san-pham\/may-xuc-lat-xcmg-lw200kn-gau-0-9m3-den-3m3\/#primaryimage\"},\"thumbnailUrl\":\"https:\/\/mayxaydunghanoi.com\/wp-content\/uploads\/2020\/08\/may-xuc-lat-xcmg-lw200kn-gau1-2m3-den-1-5m3.jpg\",\"datePublished\":\"2020-08-22T10:46:14+00:00\",\"dateModified\":\"2020-08-22T12:44:55+00:00\",\"description\":\"M\u00e1y x\u00fac l\u1eadt LW200KN th\u01b0\u01a1ng hi\u1ec7u m\u00e1y x\u00e2y d\u1ef1ng XCMG n\u1ed5i ti\u1ebfng c\u00f3 dung t\u00edch g\u1ea7u t\u1eeb 0.9m3 \u0111\u1ebfn 3m3 t\u00f9y thu\u1ed9c v\u00e0o ch\u1ea5t li\u1ec7u c\u1ea7n n\u00e2ng.\",\"breadcrumb\":{\"@id\":\"https:\/\/mayxaydunghanoi.com\/vi\/san-pham\/may-xuc-lat-xcmg-lw200kn-gau-0-9m3-den-3m3\/#breadcrumb\"},\"inLanguage\":\"vi-VN\",\"potentialAction\":[{\"@type\":\"ReadAction\",\"target\":[\"https:\/\/mayxaydunghanoi.com\/vi\/san-pham\/may-xuc-lat-xcmg-lw200kn-gau-0-9m3-den-3m3\/\"]}]},{\"@type\":\"ImageObject\",\"inLanguage\":\"vi-VN\",\"@id\":\"https:\/\/mayxaydunghanoi.com\/vi\/san-pham\/may-xuc-lat-xcmg-lw200kn-gau-0-9m3-den-3m3\/#primaryimage\",\"url\":\"https:\/\/mayxaydunghanoi.com\/wp-content\/uploads\/2020\/08\/may-xuc-lat-xcmg-lw200kn-gau1-2m3-den-1-5m3.jpg\",\"contentUrl\":\"https:\/\/mayxaydunghanoi.com\/wp-content\/uploads\/2020\/08\/may-xuc-lat-xcmg-lw200kn-gau1-2m3-den-1-5m3.jpg\",\"width\":600,\"height\":400,\"caption\":\"M\u00e1y x\u00fac l\u1eadt XCMG LW200KN g\u1ea7u 0.9m3 \u0111\u1ebfn 3m3\"},{\"@type\":\"BreadcrumbList\",\"@id\":\"https:\/\/mayxaydunghanoi.com\/vi\/san-pham\/may-xuc-lat-xcmg-lw200kn-gau-0-9m3-den-3m3\/#breadcrumb\",\"itemListElement\":[{\"@type\":\"ListItem\",\"position\":1,\"name\":\"Home\",\"item\":\"https:\/\/mayxaydunghanoi.com\/vi\/\"},{\"@type\":\"ListItem\",\"position\":2,\"name\":\"S\u1ea3n ph\u1ea9m\",\"item\":\"https:\/\/mayxaydunghanoi.com\/vi\/san-pham\/\"},{\"@type\":\"ListItem\",\"position\":3,\"name\":\"M\u00e1y x\u00fac l\u1eadt XCMG LW200KN g\u1ea7u 0.9m3 \u0111\u1ebfn 3m3\"}]},{\"@type\":\"WebSite\",\"@id\":\"https:\/\/mayxaydunghanoi.com\/en\/#website\",\"url\":\"https:\/\/mayxaydunghanoi.com\/en\/\",\"name\":\"Hanoi Vietnam Co., Ltd\",\"description\":\"\",\"publisher\":{\"@id\":\"https:\/\/mayxaydunghanoi.com\/en\/#organization\"},\"potentialAction\":[{\"@type\":\"SearchAction\",\"target\":{\"@type\":\"EntryPoint\",\"urlTemplate\":\"https:\/\/mayxaydunghanoi.com\/en\/?s={search_term_string}\"},\"query-input\":{\"@type\":\"PropertyValueSpecification\",\"valueRequired\":true,\"valueName\":\"search_term_string\"}}],\"inLanguage\":\"vi-VN\"},{\"@type\":\"Organization\",\"@id\":\"https:\/\/mayxaydunghanoi.com\/en\/#organization\",\"name\":\"Hanoi Vietnam Co., Ltd\",\"url\":\"https:\/\/mayxaydunghanoi.com\/en\/\",\"logo\":{\"@type\":\"ImageObject\",\"inLanguage\":\"vi-VN\",\"@id\":\"https:\/\/mayxaydunghanoi.com\/en\/#\/schema\/logo\/image\/\",\"url\":\"https:\/\/mayxaydunghanoi.com\/wp-content\/uploads\/2018\/04\/Logo-mayxaydunghanoi-ok.png\",\"contentUrl\":\"https:\/\/mayxaydunghanoi.com\/wp-content\/uploads\/2018\/04\/Logo-mayxaydunghanoi-ok.png\",\"width\":900,\"height\":900,\"caption\":\"Hanoi Vietnam Co., Ltd\"},\"image\":{\"@id\":\"https:\/\/mayxaydunghanoi.com\/en\/#\/schema\/logo\/image\/\"}}]}<\/script>\n<!-- \/ Yoast SEO Premium plugin. -->","yoast_head_json":{"title":"M\u00e1y x\u00fac l\u1eadt XCMG LW200KN g\u1ea7u 1.2m3 \u0111\u1ebfn 3m3","description":"M\u00e1y x\u00fac l\u1eadt LW200KN th\u01b0\u01a1ng hi\u1ec7u m\u00e1y x\u00e2y d\u1ef1ng XCMG n\u1ed5i ti\u1ebfng c\u00f3 dung t\u00edch g\u1ea7u t\u1eeb 0.9m3 \u0111\u1ebfn 3m3 t\u00f9y thu\u1ed9c v\u00e0o ch\u1ea5t li\u1ec7u c\u1ea7n n\u00e2ng.","robots":{"index":"index","follow":"follow","max-snippet":"max-snippet:-1","max-image-preview":"max-image-preview:large","max-video-preview":"max-video-preview:-1"},"canonical":"https:\/\/mayxaydunghanoi.com\/vi\/san-pham\/may-xuc-lat-xcmg-lw200kn-gau-0-9m3-den-3m3\/","og_locale":"vi_VN","og_type":"article","og_title":"M\u00e1y x\u00fac l\u1eadt XCMG LW200KN g\u1ea7u 0.9m3 \u0111\u1ebfn 3m3","og_description":"M\u00e1y x\u00fac l\u1eadt LW200KN th\u01b0\u01a1ng hi\u1ec7u m\u00e1y x\u00e2y d\u1ef1ng XCMG n\u1ed5i ti\u1ebfng c\u00f3 dung t\u00edch g\u1ea7u t\u1eeb 0.9m3 \u0111\u1ebfn 3m3 t\u00f9y thu\u1ed9c v\u00e0o ch\u1ea5t li\u1ec7u c\u1ea7n n\u00e2ng.","og_url":"https:\/\/mayxaydunghanoi.com\/vi\/san-pham\/may-xuc-lat-xcmg-lw200kn-gau-0-9m3-den-3m3\/","og_site_name":"Hanoi Vietnam Co., Ltd","article_modified_time":"2020-08-22T12:44:55+00:00","og_image":[{"width":600,"height":400,"url":"https:\/\/mayxaydunghanoi.com\/wp-content\/uploads\/2020\/08\/may-xuc-lat-xcmg-lw200kn-gau1-2m3-den-1-5m3.jpg","type":"image\/jpeg"}],"twitter_card":"summary_large_image","twitter_misc":{"Est. reading time":"1 minute"},"schema":{"@context":"https:\/\/schema.org","@graph":[{"@type":"WebPage","@id":"https:\/\/mayxaydunghanoi.com\/vi\/san-pham\/may-xuc-lat-xcmg-lw200kn-gau-0-9m3-den-3m3\/","url":"https:\/\/mayxaydunghanoi.com\/vi\/san-pham\/may-xuc-lat-xcmg-lw200kn-gau-0-9m3-den-3m3\/","name":"M\u00e1y x\u00fac l\u1eadt XCMG LW200KN g\u1ea7u 1.2m3 \u0111\u1ebfn 3m3","isPartOf":{"@id":"https:\/\/mayxaydunghanoi.com\/en\/#website"},"primaryImageOfPage":{"@id":"https:\/\/mayxaydunghanoi.com\/vi\/san-pham\/may-xuc-lat-xcmg-lw200kn-gau-0-9m3-den-3m3\/#primaryimage"},"image":{"@id":"https:\/\/mayxaydunghanoi.com\/vi\/san-pham\/may-xuc-lat-xcmg-lw200kn-gau-0-9m3-den-3m3\/#primaryimage"},"thumbnailUrl":"https:\/\/mayxaydunghanoi.com\/wp-content\/uploads\/2020\/08\/may-xuc-lat-xcmg-lw200kn-gau1-2m3-den-1-5m3.jpg","datePublished":"2020-08-22T10:46:14+00:00","dateModified":"2020-08-22T12:44:55+00:00","description":"M\u00e1y x\u00fac l\u1eadt LW200KN th\u01b0\u01a1ng hi\u1ec7u m\u00e1y x\u00e2y d\u1ef1ng XCMG n\u1ed5i ti\u1ebfng c\u00f3 dung t\u00edch g\u1ea7u t\u1eeb 0.9m3 \u0111\u1ebfn 3m3 t\u00f9y thu\u1ed9c v\u00e0o ch\u1ea5t li\u1ec7u c\u1ea7n n\u00e2ng.","breadcrumb":{"@id":"https:\/\/mayxaydunghanoi.com\/vi\/san-pham\/may-xuc-lat-xcmg-lw200kn-gau-0-9m3-den-3m3\/#breadcrumb"},"inLanguage":"vi-VN","potentialAction":[{"@type":"ReadAction","target":["https:\/\/mayxaydunghanoi.com\/vi\/san-pham\/may-xuc-lat-xcmg-lw200kn-gau-0-9m3-den-3m3\/"]}]},{"@type":"ImageObject","inLanguage":"vi-VN","@id":"https:\/\/mayxaydunghanoi.com\/vi\/san-pham\/may-xuc-lat-xcmg-lw200kn-gau-0-9m3-den-3m3\/#primaryimage","url":"https:\/\/mayxaydunghanoi.com\/wp-content\/uploads\/2020\/08\/may-xuc-lat-xcmg-lw200kn-gau1-2m3-den-1-5m3.jpg","contentUrl":"https:\/\/mayxaydunghanoi.com\/wp-content\/uploads\/2020\/08\/may-xuc-lat-xcmg-lw200kn-gau1-2m3-den-1-5m3.jpg","width":600,"height":400,"caption":"M\u00e1y x\u00fac l\u1eadt XCMG LW200KN g\u1ea7u 0.9m3 \u0111\u1ebfn 3m3"},{"@type":"BreadcrumbList","@id":"https:\/\/mayxaydunghanoi.com\/vi\/san-pham\/may-xuc-lat-xcmg-lw200kn-gau-0-9m3-den-3m3\/#breadcrumb","itemListElement":[{"@type":"ListItem","position":1,"name":"Home","item":"https:\/\/mayxaydunghanoi.com\/vi\/"},{"@type":"ListItem","position":2,"name":"S\u1ea3n ph\u1ea9m","item":"https:\/\/mayxaydunghanoi.com\/vi\/san-pham\/"},{"@type":"ListItem","position":3,"name":"M\u00e1y x\u00fac l\u1eadt XCMG LW200KN g\u1ea7u 0.9m3 \u0111\u1ebfn 3m3"}]},{"@type":"WebSite","@id":"https:\/\/mayxaydunghanoi.com\/en\/#website","url":"https:\/\/mayxaydunghanoi.com\/en\/","name":"Hanoi Vietnam Co., Ltd","description":"","publisher":{"@id":"https:\/\/mayxaydunghanoi.com\/en\/#organization"},"potentialAction":[{"@type":"SearchAction","target":{"@type":"EntryPoint","urlTemplate":"https:\/\/mayxaydunghanoi.com\/en\/?s={search_term_string}"},"query-input":{"@type":"PropertyValueSpecification","valueRequired":true,"valueName":"search_term_string"}}],"inLanguage":"vi-VN"},{"@type":"Organization","@id":"https:\/\/mayxaydunghanoi.com\/en\/#organization","name":"Hanoi Vietnam Co., Ltd","url":"https:\/\/mayxaydunghanoi.com\/en\/","logo":{"@type":"ImageObject","inLanguage":"vi-VN","@id":"https:\/\/mayxaydunghanoi.com\/en\/#\/schema\/logo\/image\/","url":"https:\/\/mayxaydunghanoi.com\/wp-content\/uploads\/2018\/04\/Logo-mayxaydunghanoi-ok.png","contentUrl":"https:\/\/mayxaydunghanoi.com\/wp-content\/uploads\/2018\/04\/Logo-mayxaydunghanoi-ok.png","width":900,"height":900,"caption":"Hanoi Vietnam Co., Ltd"},"image":{"@id":"https:\/\/mayxaydunghanoi.com\/en\/#\/schema\/logo\/image\/"}}]}},"_links":{"self":[{"href":"https:\/\/mayxaydunghanoi.com\/vi\/wp-json\/wp\/v2\/product\/2778","targetHints":{"allow":["GET"]}}],"collection":[{"href":"https:\/\/mayxaydunghanoi.com\/vi\/wp-json\/wp\/v2\/product"}],"about":[{"href":"https:\/\/mayxaydunghanoi.com\/vi\/wp-json\/wp\/v2\/types\/product"}],"replies":[{"embeddable":true,"href":"https:\/\/mayxaydunghanoi.com\/vi\/wp-json\/wp\/v2\/comments?post=2778"}],"wp:featuredmedia":[{"embeddable":true,"href":"https:\/\/mayxaydunghanoi.com\/vi\/wp-json\/wp\/v2\/media\/2779"}],"wp:attachment":[{"href":"https:\/\/mayxaydunghanoi.com\/vi\/wp-json\/wp\/v2\/media?parent=2778"}],"wp:term":[{"taxonomy":"product_brand","embeddable":true,"href":"https:\/\/mayxaydunghanoi.com\/vi\/wp-json\/wp\/v2\/product_brand?post=2778"},{"taxonomy":"product_cat","embeddable":true,"href":"https:\/\/mayxaydunghanoi.com\/vi\/wp-json\/wp\/v2\/product_cat?post=2778"},{"taxonomy":"product_tag","embeddable":true,"href":"https:\/\/mayxaydunghanoi.com\/vi\/wp-json\/wp\/v2\/product_tag?post=2778"}],"curies":[{"name":"wp","href":"https:\/\/api.w.org\/{rel}","templated":true}]}}