{"id":2647,"date":"2020-08-20T14:23:04","date_gmt":"2020-08-20T07:23:04","guid":{"rendered":"https:\/\/mayxaydunghanoi.com\/?post_type=product&#038;p=2647"},"modified":"2020-08-20T14:25:47","modified_gmt":"2020-08-20T07:25:47","slug":"may-xuc-lat-xgma953-gau-2-2-4-5m","status":"publish","type":"product","link":"https:\/\/mayxaydunghanoi.com\/vi\/san-pham\/may-xuc-lat-xgma953-gau-2-2-4-5m\/","title":{"rendered":"M\u00e1y x\u00fac l\u1eadt XGMA953 g\u1ea7u 2.2 &#8211; 4.5m3"},"content":{"rendered":"<h2>M\u00e1y x\u00fac l\u1eadt XGMA953 c\u00f3 dung t\u00edch g\u1ea7u t\u1eeb 2.2 \u0111\u1ebfn 4.5m3. M\u00e1y x\u00fac n\u00e0y c\u00f3 h\u1ec7 th\u1ed1ng th\u1ee7y l\u1ef1c ho\u1ea1t \u0111\u1ed9ng t\u1ed1t v\u00e0 h\u1ec7 th\u1ed1ng l\u00e1i v\u1eadn h\u00e0nh \u1ed5n \u0111\u1ecbnh, an to\u00e0n, ch\u00ednh x\u00e1c.<\/h2>\n<p><img loading=\"lazy\" decoding=\"async\" class=\"size-full wp-image-2739\" title=\"M\u00e1y x\u00fac l\u1eadt XGMA953 g\u1ea7u 2.2-4.5m3\" src=\"https:\/\/mayxaydunghanoi.com\/wp-content\/uploads\/2020\/08\/may-xuc-lat-xgma953-gau-2-2-4-5m3.jpg\" alt=\"M\u00e1y x\u00fac l\u1eadt XGMA953 g\u1ea7u 2.2-4.5m3\" width=\"600\" height=\"400\" srcset=\"https:\/\/mayxaydunghanoi.com\/wp-content\/uploads\/2020\/08\/may-xuc-lat-xgma953-gau-2-2-4-5m3.jpg 600w, https:\/\/mayxaydunghanoi.com\/wp-content\/uploads\/2020\/08\/may-xuc-lat-xgma953-gau-2-2-4-5m3-510x340.jpg 510w\" sizes=\"auto, (max-width: 600px) 100vw, 600px\" \/><\/p>\n<h3 style=\"text-align: center;\">Th\u00f4ng s\u1ed1 k\u1ef9 thu\u1eadt m\u00e1y x\u00fac l\u1eadt XGMA953<\/h3>\n<table class=\"datalist       \" width=\"100%\" cellspacing=\"0\" cellpadding=\"0\">\n<tbody>\n<tr>\n<th colspan=\"2\">K\u00edch th\u01b0\u1edbc t\u1ed5ng th\u1ec3<\/th>\n<\/tr>\n<tr>\n<td>Tr\u1ecdng l\u01b0\u1ee3ng l\u00e0m vi\u1ec7c<\/td>\n<td>16800 kg<\/td>\n<\/tr>\n<tr>\n<td>Chi\u1ec1u d\u00e0i t\u1ed5ng th\u1ebf<\/td>\n<td>7380 mm<\/td>\n<\/tr>\n<tr>\n<td>Chi\u1ec1u r\u1ed9ng t\u1ed5ng th\u1ec3<\/td>\n<td>3000 mm<\/td>\n<\/tr>\n<tr>\n<td>Chi\u1ec1u cao t\u1ed5ng<\/td>\n<td>3230 mm<\/td>\n<\/tr>\n<tr>\n<td>L\u1ed1p<\/td>\n<td>23.5-25-16 PR<\/td>\n<\/tr>\n<tr>\n<th colspan=\"2\">Chi ti\u1ebft k\u1ef9 thu\u1eadt<\/th>\n<\/tr>\n<tr>\n<td>C\u00f4ng su\u1ea5t \u0111\u1ecbnh m\u1ee9c<\/td>\n<td>162 kw<\/td>\n<\/tr>\n<tr>\n<td>T\u1ea3i \u0111\u1ecbnh m\u1ee9c<\/td>\n<td>5000 kg<\/td>\n<\/tr>\n<tr>\n<td>Dung t\u00edch g\u1ea7u x\u00fac<\/td>\n<td>2.2-4.5m\u00b3<\/td>\n<\/tr>\n<tr>\n<td>Chi\u1ec1u cao t\u1ea3i<\/td>\n<td>3140 mm<\/td>\n<\/tr>\n<tr>\n<td>B\u00e1n k\u00ednh t\u1ea3i<\/td>\n<td>1225 mm<\/td>\n<\/tr>\n<tr>\n<td>Truy\u1ec1n \u0111\u1ed9ng<\/td>\n<td>XG<\/td>\n<\/tr>\n<tr>\n<td>Th\u1eddi gian n\u00e2ng<\/td>\n<td>5.9 s<\/td>\n<\/tr>\n<tr>\n<td>Th\u1eddi gian chu tr\u00ecnh t\u1ed5ng<\/td>\n<td>10.9s<\/td>\n<\/tr>\n<tr>\n<td>G\u00f3c quay<\/td>\n<td>35\u00b0<\/td>\n<\/tr>\n<tr>\n<td>B\u00e1n k\u00ednh quay<\/td>\n<td>6560 mm<\/td>\n<\/tr>\n<tr>\n<td>Dung t\u00edch bu\u1ed3ng ch\u1ee9a nhi\u00ean li\u1ec7u<\/td>\n<td>200 L<\/td>\n<\/tr>\n<tr>\n<td>Dung t\u00edch bu\u1ed3ng ch\u1ee9a d\u1ea7u th\u1ee7y l\u1ef1c<\/td>\n<td>280 L<\/td>\n<\/tr>\n<tr>\n<th colspan=\"2\">T\u1ed1c \u0111\u1ed9 di chuy\u1ec3n<\/th>\n<\/tr>\n<tr>\n<td>D\u1ea3i t\u1ed1c \u0111\u1ed9(ti\u1ebfn\/l\u00f9i)<\/td>\n<td>2\/1<\/td>\n<\/tr>\n<tr>\n<td>Ti\u1ebfn s\u1ed1 I<\/td>\n<td>11.5 km\/h<\/td>\n<\/tr>\n<tr>\n<td>Ti\u1ebfn s\u1ed1 II<\/td>\n<td>38 km\/h<\/td>\n<\/tr>\n<tr>\n<td>L\u00f9i s\u1ed1 I<\/td>\n<td>16 km\/h<\/td>\n<\/tr>\n<\/tbody>\n<\/table>\n","protected":false},"excerpt":{"rendered":"<ul>\n<li>Xu\u1ea5t x\u1ee9: Trung Qu\u1ed1c<\/li>\n<li>Th\u1ec3 t\u00edch g\u1ea7u: 2.2-4.5m3<\/li>\n<\/ul>\n","protected":false},"featured_media":2739,"comment_status":"open","ping_status":"closed","template":"","meta":[],"product_brand":[],"product_cat":[327],"product_tag":[338,340,339,336,337],"class_list":{"0":"post-2647","1":"product","2":"type-product","3":"status-publish","4":"has-post-thumbnail","6":"product_cat-may-xuc-lat-xgma","7":"product_tag-may-xuc-gau-2-2m3","8":"product_tag-may-xuc-gau-4-5m3","9":"product_tag-may-xuc-gau-4m3","10":"product_tag-may-xuc-trung-quoc","11":"product_tag-xgma953","13":"first","14":"instock","15":"shipping-taxable","16":"product-type-simple"},"yoast_head":"<!-- This site is optimized with the Yoast SEO Premium plugin v26.1 (Yoast SEO v26.6) - https:\/\/yoast.com\/wordpress\/plugins\/seo\/ -->\n<title>M\u00e1y x\u00fac l\u1eadt XGMA953 g\u1ea7u 2.2 - 4.5m3 - Hanoi Vietnam Co., Ltd<\/title>\n<meta name=\"description\" content=\"M\u00e1y x\u00fac l\u1eadt XGMA953 c\u00f3 dung t\u00edch g\u1ea7u t\u1eeb 2.2 \u0111\u1ebfn 4.5m3. M\u00e1y x\u00fac n\u00e0y c\u00f3 h\u1ec7 th\u1ed1ng th\u1ee7y l\u1ef1c ho\u1ea1t \u0111\u1ed9ng t\u1ed1t v\u00e0 h\u1ec7 th\u1ed1ng l\u00e1i v\u1eadn h\u00e0nh \u1ed5n \u0111\u1ecbnh, an to\u00e0n, ch\u00ednh x\u00e1c.\" \/>\n<meta name=\"robots\" content=\"index, follow, max-snippet:-1, max-image-preview:large, max-video-preview:-1\" \/>\n<link rel=\"canonical\" href=\"https:\/\/mayxaydunghanoi.com\/vi\/san-pham\/may-xuc-lat-xgma953-gau-2-2-4-5m\/\" \/>\n<meta property=\"og:locale\" content=\"vi_VN\" \/>\n<meta property=\"og:type\" content=\"article\" \/>\n<meta property=\"og:title\" content=\"M\u00e1y x\u00fac l\u1eadt XGMA953 g\u1ea7u 2.2 - 4.5m3\" \/>\n<meta property=\"og:description\" content=\"M\u00e1y x\u00fac l\u1eadt XGMA953 c\u00f3 dung t\u00edch g\u1ea7u t\u1eeb 2.2 \u0111\u1ebfn 4.5m3. M\u00e1y x\u00fac n\u00e0y c\u00f3 h\u1ec7 th\u1ed1ng th\u1ee7y l\u1ef1c ho\u1ea1t \u0111\u1ed9ng t\u1ed1t v\u00e0 h\u1ec7 th\u1ed1ng l\u00e1i v\u1eadn h\u00e0nh \u1ed5n \u0111\u1ecbnh, an to\u00e0n, ch\u00ednh x\u00e1c.\" \/>\n<meta property=\"og:url\" content=\"https:\/\/mayxaydunghanoi.com\/vi\/san-pham\/may-xuc-lat-xgma953-gau-2-2-4-5m\/\" \/>\n<meta property=\"og:site_name\" content=\"Hanoi Vietnam Co., Ltd\" \/>\n<meta property=\"article:modified_time\" content=\"2020-08-20T07:25:47+00:00\" \/>\n<meta property=\"og:image\" content=\"https:\/\/mayxaydunghanoi.com\/wp-content\/uploads\/2020\/08\/may-xuc-lat-xgma953-gau-2-2-4-5m3.jpg\" \/>\n\t<meta property=\"og:image:width\" content=\"600\" \/>\n\t<meta property=\"og:image:height\" content=\"400\" \/>\n\t<meta property=\"og:image:type\" content=\"image\/jpeg\" \/>\n<meta name=\"twitter:card\" content=\"summary_large_image\" \/>\n<meta name=\"twitter:label1\" content=\"Est. reading time\" \/>\n\t<meta name=\"twitter:data1\" content=\"1 minute\" \/>\n<script type=\"application\/ld+json\" class=\"yoast-schema-graph\">{\"@context\":\"https:\/\/schema.org\",\"@graph\":[{\"@type\":\"WebPage\",\"@id\":\"https:\/\/mayxaydunghanoi.com\/vi\/san-pham\/may-xuc-lat-xgma953-gau-2-2-4-5m\/\",\"url\":\"https:\/\/mayxaydunghanoi.com\/vi\/san-pham\/may-xuc-lat-xgma953-gau-2-2-4-5m\/\",\"name\":\"M\u00e1y x\u00fac l\u1eadt XGMA953 g\u1ea7u 2.2 - 4.5m3 - Hanoi Vietnam Co., Ltd\",\"isPartOf\":{\"@id\":\"https:\/\/mayxaydunghanoi.com\/en\/#website\"},\"primaryImageOfPage\":{\"@id\":\"https:\/\/mayxaydunghanoi.com\/vi\/san-pham\/may-xuc-lat-xgma953-gau-2-2-4-5m\/#primaryimage\"},\"image\":{\"@id\":\"https:\/\/mayxaydunghanoi.com\/vi\/san-pham\/may-xuc-lat-xgma953-gau-2-2-4-5m\/#primaryimage\"},\"thumbnailUrl\":\"https:\/\/mayxaydunghanoi.com\/wp-content\/uploads\/2020\/08\/may-xuc-lat-xgma953-gau-2-2-4-5m3.jpg\",\"datePublished\":\"2020-08-20T07:23:04+00:00\",\"dateModified\":\"2020-08-20T07:25:47+00:00\",\"description\":\"M\u00e1y x\u00fac l\u1eadt XGMA953 c\u00f3 dung t\u00edch g\u1ea7u t\u1eeb 2.2 \u0111\u1ebfn 4.5m3. M\u00e1y x\u00fac n\u00e0y c\u00f3 h\u1ec7 th\u1ed1ng th\u1ee7y l\u1ef1c ho\u1ea1t \u0111\u1ed9ng t\u1ed1t v\u00e0 h\u1ec7 th\u1ed1ng l\u00e1i v\u1eadn h\u00e0nh \u1ed5n \u0111\u1ecbnh, an to\u00e0n, ch\u00ednh x\u00e1c.\",\"breadcrumb\":{\"@id\":\"https:\/\/mayxaydunghanoi.com\/vi\/san-pham\/may-xuc-lat-xgma953-gau-2-2-4-5m\/#breadcrumb\"},\"inLanguage\":\"vi-VN\",\"potentialAction\":[{\"@type\":\"ReadAction\",\"target\":[\"https:\/\/mayxaydunghanoi.com\/vi\/san-pham\/may-xuc-lat-xgma953-gau-2-2-4-5m\/\"]}]},{\"@type\":\"ImageObject\",\"inLanguage\":\"vi-VN\",\"@id\":\"https:\/\/mayxaydunghanoi.com\/vi\/san-pham\/may-xuc-lat-xgma953-gau-2-2-4-5m\/#primaryimage\",\"url\":\"https:\/\/mayxaydunghanoi.com\/wp-content\/uploads\/2020\/08\/may-xuc-lat-xgma953-gau-2-2-4-5m3.jpg\",\"contentUrl\":\"https:\/\/mayxaydunghanoi.com\/wp-content\/uploads\/2020\/08\/may-xuc-lat-xgma953-gau-2-2-4-5m3.jpg\",\"width\":600,\"height\":400,\"caption\":\"M\u00e1y x\u00fac l\u1eadt XGMA953 g\u1ea7u 2.2-4.5m3\"},{\"@type\":\"BreadcrumbList\",\"@id\":\"https:\/\/mayxaydunghanoi.com\/vi\/san-pham\/may-xuc-lat-xgma953-gau-2-2-4-5m\/#breadcrumb\",\"itemListElement\":[{\"@type\":\"ListItem\",\"position\":1,\"name\":\"Home\",\"item\":\"https:\/\/mayxaydunghanoi.com\/vi\/\"},{\"@type\":\"ListItem\",\"position\":2,\"name\":\"S\u1ea3n ph\u1ea9m\",\"item\":\"https:\/\/mayxaydunghanoi.com\/vi\/san-pham\/\"},{\"@type\":\"ListItem\",\"position\":3,\"name\":\"M\u00e1y x\u00fac l\u1eadt XGMA953 g\u1ea7u 2.2 &#8211; 4.5m3\"}]},{\"@type\":\"WebSite\",\"@id\":\"https:\/\/mayxaydunghanoi.com\/en\/#website\",\"url\":\"https:\/\/mayxaydunghanoi.com\/en\/\",\"name\":\"Hanoi Vietnam Co., Ltd\",\"description\":\"\",\"publisher\":{\"@id\":\"https:\/\/mayxaydunghanoi.com\/en\/#organization\"},\"potentialAction\":[{\"@type\":\"SearchAction\",\"target\":{\"@type\":\"EntryPoint\",\"urlTemplate\":\"https:\/\/mayxaydunghanoi.com\/en\/?s={search_term_string}\"},\"query-input\":{\"@type\":\"PropertyValueSpecification\",\"valueRequired\":true,\"valueName\":\"search_term_string\"}}],\"inLanguage\":\"vi-VN\"},{\"@type\":\"Organization\",\"@id\":\"https:\/\/mayxaydunghanoi.com\/en\/#organization\",\"name\":\"Hanoi Vietnam Co., Ltd\",\"url\":\"https:\/\/mayxaydunghanoi.com\/en\/\",\"logo\":{\"@type\":\"ImageObject\",\"inLanguage\":\"vi-VN\",\"@id\":\"https:\/\/mayxaydunghanoi.com\/en\/#\/schema\/logo\/image\/\",\"url\":\"https:\/\/mayxaydunghanoi.com\/wp-content\/uploads\/2018\/04\/Logo-mayxaydunghanoi-ok.png\",\"contentUrl\":\"https:\/\/mayxaydunghanoi.com\/wp-content\/uploads\/2018\/04\/Logo-mayxaydunghanoi-ok.png\",\"width\":900,\"height\":900,\"caption\":\"Hanoi Vietnam Co., Ltd\"},\"image\":{\"@id\":\"https:\/\/mayxaydunghanoi.com\/en\/#\/schema\/logo\/image\/\"}}]}<\/script>\n<!-- \/ Yoast SEO Premium plugin. -->","yoast_head_json":{"title":"M\u00e1y x\u00fac l\u1eadt XGMA953 g\u1ea7u 2.2 - 4.5m3 - Hanoi Vietnam Co., Ltd","description":"M\u00e1y x\u00fac l\u1eadt XGMA953 c\u00f3 dung t\u00edch g\u1ea7u t\u1eeb 2.2 \u0111\u1ebfn 4.5m3. M\u00e1y x\u00fac n\u00e0y c\u00f3 h\u1ec7 th\u1ed1ng th\u1ee7y l\u1ef1c ho\u1ea1t \u0111\u1ed9ng t\u1ed1t v\u00e0 h\u1ec7 th\u1ed1ng l\u00e1i v\u1eadn h\u00e0nh \u1ed5n \u0111\u1ecbnh, an to\u00e0n, ch\u00ednh x\u00e1c.","robots":{"index":"index","follow":"follow","max-snippet":"max-snippet:-1","max-image-preview":"max-image-preview:large","max-video-preview":"max-video-preview:-1"},"canonical":"https:\/\/mayxaydunghanoi.com\/vi\/san-pham\/may-xuc-lat-xgma953-gau-2-2-4-5m\/","og_locale":"vi_VN","og_type":"article","og_title":"M\u00e1y x\u00fac l\u1eadt XGMA953 g\u1ea7u 2.2 - 4.5m3","og_description":"M\u00e1y x\u00fac l\u1eadt XGMA953 c\u00f3 dung t\u00edch g\u1ea7u t\u1eeb 2.2 \u0111\u1ebfn 4.5m3. M\u00e1y x\u00fac n\u00e0y c\u00f3 h\u1ec7 th\u1ed1ng th\u1ee7y l\u1ef1c ho\u1ea1t \u0111\u1ed9ng t\u1ed1t v\u00e0 h\u1ec7 th\u1ed1ng l\u00e1i v\u1eadn h\u00e0nh \u1ed5n \u0111\u1ecbnh, an to\u00e0n, ch\u00ednh x\u00e1c.","og_url":"https:\/\/mayxaydunghanoi.com\/vi\/san-pham\/may-xuc-lat-xgma953-gau-2-2-4-5m\/","og_site_name":"Hanoi Vietnam Co., Ltd","article_modified_time":"2020-08-20T07:25:47+00:00","og_image":[{"width":600,"height":400,"url":"https:\/\/mayxaydunghanoi.com\/wp-content\/uploads\/2020\/08\/may-xuc-lat-xgma953-gau-2-2-4-5m3.jpg","type":"image\/jpeg"}],"twitter_card":"summary_large_image","twitter_misc":{"Est. reading time":"1 minute"},"schema":{"@context":"https:\/\/schema.org","@graph":[{"@type":"WebPage","@id":"https:\/\/mayxaydunghanoi.com\/vi\/san-pham\/may-xuc-lat-xgma953-gau-2-2-4-5m\/","url":"https:\/\/mayxaydunghanoi.com\/vi\/san-pham\/may-xuc-lat-xgma953-gau-2-2-4-5m\/","name":"M\u00e1y x\u00fac l\u1eadt XGMA953 g\u1ea7u 2.2 - 4.5m3 - Hanoi Vietnam Co., Ltd","isPartOf":{"@id":"https:\/\/mayxaydunghanoi.com\/en\/#website"},"primaryImageOfPage":{"@id":"https:\/\/mayxaydunghanoi.com\/vi\/san-pham\/may-xuc-lat-xgma953-gau-2-2-4-5m\/#primaryimage"},"image":{"@id":"https:\/\/mayxaydunghanoi.com\/vi\/san-pham\/may-xuc-lat-xgma953-gau-2-2-4-5m\/#primaryimage"},"thumbnailUrl":"https:\/\/mayxaydunghanoi.com\/wp-content\/uploads\/2020\/08\/may-xuc-lat-xgma953-gau-2-2-4-5m3.jpg","datePublished":"2020-08-20T07:23:04+00:00","dateModified":"2020-08-20T07:25:47+00:00","description":"M\u00e1y x\u00fac l\u1eadt XGMA953 c\u00f3 dung t\u00edch g\u1ea7u t\u1eeb 2.2 \u0111\u1ebfn 4.5m3. M\u00e1y x\u00fac n\u00e0y c\u00f3 h\u1ec7 th\u1ed1ng th\u1ee7y l\u1ef1c ho\u1ea1t \u0111\u1ed9ng t\u1ed1t v\u00e0 h\u1ec7 th\u1ed1ng l\u00e1i v\u1eadn h\u00e0nh \u1ed5n \u0111\u1ecbnh, an to\u00e0n, ch\u00ednh x\u00e1c.","breadcrumb":{"@id":"https:\/\/mayxaydunghanoi.com\/vi\/san-pham\/may-xuc-lat-xgma953-gau-2-2-4-5m\/#breadcrumb"},"inLanguage":"vi-VN","potentialAction":[{"@type":"ReadAction","target":["https:\/\/mayxaydunghanoi.com\/vi\/san-pham\/may-xuc-lat-xgma953-gau-2-2-4-5m\/"]}]},{"@type":"ImageObject","inLanguage":"vi-VN","@id":"https:\/\/mayxaydunghanoi.com\/vi\/san-pham\/may-xuc-lat-xgma953-gau-2-2-4-5m\/#primaryimage","url":"https:\/\/mayxaydunghanoi.com\/wp-content\/uploads\/2020\/08\/may-xuc-lat-xgma953-gau-2-2-4-5m3.jpg","contentUrl":"https:\/\/mayxaydunghanoi.com\/wp-content\/uploads\/2020\/08\/may-xuc-lat-xgma953-gau-2-2-4-5m3.jpg","width":600,"height":400,"caption":"M\u00e1y x\u00fac l\u1eadt XGMA953 g\u1ea7u 2.2-4.5m3"},{"@type":"BreadcrumbList","@id":"https:\/\/mayxaydunghanoi.com\/vi\/san-pham\/may-xuc-lat-xgma953-gau-2-2-4-5m\/#breadcrumb","itemListElement":[{"@type":"ListItem","position":1,"name":"Home","item":"https:\/\/mayxaydunghanoi.com\/vi\/"},{"@type":"ListItem","position":2,"name":"S\u1ea3n ph\u1ea9m","item":"https:\/\/mayxaydunghanoi.com\/vi\/san-pham\/"},{"@type":"ListItem","position":3,"name":"M\u00e1y x\u00fac l\u1eadt XGMA953 g\u1ea7u 2.2 &#8211; 4.5m3"}]},{"@type":"WebSite","@id":"https:\/\/mayxaydunghanoi.com\/en\/#website","url":"https:\/\/mayxaydunghanoi.com\/en\/","name":"Hanoi Vietnam Co., Ltd","description":"","publisher":{"@id":"https:\/\/mayxaydunghanoi.com\/en\/#organization"},"potentialAction":[{"@type":"SearchAction","target":{"@type":"EntryPoint","urlTemplate":"https:\/\/mayxaydunghanoi.com\/en\/?s={search_term_string}"},"query-input":{"@type":"PropertyValueSpecification","valueRequired":true,"valueName":"search_term_string"}}],"inLanguage":"vi-VN"},{"@type":"Organization","@id":"https:\/\/mayxaydunghanoi.com\/en\/#organization","name":"Hanoi Vietnam Co., Ltd","url":"https:\/\/mayxaydunghanoi.com\/en\/","logo":{"@type":"ImageObject","inLanguage":"vi-VN","@id":"https:\/\/mayxaydunghanoi.com\/en\/#\/schema\/logo\/image\/","url":"https:\/\/mayxaydunghanoi.com\/wp-content\/uploads\/2018\/04\/Logo-mayxaydunghanoi-ok.png","contentUrl":"https:\/\/mayxaydunghanoi.com\/wp-content\/uploads\/2018\/04\/Logo-mayxaydunghanoi-ok.png","width":900,"height":900,"caption":"Hanoi Vietnam Co., Ltd"},"image":{"@id":"https:\/\/mayxaydunghanoi.com\/en\/#\/schema\/logo\/image\/"}}]}},"_links":{"self":[{"href":"https:\/\/mayxaydunghanoi.com\/vi\/wp-json\/wp\/v2\/product\/2647","targetHints":{"allow":["GET"]}}],"collection":[{"href":"https:\/\/mayxaydunghanoi.com\/vi\/wp-json\/wp\/v2\/product"}],"about":[{"href":"https:\/\/mayxaydunghanoi.com\/vi\/wp-json\/wp\/v2\/types\/product"}],"replies":[{"embeddable":true,"href":"https:\/\/mayxaydunghanoi.com\/vi\/wp-json\/wp\/v2\/comments?post=2647"}],"wp:featuredmedia":[{"embeddable":true,"href":"https:\/\/mayxaydunghanoi.com\/vi\/wp-json\/wp\/v2\/media\/2739"}],"wp:attachment":[{"href":"https:\/\/mayxaydunghanoi.com\/vi\/wp-json\/wp\/v2\/media?parent=2647"}],"wp:term":[{"taxonomy":"product_brand","embeddable":true,"href":"https:\/\/mayxaydunghanoi.com\/vi\/wp-json\/wp\/v2\/product_brand?post=2647"},{"taxonomy":"product_cat","embeddable":true,"href":"https:\/\/mayxaydunghanoi.com\/vi\/wp-json\/wp\/v2\/product_cat?post=2647"},{"taxonomy":"product_tag","embeddable":true,"href":"https:\/\/mayxaydunghanoi.com\/vi\/wp-json\/wp\/v2\/product_tag?post=2647"}],"curies":[{"name":"wp","href":"https:\/\/api.w.org\/{rel}","templated":true}]}}