{"id":2642,"date":"2020-08-20T13:58:11","date_gmt":"2020-08-20T06:58:11","guid":{"rendered":"https:\/\/mayxaydunghanoi.com\/?post_type=product&#038;p=2642"},"modified":"2023-08-26T00:29:27","modified_gmt":"2023-08-25T17:29:27","slug":"may-xuc-lat-xgma951-gau-3m3","status":"publish","type":"product","link":"https:\/\/mayxaydunghanoi.com\/vi\/san-pham\/may-xuc-lat-xgma951-gau-3m3\/","title":{"rendered":"M\u00e1y x\u00fac l\u1eadt XGMA951 g\u1ea7u 3m3"},"content":{"rendered":"<h2>M\u00e1y x\u00fac l\u1eadt XGMA951 v\u1edbi dung t\u00edch g\u1ea7u 3m3 c\u00f3 h\u1ec7 th\u1ed1ng th\u1ee7y l\u1ef1c ho\u1ea1t \u0111\u1ed9ng t\u1ed1t, h\u1ec7 th\u1ed1ng l\u00e1i v\u1eadn h\u00e0nh \u1ed5n \u0111\u1ecbnh, an to\u00e0n v\u00e0 ch\u00ednh x\u00e1c.<br \/>\n<img loading=\"lazy\" decoding=\"async\" class=\"size-full wp-image-2733\" src=\"https:\/\/mayxaydunghanoi.com\/wp-content\/uploads\/2020\/08\/may-xuc-lat-xgma951-gau-3m3-6.jpg\" width=\"600\" height=\"400\" alt=\"M\u00e1y x\u00fac l\u1eadt XGMA951 g\u1ea7u 3m3\" title=\"M\u00e1y x\u00fac l\u1eadt XGMA951 g\u1ea7u 3m3\" srcset=\"https:\/\/mayxaydunghanoi.com\/wp-content\/uploads\/2020\/08\/may-xuc-lat-xgma951-gau-3m3-6.jpg 600w, https:\/\/mayxaydunghanoi.com\/wp-content\/uploads\/2020\/08\/may-xuc-lat-xgma951-gau-3m3-6-510x340.jpg 510w\" sizes=\"auto, (max-width: 600px) 100vw, 600px\" \/><\/h2>\n<h3 style=\"text-align: center;\">Th\u00f4ng s\u1ed1 k\u1ef9 thu\u1eadt m\u00e1y x\u00fac l\u1eadt XGMA951<\/h3>\n<table class=\"datalist \" width=\"100%\" cellspacing=\"0\" cellpadding=\"0\">\n<tbody>\n<tr>\n<th colspan=\"2\">T\u1ed5ng k\u00edch th\u01b0\u1edbc<\/th>\n<\/tr>\n<tr>\n<td>T\u1ea3i tr\u1ecdng thao t\u00e1c<\/td>\n<td>16300 kg<\/td>\n<\/tr>\n<tr>\n<td>T\u1ed5ng chi\u1ec1u d\u00e0i<\/td>\n<td>7380 mm<\/td>\n<\/tr>\n<tr>\n<td>T\u1ed5ng chi\u1ec1u r\u1ed9ng<\/td>\n<td>2990 mm<\/td>\n<\/tr>\n<tr>\n<td>T\u1ed5ng chi\u1ec1u cao<\/td>\n<td>3230 mm<\/td>\n<\/tr>\n<tr>\n<td>K\u00edch th\u01b0\u1edbc l\u1ed1p<\/td>\n<td>23.5-25-16 PR<\/td>\n<\/tr>\n<tr>\n<th colspan=\"2\">Tham s\u1ed1 k\u1ef9 thu\u1eadt<\/th>\n<\/tr>\n<tr>\n<td>C\u00f4ng su\u1ea5t \u0111\u1ecbnh m\u1ee9c<\/td>\n<td>162 kw (Shangchai D9-220)<\/td>\n<\/tr>\n<tr>\n<td>T\u1ea3i tr\u1ecdng ti\u00eau chu\u1ea9n<\/td>\n<td>5000 kg<\/td>\n<\/tr>\n<tr>\n<td>Dung t\u00edch g\u1ea7u<\/td>\n<td>3.00 m\u00b3<\/td>\n<\/tr>\n<tr>\n<td>Chi\u1ec1u cao \u0111\u1ed5<\/td>\n<td>3030 mm<\/td>\n<\/tr>\n<tr>\n<td>Kho\u1ea3ng v\u01b0\u01a1n \u0111\u1ed5<\/td>\n<td>1300 mm<\/td>\n<\/tr>\n<tr>\n<td>H\u1ed9p s\u1ed1<\/td>\n<td>XG<\/td>\n<\/tr>\n<tr>\n<td>Th\u1eddi gian n\u00e2ng<\/td>\n<td>6.5 s<\/td>\n<\/tr>\n<tr>\n<td>T\u1ed5ng th\u1eddi gian chu k\u1ef3<\/td>\n<td>10.5 s<\/td>\n<\/tr>\n<tr>\n<td>G\u00f3c quay<\/td>\n<td>\u00b135\u00b0<\/td>\n<\/tr>\n<tr>\n<td>B\u00e1n k\u00ednh quay<\/td>\n<td>6450 mm<\/td>\n<\/tr>\n<tr>\n<td>Dung t\u00edch th\u00f9ng \u0111\u1ef1ng nhi\u00ean li\u1ec7u<\/td>\n<td>200 L<\/td>\n<\/tr>\n<tr>\n<td>Dung t\u00edch th\u00f9ng \u0111\u1ef1ng d\u1ea7u th\u1ee7y l\u1ef1c<\/td>\n<td>280 L<\/td>\n<\/tr>\n<tr>\n<th colspan=\"2\">T\u1ed1c \u0111\u1ed9 di chuy\u1ec3n<\/th>\n<\/tr>\n<tr>\n<td>Ph\u1ea1m vi t\u1ed1c \u0111\u1ed9 (ti\u1ebfn\/l\u00f9i)<\/td>\n<td>2\/1<\/td>\n<\/tr>\n<tr>\n<td>Ti\u1ebfn s\u1ed1 I<\/td>\n<td>11.5 km\/h<\/td>\n<\/tr>\n<tr>\n<td>Ti\u1ebfn s\u1ed1 II<\/td>\n<td>38 km\/h<\/td>\n<\/tr>\n<tr>\n<td>L\u00f9i s\u1ed1 I<\/td>\n<td>16 km\/h<\/td>\n<\/tr>\n<tr>\n<th colspan=\"2\">Thi\u1ebft b\u1ecb l\u1ef1a ch\u1ecdn<\/th>\n<\/tr>\n<tr>\n<td colspan=\"2\">(1) \u0110\u1ed9ng c\u01a1: Yu Chai YC6M, Wei Chai WD615<\/td>\n<\/tr>\n<tr>\n<td colspan=\"2\">(2) Kh\u1edfi \u0111\u1ed9ng l\u1ea1nh, b\u1ed9 l\u1ecdc kh\u00ed 3 c\u1ea5p \u0111\u1ed9<\/td>\n<\/tr>\n<tr>\n<td colspan=\"2\">(3) G\u1ea7u \u0111\u00e1, g\u1ea7u than, g\u1ea7u k\u1eb9p g\u1ed7, g\u1ea7u v\u1eadt li\u1ec7u nh\u1eb9, g\u1ea7u \u0111\u1ed5 nghi\u00eang, c\u1ea7n tr\u1ee5c d\u00e0i<\/td>\n<\/tr>\n<tr>\n<td colspan=\"2\">(4) Ng\u00e0m k\u1eb9p log, ng\u00e0m k\u1eb9p c\u1ecf, thi\u1ebft b\u1ecb \u1ee7i tuy\u1ebft<\/td>\n<\/tr>\n<tr>\n<td colspan=\"2\">(5) Van 3 chi\u1ec1u, Redirector EATON, \u1ed1ng th\u1ee7y l\u1ef1c PARKER<\/td>\n<\/tr>\n<tr>\n<td colspan=\"2\">(6) H\u1ec7 th\u1ed1ng s\u01b0\u1edfi, h\u1ec7 th\u1ed1ng \u0111i\u1ec1u h\u00f2a (n\u00f3ng, l\u1ea1nh)<\/td>\n<\/tr>\n<tr>\n<td colspan=\"2\">(7) Gh\u1ebf Grammer, gh\u1ebf Grammer \u0111\u1eb9p ( v\u1edbi t\u1ef1a tay, g\u1ed1i \u0111\u1ea7u, d\u00e2y an to\u00e0n)<\/td>\n<\/tr>\n<tr>\n<td colspan=\"2\">(8) M\u00e1y b\u1ea3o v\u1ec7 kh\u1edfi \u0111\u1ed9ng s\u1ed1 0, \u0111\u00e8n c\u1ea3nh b\u00e1o di \u0111\u1ed9ng, \u0111\u00e8n l\u00e0m vi\u1ec7c \u0111\u00f4i ban \u0111\u00eam<\/td>\n<\/tr>\n<tr>\n<td colspan=\"2\">(9) S\u01a1n ICI nh\u1eadp kh\u1ea9u<\/td>\n<\/tr>\n<\/tbody>\n<\/table>\n","protected":false},"excerpt":{"rendered":"<ul>\n<li>Xu\u1ea5t x\u1ee9: Trung Qu\u1ed1c<\/li>\n<li>Th\u1ec3 t\u00edch g\u1ea7u: 3m3<\/li>\n<\/ul>\n","protected":false},"featured_media":2733,"comment_status":"open","ping_status":"closed","template":"","meta":[],"product_brand":[],"product_cat":[327],"product_tag":[334,335],"class_list":{"0":"post-2642","1":"product","2":"type-product","3":"status-publish","4":"has-post-thumbnail","6":"product_cat-may-xuc-lat-xgma","7":"product_tag-may-xuc-gau-3m3","8":"product_tag-xgma951","10":"first","11":"instock","12":"shipping-taxable","13":"product-type-simple"},"yoast_head":"<!-- This site is optimized with the Yoast SEO Premium plugin v26.1 (Yoast SEO v26.6) - https:\/\/yoast.com\/wordpress\/plugins\/seo\/ -->\n<title>M\u00e1y x\u00fac l\u1eadt XGMA951 g\u1ea7u 3m3 - Hanoi Vietnam Co., Ltd<\/title>\n<meta name=\"description\" content=\"M\u00e1y x\u00fac l\u1eadt XGMA951 v\u1edbi dung t\u00edch g\u1ea7u 3m3 c\u00f3 h\u1ec7 th\u1ed1ng th\u1ee7y l\u1ef1c ho\u1ea1t \u0111\u1ed9ng t\u1ed1t, h\u1ec7 th\u1ed1ng l\u00e1i v\u1eadn h\u00e0nh \u1ed5n \u0111\u1ecbnh, an to\u00e0n v\u00e0 ch\u00ednh x\u00e1c.\" \/>\n<meta name=\"robots\" content=\"index, follow, max-snippet:-1, max-image-preview:large, max-video-preview:-1\" \/>\n<link rel=\"canonical\" href=\"https:\/\/mayxaydunghanoi.com\/vi\/san-pham\/may-xuc-lat-xgma951-gau-3m3\/\" \/>\n<meta property=\"og:locale\" content=\"vi_VN\" \/>\n<meta property=\"og:type\" content=\"article\" \/>\n<meta property=\"og:title\" content=\"M\u00e1y x\u00fac l\u1eadt XGMA951 g\u1ea7u 3m3\" \/>\n<meta property=\"og:description\" content=\"M\u00e1y x\u00fac l\u1eadt XGMA951 v\u1edbi dung t\u00edch g\u1ea7u 3m3 c\u00f3 h\u1ec7 th\u1ed1ng th\u1ee7y l\u1ef1c ho\u1ea1t \u0111\u1ed9ng t\u1ed1t, h\u1ec7 th\u1ed1ng l\u00e1i v\u1eadn h\u00e0nh \u1ed5n \u0111\u1ecbnh, an to\u00e0n v\u00e0 ch\u00ednh x\u00e1c.\" \/>\n<meta property=\"og:url\" content=\"https:\/\/mayxaydunghanoi.com\/vi\/san-pham\/may-xuc-lat-xgma951-gau-3m3\/\" \/>\n<meta property=\"og:site_name\" content=\"Hanoi Vietnam Co., Ltd\" \/>\n<meta property=\"article:modified_time\" content=\"2023-08-25T17:29:27+00:00\" \/>\n<meta property=\"og:image\" content=\"https:\/\/mayxaydunghanoi.com\/wp-content\/uploads\/2020\/08\/may-xuc-lat-xgma951-gau-3m3-6.jpg\" \/>\n\t<meta property=\"og:image:width\" content=\"600\" \/>\n\t<meta property=\"og:image:height\" content=\"400\" \/>\n\t<meta property=\"og:image:type\" content=\"image\/jpeg\" \/>\n<meta name=\"twitter:card\" content=\"summary_large_image\" \/>\n<meta name=\"twitter:label1\" content=\"Est. reading time\" \/>\n\t<meta name=\"twitter:data1\" content=\"2 minutes\" \/>\n<script type=\"application\/ld+json\" class=\"yoast-schema-graph\">{\"@context\":\"https:\/\/schema.org\",\"@graph\":[{\"@type\":\"WebPage\",\"@id\":\"https:\/\/mayxaydunghanoi.com\/vi\/san-pham\/may-xuc-lat-xgma951-gau-3m3\/\",\"url\":\"https:\/\/mayxaydunghanoi.com\/vi\/san-pham\/may-xuc-lat-xgma951-gau-3m3\/\",\"name\":\"M\u00e1y x\u00fac l\u1eadt XGMA951 g\u1ea7u 3m3 - Hanoi Vietnam Co., Ltd\",\"isPartOf\":{\"@id\":\"https:\/\/mayxaydunghanoi.com\/en\/#website\"},\"primaryImageOfPage\":{\"@id\":\"https:\/\/mayxaydunghanoi.com\/vi\/san-pham\/may-xuc-lat-xgma951-gau-3m3\/#primaryimage\"},\"image\":{\"@id\":\"https:\/\/mayxaydunghanoi.com\/vi\/san-pham\/may-xuc-lat-xgma951-gau-3m3\/#primaryimage\"},\"thumbnailUrl\":\"https:\/\/mayxaydunghanoi.com\/wp-content\/uploads\/2020\/08\/may-xuc-lat-xgma951-gau-3m3-6.jpg\",\"datePublished\":\"2020-08-20T06:58:11+00:00\",\"dateModified\":\"2023-08-25T17:29:27+00:00\",\"description\":\"M\u00e1y x\u00fac l\u1eadt XGMA951 v\u1edbi dung t\u00edch g\u1ea7u 3m3 c\u00f3 h\u1ec7 th\u1ed1ng th\u1ee7y l\u1ef1c ho\u1ea1t \u0111\u1ed9ng t\u1ed1t, h\u1ec7 th\u1ed1ng l\u00e1i v\u1eadn h\u00e0nh \u1ed5n \u0111\u1ecbnh, an to\u00e0n v\u00e0 ch\u00ednh x\u00e1c.\",\"breadcrumb\":{\"@id\":\"https:\/\/mayxaydunghanoi.com\/vi\/san-pham\/may-xuc-lat-xgma951-gau-3m3\/#breadcrumb\"},\"inLanguage\":\"vi-VN\",\"potentialAction\":[{\"@type\":\"ReadAction\",\"target\":[\"https:\/\/mayxaydunghanoi.com\/vi\/san-pham\/may-xuc-lat-xgma951-gau-3m3\/\"]}]},{\"@type\":\"ImageObject\",\"inLanguage\":\"vi-VN\",\"@id\":\"https:\/\/mayxaydunghanoi.com\/vi\/san-pham\/may-xuc-lat-xgma951-gau-3m3\/#primaryimage\",\"url\":\"https:\/\/mayxaydunghanoi.com\/wp-content\/uploads\/2020\/08\/may-xuc-lat-xgma951-gau-3m3-6.jpg\",\"contentUrl\":\"https:\/\/mayxaydunghanoi.com\/wp-content\/uploads\/2020\/08\/may-xuc-lat-xgma951-gau-3m3-6.jpg\",\"width\":600,\"height\":400,\"caption\":\"M\u00e1y x\u00fac l\u1eadt XGMA951 g\u1ea7u 3m3\"},{\"@type\":\"BreadcrumbList\",\"@id\":\"https:\/\/mayxaydunghanoi.com\/vi\/san-pham\/may-xuc-lat-xgma951-gau-3m3\/#breadcrumb\",\"itemListElement\":[{\"@type\":\"ListItem\",\"position\":1,\"name\":\"Home\",\"item\":\"https:\/\/mayxaydunghanoi.com\/vi\/\"},{\"@type\":\"ListItem\",\"position\":2,\"name\":\"S\u1ea3n ph\u1ea9m\",\"item\":\"https:\/\/mayxaydunghanoi.com\/vi\/san-pham\/\"},{\"@type\":\"ListItem\",\"position\":3,\"name\":\"M\u00e1y x\u00fac l\u1eadt XGMA951 g\u1ea7u 3m3\"}]},{\"@type\":\"WebSite\",\"@id\":\"https:\/\/mayxaydunghanoi.com\/en\/#website\",\"url\":\"https:\/\/mayxaydunghanoi.com\/en\/\",\"name\":\"Hanoi Vietnam Co., Ltd\",\"description\":\"\",\"publisher\":{\"@id\":\"https:\/\/mayxaydunghanoi.com\/en\/#organization\"},\"potentialAction\":[{\"@type\":\"SearchAction\",\"target\":{\"@type\":\"EntryPoint\",\"urlTemplate\":\"https:\/\/mayxaydunghanoi.com\/en\/?s={search_term_string}\"},\"query-input\":{\"@type\":\"PropertyValueSpecification\",\"valueRequired\":true,\"valueName\":\"search_term_string\"}}],\"inLanguage\":\"vi-VN\"},{\"@type\":\"Organization\",\"@id\":\"https:\/\/mayxaydunghanoi.com\/en\/#organization\",\"name\":\"Hanoi Vietnam Co., Ltd\",\"url\":\"https:\/\/mayxaydunghanoi.com\/en\/\",\"logo\":{\"@type\":\"ImageObject\",\"inLanguage\":\"vi-VN\",\"@id\":\"https:\/\/mayxaydunghanoi.com\/en\/#\/schema\/logo\/image\/\",\"url\":\"https:\/\/mayxaydunghanoi.com\/wp-content\/uploads\/2018\/04\/Logo-mayxaydunghanoi-ok.png\",\"contentUrl\":\"https:\/\/mayxaydunghanoi.com\/wp-content\/uploads\/2018\/04\/Logo-mayxaydunghanoi-ok.png\",\"width\":900,\"height\":900,\"caption\":\"Hanoi Vietnam Co., Ltd\"},\"image\":{\"@id\":\"https:\/\/mayxaydunghanoi.com\/en\/#\/schema\/logo\/image\/\"}}]}<\/script>\n<!-- \/ Yoast SEO Premium plugin. -->","yoast_head_json":{"title":"M\u00e1y x\u00fac l\u1eadt XGMA951 g\u1ea7u 3m3 - Hanoi Vietnam Co., Ltd","description":"M\u00e1y x\u00fac l\u1eadt XGMA951 v\u1edbi dung t\u00edch g\u1ea7u 3m3 c\u00f3 h\u1ec7 th\u1ed1ng th\u1ee7y l\u1ef1c ho\u1ea1t \u0111\u1ed9ng t\u1ed1t, h\u1ec7 th\u1ed1ng l\u00e1i v\u1eadn h\u00e0nh \u1ed5n \u0111\u1ecbnh, an to\u00e0n v\u00e0 ch\u00ednh x\u00e1c.","robots":{"index":"index","follow":"follow","max-snippet":"max-snippet:-1","max-image-preview":"max-image-preview:large","max-video-preview":"max-video-preview:-1"},"canonical":"https:\/\/mayxaydunghanoi.com\/vi\/san-pham\/may-xuc-lat-xgma951-gau-3m3\/","og_locale":"vi_VN","og_type":"article","og_title":"M\u00e1y x\u00fac l\u1eadt XGMA951 g\u1ea7u 3m3","og_description":"M\u00e1y x\u00fac l\u1eadt XGMA951 v\u1edbi dung t\u00edch g\u1ea7u 3m3 c\u00f3 h\u1ec7 th\u1ed1ng th\u1ee7y l\u1ef1c ho\u1ea1t \u0111\u1ed9ng t\u1ed1t, h\u1ec7 th\u1ed1ng l\u00e1i v\u1eadn h\u00e0nh \u1ed5n \u0111\u1ecbnh, an to\u00e0n v\u00e0 ch\u00ednh x\u00e1c.","og_url":"https:\/\/mayxaydunghanoi.com\/vi\/san-pham\/may-xuc-lat-xgma951-gau-3m3\/","og_site_name":"Hanoi Vietnam Co., Ltd","article_modified_time":"2023-08-25T17:29:27+00:00","og_image":[{"width":600,"height":400,"url":"https:\/\/mayxaydunghanoi.com\/wp-content\/uploads\/2020\/08\/may-xuc-lat-xgma951-gau-3m3-6.jpg","type":"image\/jpeg"}],"twitter_card":"summary_large_image","twitter_misc":{"Est. reading time":"2 minutes"},"schema":{"@context":"https:\/\/schema.org","@graph":[{"@type":"WebPage","@id":"https:\/\/mayxaydunghanoi.com\/vi\/san-pham\/may-xuc-lat-xgma951-gau-3m3\/","url":"https:\/\/mayxaydunghanoi.com\/vi\/san-pham\/may-xuc-lat-xgma951-gau-3m3\/","name":"M\u00e1y x\u00fac l\u1eadt XGMA951 g\u1ea7u 3m3 - Hanoi Vietnam Co., Ltd","isPartOf":{"@id":"https:\/\/mayxaydunghanoi.com\/en\/#website"},"primaryImageOfPage":{"@id":"https:\/\/mayxaydunghanoi.com\/vi\/san-pham\/may-xuc-lat-xgma951-gau-3m3\/#primaryimage"},"image":{"@id":"https:\/\/mayxaydunghanoi.com\/vi\/san-pham\/may-xuc-lat-xgma951-gau-3m3\/#primaryimage"},"thumbnailUrl":"https:\/\/mayxaydunghanoi.com\/wp-content\/uploads\/2020\/08\/may-xuc-lat-xgma951-gau-3m3-6.jpg","datePublished":"2020-08-20T06:58:11+00:00","dateModified":"2023-08-25T17:29:27+00:00","description":"M\u00e1y x\u00fac l\u1eadt XGMA951 v\u1edbi dung t\u00edch g\u1ea7u 3m3 c\u00f3 h\u1ec7 th\u1ed1ng th\u1ee7y l\u1ef1c ho\u1ea1t \u0111\u1ed9ng t\u1ed1t, h\u1ec7 th\u1ed1ng l\u00e1i v\u1eadn h\u00e0nh \u1ed5n \u0111\u1ecbnh, an to\u00e0n v\u00e0 ch\u00ednh x\u00e1c.","breadcrumb":{"@id":"https:\/\/mayxaydunghanoi.com\/vi\/san-pham\/may-xuc-lat-xgma951-gau-3m3\/#breadcrumb"},"inLanguage":"vi-VN","potentialAction":[{"@type":"ReadAction","target":["https:\/\/mayxaydunghanoi.com\/vi\/san-pham\/may-xuc-lat-xgma951-gau-3m3\/"]}]},{"@type":"ImageObject","inLanguage":"vi-VN","@id":"https:\/\/mayxaydunghanoi.com\/vi\/san-pham\/may-xuc-lat-xgma951-gau-3m3\/#primaryimage","url":"https:\/\/mayxaydunghanoi.com\/wp-content\/uploads\/2020\/08\/may-xuc-lat-xgma951-gau-3m3-6.jpg","contentUrl":"https:\/\/mayxaydunghanoi.com\/wp-content\/uploads\/2020\/08\/may-xuc-lat-xgma951-gau-3m3-6.jpg","width":600,"height":400,"caption":"M\u00e1y x\u00fac l\u1eadt XGMA951 g\u1ea7u 3m3"},{"@type":"BreadcrumbList","@id":"https:\/\/mayxaydunghanoi.com\/vi\/san-pham\/may-xuc-lat-xgma951-gau-3m3\/#breadcrumb","itemListElement":[{"@type":"ListItem","position":1,"name":"Home","item":"https:\/\/mayxaydunghanoi.com\/vi\/"},{"@type":"ListItem","position":2,"name":"S\u1ea3n ph\u1ea9m","item":"https:\/\/mayxaydunghanoi.com\/vi\/san-pham\/"},{"@type":"ListItem","position":3,"name":"M\u00e1y x\u00fac l\u1eadt XGMA951 g\u1ea7u 3m3"}]},{"@type":"WebSite","@id":"https:\/\/mayxaydunghanoi.com\/en\/#website","url":"https:\/\/mayxaydunghanoi.com\/en\/","name":"Hanoi Vietnam Co., Ltd","description":"","publisher":{"@id":"https:\/\/mayxaydunghanoi.com\/en\/#organization"},"potentialAction":[{"@type":"SearchAction","target":{"@type":"EntryPoint","urlTemplate":"https:\/\/mayxaydunghanoi.com\/en\/?s={search_term_string}"},"query-input":{"@type":"PropertyValueSpecification","valueRequired":true,"valueName":"search_term_string"}}],"inLanguage":"vi-VN"},{"@type":"Organization","@id":"https:\/\/mayxaydunghanoi.com\/en\/#organization","name":"Hanoi Vietnam Co., Ltd","url":"https:\/\/mayxaydunghanoi.com\/en\/","logo":{"@type":"ImageObject","inLanguage":"vi-VN","@id":"https:\/\/mayxaydunghanoi.com\/en\/#\/schema\/logo\/image\/","url":"https:\/\/mayxaydunghanoi.com\/wp-content\/uploads\/2018\/04\/Logo-mayxaydunghanoi-ok.png","contentUrl":"https:\/\/mayxaydunghanoi.com\/wp-content\/uploads\/2018\/04\/Logo-mayxaydunghanoi-ok.png","width":900,"height":900,"caption":"Hanoi Vietnam Co., Ltd"},"image":{"@id":"https:\/\/mayxaydunghanoi.com\/en\/#\/schema\/logo\/image\/"}}]}},"_links":{"self":[{"href":"https:\/\/mayxaydunghanoi.com\/vi\/wp-json\/wp\/v2\/product\/2642","targetHints":{"allow":["GET"]}}],"collection":[{"href":"https:\/\/mayxaydunghanoi.com\/vi\/wp-json\/wp\/v2\/product"}],"about":[{"href":"https:\/\/mayxaydunghanoi.com\/vi\/wp-json\/wp\/v2\/types\/product"}],"replies":[{"embeddable":true,"href":"https:\/\/mayxaydunghanoi.com\/vi\/wp-json\/wp\/v2\/comments?post=2642"}],"wp:featuredmedia":[{"embeddable":true,"href":"https:\/\/mayxaydunghanoi.com\/vi\/wp-json\/wp\/v2\/media\/2733"}],"wp:attachment":[{"href":"https:\/\/mayxaydunghanoi.com\/vi\/wp-json\/wp\/v2\/media?parent=2642"}],"wp:term":[{"taxonomy":"product_brand","embeddable":true,"href":"https:\/\/mayxaydunghanoi.com\/vi\/wp-json\/wp\/v2\/product_brand?post=2642"},{"taxonomy":"product_cat","embeddable":true,"href":"https:\/\/mayxaydunghanoi.com\/vi\/wp-json\/wp\/v2\/product_cat?post=2642"},{"taxonomy":"product_tag","embeddable":true,"href":"https:\/\/mayxaydunghanoi.com\/vi\/wp-json\/wp\/v2\/product_tag?post=2642"}],"curies":[{"name":"wp","href":"https:\/\/api.w.org\/{rel}","templated":true}]}}