{"id":1797,"date":"2020-04-25T21:33:43","date_gmt":"2020-04-25T14:33:43","guid":{"rendered":"https:\/\/mayxaydunghanoi.com\/?post_type=product&#038;p=1797"},"modified":"2020-09-24T05:45:38","modified_gmt":"2020-09-23T22:45:38","slug":"may-xuc-lat-zkjf910-gau-0-5m3","status":"publish","type":"product","link":"https:\/\/mayxaydunghanoi.com\/vi\/san-pham\/may-xuc-lat-zkjf910-gau-0-5m3\/","title":{"rendered":"M\u00e1y x\u00fac l\u1eadt ZKJF910 g\u1ea7u 0.5m3"},"content":{"rendered":"<h2>M\u00e1y x\u00fac l\u1eadt ZKJF910 \u0111\u01b0\u1ee3c c\u00f4ng ty TNHH Hanoi Vietnam nh\u1eadp kh\u1ea9u tr\u1ef1c ti\u1ebfp t\u1eeb Trung Qu\u1ed1c. M\u00e1y x\u00fac c\u00f3 t\u1ea3i tr\u1ecdng n\u00e2ng 1000kg v\u00e0 s\u1eed d\u1ee5ng g\u1ea7u 0.5m3.<\/h2>\n<p>K\u00ednh ch\u00e0o qu\u00fd kh\u00e1ch h\u00e0ng, n\u1eafm b\u1eaft \u0111\u01b0\u1ee3c nhu c\u1ea7u v\u1ec1 vi\u1ec7c s\u1eed d\u1ee5ng m\u00e1y x\u00fac n\u00f3i chung v\u00e0 m\u00e1y x\u00fac l\u1eadt n\u00f3i ri\u00eang t\u1ea1i th\u1ecb tr\u01b0\u1eddng Vi\u1ec7t Nam, Hanoi Vietnam \u0111\u00e3 nh\u1eadp v\u1ec1 lo\u1ea1i m\u00e1y x\u00fac mang th\u01b0\u01a1ng hi\u1ec7u ZKJF &#8211; JongKeJufeng thu\u1ed9c c\u00f4ng ty Laizhou Jufeng, m\u1ed9t trong nh\u1eefng c\u00f4ng ty chuy\u00ean s\u1ea3n xu\u1ea5t m\u00e1y x\u00e2y d\u1ef1ng h\u00e0ng \u0111\u1ea7u Trung Qu\u1ed1c.<\/p>\n<p>ZKJF910 l\u00e0 lo\u1ea1i m\u00e1y x\u00fac l\u1eadt mini v\u1edbi \u01b0u \u0111i\u1ec3m thi\u1ebft k\u1ebf nh\u1ecf g\u1ecdn, tr\u1ecdng l\u01b0\u1ee3ng m\u00e1y 2,2 t\u1ea5n; c\u00f4ng su\u1ea5t 42kw, g\u1ea7u 0.5m3, t\u1ea3i tr\u1ecdng n\u00e2ng 1 t\u1ea5n, di chuy\u1ec3n b\u1eb1ng b\u00e1nh l\u1ed1p c\u00f3 t\u1ed1c \u0111\u1ed9 di chuy\u1ec3n nhanh n\u00ean th\u00edch h\u1ee3p l\u00e0m c\u00e1c c\u00f4ng vi\u1ec7c nh\u01b0 x\u00fac v\u1eadt li\u1ec7u, kho\u00e1ng s\u1ea3n (than, \u0111\u00e1) t\u1ea1i c\u00f4ng tr\u01b0\u1eddng, nh\u00e0 m\u00e1y, b\u1ebfn b\u00e3i..nh\u1ecf.<\/p>\n<h3>Th\u00f4ng s\u1ed1 k\u1ef9 thu\u1eadt m\u00e1y x\u00fac l\u1eadt ZKJF910<\/h3>\n<table style=\"width: 430px;\">\n<tbody>\n<tr>\n<td style=\"width: 175px;\"><strong>Model<\/strong><\/td>\n<td style=\"width: 239px;\"><strong>ZKJF 910<\/strong><\/td>\n<\/tr>\n<tr>\n<td style=\"width: 175px;\">N\u01a1i s\u1ea3n xu\u1ea5t<\/td>\n<td style=\"width: 239px;\">Trung Qu\u1ed1c<\/td>\n<\/tr>\n<tr>\n<td style=\"width: 175px;\">t\u1ea3i tr\u1ecdng n\u00e2ng<\/td>\n<td style=\"width: 239px;\">1000kg<\/td>\n<\/tr>\n<tr>\n<td style=\"width: 175px;\">G\u1ea7u m3<\/td>\n<td style=\"width: 239px;\">0.5 m3<\/td>\n<\/tr>\n<tr>\n<td style=\"width: 175px;\">K\u00edch th\u01b0\u1edbc chi\u1ec1u r\u1ed9ng g\u1ea7u<\/td>\n<td style=\"width: 239px;\">1300 kg<\/td>\n<\/tr>\n<tr>\n<td style=\"width: 175px;\">Chi\u1ec1u cao \u0111\u1ed5<\/td>\n<td style=\"width: 239px;\">2800 mm<\/td>\n<\/tr>\n<tr>\n<td style=\"width: 175px;\">C\u1ef1 ly x\u1ea3 th\u1ea3i<\/td>\n<td style=\"width: 239px;\">740mm<\/td>\n<\/tr>\n<tr>\n<td style=\"width: 175px;\">T\u1ed1c \u0111\u1ed9 di chuy\u1ec3n t\u1ed1i \u0111a<\/td>\n<td style=\"width: 239px;\">30 km\/h<\/td>\n<\/tr>\n<tr>\n<td style=\"width: 175px;\">G\u00f3c \u0111\u1ed5 l\u1edbn nh\u1ea5t<\/td>\n<td style=\"width: 239px;\">40\u00ba<\/td>\n<\/tr>\n<tr>\n<td style=\"width: 175px;\">\u0110\u1ed9 leo d\u1ed1c<\/td>\n<td style=\"width: 239px;\">30 (\u00ba)<\/td>\n<\/tr>\n<tr>\n<td style=\"width: 175px;\">C\u00f4ng su\u1ea5t \u0111\u1ed9ng c\u01a1<\/td>\n<td style=\"width: 239px;\">42 kw<\/td>\n<\/tr>\n<tr>\n<td style=\"width: 175px;\">Nh\u00e3n hi\u1ec7u \u0111\u1ed9ng c\u01a1 , c\u00f3 Tu b\u00f4<\/td>\n<td style=\"width: 239px;\">HUICHAI,490,Natually-aspired<\/td>\n<\/tr>\n<tr>\n<td style=\"width: 175px;\">H\u1ed9p s\u1ed1 t\u1ef1 \u0111\u1ed9ng<\/td>\n<td style=\"width: 239px;\">Autumatic, 2F +2R<\/td>\n<\/tr>\n<tr>\n<td style=\"width: 175px;\">H\u1ec7 th\u1ed1ng phanh<\/td>\n<td style=\"width: 239px;\">Phanh d\u1ea7u<\/td>\n<\/tr>\n<tr>\n<td style=\"width: 175px;\">Ki\u1ec3u l\u1ed1p<\/td>\n<td style=\"width: 239px;\">10.00-16<\/td>\n<\/tr>\n<tr>\n<td style=\"width: 175px;\">T\u1ed5ng tr\u1ecdng l\u01b0\u1ee3ng m\u00e1y<\/td>\n<td style=\"width: 239px;\">2200 kg<\/td>\n<\/tr>\n<tr>\n<td style=\"width: 175px;\">K\u00edch th\u01b0\u1edbc t\u1ed5ng th\u1ec3<\/td>\n<td style=\"width: 239px;\">4800x1300x2500 mm<\/td>\n<\/tr>\n<\/tbody>\n<\/table>\n<h3>H\u00ecnh \u1ea3nh M\u00e1y x\u00fac l\u1eadt g\u1ea7u 0.5m3 ZKJF910<\/h3>\n<p>D\u01b0\u1edbi \u0111\u00e2y l\u00e0 h\u00ecnh \u1ea3nh c\u1ee7a m\u00e1y x\u00fac l\u1eadt ZKJF910, qu\u00fd kh\u00e1ch c\u1ea7n xem tr\u1ef1c ti\u1ebfp vui l\u00f2ng g\u1ecdi 0906 601 755. Xin c\u1ea3m \u01a1n.<\/p>\n<p><img alt=\"M\u00e1y x\u00fac l\u1eadt ZKJF910 g\u1ea7u 0.5m3\" loading=\"lazy\" decoding=\"async\" class=\"size-full wp-image-2718\" src=\"https:\/\/mayxaydunghanoi.com\/wp-content\/uploads\/2020\/08\/may-xuc-lat-zkjf910-gau-0-5m3-3.png\" width=\"600\" height=\"437\" srcset=\"https:\/\/mayxaydunghanoi.com\/wp-content\/uploads\/2020\/08\/may-xuc-lat-zkjf910-gau-0-5m3-3.png 600w, https:\/\/mayxaydunghanoi.com\/wp-content\/uploads\/2020\/08\/may-xuc-lat-zkjf910-gau-0-5m3-3-510x371.png 510w\" sizes=\"auto, (max-width: 600px) 100vw, 600px\" \/><\/p>\n<p><img alt=\"M\u00e1y x\u00fac l\u1eadt ZKJF910 g\u1ea7u 0.5m3\" loading=\"lazy\" decoding=\"async\" class=\"size-full wp-image-2720\" src=\"https:\/\/mayxaydunghanoi.com\/wp-content\/uploads\/2020\/08\/may-xuc-lat-zkjf910-gau-0-5m3-4.png\" width=\"600\" height=\"356\" srcset=\"https:\/\/mayxaydunghanoi.com\/wp-content\/uploads\/2020\/08\/may-xuc-lat-zkjf910-gau-0-5m3-4.png 600w, https:\/\/mayxaydunghanoi.com\/wp-content\/uploads\/2020\/08\/may-xuc-lat-zkjf910-gau-0-5m3-4-510x303.png 510w\" sizes=\"auto, (max-width: 600px) 100vw, 600px\" \/><\/p>\n<p><img alt=\"M\u00e1y x\u00fac l\u1eadt ZKJF910 g\u1ea7u 0.5m3\" loading=\"lazy\" decoding=\"async\" class=\"size-full wp-image-2722\" src=\"https:\/\/mayxaydunghanoi.com\/wp-content\/uploads\/2020\/08\/may-xuc-lat-zkjf910-gau-0-5m3-5.png\" width=\"600\" height=\"517\" srcset=\"https:\/\/mayxaydunghanoi.com\/wp-content\/uploads\/2020\/08\/may-xuc-lat-zkjf910-gau-0-5m3-5.png 600w, https:\/\/mayxaydunghanoi.com\/wp-content\/uploads\/2020\/08\/may-xuc-lat-zkjf910-gau-0-5m3-5-510x439.png 510w\" sizes=\"auto, (max-width: 600px) 100vw, 600px\" \/><\/p>\n<p><img alt=\"M\u00e1y x\u00fac l\u1eadt ZKJF910 g\u1ea7u 0.5m3\" loading=\"lazy\" decoding=\"async\" class=\"size-full wp-image-2724\" src=\"https:\/\/mayxaydunghanoi.com\/wp-content\/uploads\/2020\/08\/may-xuc-lat-zkjf910-gau-0-5m3-1.jpg\" width=\"600\" height=\"416\" srcset=\"https:\/\/mayxaydunghanoi.com\/wp-content\/uploads\/2020\/08\/may-xuc-lat-zkjf910-gau-0-5m3-1.jpg 600w, https:\/\/mayxaydunghanoi.com\/wp-content\/uploads\/2020\/08\/may-xuc-lat-zkjf910-gau-0-5m3-1-510x354.jpg 510w\" sizes=\"auto, (max-width: 600px) 100vw, 600px\" \/><\/p>\n","protected":false},"excerpt":{"rendered":"<ul>\n<li>T\u00ean g\u1ecdi: m\u00e1y x\u00fac l\u1eadt JF910<\/li>\n<li>Xu\u1ea5t x\u1ee9: Trung Qu\u1ed1c<\/li>\n<li>S\u1eed d\u1ee5ng g\u1ea7u: 0,5m3<\/li>\n<li>T\u00ecnh tr\u1ea1ng: m\u1edbi 100%<\/li>\n<\/ul>\n","protected":false},"featured_media":2718,"comment_status":"open","ping_status":"closed","template":"","meta":[],"product_brand":[],"product_cat":[326],"product_tag":[441,272,336,269,267,266],"class_list":{"0":"post-1797","1":"product","2":"type-product","3":"status-publish","4":"has-post-thumbnail","6":"product_cat-may-xuc-lat-zkjf","7":"product_tag-jf910","8":"product_tag-may-xuc-gau-0-5m3","9":"product_tag-may-xuc-trung-quoc","10":"product_tag-xuc-lat","11":"product_tag-zkjf","12":"product_tag-zkjf910","14":"first","15":"instock","16":"shipping-taxable","17":"product-type-simple"},"yoast_head":"<!-- This site is optimized with the Yoast SEO Premium plugin v26.1 (Yoast SEO v26.6) - https:\/\/yoast.com\/wordpress\/plugins\/seo\/ -->\n<title>M\u00e1y x\u00fac l\u1eadt ZKJF910 g\u1ea7u 0.5m3 - C\u00f4ng ty TNHH Hanoi Vietnam<\/title>\n<meta name=\"description\" content=\"M\u00e1y x\u00fac l\u1eadt ZKJF910 \u0111\u01b0\u1ee3c c\u00f4ng ty TNHH Hanoi Vietnam nh\u1eadp kh\u1ea9u tr\u1ef1c ti\u1ebfp t\u1eeb Trung Qu\u1ed1c. M\u00e1y x\u00fac c\u00f3 t\u1ea3i tr\u1ecdng n\u00e2ng 1000kg v\u00e0 s\u1eed d\u1ee5ng g\u1ea7u 0.5m3.\" \/>\n<meta name=\"robots\" content=\"index, follow, max-snippet:-1, max-image-preview:large, max-video-preview:-1\" \/>\n<link rel=\"canonical\" href=\"https:\/\/mayxaydunghanoi.com\/vi\/san-pham\/may-xuc-lat-zkjf910-gau-0-5m3\/\" \/>\n<meta property=\"og:locale\" content=\"vi_VN\" \/>\n<meta property=\"og:type\" content=\"article\" \/>\n<meta property=\"og:title\" content=\"M\u00e1y x\u00fac l\u1eadt ZKJF910 g\u1ea7u 0.5m3\" \/>\n<meta property=\"og:description\" content=\"M\u00e1y x\u00fac l\u1eadt ZKJF910 \u0111\u01b0\u1ee3c c\u00f4ng ty TNHH Hanoi Vietnam nh\u1eadp kh\u1ea9u tr\u1ef1c ti\u1ebfp t\u1eeb Trung Qu\u1ed1c. M\u00e1y x\u00fac c\u00f3 t\u1ea3i tr\u1ecdng n\u00e2ng 1000kg v\u00e0 s\u1eed d\u1ee5ng g\u1ea7u 0.5m3.\" \/>\n<meta property=\"og:url\" content=\"https:\/\/mayxaydunghanoi.com\/vi\/san-pham\/may-xuc-lat-zkjf910-gau-0-5m3\/\" \/>\n<meta property=\"og:site_name\" content=\"Hanoi Vietnam Co., Ltd\" \/>\n<meta property=\"article:modified_time\" content=\"2020-09-23T22:45:38+00:00\" \/>\n<meta property=\"og:image\" content=\"https:\/\/mayxaydunghanoi.com\/wp-content\/uploads\/2020\/08\/may-xuc-lat-zkjf910-gau-0-5m3-3.png\" \/>\n\t<meta property=\"og:image:width\" content=\"600\" \/>\n\t<meta property=\"og:image:height\" content=\"437\" \/>\n\t<meta property=\"og:image:type\" content=\"image\/png\" \/>\n<meta name=\"twitter:card\" content=\"summary_large_image\" \/>\n<meta name=\"twitter:label1\" content=\"Est. reading time\" \/>\n\t<meta name=\"twitter:data1\" content=\"2 minutes\" \/>\n<script type=\"application\/ld+json\" class=\"yoast-schema-graph\">{\"@context\":\"https:\/\/schema.org\",\"@graph\":[{\"@type\":\"WebPage\",\"@id\":\"https:\/\/mayxaydunghanoi.com\/vi\/san-pham\/may-xuc-lat-zkjf910-gau-0-5m3\/\",\"url\":\"https:\/\/mayxaydunghanoi.com\/vi\/san-pham\/may-xuc-lat-zkjf910-gau-0-5m3\/\",\"name\":\"M\u00e1y x\u00fac l\u1eadt ZKJF910 g\u1ea7u 0.5m3 - C\u00f4ng ty TNHH Hanoi Vietnam\",\"isPartOf\":{\"@id\":\"https:\/\/mayxaydunghanoi.com\/en\/#website\"},\"primaryImageOfPage\":{\"@id\":\"https:\/\/mayxaydunghanoi.com\/vi\/san-pham\/may-xuc-lat-zkjf910-gau-0-5m3\/#primaryimage\"},\"image\":{\"@id\":\"https:\/\/mayxaydunghanoi.com\/vi\/san-pham\/may-xuc-lat-zkjf910-gau-0-5m3\/#primaryimage\"},\"thumbnailUrl\":\"https:\/\/mayxaydunghanoi.com\/wp-content\/uploads\/2020\/08\/may-xuc-lat-zkjf910-gau-0-5m3-3.png\",\"datePublished\":\"2020-04-25T14:33:43+00:00\",\"dateModified\":\"2020-09-23T22:45:38+00:00\",\"description\":\"M\u00e1y x\u00fac l\u1eadt ZKJF910 \u0111\u01b0\u1ee3c c\u00f4ng ty TNHH Hanoi Vietnam nh\u1eadp kh\u1ea9u tr\u1ef1c ti\u1ebfp t\u1eeb Trung Qu\u1ed1c. M\u00e1y x\u00fac c\u00f3 t\u1ea3i tr\u1ecdng n\u00e2ng 1000kg v\u00e0 s\u1eed d\u1ee5ng g\u1ea7u 0.5m3.\",\"breadcrumb\":{\"@id\":\"https:\/\/mayxaydunghanoi.com\/vi\/san-pham\/may-xuc-lat-zkjf910-gau-0-5m3\/#breadcrumb\"},\"inLanguage\":\"vi-VN\",\"potentialAction\":[{\"@type\":\"ReadAction\",\"target\":[\"https:\/\/mayxaydunghanoi.com\/vi\/san-pham\/may-xuc-lat-zkjf910-gau-0-5m3\/\"]}]},{\"@type\":\"ImageObject\",\"inLanguage\":\"vi-VN\",\"@id\":\"https:\/\/mayxaydunghanoi.com\/vi\/san-pham\/may-xuc-lat-zkjf910-gau-0-5m3\/#primaryimage\",\"url\":\"https:\/\/mayxaydunghanoi.com\/wp-content\/uploads\/2020\/08\/may-xuc-lat-zkjf910-gau-0-5m3-3.png\",\"contentUrl\":\"https:\/\/mayxaydunghanoi.com\/wp-content\/uploads\/2020\/08\/may-xuc-lat-zkjf910-gau-0-5m3-3.png\",\"width\":600,\"height\":437,\"caption\":\"May Xuc Lat Zkjf910 Gau 0 5m3 3\"},{\"@type\":\"BreadcrumbList\",\"@id\":\"https:\/\/mayxaydunghanoi.com\/vi\/san-pham\/may-xuc-lat-zkjf910-gau-0-5m3\/#breadcrumb\",\"itemListElement\":[{\"@type\":\"ListItem\",\"position\":1,\"name\":\"Home\",\"item\":\"https:\/\/mayxaydunghanoi.com\/vi\/\"},{\"@type\":\"ListItem\",\"position\":2,\"name\":\"S\u1ea3n ph\u1ea9m\",\"item\":\"https:\/\/mayxaydunghanoi.com\/vi\/san-pham\/\"},{\"@type\":\"ListItem\",\"position\":3,\"name\":\"M\u00e1y x\u00fac l\u1eadt ZKJF910 g\u1ea7u 0.5m3\"}]},{\"@type\":\"WebSite\",\"@id\":\"https:\/\/mayxaydunghanoi.com\/en\/#website\",\"url\":\"https:\/\/mayxaydunghanoi.com\/en\/\",\"name\":\"Hanoi Vietnam Co., Ltd\",\"description\":\"\",\"publisher\":{\"@id\":\"https:\/\/mayxaydunghanoi.com\/en\/#organization\"},\"potentialAction\":[{\"@type\":\"SearchAction\",\"target\":{\"@type\":\"EntryPoint\",\"urlTemplate\":\"https:\/\/mayxaydunghanoi.com\/en\/?s={search_term_string}\"},\"query-input\":{\"@type\":\"PropertyValueSpecification\",\"valueRequired\":true,\"valueName\":\"search_term_string\"}}],\"inLanguage\":\"vi-VN\"},{\"@type\":\"Organization\",\"@id\":\"https:\/\/mayxaydunghanoi.com\/en\/#organization\",\"name\":\"Hanoi Vietnam Co., Ltd\",\"url\":\"https:\/\/mayxaydunghanoi.com\/en\/\",\"logo\":{\"@type\":\"ImageObject\",\"inLanguage\":\"vi-VN\",\"@id\":\"https:\/\/mayxaydunghanoi.com\/en\/#\/schema\/logo\/image\/\",\"url\":\"https:\/\/mayxaydunghanoi.com\/wp-content\/uploads\/2018\/04\/Logo-mayxaydunghanoi-ok.png\",\"contentUrl\":\"https:\/\/mayxaydunghanoi.com\/wp-content\/uploads\/2018\/04\/Logo-mayxaydunghanoi-ok.png\",\"width\":900,\"height\":900,\"caption\":\"Hanoi Vietnam Co., Ltd\"},\"image\":{\"@id\":\"https:\/\/mayxaydunghanoi.com\/en\/#\/schema\/logo\/image\/\"}}]}<\/script>\n<!-- \/ Yoast SEO Premium plugin. -->","yoast_head_json":{"title":"M\u00e1y x\u00fac l\u1eadt ZKJF910 g\u1ea7u 0.5m3 - C\u00f4ng ty TNHH Hanoi Vietnam","description":"M\u00e1y x\u00fac l\u1eadt ZKJF910 \u0111\u01b0\u1ee3c c\u00f4ng ty TNHH Hanoi Vietnam nh\u1eadp kh\u1ea9u tr\u1ef1c ti\u1ebfp t\u1eeb Trung Qu\u1ed1c. M\u00e1y x\u00fac c\u00f3 t\u1ea3i tr\u1ecdng n\u00e2ng 1000kg v\u00e0 s\u1eed d\u1ee5ng g\u1ea7u 0.5m3.","robots":{"index":"index","follow":"follow","max-snippet":"max-snippet:-1","max-image-preview":"max-image-preview:large","max-video-preview":"max-video-preview:-1"},"canonical":"https:\/\/mayxaydunghanoi.com\/vi\/san-pham\/may-xuc-lat-zkjf910-gau-0-5m3\/","og_locale":"vi_VN","og_type":"article","og_title":"M\u00e1y x\u00fac l\u1eadt ZKJF910 g\u1ea7u 0.5m3","og_description":"M\u00e1y x\u00fac l\u1eadt ZKJF910 \u0111\u01b0\u1ee3c c\u00f4ng ty TNHH Hanoi Vietnam nh\u1eadp kh\u1ea9u tr\u1ef1c ti\u1ebfp t\u1eeb Trung Qu\u1ed1c. M\u00e1y x\u00fac c\u00f3 t\u1ea3i tr\u1ecdng n\u00e2ng 1000kg v\u00e0 s\u1eed d\u1ee5ng g\u1ea7u 0.5m3.","og_url":"https:\/\/mayxaydunghanoi.com\/vi\/san-pham\/may-xuc-lat-zkjf910-gau-0-5m3\/","og_site_name":"Hanoi Vietnam Co., Ltd","article_modified_time":"2020-09-23T22:45:38+00:00","og_image":[{"width":600,"height":437,"url":"https:\/\/mayxaydunghanoi.com\/wp-content\/uploads\/2020\/08\/may-xuc-lat-zkjf910-gau-0-5m3-3.png","type":"image\/png"}],"twitter_card":"summary_large_image","twitter_misc":{"Est. reading time":"2 minutes"},"schema":{"@context":"https:\/\/schema.org","@graph":[{"@type":"WebPage","@id":"https:\/\/mayxaydunghanoi.com\/vi\/san-pham\/may-xuc-lat-zkjf910-gau-0-5m3\/","url":"https:\/\/mayxaydunghanoi.com\/vi\/san-pham\/may-xuc-lat-zkjf910-gau-0-5m3\/","name":"M\u00e1y x\u00fac l\u1eadt ZKJF910 g\u1ea7u 0.5m3 - C\u00f4ng ty TNHH Hanoi Vietnam","isPartOf":{"@id":"https:\/\/mayxaydunghanoi.com\/en\/#website"},"primaryImageOfPage":{"@id":"https:\/\/mayxaydunghanoi.com\/vi\/san-pham\/may-xuc-lat-zkjf910-gau-0-5m3\/#primaryimage"},"image":{"@id":"https:\/\/mayxaydunghanoi.com\/vi\/san-pham\/may-xuc-lat-zkjf910-gau-0-5m3\/#primaryimage"},"thumbnailUrl":"https:\/\/mayxaydunghanoi.com\/wp-content\/uploads\/2020\/08\/may-xuc-lat-zkjf910-gau-0-5m3-3.png","datePublished":"2020-04-25T14:33:43+00:00","dateModified":"2020-09-23T22:45:38+00:00","description":"M\u00e1y x\u00fac l\u1eadt ZKJF910 \u0111\u01b0\u1ee3c c\u00f4ng ty TNHH Hanoi Vietnam nh\u1eadp kh\u1ea9u tr\u1ef1c ti\u1ebfp t\u1eeb Trung Qu\u1ed1c. M\u00e1y x\u00fac c\u00f3 t\u1ea3i tr\u1ecdng n\u00e2ng 1000kg v\u00e0 s\u1eed d\u1ee5ng g\u1ea7u 0.5m3.","breadcrumb":{"@id":"https:\/\/mayxaydunghanoi.com\/vi\/san-pham\/may-xuc-lat-zkjf910-gau-0-5m3\/#breadcrumb"},"inLanguage":"vi-VN","potentialAction":[{"@type":"ReadAction","target":["https:\/\/mayxaydunghanoi.com\/vi\/san-pham\/may-xuc-lat-zkjf910-gau-0-5m3\/"]}]},{"@type":"ImageObject","inLanguage":"vi-VN","@id":"https:\/\/mayxaydunghanoi.com\/vi\/san-pham\/may-xuc-lat-zkjf910-gau-0-5m3\/#primaryimage","url":"https:\/\/mayxaydunghanoi.com\/wp-content\/uploads\/2020\/08\/may-xuc-lat-zkjf910-gau-0-5m3-3.png","contentUrl":"https:\/\/mayxaydunghanoi.com\/wp-content\/uploads\/2020\/08\/may-xuc-lat-zkjf910-gau-0-5m3-3.png","width":600,"height":437,"caption":"May Xuc Lat Zkjf910 Gau 0 5m3 3"},{"@type":"BreadcrumbList","@id":"https:\/\/mayxaydunghanoi.com\/vi\/san-pham\/may-xuc-lat-zkjf910-gau-0-5m3\/#breadcrumb","itemListElement":[{"@type":"ListItem","position":1,"name":"Home","item":"https:\/\/mayxaydunghanoi.com\/vi\/"},{"@type":"ListItem","position":2,"name":"S\u1ea3n ph\u1ea9m","item":"https:\/\/mayxaydunghanoi.com\/vi\/san-pham\/"},{"@type":"ListItem","position":3,"name":"M\u00e1y x\u00fac l\u1eadt ZKJF910 g\u1ea7u 0.5m3"}]},{"@type":"WebSite","@id":"https:\/\/mayxaydunghanoi.com\/en\/#website","url":"https:\/\/mayxaydunghanoi.com\/en\/","name":"Hanoi Vietnam Co., Ltd","description":"","publisher":{"@id":"https:\/\/mayxaydunghanoi.com\/en\/#organization"},"potentialAction":[{"@type":"SearchAction","target":{"@type":"EntryPoint","urlTemplate":"https:\/\/mayxaydunghanoi.com\/en\/?s={search_term_string}"},"query-input":{"@type":"PropertyValueSpecification","valueRequired":true,"valueName":"search_term_string"}}],"inLanguage":"vi-VN"},{"@type":"Organization","@id":"https:\/\/mayxaydunghanoi.com\/en\/#organization","name":"Hanoi Vietnam Co., Ltd","url":"https:\/\/mayxaydunghanoi.com\/en\/","logo":{"@type":"ImageObject","inLanguage":"vi-VN","@id":"https:\/\/mayxaydunghanoi.com\/en\/#\/schema\/logo\/image\/","url":"https:\/\/mayxaydunghanoi.com\/wp-content\/uploads\/2018\/04\/Logo-mayxaydunghanoi-ok.png","contentUrl":"https:\/\/mayxaydunghanoi.com\/wp-content\/uploads\/2018\/04\/Logo-mayxaydunghanoi-ok.png","width":900,"height":900,"caption":"Hanoi Vietnam Co., Ltd"},"image":{"@id":"https:\/\/mayxaydunghanoi.com\/en\/#\/schema\/logo\/image\/"}}]}},"_links":{"self":[{"href":"https:\/\/mayxaydunghanoi.com\/vi\/wp-json\/wp\/v2\/product\/1797","targetHints":{"allow":["GET"]}}],"collection":[{"href":"https:\/\/mayxaydunghanoi.com\/vi\/wp-json\/wp\/v2\/product"}],"about":[{"href":"https:\/\/mayxaydunghanoi.com\/vi\/wp-json\/wp\/v2\/types\/product"}],"replies":[{"embeddable":true,"href":"https:\/\/mayxaydunghanoi.com\/vi\/wp-json\/wp\/v2\/comments?post=1797"}],"wp:featuredmedia":[{"embeddable":true,"href":"https:\/\/mayxaydunghanoi.com\/vi\/wp-json\/wp\/v2\/media\/2718"}],"wp:attachment":[{"href":"https:\/\/mayxaydunghanoi.com\/vi\/wp-json\/wp\/v2\/media?parent=1797"}],"wp:term":[{"taxonomy":"product_brand","embeddable":true,"href":"https:\/\/mayxaydunghanoi.com\/vi\/wp-json\/wp\/v2\/product_brand?post=1797"},{"taxonomy":"product_cat","embeddable":true,"href":"https:\/\/mayxaydunghanoi.com\/vi\/wp-json\/wp\/v2\/product_cat?post=1797"},{"taxonomy":"product_tag","embeddable":true,"href":"https:\/\/mayxaydunghanoi.com\/vi\/wp-json\/wp\/v2\/product_tag?post=1797"}],"curies":[{"name":"wp","href":"https:\/\/api.w.org\/{rel}","templated":true}]}}