{"id":1731,"date":"2020-03-20T16:48:16","date_gmt":"2020-03-20T09:48:16","guid":{"rendered":"https:\/\/mayxaydunghanoi.com\/?post_type=product&#038;p=1731"},"modified":"2026-01-28T08:59:10","modified_gmt":"2026-01-28T01:59:10","slug":"may-khoan-coc-nhoi-sumitomo-sd205","status":"publish","type":"product","link":"https:\/\/mayxaydunghanoi.com\/vi\/san-pham\/may-khoan-coc-nhoi-sumitomo-sd205\/","title":{"rendered":"M\u00e1y khoan c\u1ecdc nh\u1ed3i Sumitomo SD205"},"content":{"rendered":"<h2>C\u00f4ng ty TNHH Hanoi Vietnam b\u00e1n m\u00e1y khoan c\u1ecdc nh\u1ed3i Sumitomo SD205 v\u1edbi gi\u00e1 2,4 t\u1ec9. N\u0103m s\u1ea3n xu\u1ea5t 1990, t\u1ea3i tr\u1ecdng n\u00e2ng l\u1edbn nh\u1ea5t 20 t\u1ea5n.<\/h2>\n<p>Th\u00f4ng tin chi ti\u1ebft:<\/p>\n<p>M\u00e1y khoan c\u1ecdc nh\u1ed3i SD205<\/p>\n<p>&#8211; N\u0103m s\u1ea3n xu\u1ea5t: 1990<\/p>\n<p>&#8211; S\u1ed1 khung: SD205-0092<\/p>\n<p>&#8211; Kelly bar: 12,6m (khoan s\u00e2u 40m)<\/p>\n<p>&#8211; T\u1ea3i tr\u1ecdng n\u00e2ng: 20 t\u1ea5n<\/p>\n<p>&#8211; \u0110\u01b0\u1eddng kinh c\u1ecdc khoan l\u1edbn nh\u1ea5t 1200mm; s\u00e2u 40m.<\/p>\n<p>&#8211; Gi\u00e1 2,4 t\u1ef7<\/p>\n<h3>H\u00ecnh \u1ea3nh Sumitomo SD205<\/h3>\n<p><img loading=\"lazy\" decoding=\"async\" class=\"aligncenter size-full wp-image-1734\" src=\"https:\/\/mayxaydunghanoi.com\/wp-content\/uploads\/2020\/03\/may-khoan-coc-nhoi-sumitomo-sd205-1.jpg\" alt=\"M\u00e1y khoan c\u1ecdc nh\u1ed3i Sumitomo SD205\" width=\"479\" height=\"640\" \/><\/p>\n<p><img loading=\"lazy\" decoding=\"async\" class=\"aligncenter size-full wp-image-1736\" src=\"https:\/\/mayxaydunghanoi.com\/wp-content\/uploads\/2020\/03\/may-khoan-coc-nhoi-sumitomo-sd205-1-1.jpg\" alt=\"M\u00e1y khoan c\u1ecdc nh\u1ed3i Sumitomo SD205-1\" width=\"479\" height=\"640\" \/><\/p>\n<p><img loading=\"lazy\" decoding=\"async\" class=\"aligncenter size-full wp-image-1738\" src=\"https:\/\/mayxaydunghanoi.com\/wp-content\/uploads\/2020\/03\/may-khoan-coc-nhoi-sumitomo-sd205-2.jpg\" alt=\"M\u00e1y khoan c\u1ecdc nh\u1ed3i Sumitomo SD205-2\" width=\"479\" height=\"640\" \/><\/p>\n","protected":false},"excerpt":{"rendered":"<ul>\n<li>H\u00e3ng s\u1ea3n xu\u1ea5t: Sumitomo<\/li>\n<li>N\u01a1i s\u1ea3n xu\u1ea5t: Nh\u1eadt B\u1ea3n<\/li>\n<\/ul>\n","protected":false},"featured_media":1735,"comment_status":"open","ping_status":"closed","template":"","meta":[],"product_brand":[],"product_cat":[512],"product_tag":[253,254,256,255],"class_list":{"0":"post-1731","1":"product","2":"type-product","3":"status-publish","4":"has-post-thumbnail","6":"product_cat-may-khoan","7":"product_tag-may-khoan-coc-nhoi","8":"product_tag-sd205","9":"product_tag-sumitomo","10":"product_tag-sumitomo-sd205","12":"first","13":"instock","14":"shipping-taxable","15":"product-type-simple"},"yoast_head":"<!-- This site is optimized with the Yoast SEO Premium plugin v26.1 (Yoast SEO v26.6) - https:\/\/yoast.com\/wordpress\/plugins\/seo\/ -->\n<title>M\u00e1y khoan c\u1ecdc nh\u1ed3i Sumitomo SD205 - Hanoi Vietnam Co., Ltd<\/title>\n<meta name=\"description\" content=\"C\u00f4ng ty TNHH Hanoi Vietnam b\u00e1n m\u00e1y khoan c\u1ecdc nh\u1ed3i Sumitomo SD205 v\u1edbi gi\u00e1 2,4 t\u1ec9. N\u0103m s\u1ea3n xu\u1ea5t 1990, t\u1ea3i tr\u1ecdng n\u00e2ng l\u1edbn nh\u1ea5t 20 t\u1ea5n.\" \/>\n<meta name=\"robots\" content=\"index, follow, max-snippet:-1, max-image-preview:large, max-video-preview:-1\" \/>\n<link rel=\"canonical\" href=\"https:\/\/mayxaydunghanoi.com\/vi\/san-pham\/may-khoan-coc-nhoi-sumitomo-sd205\/\" \/>\n<meta property=\"og:locale\" content=\"vi_VN\" \/>\n<meta property=\"og:type\" content=\"article\" \/>\n<meta property=\"og:title\" content=\"M\u00e1y khoan c\u1ecdc nh\u1ed3i Sumitomo SD205\" \/>\n<meta property=\"og:description\" content=\"C\u00f4ng ty TNHH Hanoi Vietnam b\u00e1n m\u00e1y khoan c\u1ecdc nh\u1ed3i Sumitomo SD205 v\u1edbi gi\u00e1 2,4 t\u1ec9. N\u0103m s\u1ea3n xu\u1ea5t 1990, t\u1ea3i tr\u1ecdng n\u00e2ng l\u1edbn nh\u1ea5t 20 t\u1ea5n.\" \/>\n<meta property=\"og:url\" content=\"https:\/\/mayxaydunghanoi.com\/vi\/san-pham\/may-khoan-coc-nhoi-sumitomo-sd205\/\" \/>\n<meta property=\"og:site_name\" content=\"Hanoi Vietnam Co., Ltd\" \/>\n<meta property=\"article:modified_time\" content=\"2026-01-28T01:59:10+00:00\" \/>\n<meta property=\"og:image\" content=\"https:\/\/mayxaydunghanoi.com\/wp-content\/uploads\/2020\/03\/may-khoan-coc-nhoi-sumitomo-sd205-1.jpg\" \/>\n\t<meta property=\"og:image:width\" content=\"479\" \/>\n\t<meta property=\"og:image:height\" content=\"640\" \/>\n\t<meta property=\"og:image:type\" content=\"image\/jpeg\" \/>\n<meta name=\"twitter:card\" content=\"summary_large_image\" \/>\n<meta name=\"twitter:label1\" content=\"Est. reading time\" \/>\n\t<meta name=\"twitter:data1\" content=\"1 minute\" \/>\n<script type=\"application\/ld+json\" class=\"yoast-schema-graph\">{\"@context\":\"https:\/\/schema.org\",\"@graph\":[{\"@type\":\"WebPage\",\"@id\":\"https:\/\/mayxaydunghanoi.com\/vi\/san-pham\/may-khoan-coc-nhoi-sumitomo-sd205\/\",\"url\":\"https:\/\/mayxaydunghanoi.com\/vi\/san-pham\/may-khoan-coc-nhoi-sumitomo-sd205\/\",\"name\":\"M\u00e1y khoan c\u1ecdc nh\u1ed3i Sumitomo SD205 - Hanoi Vietnam Co., Ltd\",\"isPartOf\":{\"@id\":\"https:\/\/mayxaydunghanoi.com\/en\/#website\"},\"primaryImageOfPage\":{\"@id\":\"https:\/\/mayxaydunghanoi.com\/vi\/san-pham\/may-khoan-coc-nhoi-sumitomo-sd205\/#primaryimage\"},\"image\":{\"@id\":\"https:\/\/mayxaydunghanoi.com\/vi\/san-pham\/may-khoan-coc-nhoi-sumitomo-sd205\/#primaryimage\"},\"thumbnailUrl\":\"https:\/\/mayxaydunghanoi.com\/wp-content\/uploads\/2020\/03\/may-khoan-coc-nhoi-sumitomo-sd205-1.jpg\",\"datePublished\":\"2020-03-20T09:48:16+00:00\",\"dateModified\":\"2026-01-28T01:59:10+00:00\",\"description\":\"C\u00f4ng ty TNHH Hanoi Vietnam b\u00e1n m\u00e1y khoan c\u1ecdc nh\u1ed3i Sumitomo SD205 v\u1edbi gi\u00e1 2,4 t\u1ec9. N\u0103m s\u1ea3n xu\u1ea5t 1990, t\u1ea3i tr\u1ecdng n\u00e2ng l\u1edbn nh\u1ea5t 20 t\u1ea5n.\",\"breadcrumb\":{\"@id\":\"https:\/\/mayxaydunghanoi.com\/vi\/san-pham\/may-khoan-coc-nhoi-sumitomo-sd205\/#breadcrumb\"},\"inLanguage\":\"vi-VN\",\"potentialAction\":[{\"@type\":\"ReadAction\",\"target\":[\"https:\/\/mayxaydunghanoi.com\/vi\/san-pham\/may-khoan-coc-nhoi-sumitomo-sd205\/\"]}]},{\"@type\":\"ImageObject\",\"inLanguage\":\"vi-VN\",\"@id\":\"https:\/\/mayxaydunghanoi.com\/vi\/san-pham\/may-khoan-coc-nhoi-sumitomo-sd205\/#primaryimage\",\"url\":\"https:\/\/mayxaydunghanoi.com\/wp-content\/uploads\/2020\/03\/may-khoan-coc-nhoi-sumitomo-sd205-1.jpg\",\"contentUrl\":\"https:\/\/mayxaydunghanoi.com\/wp-content\/uploads\/2020\/03\/may-khoan-coc-nhoi-sumitomo-sd205-1.jpg\",\"width\":479,\"height\":640,\"caption\":\"M\u00e1y khoan c\u1ecdc nh\u1ed3i Sumitomo SD205\"},{\"@type\":\"BreadcrumbList\",\"@id\":\"https:\/\/mayxaydunghanoi.com\/vi\/san-pham\/may-khoan-coc-nhoi-sumitomo-sd205\/#breadcrumb\",\"itemListElement\":[{\"@type\":\"ListItem\",\"position\":1,\"name\":\"Home\",\"item\":\"https:\/\/mayxaydunghanoi.com\/vi\/\"},{\"@type\":\"ListItem\",\"position\":2,\"name\":\"S\u1ea3n ph\u1ea9m\",\"item\":\"https:\/\/mayxaydunghanoi.com\/vi\/san-pham\/\"},{\"@type\":\"ListItem\",\"position\":3,\"name\":\"M\u00e1y khoan c\u1ecdc nh\u1ed3i Sumitomo SD205\"}]},{\"@type\":\"WebSite\",\"@id\":\"https:\/\/mayxaydunghanoi.com\/en\/#website\",\"url\":\"https:\/\/mayxaydunghanoi.com\/en\/\",\"name\":\"Hanoi Vietnam Co., Ltd\",\"description\":\"\",\"publisher\":{\"@id\":\"https:\/\/mayxaydunghanoi.com\/en\/#organization\"},\"potentialAction\":[{\"@type\":\"SearchAction\",\"target\":{\"@type\":\"EntryPoint\",\"urlTemplate\":\"https:\/\/mayxaydunghanoi.com\/en\/?s={search_term_string}\"},\"query-input\":{\"@type\":\"PropertyValueSpecification\",\"valueRequired\":true,\"valueName\":\"search_term_string\"}}],\"inLanguage\":\"vi-VN\"},{\"@type\":\"Organization\",\"@id\":\"https:\/\/mayxaydunghanoi.com\/en\/#organization\",\"name\":\"Hanoi Vietnam Co., Ltd\",\"url\":\"https:\/\/mayxaydunghanoi.com\/en\/\",\"logo\":{\"@type\":\"ImageObject\",\"inLanguage\":\"vi-VN\",\"@id\":\"https:\/\/mayxaydunghanoi.com\/en\/#\/schema\/logo\/image\/\",\"url\":\"https:\/\/mayxaydunghanoi.com\/wp-content\/uploads\/2018\/04\/Logo-mayxaydunghanoi-ok.png\",\"contentUrl\":\"https:\/\/mayxaydunghanoi.com\/wp-content\/uploads\/2018\/04\/Logo-mayxaydunghanoi-ok.png\",\"width\":900,\"height\":900,\"caption\":\"Hanoi Vietnam Co., Ltd\"},\"image\":{\"@id\":\"https:\/\/mayxaydunghanoi.com\/en\/#\/schema\/logo\/image\/\"}}]}<\/script>\n<!-- \/ Yoast SEO Premium plugin. -->","yoast_head_json":{"title":"M\u00e1y khoan c\u1ecdc nh\u1ed3i Sumitomo SD205 - Hanoi Vietnam Co., Ltd","description":"C\u00f4ng ty TNHH Hanoi Vietnam b\u00e1n m\u00e1y khoan c\u1ecdc nh\u1ed3i Sumitomo SD205 v\u1edbi gi\u00e1 2,4 t\u1ec9. N\u0103m s\u1ea3n xu\u1ea5t 1990, t\u1ea3i tr\u1ecdng n\u00e2ng l\u1edbn nh\u1ea5t 20 t\u1ea5n.","robots":{"index":"index","follow":"follow","max-snippet":"max-snippet:-1","max-image-preview":"max-image-preview:large","max-video-preview":"max-video-preview:-1"},"canonical":"https:\/\/mayxaydunghanoi.com\/vi\/san-pham\/may-khoan-coc-nhoi-sumitomo-sd205\/","og_locale":"vi_VN","og_type":"article","og_title":"M\u00e1y khoan c\u1ecdc nh\u1ed3i Sumitomo SD205","og_description":"C\u00f4ng ty TNHH Hanoi Vietnam b\u00e1n m\u00e1y khoan c\u1ecdc nh\u1ed3i Sumitomo SD205 v\u1edbi gi\u00e1 2,4 t\u1ec9. N\u0103m s\u1ea3n xu\u1ea5t 1990, t\u1ea3i tr\u1ecdng n\u00e2ng l\u1edbn nh\u1ea5t 20 t\u1ea5n.","og_url":"https:\/\/mayxaydunghanoi.com\/vi\/san-pham\/may-khoan-coc-nhoi-sumitomo-sd205\/","og_site_name":"Hanoi Vietnam Co., Ltd","article_modified_time":"2026-01-28T01:59:10+00:00","og_image":[{"width":479,"height":640,"url":"https:\/\/mayxaydunghanoi.com\/wp-content\/uploads\/2020\/03\/may-khoan-coc-nhoi-sumitomo-sd205-1.jpg","type":"image\/jpeg"}],"twitter_card":"summary_large_image","twitter_misc":{"Est. reading time":"1 minute"},"schema":{"@context":"https:\/\/schema.org","@graph":[{"@type":"WebPage","@id":"https:\/\/mayxaydunghanoi.com\/vi\/san-pham\/may-khoan-coc-nhoi-sumitomo-sd205\/","url":"https:\/\/mayxaydunghanoi.com\/vi\/san-pham\/may-khoan-coc-nhoi-sumitomo-sd205\/","name":"M\u00e1y khoan c\u1ecdc nh\u1ed3i Sumitomo SD205 - Hanoi Vietnam Co., Ltd","isPartOf":{"@id":"https:\/\/mayxaydunghanoi.com\/en\/#website"},"primaryImageOfPage":{"@id":"https:\/\/mayxaydunghanoi.com\/vi\/san-pham\/may-khoan-coc-nhoi-sumitomo-sd205\/#primaryimage"},"image":{"@id":"https:\/\/mayxaydunghanoi.com\/vi\/san-pham\/may-khoan-coc-nhoi-sumitomo-sd205\/#primaryimage"},"thumbnailUrl":"https:\/\/mayxaydunghanoi.com\/wp-content\/uploads\/2020\/03\/may-khoan-coc-nhoi-sumitomo-sd205-1.jpg","datePublished":"2020-03-20T09:48:16+00:00","dateModified":"2026-01-28T01:59:10+00:00","description":"C\u00f4ng ty TNHH Hanoi Vietnam b\u00e1n m\u00e1y khoan c\u1ecdc nh\u1ed3i Sumitomo SD205 v\u1edbi gi\u00e1 2,4 t\u1ec9. N\u0103m s\u1ea3n xu\u1ea5t 1990, t\u1ea3i tr\u1ecdng n\u00e2ng l\u1edbn nh\u1ea5t 20 t\u1ea5n.","breadcrumb":{"@id":"https:\/\/mayxaydunghanoi.com\/vi\/san-pham\/may-khoan-coc-nhoi-sumitomo-sd205\/#breadcrumb"},"inLanguage":"vi-VN","potentialAction":[{"@type":"ReadAction","target":["https:\/\/mayxaydunghanoi.com\/vi\/san-pham\/may-khoan-coc-nhoi-sumitomo-sd205\/"]}]},{"@type":"ImageObject","inLanguage":"vi-VN","@id":"https:\/\/mayxaydunghanoi.com\/vi\/san-pham\/may-khoan-coc-nhoi-sumitomo-sd205\/#primaryimage","url":"https:\/\/mayxaydunghanoi.com\/wp-content\/uploads\/2020\/03\/may-khoan-coc-nhoi-sumitomo-sd205-1.jpg","contentUrl":"https:\/\/mayxaydunghanoi.com\/wp-content\/uploads\/2020\/03\/may-khoan-coc-nhoi-sumitomo-sd205-1.jpg","width":479,"height":640,"caption":"M\u00e1y khoan c\u1ecdc nh\u1ed3i Sumitomo SD205"},{"@type":"BreadcrumbList","@id":"https:\/\/mayxaydunghanoi.com\/vi\/san-pham\/may-khoan-coc-nhoi-sumitomo-sd205\/#breadcrumb","itemListElement":[{"@type":"ListItem","position":1,"name":"Home","item":"https:\/\/mayxaydunghanoi.com\/vi\/"},{"@type":"ListItem","position":2,"name":"S\u1ea3n ph\u1ea9m","item":"https:\/\/mayxaydunghanoi.com\/vi\/san-pham\/"},{"@type":"ListItem","position":3,"name":"M\u00e1y khoan c\u1ecdc nh\u1ed3i Sumitomo SD205"}]},{"@type":"WebSite","@id":"https:\/\/mayxaydunghanoi.com\/en\/#website","url":"https:\/\/mayxaydunghanoi.com\/en\/","name":"Hanoi Vietnam Co., Ltd","description":"","publisher":{"@id":"https:\/\/mayxaydunghanoi.com\/en\/#organization"},"potentialAction":[{"@type":"SearchAction","target":{"@type":"EntryPoint","urlTemplate":"https:\/\/mayxaydunghanoi.com\/en\/?s={search_term_string}"},"query-input":{"@type":"PropertyValueSpecification","valueRequired":true,"valueName":"search_term_string"}}],"inLanguage":"vi-VN"},{"@type":"Organization","@id":"https:\/\/mayxaydunghanoi.com\/en\/#organization","name":"Hanoi Vietnam Co., Ltd","url":"https:\/\/mayxaydunghanoi.com\/en\/","logo":{"@type":"ImageObject","inLanguage":"vi-VN","@id":"https:\/\/mayxaydunghanoi.com\/en\/#\/schema\/logo\/image\/","url":"https:\/\/mayxaydunghanoi.com\/wp-content\/uploads\/2018\/04\/Logo-mayxaydunghanoi-ok.png","contentUrl":"https:\/\/mayxaydunghanoi.com\/wp-content\/uploads\/2018\/04\/Logo-mayxaydunghanoi-ok.png","width":900,"height":900,"caption":"Hanoi Vietnam Co., Ltd"},"image":{"@id":"https:\/\/mayxaydunghanoi.com\/en\/#\/schema\/logo\/image\/"}}]}},"_links":{"self":[{"href":"https:\/\/mayxaydunghanoi.com\/vi\/wp-json\/wp\/v2\/product\/1731","targetHints":{"allow":["GET"]}}],"collection":[{"href":"https:\/\/mayxaydunghanoi.com\/vi\/wp-json\/wp\/v2\/product"}],"about":[{"href":"https:\/\/mayxaydunghanoi.com\/vi\/wp-json\/wp\/v2\/types\/product"}],"replies":[{"embeddable":true,"href":"https:\/\/mayxaydunghanoi.com\/vi\/wp-json\/wp\/v2\/comments?post=1731"}],"wp:featuredmedia":[{"embeddable":true,"href":"https:\/\/mayxaydunghanoi.com\/vi\/wp-json\/wp\/v2\/media\/1735"}],"wp:attachment":[{"href":"https:\/\/mayxaydunghanoi.com\/vi\/wp-json\/wp\/v2\/media?parent=1731"}],"wp:term":[{"taxonomy":"product_brand","embeddable":true,"href":"https:\/\/mayxaydunghanoi.com\/vi\/wp-json\/wp\/v2\/product_brand?post=1731"},{"taxonomy":"product_cat","embeddable":true,"href":"https:\/\/mayxaydunghanoi.com\/vi\/wp-json\/wp\/v2\/product_cat?post=1731"},{"taxonomy":"product_tag","embeddable":true,"href":"https:\/\/mayxaydunghanoi.com\/vi\/wp-json\/wp\/v2\/product_tag?post=1731"}],"curies":[{"name":"wp","href":"https:\/\/api.w.org\/{rel}","templated":true}]}}