{"id":1630,"date":"2019-10-31T10:32:45","date_gmt":"2019-10-31T03:32:45","guid":{"rendered":"https:\/\/mayxaydunghanoi.com\/?post_type=product&#038;p=1630"},"modified":"2019-10-31T10:58:28","modified_gmt":"2019-10-31T03:58:28","slug":"bua-cao-da-ripper-mua-bua-cao-da-ha-noi","status":"publish","type":"product","link":"https:\/\/mayxaydunghanoi.com\/vi\/san-pham\/bua-cao-da-ripper-mua-bua-cao-da-ha-noi\/","title":{"rendered":"B\u00faa c\u00e0o \u0111\u00e1 Ripper &#8211; Mua b\u00faa c\u00e0o \u0111\u00e1 H\u00e0 N\u1ed9i"},"content":{"rendered":"<h2>B\u00faa c\u00e0o \u0111\u00e1 Ripper l\u00e0 lo\u1ea1i b\u00faa t\u1eeb ch\u00e2u \u00c2u, H\u00e0n Qu\u1ed1c d\u00f9ng \u0111\u1ec3 khai th\u00e1c m\u1ecf \u0111\u00e1 v\u00f4i, c\u00e1c m\u1ecf \u0111\u00e1 c\u00f3 \u0111\u1ed9 n\u1ee9t n\u1ebb cao. Mua b\u00faa c\u00e0o \u0111\u00e1 H\u00e0 N\u1ed9i li\u00ean h\u1ec7 0906601755.<\/h2>\n<figure id=\"attachment_1634\" aria-describedby=\"caption-attachment-1634\" style=\"width: 398px\" class=\"wp-caption aligncenter\"><img loading=\"lazy\" decoding=\"async\" class=\"wp-image-1634 size-full\" src=\"https:\/\/mayxaydunghanoi.com\/wp-content\/uploads\/2019\/10\/bua-cao-da-ripper-mua-bua-cao-da-ha-noi-1.jpg\" alt=\"B\u00faa c\u00e0o \u0111\u00e1 Ripper - Mua b\u00faa c\u00e0o \u0111\u00e1 H\u00e0 N\u1ed9i-1\" width=\"398\" height=\"196\" \/><figcaption id=\"caption-attachment-1634\" class=\"wp-caption-text\">H\u00ecnh \u1ea3nh b\u00faa c\u00e0o \u0111\u00e1 Ripper<\/figcaption><\/figure>\n<p>Hi\u1ec7n nay tr\u00ean th\u1ecb tr\u01b0\u1eddng c\u00f3 b\u00e1n nhi\u1ec1u lo\u1ea1i b\u00faa c\u00e0o \u0111\u00e1 ph\u1ee5c v\u1ee5 khai t\u00e1c thi c\u00f4ng c\u00f4ng tr\u00ecnh x\u00e2y d\u1ef1ng. Trong s\u1ed1 \u0111\u00f3 c\u00f3 <strong>b\u00faa c\u00e0o \u0111\u00e1 Ripper<\/strong> &#8211; \u0111\u00e2y l\u00e0 d\u00f2ng b\u00faa \u0111\u01b0\u1ee3c c\u00f4ng ty TNHH Hanoi Vietnam nh\u1eadp kh\u1ea9u tr\u1ef1c ti\u1ebfp v\u1ec1 b\u00e1n t\u1edbi t\u1eadn tay ng\u01b0\u1eddi c\u00f3 nhu c\u1ea7u <em>mua b\u00faa c\u00e0o \u0111\u00e1 t\u1ea1i H\u00e0 N\u1ed9i<\/em>.<\/p>\n<h3>\u01afu \u0111i\u1ec3m c\u1ee7a b\u00faa c\u00e0o \u0111\u00e1 Ripper<\/h3>\n<p>&#8211; L\u00e0 lo\u1ea1i b\u00faa ph\u00f9 h\u1ee3p v\u1edbi nhi\u1ec1u \u0111\u1ecba h\u00ecnh<\/p>\n<p>&#8211; Khai th\u00e1c nhi\u1ec1u lo\u1ea1i \u0111\u00e1 t\u1eeb m\u1ecf \u0111\u00e1 v\u00f4i th\u00f4ng th\u01b0\u1eddng t\u1edbi c\u00e1c m\u1ecf \u0111\u00e1 c\u00f3 \u0111\u1ed9 n\u1ee9t n\u1ebb cao.<\/p>\n<p>&#8211; Ho\u1ea1t \u0111\u1ed9ng \u0111\u01b0\u1ee3c trong m\u00f4i tr\u01b0\u1eddng n\u01b0\u1edbc.<\/p>\n<p>&#8211; \u0110\u01b0\u1ee3c b\u1ea3o h\u00e0nh ch\u00ednh h\u00e3ng b\u1edfi nh\u00e0 s\u1ea3n xu\u1ea5t t\u1eeb ch\u00e2u \u00c2u ho\u1eb7c H\u00e0n Qu\u1ed1c.<\/p>\n<h3>Th\u00f4ng s\u1ed1 k\u1ef9 thu\u1eadt b\u00faa c\u00e0o \u0111\u00e1 Ripper:<\/h3>\n<p>D\u01b0\u1edbi \u0111\u00e2y l\u00e0 b\u1ea3ng th\u00f4ng s\u1ed1 b\u00faa Ripper v\u1edbi c\u00e1c d\u00f2ng th\u00f4ng d\u1ee5ng: XR10, XR15, XR20, XR30, XR40, XR50, XR60, XR80, XR120. M\u1eddi c\u00e1c b\u1ea1n tham kh\u1ea3o.<\/p>\n<table width=\"401\">\n<tbody>\n<tr>\n<td width=\"132\"><strong>Th\u00f4ng s\u1ed1 b\u00faa Ripper<\/strong><\/td>\n<td width=\"63\"><strong>XR10<\/strong><\/td>\n<td width=\"67\"><strong>XR15<\/strong><\/td>\n<td width=\"72\"><strong>XR20<\/strong><\/td>\n<td width=\"67\"><strong>XR30<\/strong><\/td>\n<\/tr>\n<tr>\n<td width=\"132\">Xe \u0111\u00e0o\u00a0 \u00a0\u00a0\u00a0\u00a0\u00a0\u00a0\u00a0\u00a0\u00a0\u00a0\u00a0\u00a0\u00a0\u00a0\u00a0\u00a0\u00a0\u00a0Tons<\/td>\n<td width=\"63\">7 \u2013 10<\/td>\n<td width=\"67\">11 \u2013 16<\/td>\n<td width=\"72\">18 \u2013 24<\/td>\n<td width=\"67\">24 \u2013 30<\/td>\n<\/tr>\n<tr>\n<td width=\"132\">Kh\u1ed1i l\u01b0\u1ee3ng b\u00faa \u00a0\u00a0\u00a0\u00a0\u00a0\u00a0Kg<\/td>\n<td width=\"63\">930<\/td>\n<td width=\"67\">1700<\/td>\n<td width=\"72\">2500<\/td>\n<td width=\"67\">3300<\/td>\n<\/tr>\n<tr>\n<td width=\"132\">\u00c1p su\u1ea5t d\u1ea7u \u0111i\u00a0 \u00a0\u00a0\u00a0\u00a0\u00a0MPa<\/td>\n<td width=\"63\">15 -18<\/td>\n<td width=\"67\">16 \u2013 19<\/td>\n<td width=\"72\">18 \u2013 20<\/td>\n<td width=\"67\">22 \u2013 24<\/td>\n<\/tr>\n<tr>\n<td width=\"132\">\u00c1p su\u1ea5t d\u1ea7u h\u1ed3i\u00a0\u00a0\u00a0 \u00a0MPa<\/td>\n<td width=\"63\">0.6<\/td>\n<td width=\"67\">0.6<\/td>\n<td width=\"72\">0.6<\/td>\n<td width=\"67\">0.6<\/td>\n<\/tr>\n<tr>\n<td width=\"132\">L\u01b0u l\u01b0\u1ee3ng d\u1ea7u \u00a0\u00a0\u00a0\u00a0\u00a0L\/min<\/td>\n<td width=\"63\">60<\/td>\n<td width=\"67\">120<\/td>\n<td width=\"72\">160<\/td>\n<td width=\"67\">180<\/td>\n<\/tr>\n<tr>\n<td width=\"132\">T\u1ea7n s\u1ed1 rung\u00a0\u00a0\u00a0\u00a0\u00a0\u00a0 \u00a0\u00a0\u00a0\u00a01\/min<\/td>\n<td width=\"63\">1500<\/td>\n<td width=\"67\">1400<\/td>\n<td width=\"72\">1400<\/td>\n<td width=\"67\">1300<\/td>\n<\/tr>\n<tr>\n<td width=\"132\">K\u00edch th\u01b0\u1edbc L x W x H cm<\/td>\n<td width=\"63\">168x45x90<\/td>\n<td width=\"67\">220x66x130<\/td>\n<td width=\"72\">240x178x175<\/td>\n<td width=\"67\">280x85x160<\/td>\n<\/tr>\n<tr>\n<td width=\"132\">\u00c1p gi\u1ea3m ch\u1ea5n h\u01a1i\u00a0\u00a0 MPa<\/td>\n<td width=\"63\">0.6<\/td>\n<td width=\"67\">0.5<\/td>\n<td width=\"72\">0.5<\/td>\n<td width=\"67\">0.5<\/td>\n<\/tr>\n<\/tbody>\n<\/table>\n<table width=\"493\">\n<tbody>\n<tr>\n<td width=\"132\"><strong>Th\u00f4ng s\u1ed1 b\u00faa Ripper<\/strong><\/td>\n<td width=\"67\"><strong>XR40<\/strong><\/td>\n<td width=\"67\"><strong>XR50<\/strong><\/td>\n<td width=\"72\"><strong>XR60<\/strong><\/td>\n<td width=\"72\"><strong>XR80<\/strong><\/td>\n<td width=\"83\"><strong>XR120<\/strong><\/td>\n<\/tr>\n<tr>\n<td width=\"132\">Xe \u0111\u00e0o\u00a0 \u00a0\u00a0\u00a0\u00a0\u00a0\u00a0\u00a0\u00a0\u00a0\u00a0\u00a0\u00a0\u00a0\u00a0\u00a0\u00a0\u00a0\u00a0Tons<\/td>\n<td width=\"67\">32 \u2013 40<\/td>\n<td width=\"67\">42 \u2013 55<\/td>\n<td width=\"72\">55 \u2013 70<\/td>\n<td width=\"72\">70 \u2013 100<\/td>\n<td width=\"83\">100 \u2013 150<\/td>\n<\/tr>\n<tr>\n<td width=\"132\">Kh\u1ed1i l\u01b0\u1ee3ng b\u00faa \u00a0\u00a0\u00a0\u00a0\u00a0\u00a0Kg<\/td>\n<td width=\"67\">4200<\/td>\n<td width=\"67\">5600<\/td>\n<td width=\"72\">7000<\/td>\n<td width=\"72\">10500<\/td>\n<td width=\"83\">13000<\/td>\n<\/tr>\n<tr>\n<td width=\"132\">\u00c1p su\u1ea5t d\u1ea7u \u0111i\u00a0 \u00a0\u00a0\u00a0\u00a0\u00a0MPa<\/td>\n<td width=\"67\">22 \u2013 24<\/td>\n<td width=\"67\">26 \u2013 28<\/td>\n<td width=\"72\">26 \u2013 28<\/td>\n<td width=\"72\">30 \u2013 32<\/td>\n<td width=\"83\">22 \u2013 24<\/td>\n<\/tr>\n<tr>\n<td width=\"132\">\u00c1p su\u1ea5t d\u1ea7u h\u1ed3i\u00a0\u00a0\u00a0 \u00a0MPa<\/td>\n<td width=\"67\">0.6<\/td>\n<td width=\"67\">0.6<\/td>\n<td width=\"72\">0.6<\/td>\n<td width=\"72\">0.6<\/td>\n<td width=\"83\">0.6<\/td>\n<\/tr>\n<tr>\n<td width=\"132\">L\u01b0u l\u01b0\u1ee3ng d\u1ea7u \u00a0\u00a0\u00a0\u00a0\u00a0L\/min<\/td>\n<td width=\"67\">200<\/td>\n<td width=\"67\">250<\/td>\n<td width=\"72\">280<\/td>\n<td width=\"72\">380<\/td>\n<td width=\"83\">600<\/td>\n<\/tr>\n<tr>\n<td width=\"132\">T\u1ea7n s\u1ed1 rung\u00a0\u00a0\u00a0\u00a0\u00a0\u00a0 \u00a0\u00a0\u00a0\u00a01\/min<\/td>\n<td width=\"67\">1200<\/td>\n<td width=\"67\">1000<\/td>\n<td width=\"72\">1000<\/td>\n<td width=\"72\">1000<\/td>\n<td width=\"83\">1000<\/td>\n<\/tr>\n<tr>\n<td width=\"132\">K\u00edch th\u01b0\u1edbc L x W x H cm<\/td>\n<td width=\"67\">310x90x184<\/td>\n<td width=\"67\">320x90x190<\/td>\n<td width=\"72\">345x110x217<\/td>\n<td width=\"72\">380x132x230<\/td>\n<td width=\"83\">400x132x282<\/td>\n<\/tr>\n<tr>\n<td width=\"132\">\u00c1p gi\u1ea3m ch\u1ea5n h\u01a1i\u00a0\u00a0 MPa<\/td>\n<td width=\"67\">0.5<\/td>\n<td width=\"67\">0.4<\/td>\n<td width=\"72\">0.25<\/td>\n<td width=\"72\">0.6<\/td>\n<td width=\"83\">0.6<\/td>\n<\/tr>\n<\/tbody>\n<\/table>\n<h3>Video thi c\u00f4ng b\u00faa c\u00e0o \u0111\u00e1 Ripper<\/h3>\n<p><iframe loading=\"lazy\" src=\"https:\/\/www.youtube.com\/embed\/Fjee0HKmEkM\" width=\"100%\" height=\"500\" frameborder=\"0\" allowfullscreen=\"allowfullscreen\"><span data-mce-type=\"bookmark\" style=\"display: inline-block; width: 0px; overflow: hidden; line-height: 0;\" class=\"mce_SELRES_start\">\ufeff<\/span><\/iframe><br \/>\nQu\u00fd kh\u00e1ch h\u00e0ng c\u00f3 nhu c\u1ea7u <strong>mua b\u00faa c\u00e0o \u0111\u00e1 Ripper<\/strong> vui l\u00f2ng li\u00ean h\u1ec7 v\u1edbi ch\u00fang t\u00f4i qua s\u1ed1 \u0111i\u1ec7n tho\u1ea1i 0906 601 755. Xin ch\u00e2n th\u00e0nh c\u1ea3m \u01a1n<\/p>\n","protected":false},"excerpt":{"rendered":"<ul>\n<li>T\u00ean g\u1ecdi: b\u00faa c\u00e0o \u0111\u00e1 Ripper<\/li>\n<li>Xu\u1ea5t x\u1ee9: ch\u00e2u \u00c2u, H\u00e0n Qu\u1ed1c<\/li>\n<li>Kh\u1ed1i l\u01b0\u1ee3ng b\u00faa: t\u1eeb 1 t\u1ea5n t\u1edbi 12 t\u1ea5n.<\/li>\n<\/ul>\n","protected":false},"featured_media":1634,"comment_status":"open","ping_status":"closed","template":"","meta":[],"product_brand":[],"product_cat":[165],"product_tag":[245],"class_list":{"0":"post-1630","1":"product","2":"type-product","3":"status-publish","4":"has-post-thumbnail","6":"product_cat-bua-pha-da","7":"product_tag-bua-cao-da","9":"first","10":"instock","11":"shipping-taxable","12":"product-type-simple"},"yoast_head":"<!-- This site is optimized with the Yoast SEO Premium plugin v26.1 (Yoast SEO v26.6) - https:\/\/yoast.com\/wordpress\/plugins\/seo\/ -->\n<title>B\u00faa c\u00e0o \u0111\u00e1 Ripper - Mua b\u00faa c\u00e0o \u0111\u00e1 H\u00e0 N\u1ed9i - 0906601755<\/title>\n<meta name=\"description\" content=\"B\u00faa c\u00e0o \u0111\u00e1 Ripper l\u00e0 lo\u1ea1i b\u00faa t\u1eeb ch\u00e2u \u00c2u, H\u00e0n Qu\u1ed1c d\u00f9ng \u0111\u1ec3 khai th\u00e1c m\u1ecf \u0111\u00e1 v\u00f4i, c\u00e1c m\u1ecf \u0111\u00e1 c\u00f3 \u0111\u1ed9 n\u1ee9t n\u1ebb cao. Mua b\u00faa c\u00e0o \u0111\u00e1 H\u00e0 N\u1ed9i li\u00ean h\u1ec7 0906601755.\" \/>\n<meta name=\"robots\" content=\"index, follow, max-snippet:-1, max-image-preview:large, max-video-preview:-1\" \/>\n<link rel=\"canonical\" href=\"https:\/\/mayxaydunghanoi.com\/vi\/san-pham\/bua-cao-da-ripper-mua-bua-cao-da-ha-noi\/\" \/>\n<meta property=\"og:locale\" content=\"vi_VN\" \/>\n<meta property=\"og:type\" content=\"article\" \/>\n<meta property=\"og:title\" content=\"B\u00faa c\u00e0o \u0111\u00e1 Ripper - Mua b\u00faa c\u00e0o \u0111\u00e1 H\u00e0 N\u1ed9i\" \/>\n<meta property=\"og:description\" content=\"B\u00faa c\u00e0o \u0111\u00e1 Ripper l\u00e0 lo\u1ea1i b\u00faa t\u1eeb ch\u00e2u \u00c2u, H\u00e0n Qu\u1ed1c d\u00f9ng \u0111\u1ec3 khai th\u00e1c m\u1ecf \u0111\u00e1 v\u00f4i, c\u00e1c m\u1ecf \u0111\u00e1 c\u00f3 \u0111\u1ed9 n\u1ee9t n\u1ebb cao. Mua b\u00faa c\u00e0o \u0111\u00e1 H\u00e0 N\u1ed9i li\u00ean h\u1ec7 0906601755.\" \/>\n<meta property=\"og:url\" content=\"https:\/\/mayxaydunghanoi.com\/vi\/san-pham\/bua-cao-da-ripper-mua-bua-cao-da-ha-noi\/\" \/>\n<meta property=\"og:site_name\" content=\"Hanoi Vietnam Co., Ltd\" \/>\n<meta property=\"article:modified_time\" content=\"2019-10-31T03:58:28+00:00\" \/>\n<meta property=\"og:image\" content=\"https:\/\/mayxaydunghanoi.com\/wp-content\/uploads\/2019\/10\/bua-cao-da-ripper-mua-bua-cao-da-ha-noi-1.jpg\" \/>\n\t<meta property=\"og:image:width\" content=\"398\" \/>\n\t<meta property=\"og:image:height\" content=\"196\" \/>\n\t<meta property=\"og:image:type\" content=\"image\/jpeg\" \/>\n<meta name=\"twitter:card\" content=\"summary_large_image\" \/>\n<meta name=\"twitter:label1\" content=\"Est. reading time\" \/>\n\t<meta name=\"twitter:data1\" content=\"2 minutes\" \/>\n<script type=\"application\/ld+json\" class=\"yoast-schema-graph\">{\"@context\":\"https:\/\/schema.org\",\"@graph\":[{\"@type\":\"WebPage\",\"@id\":\"https:\/\/mayxaydunghanoi.com\/vi\/san-pham\/bua-cao-da-ripper-mua-bua-cao-da-ha-noi\/\",\"url\":\"https:\/\/mayxaydunghanoi.com\/vi\/san-pham\/bua-cao-da-ripper-mua-bua-cao-da-ha-noi\/\",\"name\":\"B\u00faa c\u00e0o \u0111\u00e1 Ripper - Mua b\u00faa c\u00e0o \u0111\u00e1 H\u00e0 N\u1ed9i - 0906601755\",\"isPartOf\":{\"@id\":\"https:\/\/mayxaydunghanoi.com\/en\/#website\"},\"primaryImageOfPage\":{\"@id\":\"https:\/\/mayxaydunghanoi.com\/vi\/san-pham\/bua-cao-da-ripper-mua-bua-cao-da-ha-noi\/#primaryimage\"},\"image\":{\"@id\":\"https:\/\/mayxaydunghanoi.com\/vi\/san-pham\/bua-cao-da-ripper-mua-bua-cao-da-ha-noi\/#primaryimage\"},\"thumbnailUrl\":\"https:\/\/mayxaydunghanoi.com\/wp-content\/uploads\/2019\/10\/bua-cao-da-ripper-mua-bua-cao-da-ha-noi-1.jpg\",\"datePublished\":\"2019-10-31T03:32:45+00:00\",\"dateModified\":\"2019-10-31T03:58:28+00:00\",\"description\":\"B\u00faa c\u00e0o \u0111\u00e1 Ripper l\u00e0 lo\u1ea1i b\u00faa t\u1eeb ch\u00e2u \u00c2u, H\u00e0n Qu\u1ed1c d\u00f9ng \u0111\u1ec3 khai th\u00e1c m\u1ecf \u0111\u00e1 v\u00f4i, c\u00e1c m\u1ecf \u0111\u00e1 c\u00f3 \u0111\u1ed9 n\u1ee9t n\u1ebb cao. Mua b\u00faa c\u00e0o \u0111\u00e1 H\u00e0 N\u1ed9i li\u00ean h\u1ec7 0906601755.\",\"breadcrumb\":{\"@id\":\"https:\/\/mayxaydunghanoi.com\/vi\/san-pham\/bua-cao-da-ripper-mua-bua-cao-da-ha-noi\/#breadcrumb\"},\"inLanguage\":\"vi-VN\",\"potentialAction\":[{\"@type\":\"ReadAction\",\"target\":[\"https:\/\/mayxaydunghanoi.com\/vi\/san-pham\/bua-cao-da-ripper-mua-bua-cao-da-ha-noi\/\"]}]},{\"@type\":\"ImageObject\",\"inLanguage\":\"vi-VN\",\"@id\":\"https:\/\/mayxaydunghanoi.com\/vi\/san-pham\/bua-cao-da-ripper-mua-bua-cao-da-ha-noi\/#primaryimage\",\"url\":\"https:\/\/mayxaydunghanoi.com\/wp-content\/uploads\/2019\/10\/bua-cao-da-ripper-mua-bua-cao-da-ha-noi-1.jpg\",\"contentUrl\":\"https:\/\/mayxaydunghanoi.com\/wp-content\/uploads\/2019\/10\/bua-cao-da-ripper-mua-bua-cao-da-ha-noi-1.jpg\",\"width\":398,\"height\":196,\"caption\":\"H\u00ecnh \u1ea3nh b\u00faa c\u00e0o \u0111\u00e1 Ripper n\u1eb1m ngang\"},{\"@type\":\"BreadcrumbList\",\"@id\":\"https:\/\/mayxaydunghanoi.com\/vi\/san-pham\/bua-cao-da-ripper-mua-bua-cao-da-ha-noi\/#breadcrumb\",\"itemListElement\":[{\"@type\":\"ListItem\",\"position\":1,\"name\":\"Home\",\"item\":\"https:\/\/mayxaydunghanoi.com\/vi\/\"},{\"@type\":\"ListItem\",\"position\":2,\"name\":\"S\u1ea3n ph\u1ea9m\",\"item\":\"https:\/\/mayxaydunghanoi.com\/vi\/san-pham\/\"},{\"@type\":\"ListItem\",\"position\":3,\"name\":\"B\u00faa c\u00e0o \u0111\u00e1 Ripper &#8211; Mua b\u00faa c\u00e0o \u0111\u00e1 H\u00e0 N\u1ed9i\"}]},{\"@type\":\"WebSite\",\"@id\":\"https:\/\/mayxaydunghanoi.com\/en\/#website\",\"url\":\"https:\/\/mayxaydunghanoi.com\/en\/\",\"name\":\"Hanoi Vietnam Co., Ltd\",\"description\":\"\",\"publisher\":{\"@id\":\"https:\/\/mayxaydunghanoi.com\/en\/#organization\"},\"potentialAction\":[{\"@type\":\"SearchAction\",\"target\":{\"@type\":\"EntryPoint\",\"urlTemplate\":\"https:\/\/mayxaydunghanoi.com\/en\/?s={search_term_string}\"},\"query-input\":{\"@type\":\"PropertyValueSpecification\",\"valueRequired\":true,\"valueName\":\"search_term_string\"}}],\"inLanguage\":\"vi-VN\"},{\"@type\":\"Organization\",\"@id\":\"https:\/\/mayxaydunghanoi.com\/en\/#organization\",\"name\":\"Hanoi Vietnam Co., Ltd\",\"url\":\"https:\/\/mayxaydunghanoi.com\/en\/\",\"logo\":{\"@type\":\"ImageObject\",\"inLanguage\":\"vi-VN\",\"@id\":\"https:\/\/mayxaydunghanoi.com\/en\/#\/schema\/logo\/image\/\",\"url\":\"https:\/\/mayxaydunghanoi.com\/wp-content\/uploads\/2018\/04\/Logo-mayxaydunghanoi-ok.png\",\"contentUrl\":\"https:\/\/mayxaydunghanoi.com\/wp-content\/uploads\/2018\/04\/Logo-mayxaydunghanoi-ok.png\",\"width\":900,\"height\":900,\"caption\":\"Hanoi Vietnam Co., Ltd\"},\"image\":{\"@id\":\"https:\/\/mayxaydunghanoi.com\/en\/#\/schema\/logo\/image\/\"}}]}<\/script>\n<!-- \/ Yoast SEO Premium plugin. -->","yoast_head_json":{"title":"B\u00faa c\u00e0o \u0111\u00e1 Ripper - Mua b\u00faa c\u00e0o \u0111\u00e1 H\u00e0 N\u1ed9i - 0906601755","description":"B\u00faa c\u00e0o \u0111\u00e1 Ripper l\u00e0 lo\u1ea1i b\u00faa t\u1eeb ch\u00e2u \u00c2u, H\u00e0n Qu\u1ed1c d\u00f9ng \u0111\u1ec3 khai th\u00e1c m\u1ecf \u0111\u00e1 v\u00f4i, c\u00e1c m\u1ecf \u0111\u00e1 c\u00f3 \u0111\u1ed9 n\u1ee9t n\u1ebb cao. Mua b\u00faa c\u00e0o \u0111\u00e1 H\u00e0 N\u1ed9i li\u00ean h\u1ec7 0906601755.","robots":{"index":"index","follow":"follow","max-snippet":"max-snippet:-1","max-image-preview":"max-image-preview:large","max-video-preview":"max-video-preview:-1"},"canonical":"https:\/\/mayxaydunghanoi.com\/vi\/san-pham\/bua-cao-da-ripper-mua-bua-cao-da-ha-noi\/","og_locale":"vi_VN","og_type":"article","og_title":"B\u00faa c\u00e0o \u0111\u00e1 Ripper - Mua b\u00faa c\u00e0o \u0111\u00e1 H\u00e0 N\u1ed9i","og_description":"B\u00faa c\u00e0o \u0111\u00e1 Ripper l\u00e0 lo\u1ea1i b\u00faa t\u1eeb ch\u00e2u \u00c2u, H\u00e0n Qu\u1ed1c d\u00f9ng \u0111\u1ec3 khai th\u00e1c m\u1ecf \u0111\u00e1 v\u00f4i, c\u00e1c m\u1ecf \u0111\u00e1 c\u00f3 \u0111\u1ed9 n\u1ee9t n\u1ebb cao. Mua b\u00faa c\u00e0o \u0111\u00e1 H\u00e0 N\u1ed9i li\u00ean h\u1ec7 0906601755.","og_url":"https:\/\/mayxaydunghanoi.com\/vi\/san-pham\/bua-cao-da-ripper-mua-bua-cao-da-ha-noi\/","og_site_name":"Hanoi Vietnam Co., Ltd","article_modified_time":"2019-10-31T03:58:28+00:00","og_image":[{"width":398,"height":196,"url":"https:\/\/mayxaydunghanoi.com\/wp-content\/uploads\/2019\/10\/bua-cao-da-ripper-mua-bua-cao-da-ha-noi-1.jpg","type":"image\/jpeg"}],"twitter_card":"summary_large_image","twitter_misc":{"Est. reading time":"2 minutes"},"schema":{"@context":"https:\/\/schema.org","@graph":[{"@type":"WebPage","@id":"https:\/\/mayxaydunghanoi.com\/vi\/san-pham\/bua-cao-da-ripper-mua-bua-cao-da-ha-noi\/","url":"https:\/\/mayxaydunghanoi.com\/vi\/san-pham\/bua-cao-da-ripper-mua-bua-cao-da-ha-noi\/","name":"B\u00faa c\u00e0o \u0111\u00e1 Ripper - Mua b\u00faa c\u00e0o \u0111\u00e1 H\u00e0 N\u1ed9i - 0906601755","isPartOf":{"@id":"https:\/\/mayxaydunghanoi.com\/en\/#website"},"primaryImageOfPage":{"@id":"https:\/\/mayxaydunghanoi.com\/vi\/san-pham\/bua-cao-da-ripper-mua-bua-cao-da-ha-noi\/#primaryimage"},"image":{"@id":"https:\/\/mayxaydunghanoi.com\/vi\/san-pham\/bua-cao-da-ripper-mua-bua-cao-da-ha-noi\/#primaryimage"},"thumbnailUrl":"https:\/\/mayxaydunghanoi.com\/wp-content\/uploads\/2019\/10\/bua-cao-da-ripper-mua-bua-cao-da-ha-noi-1.jpg","datePublished":"2019-10-31T03:32:45+00:00","dateModified":"2019-10-31T03:58:28+00:00","description":"B\u00faa c\u00e0o \u0111\u00e1 Ripper l\u00e0 lo\u1ea1i b\u00faa t\u1eeb ch\u00e2u \u00c2u, H\u00e0n Qu\u1ed1c d\u00f9ng \u0111\u1ec3 khai th\u00e1c m\u1ecf \u0111\u00e1 v\u00f4i, c\u00e1c m\u1ecf \u0111\u00e1 c\u00f3 \u0111\u1ed9 n\u1ee9t n\u1ebb cao. Mua b\u00faa c\u00e0o \u0111\u00e1 H\u00e0 N\u1ed9i li\u00ean h\u1ec7 0906601755.","breadcrumb":{"@id":"https:\/\/mayxaydunghanoi.com\/vi\/san-pham\/bua-cao-da-ripper-mua-bua-cao-da-ha-noi\/#breadcrumb"},"inLanguage":"vi-VN","potentialAction":[{"@type":"ReadAction","target":["https:\/\/mayxaydunghanoi.com\/vi\/san-pham\/bua-cao-da-ripper-mua-bua-cao-da-ha-noi\/"]}]},{"@type":"ImageObject","inLanguage":"vi-VN","@id":"https:\/\/mayxaydunghanoi.com\/vi\/san-pham\/bua-cao-da-ripper-mua-bua-cao-da-ha-noi\/#primaryimage","url":"https:\/\/mayxaydunghanoi.com\/wp-content\/uploads\/2019\/10\/bua-cao-da-ripper-mua-bua-cao-da-ha-noi-1.jpg","contentUrl":"https:\/\/mayxaydunghanoi.com\/wp-content\/uploads\/2019\/10\/bua-cao-da-ripper-mua-bua-cao-da-ha-noi-1.jpg","width":398,"height":196,"caption":"H\u00ecnh \u1ea3nh b\u00faa c\u00e0o \u0111\u00e1 Ripper n\u1eb1m ngang"},{"@type":"BreadcrumbList","@id":"https:\/\/mayxaydunghanoi.com\/vi\/san-pham\/bua-cao-da-ripper-mua-bua-cao-da-ha-noi\/#breadcrumb","itemListElement":[{"@type":"ListItem","position":1,"name":"Home","item":"https:\/\/mayxaydunghanoi.com\/vi\/"},{"@type":"ListItem","position":2,"name":"S\u1ea3n ph\u1ea9m","item":"https:\/\/mayxaydunghanoi.com\/vi\/san-pham\/"},{"@type":"ListItem","position":3,"name":"B\u00faa c\u00e0o \u0111\u00e1 Ripper &#8211; Mua b\u00faa c\u00e0o \u0111\u00e1 H\u00e0 N\u1ed9i"}]},{"@type":"WebSite","@id":"https:\/\/mayxaydunghanoi.com\/en\/#website","url":"https:\/\/mayxaydunghanoi.com\/en\/","name":"Hanoi Vietnam Co., Ltd","description":"","publisher":{"@id":"https:\/\/mayxaydunghanoi.com\/en\/#organization"},"potentialAction":[{"@type":"SearchAction","target":{"@type":"EntryPoint","urlTemplate":"https:\/\/mayxaydunghanoi.com\/en\/?s={search_term_string}"},"query-input":{"@type":"PropertyValueSpecification","valueRequired":true,"valueName":"search_term_string"}}],"inLanguage":"vi-VN"},{"@type":"Organization","@id":"https:\/\/mayxaydunghanoi.com\/en\/#organization","name":"Hanoi Vietnam Co., Ltd","url":"https:\/\/mayxaydunghanoi.com\/en\/","logo":{"@type":"ImageObject","inLanguage":"vi-VN","@id":"https:\/\/mayxaydunghanoi.com\/en\/#\/schema\/logo\/image\/","url":"https:\/\/mayxaydunghanoi.com\/wp-content\/uploads\/2018\/04\/Logo-mayxaydunghanoi-ok.png","contentUrl":"https:\/\/mayxaydunghanoi.com\/wp-content\/uploads\/2018\/04\/Logo-mayxaydunghanoi-ok.png","width":900,"height":900,"caption":"Hanoi Vietnam Co., Ltd"},"image":{"@id":"https:\/\/mayxaydunghanoi.com\/en\/#\/schema\/logo\/image\/"}}]}},"_links":{"self":[{"href":"https:\/\/mayxaydunghanoi.com\/vi\/wp-json\/wp\/v2\/product\/1630","targetHints":{"allow":["GET"]}}],"collection":[{"href":"https:\/\/mayxaydunghanoi.com\/vi\/wp-json\/wp\/v2\/product"}],"about":[{"href":"https:\/\/mayxaydunghanoi.com\/vi\/wp-json\/wp\/v2\/types\/product"}],"replies":[{"embeddable":true,"href":"https:\/\/mayxaydunghanoi.com\/vi\/wp-json\/wp\/v2\/comments?post=1630"}],"wp:featuredmedia":[{"embeddable":true,"href":"https:\/\/mayxaydunghanoi.com\/vi\/wp-json\/wp\/v2\/media\/1634"}],"wp:attachment":[{"href":"https:\/\/mayxaydunghanoi.com\/vi\/wp-json\/wp\/v2\/media?parent=1630"}],"wp:term":[{"taxonomy":"product_brand","embeddable":true,"href":"https:\/\/mayxaydunghanoi.com\/vi\/wp-json\/wp\/v2\/product_brand?post=1630"},{"taxonomy":"product_cat","embeddable":true,"href":"https:\/\/mayxaydunghanoi.com\/vi\/wp-json\/wp\/v2\/product_cat?post=1630"},{"taxonomy":"product_tag","embeddable":true,"href":"https:\/\/mayxaydunghanoi.com\/vi\/wp-json\/wp\/v2\/product_tag?post=1630"}],"curies":[{"name":"wp","href":"https:\/\/api.w.org\/{rel}","templated":true}]}}