{"id":1488,"date":"2019-06-07T22:58:43","date_gmt":"2019-06-07T15:58:43","guid":{"rendered":"https:\/\/mayxaydunghanoi.com\/?post_type=product&#038;p=1488"},"modified":"2019-06-07T22:58:44","modified_gmt":"2019-06-07T15:58:44","slug":"dau-chup-dinh-chong-mon-bua-pha-da","status":"publish","type":"product","link":"https:\/\/mayxaydunghanoi.com\/vi\/san-pham\/dau-chup-dinh-chong-mon-bua-pha-da\/","title":{"rendered":"\u0110\u1ea7u ch\u1ee5p \u0111inh ch\u1ed1ng m\u00f2n b\u00faa ph\u00e1 \u0111\u00e1"},"content":{"rendered":"<h2>\u0110\u1ea7u ch\u1ee5p \u0111inh ch\u1ed1ng m\u00f2n c\u00f3 t\u00e1c d\u1ee5ng b\u1ea3o v\u1ec7 cho \u0111inh c\u1ee7a b\u00faa ph\u00e1 \u0111\u00e1. Qu\u00fd kh\u00e1ch c\u00f3 nhu c\u1ea7u mua vui l\u00f2ng li\u00ean h\u1ec7 0906601755 \u0111\u1ec3 c\u00f3 gi\u00e1 t\u1ed1t.<\/h2>\n<p><img loading=\"lazy\" decoding=\"async\" class=\"aligncenter size-full wp-image-1489\" src=\"https:\/\/mayxaydunghanoi.com\/wp-content\/uploads\/2019\/06\/dau-chup-dinh-chong-mon-bua-pha-da.jpg\" alt=\"\u0110\u1ea7u ch\u1ee5p \u0111inh ch\u1ed1ng m\u00f2n b\u00faa ph\u00e1 \u0111\u00e1\" width=\"600\" height=\"437\" srcset=\"https:\/\/mayxaydunghanoi.com\/wp-content\/uploads\/2019\/06\/dau-chup-dinh-chong-mon-bua-pha-da.jpg 600w, https:\/\/mayxaydunghanoi.com\/wp-content\/uploads\/2019\/06\/dau-chup-dinh-chong-mon-bua-pha-da-510x371.jpg 510w\" sizes=\"auto, (max-width: 600px) 100vw, 600px\" \/><\/p>\n","protected":false},"excerpt":{"rendered":"<p>\u0110\u1ea7u ch\u1ee5p \u0111inh ch\u1ed1ng m\u00f2n c\u00f3 t\u00e1c d\u1ee5ng b\u1ea3o v\u1ec7 cho \u0111inh c\u1ee7a b\u00faa ph\u00e1 \u0111\u00e1. Qu\u00fd kh\u00e1ch c\u00f3 nhu c\u1ea7u mua vui l\u00f2ng li\u00ean h\u1ec7 0906601755 \u0111\u1ec3 c\u00f3 gi\u00e1 t\u1ed1t.<\/p>\n","protected":false},"featured_media":1489,"comment_status":"open","ping_status":"closed","template":"","meta":[],"product_brand":[],"product_cat":[186],"product_tag":[155,198],"class_list":{"0":"post-1488","1":"product","2":"type-product","3":"status-publish","4":"has-post-thumbnail","6":"product_cat-phu-tung-bua-thuy-luc","7":"product_tag-bua-pha-da","8":"product_tag-dau-chup","10":"first","11":"instock","12":"shipping-taxable","13":"product-type-simple"},"yoast_head":"<!-- This site is optimized with the Yoast SEO Premium plugin v26.1 (Yoast SEO v26.6) - https:\/\/yoast.com\/wordpress\/plugins\/seo\/ -->\n<title>\u0110\u1ea7u ch\u1ee5p \u0111inh ch\u1ed1ng m\u00f2n b\u00faa ph\u00e1 \u0111\u00e1 - Hanoi Vietnam Co., Ltd<\/title>\n<meta name=\"robots\" content=\"index, follow, max-snippet:-1, max-image-preview:large, max-video-preview:-1\" \/>\n<link rel=\"canonical\" href=\"https:\/\/mayxaydunghanoi.com\/vi\/san-pham\/dau-chup-dinh-chong-mon-bua-pha-da\/\" \/>\n<meta property=\"og:locale\" content=\"vi_VN\" \/>\n<meta property=\"og:type\" content=\"article\" \/>\n<meta property=\"og:title\" content=\"\u0110\u1ea7u ch\u1ee5p \u0111inh ch\u1ed1ng m\u00f2n b\u00faa ph\u00e1 \u0111\u00e1\" \/>\n<meta property=\"og:description\" content=\"\u0110\u1ea7u ch\u1ee5p \u0111inh ch\u1ed1ng m\u00f2n c\u00f3 t\u00e1c d\u1ee5ng b\u1ea3o v\u1ec7 cho \u0111inh c\u1ee7a b\u00faa ph\u00e1 \u0111\u00e1. Qu\u00fd kh\u00e1ch c\u00f3 nhu c\u1ea7u mua vui l\u00f2ng li\u00ean h\u1ec7 0906601755 \u0111\u1ec3 c\u00f3 gi\u00e1 t\u1ed1t.\" \/>\n<meta property=\"og:url\" content=\"https:\/\/mayxaydunghanoi.com\/vi\/san-pham\/dau-chup-dinh-chong-mon-bua-pha-da\/\" \/>\n<meta property=\"og:site_name\" content=\"Hanoi Vietnam Co., Ltd\" \/>\n<meta property=\"article:modified_time\" content=\"2019-06-07T15:58:44+00:00\" \/>\n<meta property=\"og:image\" content=\"https:\/\/mayxaydunghanoi.com\/wp-content\/uploads\/2019\/06\/dau-chup-dinh-chong-mon-bua-pha-da.jpg\" \/>\n\t<meta property=\"og:image:width\" content=\"600\" \/>\n\t<meta property=\"og:image:height\" content=\"437\" \/>\n\t<meta property=\"og:image:type\" content=\"image\/jpeg\" \/>\n<meta name=\"twitter:card\" content=\"summary_large_image\" \/>\n<script type=\"application\/ld+json\" class=\"yoast-schema-graph\">{\"@context\":\"https:\/\/schema.org\",\"@graph\":[{\"@type\":\"WebPage\",\"@id\":\"https:\/\/mayxaydunghanoi.com\/vi\/san-pham\/dau-chup-dinh-chong-mon-bua-pha-da\/\",\"url\":\"https:\/\/mayxaydunghanoi.com\/vi\/san-pham\/dau-chup-dinh-chong-mon-bua-pha-da\/\",\"name\":\"\u0110\u1ea7u ch\u1ee5p \u0111inh ch\u1ed1ng m\u00f2n b\u00faa ph\u00e1 \u0111\u00e1 - Hanoi Vietnam Co., Ltd\",\"isPartOf\":{\"@id\":\"https:\/\/mayxaydunghanoi.com\/en\/#website\"},\"primaryImageOfPage\":{\"@id\":\"https:\/\/mayxaydunghanoi.com\/vi\/san-pham\/dau-chup-dinh-chong-mon-bua-pha-da\/#primaryimage\"},\"image\":{\"@id\":\"https:\/\/mayxaydunghanoi.com\/vi\/san-pham\/dau-chup-dinh-chong-mon-bua-pha-da\/#primaryimage\"},\"thumbnailUrl\":\"https:\/\/mayxaydunghanoi.com\/wp-content\/uploads\/2019\/06\/dau-chup-dinh-chong-mon-bua-pha-da.jpg\",\"datePublished\":\"2019-06-07T15:58:43+00:00\",\"dateModified\":\"2019-06-07T15:58:44+00:00\",\"breadcrumb\":{\"@id\":\"https:\/\/mayxaydunghanoi.com\/vi\/san-pham\/dau-chup-dinh-chong-mon-bua-pha-da\/#breadcrumb\"},\"inLanguage\":\"vi-VN\",\"potentialAction\":[{\"@type\":\"ReadAction\",\"target\":[\"https:\/\/mayxaydunghanoi.com\/vi\/san-pham\/dau-chup-dinh-chong-mon-bua-pha-da\/\"]}]},{\"@type\":\"ImageObject\",\"inLanguage\":\"vi-VN\",\"@id\":\"https:\/\/mayxaydunghanoi.com\/vi\/san-pham\/dau-chup-dinh-chong-mon-bua-pha-da\/#primaryimage\",\"url\":\"https:\/\/mayxaydunghanoi.com\/wp-content\/uploads\/2019\/06\/dau-chup-dinh-chong-mon-bua-pha-da.jpg\",\"contentUrl\":\"https:\/\/mayxaydunghanoi.com\/wp-content\/uploads\/2019\/06\/dau-chup-dinh-chong-mon-bua-pha-da.jpg\",\"width\":600,\"height\":437,\"caption\":\"\u0110\u1ea7u ch\u1ee5p \u0111inh ch\u1ed1ng m\u00f2n b\u00faa ph\u00e1 \u0111\u00e1\"},{\"@type\":\"BreadcrumbList\",\"@id\":\"https:\/\/mayxaydunghanoi.com\/vi\/san-pham\/dau-chup-dinh-chong-mon-bua-pha-da\/#breadcrumb\",\"itemListElement\":[{\"@type\":\"ListItem\",\"position\":1,\"name\":\"Home\",\"item\":\"https:\/\/mayxaydunghanoi.com\/vi\/\"},{\"@type\":\"ListItem\",\"position\":2,\"name\":\"S\u1ea3n ph\u1ea9m\",\"item\":\"https:\/\/mayxaydunghanoi.com\/vi\/san-pham\/\"},{\"@type\":\"ListItem\",\"position\":3,\"name\":\"\u0110\u1ea7u ch\u1ee5p \u0111inh ch\u1ed1ng m\u00f2n b\u00faa ph\u00e1 \u0111\u00e1\"}]},{\"@type\":\"WebSite\",\"@id\":\"https:\/\/mayxaydunghanoi.com\/en\/#website\",\"url\":\"https:\/\/mayxaydunghanoi.com\/en\/\",\"name\":\"Hanoi Vietnam Co., Ltd\",\"description\":\"\",\"publisher\":{\"@id\":\"https:\/\/mayxaydunghanoi.com\/en\/#organization\"},\"potentialAction\":[{\"@type\":\"SearchAction\",\"target\":{\"@type\":\"EntryPoint\",\"urlTemplate\":\"https:\/\/mayxaydunghanoi.com\/en\/?s={search_term_string}\"},\"query-input\":{\"@type\":\"PropertyValueSpecification\",\"valueRequired\":true,\"valueName\":\"search_term_string\"}}],\"inLanguage\":\"vi-VN\"},{\"@type\":\"Organization\",\"@id\":\"https:\/\/mayxaydunghanoi.com\/en\/#organization\",\"name\":\"Hanoi Vietnam Co., Ltd\",\"url\":\"https:\/\/mayxaydunghanoi.com\/en\/\",\"logo\":{\"@type\":\"ImageObject\",\"inLanguage\":\"vi-VN\",\"@id\":\"https:\/\/mayxaydunghanoi.com\/en\/#\/schema\/logo\/image\/\",\"url\":\"https:\/\/mayxaydunghanoi.com\/wp-content\/uploads\/2018\/04\/Logo-mayxaydunghanoi-ok.png\",\"contentUrl\":\"https:\/\/mayxaydunghanoi.com\/wp-content\/uploads\/2018\/04\/Logo-mayxaydunghanoi-ok.png\",\"width\":900,\"height\":900,\"caption\":\"Hanoi Vietnam Co., Ltd\"},\"image\":{\"@id\":\"https:\/\/mayxaydunghanoi.com\/en\/#\/schema\/logo\/image\/\"}}]}<\/script>\n<!-- \/ Yoast SEO Premium plugin. -->","yoast_head_json":{"title":"\u0110\u1ea7u ch\u1ee5p \u0111inh ch\u1ed1ng m\u00f2n b\u00faa ph\u00e1 \u0111\u00e1 - Hanoi Vietnam Co., Ltd","robots":{"index":"index","follow":"follow","max-snippet":"max-snippet:-1","max-image-preview":"max-image-preview:large","max-video-preview":"max-video-preview:-1"},"canonical":"https:\/\/mayxaydunghanoi.com\/vi\/san-pham\/dau-chup-dinh-chong-mon-bua-pha-da\/","og_locale":"vi_VN","og_type":"article","og_title":"\u0110\u1ea7u ch\u1ee5p \u0111inh ch\u1ed1ng m\u00f2n b\u00faa ph\u00e1 \u0111\u00e1","og_description":"\u0110\u1ea7u ch\u1ee5p \u0111inh ch\u1ed1ng m\u00f2n c\u00f3 t\u00e1c d\u1ee5ng b\u1ea3o v\u1ec7 cho \u0111inh c\u1ee7a b\u00faa ph\u00e1 \u0111\u00e1. Qu\u00fd kh\u00e1ch c\u00f3 nhu c\u1ea7u mua vui l\u00f2ng li\u00ean h\u1ec7 0906601755 \u0111\u1ec3 c\u00f3 gi\u00e1 t\u1ed1t.","og_url":"https:\/\/mayxaydunghanoi.com\/vi\/san-pham\/dau-chup-dinh-chong-mon-bua-pha-da\/","og_site_name":"Hanoi Vietnam Co., Ltd","article_modified_time":"2019-06-07T15:58:44+00:00","og_image":[{"width":600,"height":437,"url":"https:\/\/mayxaydunghanoi.com\/wp-content\/uploads\/2019\/06\/dau-chup-dinh-chong-mon-bua-pha-da.jpg","type":"image\/jpeg"}],"twitter_card":"summary_large_image","schema":{"@context":"https:\/\/schema.org","@graph":[{"@type":"WebPage","@id":"https:\/\/mayxaydunghanoi.com\/vi\/san-pham\/dau-chup-dinh-chong-mon-bua-pha-da\/","url":"https:\/\/mayxaydunghanoi.com\/vi\/san-pham\/dau-chup-dinh-chong-mon-bua-pha-da\/","name":"\u0110\u1ea7u ch\u1ee5p \u0111inh ch\u1ed1ng m\u00f2n b\u00faa ph\u00e1 \u0111\u00e1 - Hanoi Vietnam Co., Ltd","isPartOf":{"@id":"https:\/\/mayxaydunghanoi.com\/en\/#website"},"primaryImageOfPage":{"@id":"https:\/\/mayxaydunghanoi.com\/vi\/san-pham\/dau-chup-dinh-chong-mon-bua-pha-da\/#primaryimage"},"image":{"@id":"https:\/\/mayxaydunghanoi.com\/vi\/san-pham\/dau-chup-dinh-chong-mon-bua-pha-da\/#primaryimage"},"thumbnailUrl":"https:\/\/mayxaydunghanoi.com\/wp-content\/uploads\/2019\/06\/dau-chup-dinh-chong-mon-bua-pha-da.jpg","datePublished":"2019-06-07T15:58:43+00:00","dateModified":"2019-06-07T15:58:44+00:00","breadcrumb":{"@id":"https:\/\/mayxaydunghanoi.com\/vi\/san-pham\/dau-chup-dinh-chong-mon-bua-pha-da\/#breadcrumb"},"inLanguage":"vi-VN","potentialAction":[{"@type":"ReadAction","target":["https:\/\/mayxaydunghanoi.com\/vi\/san-pham\/dau-chup-dinh-chong-mon-bua-pha-da\/"]}]},{"@type":"ImageObject","inLanguage":"vi-VN","@id":"https:\/\/mayxaydunghanoi.com\/vi\/san-pham\/dau-chup-dinh-chong-mon-bua-pha-da\/#primaryimage","url":"https:\/\/mayxaydunghanoi.com\/wp-content\/uploads\/2019\/06\/dau-chup-dinh-chong-mon-bua-pha-da.jpg","contentUrl":"https:\/\/mayxaydunghanoi.com\/wp-content\/uploads\/2019\/06\/dau-chup-dinh-chong-mon-bua-pha-da.jpg","width":600,"height":437,"caption":"\u0110\u1ea7u ch\u1ee5p \u0111inh ch\u1ed1ng m\u00f2n b\u00faa ph\u00e1 \u0111\u00e1"},{"@type":"BreadcrumbList","@id":"https:\/\/mayxaydunghanoi.com\/vi\/san-pham\/dau-chup-dinh-chong-mon-bua-pha-da\/#breadcrumb","itemListElement":[{"@type":"ListItem","position":1,"name":"Home","item":"https:\/\/mayxaydunghanoi.com\/vi\/"},{"@type":"ListItem","position":2,"name":"S\u1ea3n ph\u1ea9m","item":"https:\/\/mayxaydunghanoi.com\/vi\/san-pham\/"},{"@type":"ListItem","position":3,"name":"\u0110\u1ea7u ch\u1ee5p \u0111inh ch\u1ed1ng m\u00f2n b\u00faa ph\u00e1 \u0111\u00e1"}]},{"@type":"WebSite","@id":"https:\/\/mayxaydunghanoi.com\/en\/#website","url":"https:\/\/mayxaydunghanoi.com\/en\/","name":"Hanoi Vietnam Co., Ltd","description":"","publisher":{"@id":"https:\/\/mayxaydunghanoi.com\/en\/#organization"},"potentialAction":[{"@type":"SearchAction","target":{"@type":"EntryPoint","urlTemplate":"https:\/\/mayxaydunghanoi.com\/en\/?s={search_term_string}"},"query-input":{"@type":"PropertyValueSpecification","valueRequired":true,"valueName":"search_term_string"}}],"inLanguage":"vi-VN"},{"@type":"Organization","@id":"https:\/\/mayxaydunghanoi.com\/en\/#organization","name":"Hanoi Vietnam Co., Ltd","url":"https:\/\/mayxaydunghanoi.com\/en\/","logo":{"@type":"ImageObject","inLanguage":"vi-VN","@id":"https:\/\/mayxaydunghanoi.com\/en\/#\/schema\/logo\/image\/","url":"https:\/\/mayxaydunghanoi.com\/wp-content\/uploads\/2018\/04\/Logo-mayxaydunghanoi-ok.png","contentUrl":"https:\/\/mayxaydunghanoi.com\/wp-content\/uploads\/2018\/04\/Logo-mayxaydunghanoi-ok.png","width":900,"height":900,"caption":"Hanoi Vietnam Co., Ltd"},"image":{"@id":"https:\/\/mayxaydunghanoi.com\/en\/#\/schema\/logo\/image\/"}}]}},"_links":{"self":[{"href":"https:\/\/mayxaydunghanoi.com\/vi\/wp-json\/wp\/v2\/product\/1488","targetHints":{"allow":["GET"]}}],"collection":[{"href":"https:\/\/mayxaydunghanoi.com\/vi\/wp-json\/wp\/v2\/product"}],"about":[{"href":"https:\/\/mayxaydunghanoi.com\/vi\/wp-json\/wp\/v2\/types\/product"}],"replies":[{"embeddable":true,"href":"https:\/\/mayxaydunghanoi.com\/vi\/wp-json\/wp\/v2\/comments?post=1488"}],"wp:featuredmedia":[{"embeddable":true,"href":"https:\/\/mayxaydunghanoi.com\/vi\/wp-json\/wp\/v2\/media\/1489"}],"wp:attachment":[{"href":"https:\/\/mayxaydunghanoi.com\/vi\/wp-json\/wp\/v2\/media?parent=1488"}],"wp:term":[{"taxonomy":"product_brand","embeddable":true,"href":"https:\/\/mayxaydunghanoi.com\/vi\/wp-json\/wp\/v2\/product_brand?post=1488"},{"taxonomy":"product_cat","embeddable":true,"href":"https:\/\/mayxaydunghanoi.com\/vi\/wp-json\/wp\/v2\/product_cat?post=1488"},{"taxonomy":"product_tag","embeddable":true,"href":"https:\/\/mayxaydunghanoi.com\/vi\/wp-json\/wp\/v2\/product_tag?post=1488"}],"curies":[{"name":"wp","href":"https:\/\/api.w.org\/{rel}","templated":true}]}}