{"id":1266,"date":"2019-04-20T12:44:49","date_gmt":"2019-04-20T05:44:49","guid":{"rendered":"http:\/\/mayxaydunghanoi.com\/?post_type=product&#038;p=1266"},"modified":"2021-09-06T09:59:54","modified_gmt":"2021-09-06T02:59:54","slug":"may-sang-cat-ly-tam-desander-xh-250h","status":"publish","type":"product","link":"https:\/\/mayxaydunghanoi.com\/vi\/san-pham\/may-sang-cat-ly-tam-desander-xh-250h\/","title":{"rendered":"M\u00e1y s\u00e0ng c\u00e1t ly t\u00e2m Desander XH 250H"},"content":{"rendered":"","protected":false},"excerpt":{"rendered":"<table style=\"border-collapse: collapse; width: 100%;\" border=\"1\">\n<tbody>\n<tr style=\"height: 21px;\">\n<td style=\"width: 50%; height: 21px;\">K\u00edch th\u01b0\u1edbc (mm)<\/td>\n<td style=\"width: 50%; height: 21px;\">3500x2000x2600<\/td>\n<\/tr>\n<tr style=\"height: 21px;\">\n<td style=\"width: 50%; height: 21px;\">Tr\u1ecdng l\u01b0\u1ee3ng (kg)<\/td>\n<td style=\"width: 50%; height: 21px;\">3500<\/td>\n<\/tr>\n<tr style=\"height: 21px;\">\n<td style=\"width: 50%; height: 21px;\">\u0110\u01b0\u1eddng k\u00ednh Sicl\u00f4 (mm)<\/td>\n<td style=\"width: 50%; height: 21px;\">6000<\/td>\n<\/tr>\n<tr style=\"height: 21px;\">\n<td style=\"width: 50%; height: 21px;\">\u0110i\u1ec7n \u00e1p<\/td>\n<td style=\"width: 50%; height: 21px;\">380V\/50Hz<\/td>\n<\/tr>\n<tr style=\"height: 21px;\">\n<td style=\"width: 50%; height: 21px;\">C\u00f4ng su\u1ea5t to\u00e0n m\u00e1y (Kw)<\/td>\n<td style=\"width: 50%; height: 21px;\">30<\/td>\n<\/tr>\n<tr style=\"height: 21px;\">\n<td style=\"width: 50%; height: 21px;\">L\u01b0u l\u01b0\u1ee3ng (m3\/h)<\/td>\n<td style=\"width: 50%; height: 21px;\">250<\/td>\n<\/tr>\n<\/tbody>\n<\/table>\n","protected":false},"featured_media":1267,"comment_status":"open","ping_status":"closed","template":"","meta":[],"product_brand":[],"product_cat":[136],"product_tag":[148,143],"class_list":{"0":"post-1266","1":"product","2":"type-product","3":"status-publish","4":"has-post-thumbnail","6":"product_cat-may-sang-cat-khoan-nhoi","7":"product_tag-may-loc-cat","8":"product_tag-may-tach-cat","10":"first","11":"instock","12":"shipping-taxable","13":"product-type-simple"},"yoast_head":"<!-- This site is optimized with the Yoast SEO Premium plugin v26.1 (Yoast SEO v26.6) - https:\/\/yoast.com\/wordpress\/plugins\/seo\/ -->\n<title>M\u00e1y s\u00e0ng c\u00e1t ly t\u00e2m Desander XH 250H - Hanoi Vietnam Co., Ltd<\/title>\n<meta name=\"robots\" content=\"index, follow, max-snippet:-1, max-image-preview:large, max-video-preview:-1\" \/>\n<link rel=\"canonical\" href=\"https:\/\/mayxaydunghanoi.com\/vi\/san-pham\/may-sang-cat-ly-tam-desander-xh-250h\/\" \/>\n<meta property=\"og:locale\" content=\"vi_VN\" \/>\n<meta property=\"og:type\" content=\"article\" \/>\n<meta property=\"og:title\" content=\"M\u00e1y s\u00e0ng c\u00e1t ly t\u00e2m Desander XH 250H\" \/>\n<meta property=\"og:description\" content=\"K\u00edch th\u01b0\u1edbc (mm) 3500x2000x2600   Tr\u1ecdng l\u01b0\u1ee3ng (kg) 3500   \u0110\u01b0\u1eddng k\u00ednh Sicl\u00f4 (mm) 6000   \u0110i\u1ec7n \u00e1p 380V\/50Hz   C\u00f4ng su\u1ea5t to\u00e0n m\u00e1y (Kw) 30   L\u01b0u l\u01b0\u1ee3ng (m3\/h) 250\" \/>\n<meta property=\"og:url\" content=\"https:\/\/mayxaydunghanoi.com\/vi\/san-pham\/may-sang-cat-ly-tam-desander-xh-250h\/\" \/>\n<meta property=\"og:site_name\" content=\"Hanoi Vietnam Co., Ltd\" \/>\n<meta property=\"article:modified_time\" content=\"2021-09-06T02:59:54+00:00\" \/>\n<meta property=\"og:image\" content=\"https:\/\/mayxaydunghanoi.com\/wp-content\/uploads\/2019\/04\/may-sang-cat-ly-tam-desander-xh-250h.jpg\" \/>\n\t<meta property=\"og:image:width\" content=\"600\" \/>\n\t<meta property=\"og:image:height\" content=\"400\" \/>\n\t<meta property=\"og:image:type\" content=\"image\/jpeg\" \/>\n<meta name=\"twitter:card\" content=\"summary_large_image\" \/>\n<script type=\"application\/ld+json\" class=\"yoast-schema-graph\">{\"@context\":\"https:\/\/schema.org\",\"@graph\":[{\"@type\":\"WebPage\",\"@id\":\"https:\/\/mayxaydunghanoi.com\/vi\/san-pham\/may-sang-cat-ly-tam-desander-xh-250h\/\",\"url\":\"https:\/\/mayxaydunghanoi.com\/vi\/san-pham\/may-sang-cat-ly-tam-desander-xh-250h\/\",\"name\":\"M\u00e1y s\u00e0ng c\u00e1t ly t\u00e2m Desander XH 250H - Hanoi Vietnam Co., Ltd\",\"isPartOf\":{\"@id\":\"https:\/\/mayxaydunghanoi.com\/en\/#website\"},\"primaryImageOfPage\":{\"@id\":\"https:\/\/mayxaydunghanoi.com\/vi\/san-pham\/may-sang-cat-ly-tam-desander-xh-250h\/#primaryimage\"},\"image\":{\"@id\":\"https:\/\/mayxaydunghanoi.com\/vi\/san-pham\/may-sang-cat-ly-tam-desander-xh-250h\/#primaryimage\"},\"thumbnailUrl\":\"https:\/\/mayxaydunghanoi.com\/wp-content\/uploads\/2019\/04\/may-sang-cat-ly-tam-desander-xh-250h.jpg\",\"datePublished\":\"2019-04-20T05:44:49+00:00\",\"dateModified\":\"2021-09-06T02:59:54+00:00\",\"breadcrumb\":{\"@id\":\"https:\/\/mayxaydunghanoi.com\/vi\/san-pham\/may-sang-cat-ly-tam-desander-xh-250h\/#breadcrumb\"},\"inLanguage\":\"vi-VN\",\"potentialAction\":[{\"@type\":\"ReadAction\",\"target\":[\"https:\/\/mayxaydunghanoi.com\/vi\/san-pham\/may-sang-cat-ly-tam-desander-xh-250h\/\"]}]},{\"@type\":\"ImageObject\",\"inLanguage\":\"vi-VN\",\"@id\":\"https:\/\/mayxaydunghanoi.com\/vi\/san-pham\/may-sang-cat-ly-tam-desander-xh-250h\/#primaryimage\",\"url\":\"https:\/\/mayxaydunghanoi.com\/wp-content\/uploads\/2019\/04\/may-sang-cat-ly-tam-desander-xh-250h.jpg\",\"contentUrl\":\"https:\/\/mayxaydunghanoi.com\/wp-content\/uploads\/2019\/04\/may-sang-cat-ly-tam-desander-xh-250h.jpg\",\"width\":600,\"height\":400,\"caption\":\"M\u00e1y s\u00e0ng c\u00e1t ly t\u00e2m Desander XH 250H\"},{\"@type\":\"BreadcrumbList\",\"@id\":\"https:\/\/mayxaydunghanoi.com\/vi\/san-pham\/may-sang-cat-ly-tam-desander-xh-250h\/#breadcrumb\",\"itemListElement\":[{\"@type\":\"ListItem\",\"position\":1,\"name\":\"Home\",\"item\":\"https:\/\/mayxaydunghanoi.com\/vi\/\"},{\"@type\":\"ListItem\",\"position\":2,\"name\":\"S\u1ea3n ph\u1ea9m\",\"item\":\"https:\/\/mayxaydunghanoi.com\/vi\/san-pham\/\"},{\"@type\":\"ListItem\",\"position\":3,\"name\":\"M\u00e1y s\u00e0ng c\u00e1t ly t\u00e2m Desander XH 250H\"}]},{\"@type\":\"WebSite\",\"@id\":\"https:\/\/mayxaydunghanoi.com\/en\/#website\",\"url\":\"https:\/\/mayxaydunghanoi.com\/en\/\",\"name\":\"Hanoi Vietnam Co., Ltd\",\"description\":\"\",\"publisher\":{\"@id\":\"https:\/\/mayxaydunghanoi.com\/en\/#organization\"},\"potentialAction\":[{\"@type\":\"SearchAction\",\"target\":{\"@type\":\"EntryPoint\",\"urlTemplate\":\"https:\/\/mayxaydunghanoi.com\/en\/?s={search_term_string}\"},\"query-input\":{\"@type\":\"PropertyValueSpecification\",\"valueRequired\":true,\"valueName\":\"search_term_string\"}}],\"inLanguage\":\"vi-VN\"},{\"@type\":\"Organization\",\"@id\":\"https:\/\/mayxaydunghanoi.com\/en\/#organization\",\"name\":\"Hanoi Vietnam Co., Ltd\",\"url\":\"https:\/\/mayxaydunghanoi.com\/en\/\",\"logo\":{\"@type\":\"ImageObject\",\"inLanguage\":\"vi-VN\",\"@id\":\"https:\/\/mayxaydunghanoi.com\/en\/#\/schema\/logo\/image\/\",\"url\":\"https:\/\/mayxaydunghanoi.com\/wp-content\/uploads\/2018\/04\/Logo-mayxaydunghanoi-ok.png\",\"contentUrl\":\"https:\/\/mayxaydunghanoi.com\/wp-content\/uploads\/2018\/04\/Logo-mayxaydunghanoi-ok.png\",\"width\":900,\"height\":900,\"caption\":\"Hanoi Vietnam Co., Ltd\"},\"image\":{\"@id\":\"https:\/\/mayxaydunghanoi.com\/en\/#\/schema\/logo\/image\/\"}}]}<\/script>\n<!-- \/ Yoast SEO Premium plugin. -->","yoast_head_json":{"title":"M\u00e1y s\u00e0ng c\u00e1t ly t\u00e2m Desander XH 250H - Hanoi Vietnam Co., Ltd","robots":{"index":"index","follow":"follow","max-snippet":"max-snippet:-1","max-image-preview":"max-image-preview:large","max-video-preview":"max-video-preview:-1"},"canonical":"https:\/\/mayxaydunghanoi.com\/vi\/san-pham\/may-sang-cat-ly-tam-desander-xh-250h\/","og_locale":"vi_VN","og_type":"article","og_title":"M\u00e1y s\u00e0ng c\u00e1t ly t\u00e2m Desander XH 250H","og_description":"K\u00edch th\u01b0\u1edbc (mm) 3500x2000x2600   Tr\u1ecdng l\u01b0\u1ee3ng (kg) 3500   \u0110\u01b0\u1eddng k\u00ednh Sicl\u00f4 (mm) 6000   \u0110i\u1ec7n \u00e1p 380V\/50Hz   C\u00f4ng su\u1ea5t to\u00e0n m\u00e1y (Kw) 30   L\u01b0u l\u01b0\u1ee3ng (m3\/h) 250","og_url":"https:\/\/mayxaydunghanoi.com\/vi\/san-pham\/may-sang-cat-ly-tam-desander-xh-250h\/","og_site_name":"Hanoi Vietnam Co., Ltd","article_modified_time":"2021-09-06T02:59:54+00:00","og_image":[{"width":600,"height":400,"url":"https:\/\/mayxaydunghanoi.com\/wp-content\/uploads\/2019\/04\/may-sang-cat-ly-tam-desander-xh-250h.jpg","type":"image\/jpeg"}],"twitter_card":"summary_large_image","schema":{"@context":"https:\/\/schema.org","@graph":[{"@type":"WebPage","@id":"https:\/\/mayxaydunghanoi.com\/vi\/san-pham\/may-sang-cat-ly-tam-desander-xh-250h\/","url":"https:\/\/mayxaydunghanoi.com\/vi\/san-pham\/may-sang-cat-ly-tam-desander-xh-250h\/","name":"M\u00e1y s\u00e0ng c\u00e1t ly t\u00e2m Desander XH 250H - Hanoi Vietnam Co., Ltd","isPartOf":{"@id":"https:\/\/mayxaydunghanoi.com\/en\/#website"},"primaryImageOfPage":{"@id":"https:\/\/mayxaydunghanoi.com\/vi\/san-pham\/may-sang-cat-ly-tam-desander-xh-250h\/#primaryimage"},"image":{"@id":"https:\/\/mayxaydunghanoi.com\/vi\/san-pham\/may-sang-cat-ly-tam-desander-xh-250h\/#primaryimage"},"thumbnailUrl":"https:\/\/mayxaydunghanoi.com\/wp-content\/uploads\/2019\/04\/may-sang-cat-ly-tam-desander-xh-250h.jpg","datePublished":"2019-04-20T05:44:49+00:00","dateModified":"2021-09-06T02:59:54+00:00","breadcrumb":{"@id":"https:\/\/mayxaydunghanoi.com\/vi\/san-pham\/may-sang-cat-ly-tam-desander-xh-250h\/#breadcrumb"},"inLanguage":"vi-VN","potentialAction":[{"@type":"ReadAction","target":["https:\/\/mayxaydunghanoi.com\/vi\/san-pham\/may-sang-cat-ly-tam-desander-xh-250h\/"]}]},{"@type":"ImageObject","inLanguage":"vi-VN","@id":"https:\/\/mayxaydunghanoi.com\/vi\/san-pham\/may-sang-cat-ly-tam-desander-xh-250h\/#primaryimage","url":"https:\/\/mayxaydunghanoi.com\/wp-content\/uploads\/2019\/04\/may-sang-cat-ly-tam-desander-xh-250h.jpg","contentUrl":"https:\/\/mayxaydunghanoi.com\/wp-content\/uploads\/2019\/04\/may-sang-cat-ly-tam-desander-xh-250h.jpg","width":600,"height":400,"caption":"M\u00e1y s\u00e0ng c\u00e1t ly t\u00e2m Desander XH 250H"},{"@type":"BreadcrumbList","@id":"https:\/\/mayxaydunghanoi.com\/vi\/san-pham\/may-sang-cat-ly-tam-desander-xh-250h\/#breadcrumb","itemListElement":[{"@type":"ListItem","position":1,"name":"Home","item":"https:\/\/mayxaydunghanoi.com\/vi\/"},{"@type":"ListItem","position":2,"name":"S\u1ea3n ph\u1ea9m","item":"https:\/\/mayxaydunghanoi.com\/vi\/san-pham\/"},{"@type":"ListItem","position":3,"name":"M\u00e1y s\u00e0ng c\u00e1t ly t\u00e2m Desander XH 250H"}]},{"@type":"WebSite","@id":"https:\/\/mayxaydunghanoi.com\/en\/#website","url":"https:\/\/mayxaydunghanoi.com\/en\/","name":"Hanoi Vietnam Co., Ltd","description":"","publisher":{"@id":"https:\/\/mayxaydunghanoi.com\/en\/#organization"},"potentialAction":[{"@type":"SearchAction","target":{"@type":"EntryPoint","urlTemplate":"https:\/\/mayxaydunghanoi.com\/en\/?s={search_term_string}"},"query-input":{"@type":"PropertyValueSpecification","valueRequired":true,"valueName":"search_term_string"}}],"inLanguage":"vi-VN"},{"@type":"Organization","@id":"https:\/\/mayxaydunghanoi.com\/en\/#organization","name":"Hanoi Vietnam Co., Ltd","url":"https:\/\/mayxaydunghanoi.com\/en\/","logo":{"@type":"ImageObject","inLanguage":"vi-VN","@id":"https:\/\/mayxaydunghanoi.com\/en\/#\/schema\/logo\/image\/","url":"https:\/\/mayxaydunghanoi.com\/wp-content\/uploads\/2018\/04\/Logo-mayxaydunghanoi-ok.png","contentUrl":"https:\/\/mayxaydunghanoi.com\/wp-content\/uploads\/2018\/04\/Logo-mayxaydunghanoi-ok.png","width":900,"height":900,"caption":"Hanoi Vietnam Co., Ltd"},"image":{"@id":"https:\/\/mayxaydunghanoi.com\/en\/#\/schema\/logo\/image\/"}}]}},"_links":{"self":[{"href":"https:\/\/mayxaydunghanoi.com\/vi\/wp-json\/wp\/v2\/product\/1266","targetHints":{"allow":["GET"]}}],"collection":[{"href":"https:\/\/mayxaydunghanoi.com\/vi\/wp-json\/wp\/v2\/product"}],"about":[{"href":"https:\/\/mayxaydunghanoi.com\/vi\/wp-json\/wp\/v2\/types\/product"}],"replies":[{"embeddable":true,"href":"https:\/\/mayxaydunghanoi.com\/vi\/wp-json\/wp\/v2\/comments?post=1266"}],"wp:featuredmedia":[{"embeddable":true,"href":"https:\/\/mayxaydunghanoi.com\/vi\/wp-json\/wp\/v2\/media\/1267"}],"wp:attachment":[{"href":"https:\/\/mayxaydunghanoi.com\/vi\/wp-json\/wp\/v2\/media?parent=1266"}],"wp:term":[{"taxonomy":"product_brand","embeddable":true,"href":"https:\/\/mayxaydunghanoi.com\/vi\/wp-json\/wp\/v2\/product_brand?post=1266"},{"taxonomy":"product_cat","embeddable":true,"href":"https:\/\/mayxaydunghanoi.com\/vi\/wp-json\/wp\/v2\/product_cat?post=1266"},{"taxonomy":"product_tag","embeddable":true,"href":"https:\/\/mayxaydunghanoi.com\/vi\/wp-json\/wp\/v2\/product_tag?post=1266"}],"curies":[{"name":"wp","href":"https:\/\/api.w.org\/{rel}","templated":true}]}}