{"id":20,"date":"2018-01-09T15:16:48","date_gmt":"2018-01-09T08:16:48","guid":{"rendered":"https:\/\/mayxaydunghanoi.com\/?page_id=20"},"modified":"2022-02-26T15:33:10","modified_gmt":"2022-02-26T08:33:10","slug":"lien-he","status":"publish","type":"page","link":"https:\/\/mayxaydunghanoi.com\/vi\/lien-he\/","title":{"rendered":"Li\u00ean h\u1ec7"},"content":{"rendered":"<div class=\"row\"  id=\"row-1716579836\">\n\n\t<div id=\"col-2072443111\" class=\"col small-12 large-12\"  >\n\t\t\t\t<div class=\"col-inner\"  >\n\t\t\t\n\t\t\t\n<p>H\u00e0 N\u1ed9i Vi\u1ec7t Nam d\u1ea7n kh\u1eb3ng \u0111\u1ecbnh m\u00ecnh trong l\u0129nh v\u1ef1c xu\u1ea5t nh\u1eadp kh\u1ea9u m\u00e1y x\u00e2y d\u1ef1ng trong n\u01b0\u1edbc c\u0169ng nh\u01b0 th\u1ecb tr\u01b0\u1eddng n\u01b0\u1edbc ngo\u00e0i. Ch\u00fang t\u00f4i cung c\u1ea5p m\u1ed9t lo\u1ea1t c\u00e1c thi\u1ebft b\u1ecb x\u00e2y d\u1ef1ng (m\u00e1y x\u00fac, m\u00e1y \u1ee7i, xe lu); xe t\u1ea3i v\u00e0 thi\u1ebft b\u1ecb khoan; khoan c\u1ecdc; c\u1ea7n c\u1ea9u (m\u00e1y x\u00fac l\u1eadt, c\u1ea7n c\u1ea9u xe t\u1ea3i t\u1ea3i).<\/p>\n<p>Ch\u00fang t\u00f4i mong mu\u1ed1n \u0111\u01b0\u1ee3c h\u1ee3p t\u00e1c v\u1edbi c\u00e1c \u0111\u1ed1i t\u00e1c t\u1eeb kh\u1eafp n\u01a1i tr\u00ean th\u1ebf gi\u1edbi.<\/p>\n<p>D\u1ecbch v\u1ee5:<\/p>\n<p>1. Nh\u1eadp kh\u1ea9u m\u00e1y m\u00f3c v\u00e0 thi\u1ebft b\u1ecb theo y\u00eau c\u1ea7u c\u1ee7a kh\u00e1ch h\u00e0ng<br \/>2. V\u1eadn t\u1ea3i trong n\u01b0\u1edbc v\u00e0 qu\u1ed1c t\u1ebf<br \/>3. Cung c\u1ea5p thi\u1ebft b\u1ecb, m\u00e1y m\u00f3c ch\u00ednh h\u00e3ng.<br \/>Th\u00f4ng tin li\u00ean l\u1ea1c:<\/p>\n<p>Mr Henry \/ + 84 988601755<\/p>\n<p>Email: hanoi10072017@gmail<\/p>\n<p>Trang web: www.mayxaydunghanoi.com<\/p>\n\t\t<\/div>\n\t\t\t\t\t<\/div>\n\n\t\n<\/div>\n<div class=\"row\"  id=\"row-1480587377\">\n\n\t<div id=\"col-878913777\" class=\"col medium-4 small-12 large-4\"  >\n\t\t\t\t<div class=\"col-inner\"  >\n\t\t\t\n\t\t\t\n<p><\/span><\/span><\/p>\n<h1><span style=\"vertical-align: inherit\"><span style=\"vertical-align: inherit\">Li\u00ean h\u1ec7 v\u1edbi ch\u00fang t\u00f4i<\/span><\/span><\/h1>\n<p><span style=\"vertical-align: inherit\"><span style=\"vertical-align: inherit\"><\/p>\n\n<div class=\"wpcf7 no-js\" id=\"wpcf7-f267-o1\" lang=\"vi\" dir=\"ltr\" data-wpcf7-id=\"267\">\n<div class=\"screen-reader-response\"><p role=\"status\" aria-live=\"polite\" aria-atomic=\"true\"><\/p> <ul><\/ul><\/div>\n<form action=\"\/vi\/wp-json\/wp\/v2\/pages\/20#wpcf7-f267-o1\" method=\"post\" class=\"wpcf7-form init\" aria-label=\"Contact form\" novalidate=\"novalidate\" data-status=\"init\">\n<fieldset class=\"hidden-fields-container\"><input type=\"hidden\" name=\"_wpcf7\" value=\"267\" \/><input type=\"hidden\" name=\"_wpcf7_version\" value=\"6.1.4\" \/><input type=\"hidden\" name=\"_wpcf7_locale\" value=\"vi\" \/><input type=\"hidden\" name=\"_wpcf7_unit_tag\" value=\"wpcf7-f267-o1\" \/><input type=\"hidden\" name=\"_wpcf7_container_post\" value=\"0\" \/><input type=\"hidden\" name=\"_wpcf7_posted_data_hash\" value=\"\" \/>\n<\/fieldset>\n<p><label> T\u00ean (b\u1eaft bu\u1ed9c)<br \/>\n<span class=\"wpcf7-form-control-wrap\" data-name=\"your-name\"><input size=\"40\" maxlength=\"400\" class=\"wpcf7-form-control wpcf7-text wpcf7-validates-as-required\" aria-required=\"true\" aria-invalid=\"false\" value=\"\" type=\"text\" name=\"your-name\" \/><\/span> <\/label>\n<\/p>\n<p><label> Email (b\u1eaft bu\u1ed9c)<br \/>\n<span class=\"wpcf7-form-control-wrap\" data-name=\"your-email\"><input size=\"40\" maxlength=\"400\" class=\"wpcf7-form-control wpcf7-email wpcf7-validates-as-required wpcf7-text wpcf7-validates-as-email\" aria-required=\"true\" aria-invalid=\"false\" value=\"\" type=\"email\" name=\"your-email\" \/><\/span> <\/label>\n<\/p>\n<p><label> N\u1ed9i dung<br \/>\n<span class=\"wpcf7-form-control-wrap\" data-name=\"your-message\"><textarea cols=\"40\" rows=\"10\" maxlength=\"2000\" class=\"wpcf7-form-control wpcf7-textarea\" aria-invalid=\"false\" name=\"your-message\"><\/textarea><\/span> <\/label>\n<\/p>\n<p><input class=\"wpcf7-form-control wpcf7-submit has-spinner\" type=\"submit\" value=\"G\u1eedi \u0111i\" \/>\n<\/p><p style=\"display: none !important;\" class=\"akismet-fields-container\" data-prefix=\"_wpcf7_ak_\"><label>&#916;<textarea name=\"_wpcf7_ak_hp_textarea\" cols=\"45\" rows=\"8\" maxlength=\"100\"><\/textarea><\/label><input type=\"hidden\" id=\"ak_js_1\" name=\"_wpcf7_ak_js\" value=\"102\"\/><script>document.getElementById( \"ak_js_1\" ).setAttribute( \"value\", ( new Date() ).getTime() );<\/script><\/p><div class=\"wpcf7-response-output\" aria-hidden=\"true\"><\/div>\n<\/form>\n<\/div>\n\n\t\t<\/div>\n\t\t\t\t\t<\/div>\n\n\t\n\n\t<div id=\"col-1550829163\" class=\"col medium-8 small-12 large-8\"  >\n\t\t\t\t<div class=\"col-inner\"  >\n\t\t\t\n\t\t\t\n<p><iframe src=\"https:\/\/www.google.com\/maps\/embed?pb=!1m18!1m12!1m3!1d3723.417429071515!2d105.94821441533249!3d21.055983792223394!2m3!1f0!2f0!3f0!3m2!1i1024!2i768!4f13.1!3m3!1m2!1s0x3135a9fc8e8cdea3%3A0x8c79ff5f5de90f0f!2sC%C3%B4ng%20ty%20TNHH%20Hanoi%20Vietnam!5e0!3m2!1svi!2s!4v1645864405711!5m2!1svi!2s\" width=\"600\" height=\"450\" style=\"border:0;\" allowfullscreen=\"\" loading=\"lazy\"><\/iframe><\/p>\n\t\t<\/div>\n\t\t\t\t\t<\/div>\n\n\t\n<\/div>\n","protected":false},"excerpt":{"rendered":"","protected":false},"author":1,"featured_media":0,"parent":0,"menu_order":0,"comment_status":"closed","ping_status":"closed","template":"","meta":{"footnotes":""},"class_list":["post-20","page","type-page","status-publish","hentry"],"yoast_head":"<!-- This site is optimized with the Yoast SEO Premium plugin v26.1 (Yoast SEO v26.6) - https:\/\/yoast.com\/wordpress\/plugins\/seo\/ -->\n<title>Li\u00ean h\u1ec7 v\u1edbi c\u00f4ng ty TNHH Hanoi Vietnam 0988601755<\/title>\n<meta name=\"description\" content=\"Qu\u00fd kh\u00e1ch h\u00e0ng c\u1ea7n mua ho\u1eb7c thu\u00ea c\u00e1c lo\u1ea1i m\u00e1y x\u00e2y d\u1ef1ng, m\u00e1y c\u00f4ng tr\u00ecnh xin vui l\u00f2ng li\u00ean h\u1ec7 v\u1edbi c\u00f4ng ty TNHH Hanoi Vietnam qua s\u1ed1 0988601755.\" \/>\n<meta name=\"robots\" content=\"index, follow, max-snippet:-1, max-image-preview:large, max-video-preview:-1\" \/>\n<link rel=\"canonical\" href=\"https:\/\/mayxaydunghanoi.com\/vi\/lien-he\/\" \/>\n<meta property=\"og:locale\" content=\"vi_VN\" \/>\n<meta property=\"og:type\" content=\"article\" \/>\n<meta property=\"og:title\" content=\"Li\u00ean h\u1ec7\" \/>\n<meta property=\"og:description\" content=\"Qu\u00fd kh\u00e1ch h\u00e0ng c\u1ea7n mua ho\u1eb7c thu\u00ea c\u00e1c lo\u1ea1i m\u00e1y x\u00e2y d\u1ef1ng, m\u00e1y c\u00f4ng tr\u00ecnh xin vui l\u00f2ng li\u00ean h\u1ec7 v\u1edbi c\u00f4ng ty TNHH Hanoi Vietnam qua s\u1ed1 0988601755.\" \/>\n<meta property=\"og:url\" content=\"https:\/\/mayxaydunghanoi.com\/vi\/lien-he\/\" \/>\n<meta property=\"og:site_name\" content=\"Hanoi Vietnam Co., Ltd\" \/>\n<meta property=\"article:modified_time\" content=\"2022-02-26T08:33:10+00:00\" \/>\n<meta property=\"og:image\" content=\"https:\/\/mayxaydunghanoi.com\/wp-content\/uploads\/2018\/04\/Logo-mayxaydunghanoi-ok.png\" \/>\n\t<meta property=\"og:image:width\" content=\"900\" \/>\n\t<meta property=\"og:image:height\" content=\"900\" \/>\n\t<meta property=\"og:image:type\" content=\"image\/png\" \/>\n<meta name=\"twitter:card\" content=\"summary_large_image\" \/>\n<meta name=\"twitter:label1\" content=\"Est. reading time\" \/>\n\t<meta name=\"twitter:data1\" content=\"1 minute\" \/>\n<script type=\"application\/ld+json\" class=\"yoast-schema-graph\">{\"@context\":\"https:\/\/schema.org\",\"@graph\":[{\"@type\":\"WebPage\",\"@id\":\"https:\/\/mayxaydunghanoi.com\/vi\/lien-he\/\",\"url\":\"https:\/\/mayxaydunghanoi.com\/vi\/lien-he\/\",\"name\":\"Li\u00ean h\u1ec7 v\u1edbi c\u00f4ng ty TNHH Hanoi Vietnam 0988601755\",\"isPartOf\":{\"@id\":\"https:\/\/mayxaydunghanoi.com\/en\/#website\"},\"datePublished\":\"2018-01-09T08:16:48+00:00\",\"dateModified\":\"2022-02-26T08:33:10+00:00\",\"description\":\"Qu\u00fd kh\u00e1ch h\u00e0ng c\u1ea7n mua ho\u1eb7c thu\u00ea c\u00e1c lo\u1ea1i m\u00e1y x\u00e2y d\u1ef1ng, m\u00e1y c\u00f4ng tr\u00ecnh xin vui l\u00f2ng li\u00ean h\u1ec7 v\u1edbi c\u00f4ng ty TNHH Hanoi Vietnam qua s\u1ed1 0988601755.\",\"breadcrumb\":{\"@id\":\"https:\/\/mayxaydunghanoi.com\/vi\/lien-he\/#breadcrumb\"},\"inLanguage\":\"vi-VN\",\"potentialAction\":[{\"@type\":\"ReadAction\",\"target\":[\"https:\/\/mayxaydunghanoi.com\/vi\/lien-he\/\"]}]},{\"@type\":\"BreadcrumbList\",\"@id\":\"https:\/\/mayxaydunghanoi.com\/vi\/lien-he\/#breadcrumb\",\"itemListElement\":[{\"@type\":\"ListItem\",\"position\":1,\"name\":\"Home\",\"item\":\"https:\/\/mayxaydunghanoi.com\/vi\/\"},{\"@type\":\"ListItem\",\"position\":2,\"name\":\"Li\u00ean h\u1ec7\"}]},{\"@type\":\"WebSite\",\"@id\":\"https:\/\/mayxaydunghanoi.com\/en\/#website\",\"url\":\"https:\/\/mayxaydunghanoi.com\/en\/\",\"name\":\"Hanoi Vietnam Co., Ltd\",\"description\":\"\",\"publisher\":{\"@id\":\"https:\/\/mayxaydunghanoi.com\/en\/#organization\"},\"potentialAction\":[{\"@type\":\"SearchAction\",\"target\":{\"@type\":\"EntryPoint\",\"urlTemplate\":\"https:\/\/mayxaydunghanoi.com\/en\/?s={search_term_string}\"},\"query-input\":{\"@type\":\"PropertyValueSpecification\",\"valueRequired\":true,\"valueName\":\"search_term_string\"}}],\"inLanguage\":\"vi-VN\"},{\"@type\":\"Organization\",\"@id\":\"https:\/\/mayxaydunghanoi.com\/en\/#organization\",\"name\":\"Hanoi Vietnam Co., Ltd\",\"url\":\"https:\/\/mayxaydunghanoi.com\/en\/\",\"logo\":{\"@type\":\"ImageObject\",\"inLanguage\":\"vi-VN\",\"@id\":\"https:\/\/mayxaydunghanoi.com\/en\/#\/schema\/logo\/image\/\",\"url\":\"https:\/\/mayxaydunghanoi.com\/wp-content\/uploads\/2018\/04\/Logo-mayxaydunghanoi-ok.png\",\"contentUrl\":\"https:\/\/mayxaydunghanoi.com\/wp-content\/uploads\/2018\/04\/Logo-mayxaydunghanoi-ok.png\",\"width\":900,\"height\":900,\"caption\":\"Hanoi Vietnam Co., Ltd\"},\"image\":{\"@id\":\"https:\/\/mayxaydunghanoi.com\/en\/#\/schema\/logo\/image\/\"}}]}<\/script>\n<!-- \/ Yoast SEO Premium plugin. -->","yoast_head_json":{"title":"Li\u00ean h\u1ec7 v\u1edbi c\u00f4ng ty TNHH Hanoi Vietnam 0988601755","description":"Qu\u00fd kh\u00e1ch h\u00e0ng c\u1ea7n mua ho\u1eb7c thu\u00ea c\u00e1c lo\u1ea1i m\u00e1y x\u00e2y d\u1ef1ng, m\u00e1y c\u00f4ng tr\u00ecnh xin vui l\u00f2ng li\u00ean h\u1ec7 v\u1edbi c\u00f4ng ty TNHH Hanoi Vietnam qua s\u1ed1 0988601755.","robots":{"index":"index","follow":"follow","max-snippet":"max-snippet:-1","max-image-preview":"max-image-preview:large","max-video-preview":"max-video-preview:-1"},"canonical":"https:\/\/mayxaydunghanoi.com\/vi\/lien-he\/","og_locale":"vi_VN","og_type":"article","og_title":"Li\u00ean h\u1ec7","og_description":"Qu\u00fd kh\u00e1ch h\u00e0ng c\u1ea7n mua ho\u1eb7c thu\u00ea c\u00e1c lo\u1ea1i m\u00e1y x\u00e2y d\u1ef1ng, m\u00e1y c\u00f4ng tr\u00ecnh xin vui l\u00f2ng li\u00ean h\u1ec7 v\u1edbi c\u00f4ng ty TNHH Hanoi Vietnam qua s\u1ed1 0988601755.","og_url":"https:\/\/mayxaydunghanoi.com\/vi\/lien-he\/","og_site_name":"Hanoi Vietnam Co., Ltd","article_modified_time":"2022-02-26T08:33:10+00:00","og_image":[{"width":900,"height":900,"url":"https:\/\/mayxaydunghanoi.com\/wp-content\/uploads\/2018\/04\/Logo-mayxaydunghanoi-ok.png","type":"image\/png"}],"twitter_card":"summary_large_image","twitter_misc":{"Est. reading time":"1 minute"},"schema":{"@context":"https:\/\/schema.org","@graph":[{"@type":"WebPage","@id":"https:\/\/mayxaydunghanoi.com\/vi\/lien-he\/","url":"https:\/\/mayxaydunghanoi.com\/vi\/lien-he\/","name":"Li\u00ean h\u1ec7 v\u1edbi c\u00f4ng ty TNHH Hanoi Vietnam 0988601755","isPartOf":{"@id":"https:\/\/mayxaydunghanoi.com\/en\/#website"},"datePublished":"2018-01-09T08:16:48+00:00","dateModified":"2022-02-26T08:33:10+00:00","description":"Qu\u00fd kh\u00e1ch h\u00e0ng c\u1ea7n mua ho\u1eb7c thu\u00ea c\u00e1c lo\u1ea1i m\u00e1y x\u00e2y d\u1ef1ng, m\u00e1y c\u00f4ng tr\u00ecnh xin vui l\u00f2ng li\u00ean h\u1ec7 v\u1edbi c\u00f4ng ty TNHH Hanoi Vietnam qua s\u1ed1 0988601755.","breadcrumb":{"@id":"https:\/\/mayxaydunghanoi.com\/vi\/lien-he\/#breadcrumb"},"inLanguage":"vi-VN","potentialAction":[{"@type":"ReadAction","target":["https:\/\/mayxaydunghanoi.com\/vi\/lien-he\/"]}]},{"@type":"BreadcrumbList","@id":"https:\/\/mayxaydunghanoi.com\/vi\/lien-he\/#breadcrumb","itemListElement":[{"@type":"ListItem","position":1,"name":"Home","item":"https:\/\/mayxaydunghanoi.com\/vi\/"},{"@type":"ListItem","position":2,"name":"Li\u00ean h\u1ec7"}]},{"@type":"WebSite","@id":"https:\/\/mayxaydunghanoi.com\/en\/#website","url":"https:\/\/mayxaydunghanoi.com\/en\/","name":"Hanoi Vietnam Co., Ltd","description":"","publisher":{"@id":"https:\/\/mayxaydunghanoi.com\/en\/#organization"},"potentialAction":[{"@type":"SearchAction","target":{"@type":"EntryPoint","urlTemplate":"https:\/\/mayxaydunghanoi.com\/en\/?s={search_term_string}"},"query-input":{"@type":"PropertyValueSpecification","valueRequired":true,"valueName":"search_term_string"}}],"inLanguage":"vi-VN"},{"@type":"Organization","@id":"https:\/\/mayxaydunghanoi.com\/en\/#organization","name":"Hanoi Vietnam Co., Ltd","url":"https:\/\/mayxaydunghanoi.com\/en\/","logo":{"@type":"ImageObject","inLanguage":"vi-VN","@id":"https:\/\/mayxaydunghanoi.com\/en\/#\/schema\/logo\/image\/","url":"https:\/\/mayxaydunghanoi.com\/wp-content\/uploads\/2018\/04\/Logo-mayxaydunghanoi-ok.png","contentUrl":"https:\/\/mayxaydunghanoi.com\/wp-content\/uploads\/2018\/04\/Logo-mayxaydunghanoi-ok.png","width":900,"height":900,"caption":"Hanoi Vietnam Co., Ltd"},"image":{"@id":"https:\/\/mayxaydunghanoi.com\/en\/#\/schema\/logo\/image\/"}}]}},"_links":{"self":[{"href":"https:\/\/mayxaydunghanoi.com\/vi\/wp-json\/wp\/v2\/pages\/20","targetHints":{"allow":["GET"]}}],"collection":[{"href":"https:\/\/mayxaydunghanoi.com\/vi\/wp-json\/wp\/v2\/pages"}],"about":[{"href":"https:\/\/mayxaydunghanoi.com\/vi\/wp-json\/wp\/v2\/types\/page"}],"author":[{"embeddable":true,"href":"https:\/\/mayxaydunghanoi.com\/vi\/wp-json\/wp\/v2\/users\/1"}],"replies":[{"embeddable":true,"href":"https:\/\/mayxaydunghanoi.com\/vi\/wp-json\/wp\/v2\/comments?post=20"}],"version-history":[{"count":3,"href":"https:\/\/mayxaydunghanoi.com\/vi\/wp-json\/wp\/v2\/pages\/20\/revisions"}],"predecessor-version":[{"id":3941,"href":"https:\/\/mayxaydunghanoi.com\/vi\/wp-json\/wp\/v2\/pages\/20\/revisions\/3941"}],"wp:attachment":[{"href":"https:\/\/mayxaydunghanoi.com\/vi\/wp-json\/wp\/v2\/media?parent=20"}],"curies":[{"name":"wp","href":"https:\/\/api.w.org\/{rel}","templated":true}]}}